{"id":4585,"date":"2024-08-17T13:01:20","date_gmt":"2024-08-17T11:01:20","guid":{"rendered":"https:\/\/break4movie.com\/?page_id=4585"},"modified":"2024-08-31T14:09:46","modified_gmt":"2024-08-31T12:09:46","slug":"presentation","status":"publish","type":"page","link":"https:\/\/break4movie.com\/de\/prasentation\/","title":{"rendered":"Pr\u00e4sentation"},"content":{"rendered":"<div data-elementor-type=\"wp-page\" data-elementor-id=\"4585\" class=\"elementor elementor-4585\" data-elementor-post-type=\"page\">\n\t\t\t\t<div class=\"elementor-element elementor-element-5ea2b76 e-flex e-con-boxed e-con e-parent\" data-id=\"5ea2b76\" data-element_type=\"container\">\n\t\t\t\t\t<div class=\"e-con-inner\">\n\t\t<div class=\"elementor-element elementor-element-ceca537 e-con-full e-flex e-con e-child\" data-id=\"ceca537\" data-element_type=\"container\">\n\t\t\t\t<\/div>\n\t\t<div class=\"elementor-element elementor-element-7e682fd e-con-full e-flex e-con e-child\" data-id=\"7e682fd\" data-element_type=\"container\">\n\t\t\t\t<div class=\"elementor-element elementor-element-ed15fa7 elementor-widget elementor-widget-image\" data-id=\"ed15fa7\" data-element_type=\"widget\" data-widget_type=\"image.default\">\n\t\t\t\t<div class=\"elementor-widget-container\">\n\t\t\t\t\t\t\t\t\t\t\t\t\t\t\t<img fetchpriority=\"high\" decoding=\"async\" width=\"300\" height=\"300\" src=\"https:\/\/break4movie.com\/wp-content\/uploads\/2024\/02\/logo-color-300x300.png\" class=\"attachment-medium size-medium wp-image-3724\" alt=\"\" srcset=\"https:\/\/break4movie.com\/wp-content\/uploads\/2024\/02\/logo-color-300x300.png 300w, https:\/\/break4movie.com\/wp-content\/uploads\/2024\/02\/logo-color-1024x1024.png 1024w, https:\/\/break4movie.com\/wp-content\/uploads\/2024\/02\/logo-color-150x150.png 150w, https:\/\/break4movie.com\/wp-content\/uploads\/2024\/02\/logo-color-768x768.png 768w, https:\/\/break4movie.com\/wp-content\/uploads\/2024\/02\/logo-color-1536x1536.png 1536w, https:\/\/break4movie.com\/wp-content\/uploads\/2024\/02\/logo-color-2048x2048.png 2048w, https:\/\/break4movie.com\/wp-content\/uploads\/2024\/02\/logo-color-420x420.png 420w, https:\/\/break4movie.com\/wp-content\/uploads\/2024\/02\/logo-color-800x800.png 800w, https:\/\/break4movie.com\/wp-content\/uploads\/2024\/02\/logo-color-1600x1600.png 1600w, https:\/\/break4movie.com\/wp-content\/uploads\/2024\/02\/logo-color-e1708393118670.png 100w\" sizes=\"(max-width: 300px) 100vw, 300px\" \/>\t\t\t\t\t\t\t\t\t\t\t\t\t\t\t<\/div>\n\t\t\t\t<\/div>\n\t\t\t\t<\/div>\n\t\t<div class=\"elementor-element elementor-element-adb49c3 e-con-full e-flex e-con e-child\" data-id=\"adb49c3\" data-element_type=\"container\">\n\t\t\t\t<\/div>\n\t\t\t\t\t<\/div>\n\t\t\t\t<\/div>\n\t\t<div class=\"elementor-element elementor-element-te8MMYg e-flex e-con-boxed e-con e-parent\" data-id=\"te8MMYg\" data-element_type=\"container\">\n\t\t\t\t\t<div class=\"e-con-inner\">\n\t\t<div class=\"elementor-element elementor-element-Y6tTHMp e-con-full e-flex e-con e-child\" data-id=\"Y6tTHMp\" data-element_type=\"container\">\n\t\t\t\t<div class=\"elementor-element elementor-element-rkmNDJk elementor-widget elementor-widget-heading\" data-id=\"rkmNDJk\" data-element_type=\"widget\" data-widget_type=\"heading.default\">\n\t\t\t\t<div class=\"elementor-widget-container\">\n\t\t\t\t\t<h2 class=\"elementor-heading-title elementor-size-default\">Was ist Break4Movie?<\/h2>\t\t\t\t<\/div>\n\t\t\t\t<\/div>\n\t\t\t\t<div class=\"elementor-element elementor-element-Xxu91x2 elementor-widget elementor-widget-text-editor\" data-id=\"Xxu91x2\" data-element_type=\"widget\" data-widget_type=\"text-editor.default\">\n\t\t\t\t<div class=\"elementor-widget-container\">\n\t\t\t\t\t\t\t\t\t<p>Break4Movie ist eine internationale Streaming-Plattform, die unabh\u00e4ngige Filme, Serien und Live-Inhalte anbietet.<\/p><p>Unser Ziel ist es, Projekte zum Leben zu erwecken, die oft verschlossen, geschlossen und vergessen bleiben. Wir wollen neue Kinofilme unterst\u00fctzen, auch solche, die noch nicht fertig sind.<\/p>\t\t\t\t\t\t\t\t<\/div>\n\t\t\t\t<\/div>\n\t\t\t\t<div class=\"elementor-element elementor-element-512d3d4 elementor-widget elementor-widget-heading\" data-id=\"512d3d4\" data-element_type=\"widget\" data-widget_type=\"heading.default\">\n\t\t\t\t<div class=\"elementor-widget-container\">\n\t\t\t\t\t<h2 class=\"elementor-heading-title elementor-size-default\">Unser Auftrag<\/h2>\t\t\t\t<\/div>\n\t\t\t\t<\/div>\n\t\t\t\t<div class=\"elementor-element elementor-element-68f076f elementor-widget elementor-widget-text-editor\" data-id=\"68f076f\" data-element_type=\"widget\" data-widget_type=\"text-editor.default\">\n\t\t\t\t<div class=\"elementor-widget-container\">\n\t\t\t\t\t\t\t\t\t<p>Wir sind der Meinung, dass jedes Filmprojekt es verdient, hervorgehoben zu werden, unabh\u00e4ngig von Urteilen, Vorurteilen oder anderen Aspekten, wie etwa finanziellen Erw\u00e4gungen. Unser Ziel ist es, Projekte zum Leben zu erwecken, die oft im Verborgenen bleiben, und neue Werke zu unterst\u00fctzen, auch solche, die noch nicht abgeschlossen sind.<\/p>\t\t\t\t\t\t\t\t<\/div>\n\t\t\t\t<\/div>\n\t\t\t\t<div class=\"elementor-element elementor-element-0129cc0 elementor-widget elementor-widget-heading\" data-id=\"0129cc0\" data-element_type=\"widget\" data-widget_type=\"heading.default\">\n\t\t\t\t<div class=\"elementor-widget-container\">\n\t\t\t\t\t<h2 class=\"elementor-heading-title elementor-size-default\">Unser Angebot<\/h2>\t\t\t\t<\/div>\n\t\t\t\t<\/div>\n\t\t\t\t<div class=\"elementor-element elementor-element-de53b30 elementor-widget elementor-widget-text-editor\" data-id=\"de53b30\" data-element_type=\"widget\" data-widget_type=\"text-editor.default\">\n\t\t\t\t<div class=\"elementor-widget-container\">\n\t\t\t\t\t\t\t\t\t<p><strong>\ud83c\udf10 Randlose Sichtbarkeit<\/strong><\/p><p><strong>\ud83c\udf0d Mehrsprachig\u00a0<\/strong><\/p><p><strong>\u2705 G\u00fctezeichen<\/strong><\/p><p><strong>\ud83d\udd12 Sicherheit\u00a0<\/strong><\/p><p><strong>\ud83c\udf1f Neue Generation<\/strong><\/p><p><b>Exklusivit\u00e4ten<\/b><\/p>\t\t\t\t\t\t\t\t<\/div>\n\t\t\t\t<\/div>\n\t\t\t\t<div class=\"elementor-element elementor-element-2540bf9 elementor-widget elementor-widget-heading\" data-id=\"2540bf9\" data-element_type=\"widget\" data-widget_type=\"heading.default\">\n\t\t\t\t<div class=\"elementor-widget-container\">\n\t\t\t\t\t<h2 class=\"elementor-heading-title elementor-size-default\">Unsere Leidenschaft<\/h2>\t\t\t\t<\/div>\n\t\t\t\t<\/div>\n\t\t\t\t<div class=\"elementor-element elementor-element-a0d3716 elementor-widget elementor-widget-text-editor\" data-id=\"a0d3716\" data-element_type=\"widget\" data-widget_type=\"text-editor.default\">\n\t\t\t\t<div class=\"elementor-widget-container\">\n\t\t\t\t\t\t\t\t\t<p>Wir heben Filmprojekte hervor, indem wir ihren k\u00fcnstlerischen Aspekt und ihre Resonanz auf das Publikum betonen und so einen bleibenden Eindruck hinterlassen.<\/p>\t\t\t\t\t\t\t\t<\/div>\n\t\t\t\t<\/div>\n\t\t\t\t<div class=\"elementor-element elementor-element-d897882 elementor-widget elementor-widget-heading\" data-id=\"d897882\" data-element_type=\"widget\" data-widget_type=\"heading.default\">\n\t\t\t\t<div class=\"elementor-widget-container\">\n\t\t\t\t\t<h2 class=\"elementor-heading-title elementor-size-default\">Unser Engagement<\/h2>\t\t\t\t<\/div>\n\t\t\t\t<\/div>\n\t\t\t\t<div class=\"elementor-element elementor-element-790b48d elementor-widget elementor-widget-text-editor\" data-id=\"790b48d\" data-element_type=\"widget\" data-widget_type=\"text-editor.default\">\n\t\t\t\t<div class=\"elementor-widget-container\">\n\t\t\t\t\t\t\t\t\t<p>Ein engagiertes, professionelles Team, das auf Ihre Bed\u00fcrfnisse eingeht und alles tut, um eine pers\u00f6nliche Betreuung und eine schnelle und effiziente Unterst\u00fctzung zu gew\u00e4hrleisten.<\/p>\t\t\t\t\t\t\t\t<\/div>\n\t\t\t\t<\/div>\n\t\t\t\t<div class=\"elementor-element elementor-element-d104ca0 elementor-widget elementor-widget-heading\" data-id=\"d104ca0\" data-element_type=\"widget\" data-widget_type=\"heading.default\">\n\t\t\t\t<div class=\"elementor-widget-container\">\n\t\t\t\t\t<h2 class=\"elementor-heading-title elementor-size-default\">Der Ursprung der Idee<\/h2>\t\t\t\t<\/div>\n\t\t\t\t<\/div>\n\t\t\t\t<div class=\"elementor-element elementor-element-2c2f679 elementor-widget elementor-widget-text-editor\" data-id=\"2c2f679\" data-element_type=\"widget\" data-widget_type=\"text-editor.default\">\n\t\t\t\t<div class=\"elementor-widget-container\">\n\t\t\t\t\t\t\t\t\t<p>Nach der Fertigstellung von \"Le Salut de Tamara\" habe ich viele talentierte Produzenten und Regisseure getroffen, die an wunderbaren Projekten arbeiten. Leider bietet der aktuelle Markt ihnen trotz ihres Talents und ihrer Kreativit\u00e4t nicht immer die Anerkennung, die sie verdienen. Aus diesem Grund habe ich Break4Movie gegr\u00fcndet. Unsere Plattform soll Beschr\u00e4nkungen und konventionelle Regeln durchbrechen, damit jedes Projekt eine Chance hat, international gesehen zu werden.<\/p>\t\t\t\t\t\t\t\t<\/div>\n\t\t\t\t<\/div>\n\t\t\t\t<div class=\"elementor-element elementor-element-c4ae429 elementor-widget elementor-widget-heading\" data-id=\"c4ae429\" data-element_type=\"widget\" data-widget_type=\"heading.default\">\n\t\t\t\t<div class=\"elementor-widget-container\">\n\t\t\t\t\t<h2 class=\"elementor-heading-title elementor-size-default\">Haben Sie ein Filmprojekt, das Sie mit der Welt teilen m\u00f6chten?\n\n<\/h2>\t\t\t\t<\/div>\n\t\t\t\t<\/div>\n\t\t\t\t<div class=\"elementor-element elementor-element-2a49caa elementor-widget elementor-widget-text-editor\" data-id=\"2a49caa\" data-element_type=\"widget\" data-widget_type=\"text-editor.default\">\n\t\t\t\t<div class=\"elementor-widget-container\">\n\t\t\t\t\t\t\t\t\t<p>Kontaktieren Sie mich jetzt, ich w\u00fcrde mich freuen, mit Ihnen zusammenzuarbeiten.<\/p>\t\t\t\t\t\t\t\t<\/div>\n\t\t\t\t<\/div>\n\t\t<div class=\"elementor-element elementor-element-FrIUuYp e-con-full e-flex e-con e-child\" data-id=\"FrIUuYp\" data-element_type=\"container\">\n\t\t\t\t<div class=\"elementor-element elementor-element-8256222 elementor-widget elementor-widget-heading\" data-id=\"8256222\" data-element_type=\"widget\" data-widget_type=\"heading.default\">\n\t\t\t\t<div class=\"elementor-widget-container\">\n\t\t\t\t\t<h2 class=\"elementor-heading-title elementor-size-default\">Wer bin ich?<\/h2>\t\t\t\t<\/div>\n\t\t\t\t<\/div>\n\t\t\t\t<\/div>\n\t\t\t\t<div class=\"elementor-element elementor-element-dab320d elementor-widget elementor-widget-text-editor\" data-id=\"dab320d\" data-element_type=\"widget\" data-widget_type=\"text-editor.default\">\n\t\t\t\t<div class=\"elementor-widget-container\">\n\t\t\t\t\t\t\t\t\t<p><img decoding=\"async\" class=\"wp-image-4745 aligncenter\" src=\"https:\/\/break4movie.com\/wp-content\/uploads\/2024\/08\/tanya.jpg\" alt=\"\" width=\"500\" height=\"498\" \/><\/p><p>Mein Name ist Tanya Fileva, Koproduzentin und Regisseurin des autobiografischen Films \"Le Salut de Tamara\". Dieser Film soll das \u00f6ffentliche Bewusstsein gegen Menschenhandel und h\u00e4usliche Gewalt sch\u00e4rfen, indem er das Schweigen bricht und den Bed\u00fcrftigen Hoffnung gibt. Mit diesem Film m\u00f6chte ich die Gesellschaft aufkl\u00e4ren, um Vorurteile und falsche Vorstellungen abzubauen, indem ich zeige, dass es jeden treffen kann.<\/p><p>Als Direktor der neuen internationalen Plattform Break4Movie, die sich der F\u00f6rderung von Filmprojekten verschrieben hat, m\u00f6chte ich Filmemachern mit bescheidenen Budgets \u00fcber eine hochwertige und gleichzeitig zug\u00e4ngliche Plattform die Verbreitung und Sichtbarkeit von Filmen erm\u00f6glichen.<\/p><hr \/><p>Wenn Sie weitere Unterst\u00fctzung oder Anpassungen ben\u00f6tigen, fragen Sie einfach nach!<\/p>\t\t\t\t\t\t\t\t<\/div>\n\t\t\t\t<\/div>\n\t\t\t\t<\/div>\n\t\t\t\t\t<\/div>\n\t\t\t\t<\/div>\n\t\t<div class=\"elementor-element elementor-element-8a53f60 e-flex e-con-boxed e-con e-parent\" data-id=\"8a53f60\" data-element_type=\"container\">\n\t\t\t\t\t<div class=\"e-con-inner\">\n\t\t\t\t<div class=\"elementor-element elementor-element-76f97db elementor-widget elementor-widget-video\" data-id=\"76f97db\" data-element_type=\"widget\" data-settings=\"{&quot;youtube_url&quot;:&quot;https:\\\/\\\/youtu.be\\\/bRwGFq-7ANo&quot;,&quot;yt_privacy&quot;:&quot;yes&quot;,&quot;video_type&quot;:&quot;youtube&quot;,&quot;controls&quot;:&quot;yes&quot;}\" data-widget_type=\"video.default\">\n\t\t\t\t<div class=\"elementor-widget-container\">\n\t\t\t\t\t\t\t<div class=\"elementor-wrapper elementor-open-inline\">\n\t\t\t<div class=\"elementor-video\"><\/div>\t\t<\/div>\n\t\t\t\t\t\t<\/div>\n\t\t\t\t<\/div>\n\t\t\t\t\t<\/div>\n\t\t\t\t<\/div>\n\t\t\t\t<\/div>","protected":false},"excerpt":{"rendered":"<p>Was ist Break4Movie? Break4Movie ist eine internationale Streaming-Plattform, die unabh\u00e4ngige Filme, Serien und Live-Inhalte anbietet. Unser Ziel ist es, Projekte zum Leben zu erwecken, die oft verschlossen, geschlossen und vergessen bleiben. Wir wollen neue Kinofilme unterst\u00fctzen, auch solche, die noch nicht fertig sind. Unsere Mission Wir glauben, dass jedes Filmprojekt es verdient,...<\/p>","protected":false},"author":1,"featured_media":0,"parent":0,"menu_order":0,"comment_status":"closed","ping_status":"closed","template":"","meta":{"footnotes":"","_wp_rev_ctl_limit":""},"class_list":["post-4585","page","type-page","status-publish","hentry"],"yoast_head":"<!-- This site is optimized with the Yoast SEO plugin v24.8.1 - https:\/\/yoast.com\/wordpress\/plugins\/seo\/ -->\n<title>Presentation - Break4Movie<\/title>\n<meta name=\"robots\" content=\"index, follow, max-snippet:-1, max-image-preview:large, max-video-preview:-1\" \/>\n<link rel=\"canonical\" href=\"https:\/\/break4movie.com\/de\/prasentation\/\" \/>\n<meta property=\"og:locale\" content=\"de_DE\" \/>\n<meta property=\"og:type\" content=\"article\" \/>\n<meta property=\"og:title\" content=\"Presentation - Break4Movie\" \/>\n<meta property=\"og:description\" content=\"What is Break4Movie ? Break4Movie is an international streaming platform delivering independent movies, series and live content. Our goal is to bring to life projects\u00a0 that often remain locked, closed and forgotten. We want to support new cinematographic works, even those that are not yet finished. Our mission We believe that every film project deserves...\" \/>\n<meta property=\"og:url\" content=\"https:\/\/break4movie.com\/de\/prasentation\/\" \/>\n<meta property=\"og:site_name\" content=\"Break4Movie\" \/>\n<meta property=\"article:modified_time\" content=\"2024-08-31T12:09:46+00:00\" \/>\n<meta property=\"og:image\" content=\"https:\/\/break4movie.com\/wp-content\/uploads\/2024\/02\/logo-color-300x300.png\" \/>\n<meta name=\"twitter:card\" content=\"summary_large_image\" \/>\n<meta name=\"twitter:label1\" content=\"Gesch\u00e4tzte Lesezeit\" \/>\n\t<meta name=\"twitter:data1\" content=\"2\u00a0Minuten\" \/>\n<script type=\"application\/ld+json\" class=\"yoast-schema-graph\">{\"@context\":\"https:\/\/schema.org\",\"@graph\":[{\"@type\":\"WebPage\",\"@id\":\"https:\/\/break4movie.com\/presentation\/\",\"url\":\"https:\/\/break4movie.com\/presentation\/\",\"name\":\"Presentation - Break4Movie\",\"isPartOf\":{\"@id\":\"https:\/\/break4movie.com\/#website\"},\"primaryImageOfPage\":{\"@id\":\"https:\/\/break4movie.com\/presentation\/#primaryimage\"},\"image\":{\"@id\":\"https:\/\/break4movie.com\/presentation\/#primaryimage\"},\"thumbnailUrl\":\"https:\/\/break4movie.com\/wp-content\/uploads\/2024\/02\/logo-color-300x300.png\",\"datePublished\":\"2024-08-17T11:01:20+00:00\",\"dateModified\":\"2024-08-31T12:09:46+00:00\",\"breadcrumb\":{\"@id\":\"https:\/\/break4movie.com\/presentation\/#breadcrumb\"},\"inLanguage\":\"de\",\"potentialAction\":[{\"@type\":\"ReadAction\",\"target\":[\"https:\/\/break4movie.com\/presentation\/\"]}]},{\"@type\":\"ImageObject\",\"inLanguage\":\"de\",\"@id\":\"https:\/\/break4movie.com\/presentation\/#primaryimage\",\"url\":\"https:\/\/break4movie.com\/wp-content\/uploads\/2024\/02\/logo-color-300x300.png\",\"contentUrl\":\"https:\/\/break4movie.com\/wp-content\/uploads\/2024\/02\/logo-color-300x300.png\"},{\"@type\":\"BreadcrumbList\",\"@id\":\"https:\/\/break4movie.com\/presentation\/#breadcrumb\",\"itemListElement\":[{\"@type\":\"ListItem\",\"position\":1,\"name\":\"Home\",\"item\":\"https:\/\/break4movie.com\/nl\/\"},{\"@type\":\"ListItem\",\"position\":2,\"name\":\"Presentation\"}]},{\"@type\":\"WebSite\",\"@id\":\"https:\/\/break4movie.com\/#website\",\"url\":\"https:\/\/break4movie.com\/\",\"name\":\"Break4Movie\",\"description\":\"Movie rental platform with new talented producers\",\"publisher\":{\"@id\":\"https:\/\/break4movie.com\/#organization\"},\"potentialAction\":[{\"@type\":\"SearchAction\",\"target\":{\"@type\":\"EntryPoint\",\"urlTemplate\":\"https:\/\/break4movie.com\/?s={search_term_string}\"},\"query-input\":{\"@type\":\"PropertyValueSpecification\",\"valueRequired\":true,\"valueName\":\"search_term_string\"}}],\"inLanguage\":\"de\"},{\"@type\":\"Organization\",\"@id\":\"https:\/\/break4movie.com\/#organization\",\"name\":\"Break4Movie\",\"url\":\"https:\/\/break4movie.com\/\",\"logo\":{\"@type\":\"ImageObject\",\"inLanguage\":\"de\",\"@id\":\"https:\/\/break4movie.com\/#\/schema\/logo\/image\/\",\"url\":\"https:\/\/break4movie.com\/wp-content\/uploads\/2024\/02\/logo-color-1.png\",\"contentUrl\":\"https:\/\/break4movie.com\/wp-content\/uploads\/2024\/02\/logo-color-1.png\",\"width\":900,\"height\":900,\"caption\":\"Break4Movie\"},\"image\":{\"@id\":\"https:\/\/break4movie.com\/#\/schema\/logo\/image\/\"}}]}<\/script>\n<!-- \/ Yoast SEO plugin. -->","yoast_head_json":{"title":"Presentation - Break4Movie","robots":{"index":"index","follow":"follow","max-snippet":"max-snippet:-1","max-image-preview":"max-image-preview:large","max-video-preview":"max-video-preview:-1"},"canonical":"https:\/\/break4movie.com\/de\/prasentation\/","og_locale":"de_DE","og_type":"article","og_title":"Presentation - Break4Movie","og_description":"What is Break4Movie ? Break4Movie is an international streaming platform delivering independent movies, series and live content. Our goal is to bring to life projects\u00a0 that often remain locked, closed and forgotten. We want to support new cinematographic works, even those that are not yet finished. Our mission We believe that every film project deserves...","og_url":"https:\/\/break4movie.com\/de\/prasentation\/","og_site_name":"Break4Movie","article_modified_time":"2024-08-31T12:09:46+00:00","og_image":[{"url":"https:\/\/break4movie.com\/wp-content\/uploads\/2024\/02\/logo-color-300x300.png","type":"","width":"","height":""}],"twitter_card":"summary_large_image","twitter_misc":{"Gesch\u00e4tzte Lesezeit":"2\u00a0Minuten"},"schema":{"@context":"https:\/\/schema.org","@graph":[{"@type":"WebPage","@id":"https:\/\/break4movie.com\/presentation\/","url":"https:\/\/break4movie.com\/presentation\/","name":"Presentation - Break4Movie","isPartOf":{"@id":"https:\/\/break4movie.com\/#website"},"primaryImageOfPage":{"@id":"https:\/\/break4movie.com\/presentation\/#primaryimage"},"image":{"@id":"https:\/\/break4movie.com\/presentation\/#primaryimage"},"thumbnailUrl":"https:\/\/break4movie.com\/wp-content\/uploads\/2024\/02\/logo-color-300x300.png","datePublished":"2024-08-17T11:01:20+00:00","dateModified":"2024-08-31T12:09:46+00:00","breadcrumb":{"@id":"https:\/\/break4movie.com\/presentation\/#breadcrumb"},"inLanguage":"de","potentialAction":[{"@type":"ReadAction","target":["https:\/\/break4movie.com\/presentation\/"]}]},{"@type":"ImageObject","inLanguage":"de","@id":"https:\/\/break4movie.com\/presentation\/#primaryimage","url":"https:\/\/break4movie.com\/wp-content\/uploads\/2024\/02\/logo-color-300x300.png","contentUrl":"https:\/\/break4movie.com\/wp-content\/uploads\/2024\/02\/logo-color-300x300.png"},{"@type":"BreadcrumbList","@id":"https:\/\/break4movie.com\/presentation\/#breadcrumb","itemListElement":[{"@type":"ListItem","position":1,"name":"Home","item":"https:\/\/break4movie.com\/nl\/"},{"@type":"ListItem","position":2,"name":"Presentation"}]},{"@type":"WebSite","@id":"https:\/\/break4movie.com\/#website","url":"https:\/\/break4movie.com\/","name":"Break4Movie","description":"Movie rental platform with new talented producers","publisher":{"@id":"https:\/\/break4movie.com\/#organization"},"potentialAction":[{"@type":"SearchAction","target":{"@type":"EntryPoint","urlTemplate":"https:\/\/break4movie.com\/?s={search_term_string}"},"query-input":{"@type":"PropertyValueSpecification","valueRequired":true,"valueName":"search_term_string"}}],"inLanguage":"de"},{"@type":"Organization","@id":"https:\/\/break4movie.com\/#organization","name":"Break4Movie","url":"https:\/\/break4movie.com\/","logo":{"@type":"ImageObject","inLanguage":"de","@id":"https:\/\/break4movie.com\/#\/schema\/logo\/image\/","url":"https:\/\/break4movie.com\/wp-content\/uploads\/2024\/02\/logo-color-1.png","contentUrl":"https:\/\/break4movie.com\/wp-content\/uploads\/2024\/02\/logo-color-1.png","width":900,"height":900,"caption":"Break4Movie"},"image":{"@id":"https:\/\/break4movie.com\/#\/schema\/logo\/image\/"}}]}},"_links":{"self":[{"href":"https:\/\/break4movie.com\/de\/wp-json\/wp\/v2\/pages\/4585","targetHints":{"allow":["GET"]}}],"collection":[{"href":"https:\/\/break4movie.com\/de\/wp-json\/wp\/v2\/pages"}],"about":[{"href":"https:\/\/break4movie.com\/de\/wp-json\/wp\/v2\/types\/page"}],"author":[{"embeddable":true,"href":"https:\/\/break4movie.com\/de\/wp-json\/wp\/v2\/users\/1"}],"replies":[{"embeddable":true,"href":"https:\/\/break4movie.com\/de\/wp-json\/wp\/v2\/comments?post=4585"}],"version-history":[{"count":32,"href":"https:\/\/break4movie.com\/de\/wp-json\/wp\/v2\/pages\/4585\/revisions"}],"predecessor-version":[{"id":6208,"href":"https:\/\/break4movie.com\/de\/wp-json\/wp\/v2\/pages\/4585\/revisions\/6208"}],"wp:attachment":[{"href":"https:\/\/break4movie.com\/de\/wp-json\/wp\/v2\/media?parent=4585"}],"curies":[{"name":"wp","href":"https:\/\/api.w.org\/{rel}","templated":true}]}}