{"id":4697,"date":"2024-08-18T20:53:26","date_gmt":"2024-08-18T18:53:26","guid":{"rendered":"https:\/\/break4movie.com\/?page_id=4697"},"modified":"2024-08-18T20:58:44","modified_gmt":"2024-08-18T18:58:44","slug":"privacy-policy-of-the-break4movie-platform","status":"publish","type":"page","link":"https:\/\/break4movie.com\/de\/datenschutzbestimmungen-der-break4movie-plattform\/","title":{"rendered":"Datenschutzbestimmungen der Break4Movie-Plattform"},"content":{"rendered":"<ol start=\"1\" class=\"wp-block-list\">\n<li><strong>Zielsetzung<\/strong>\u00a0<\/li>\n<\/ol>\n\n\n\n<p>In \u00dcbereinstimmung mit der Allgemeinen Datenschutzverordnung (GDPR), die ab dem 25. Mai 2018 gilt, zielt dieses Dokument darauf ab, die Nutzer der Break4Movie-Plattform \u00fcber ihre Rechte zu informieren, insbesondere in Bezug auf:<\/p>\n\n\n\n<ul class=\"wp-block-list\">\n<li>Die Sammlung ihrer pers\u00f6nlichen Daten durch Break4Movie<\/li>\n\n\n\n<li>Die Verwendung dieser Daten<\/li>\n\n\n\n<li>Zugang zu diesen Daten<\/li>\n\n\n\n<li>Die Rechte, die der Nutzer auf der Website hat<\/li>\n\n\n\n<li>Die Politik in Bezug auf die Verwendung von Cookies<\/li>\n<\/ul>\n\n\n\n<p>Diese Datenschutzrichtlinie gilt neben den Nutzungsbedingungen der Plattform, denen der Nutzer ebenfalls zugestimmt hat.<\/p>\n\n\n\n<ol start=\"2\" class=\"wp-block-list\">\n<li><strong>Anwendbares Recht<\/strong>\u00a0<\/li>\n<\/ol>\n\n\n\n<p>Im Einklang mit der Verordnung (EU) 2016\/679 des Europ\u00e4ischen Parlaments und des Rates vom 27. April 2016 zum Schutz nat\u00fcrlicher Personen bei der Verarbeitung personenbezogener Daten und zum freien Datenverkehr m\u00f6chte die Plattform Break4Movie darlegen, wie sie die vom Nutzer zur Verf\u00fcgung gestellten personenbezogenen Daten verwenden kann. Personenbezogene Daten sind:<\/p>\n\n\n\n<ul class=\"wp-block-list\">\n<li>Rechtm\u00e4\u00dfige und transparente Verarbeitung<\/li>\n\n\n\n<li>Erfasst f\u00fcr festgelegte, eindeutige und rechtm\u00e4\u00dfige Zwecke<\/li>\n\n\n\n<li>Nicht in einer Weise weiterverarbeitet werden, die mit diesen Zwecken unvereinbar ist (gem\u00e4\u00df Art. 89 Abs. 1 der Datenschutz-Grundverordnung gelten die Speicherung und Verarbeitung von zu statistischen Zwecken erhobenen Daten nicht als unvereinbar mit den urspr\u00fcnglichen Zwecken)<\/li>\n\n\n\n<li>Angemessen, sachdienlich und auf das beschr\u00e4nkt, was f\u00fcr die Zwecke, f\u00fcr die sie erhoben werden, erforderlich ist<\/li>\n\n\n\n<li>Korrekt und auf Anfrage des Nutzers aktualisiert (Break4Movie verpflichtet sich zu diesem Zweck, falsche Daten zu \u00e4ndern oder zu korrigieren)<\/li>\n\n\n\n<li>in einer Form gespeichert werden, die die Identifizierung der betroffenen Personen f\u00fcr eine notwendige und ausreichende Dauer ihrer Verarbeitung erm\u00f6glicht<\/li>\n\n\n\n<li>in einer Weise verarbeitet werden, die ihre Sicherheit gew\u00e4hrleistet, einschlie\u00dflich des Schutzes vor unbefugter oder unrechtm\u00e4\u00dfiger Verarbeitung, versehentlichem Verlust, Zerst\u00f6rung oder Besch\u00e4digung<\/li>\n<\/ul>\n\n\n\n<p>In diesem Fall wird die Verarbeitung der gesammelten Daten als rechtm\u00e4\u00dfig angesehen, da der Nutzer der Sammlung und Verarbeitung dieser Daten f\u00fcr mindestens einen der in der Verordnung vorgesehenen Zwecke ausdr\u00fccklich zugestimmt hat. Die Verarbeitung der Daten ist auch f\u00fcr die Ausf\u00fchrung des Dienstleistungsvertrags erforderlich, der den Nutzer an Break4Movie bindet.<\/p>\n\n\n\n<ol start=\"3\" class=\"wp-block-list\">\n<li><strong>Zustimmung<\/strong>\u00a0<\/li>\n<\/ol>\n\n\n\n<p>Mit der Nutzung der Break4Movie-Plattform erkl\u00e4rt sich der Nutzer ausdr\u00fccklich mit allen Bedingungen dieser Datenschutzrichtlinie sowie mit der Erhebung, Nutzung und Speicherung der in diesem Dokument aufgef\u00fchrten Daten einverstanden.<\/p>\n\n\n\n<ol start=\"4\" class=\"wp-block-list\">\n<li><strong>Erfasste personenbezogene Daten<\/strong>\u00a0<\/li>\n<\/ol>\n\n\n\n<p>Bei der Nutzung der Break4Movie-Plattform werden verschiedene personenbezogene Daten \u00fcber den Nutzer erhoben.<\/p>\n\n\n\n<ul class=\"wp-block-list\">\n<li>Automatisch erfasste Daten:<ul><li>IP-Adresse<\/li><\/ul><ul><li>Geolokalisierung (Daten werden nur im Falle einer Vertragsverletzung verwendet)<\/li><\/ul><ul><li>Verwendetes Betriebssystem<\/li><\/ul>\n<ul class=\"wp-block-list\">\n<li>Verwendeter Browser<\/li>\n<\/ul>\n<\/li>\n\n\n\n<li>Die folgenden Daten werden nichtautomatisch erfasst:<ul><li>Name<\/li><\/ul><ul><li>Vornamen<\/li><\/ul><ul><li>Adresse<\/li><\/ul><ul><li>Rufnummer<\/li><\/ul><ul><li>Datum der Geburt<\/li><\/ul><ul><li>Bankverbindung<\/li><\/ul>\n<ul class=\"wp-block-list\">\n<li>Gew\u00e4hlte Zahlungsmethode<\/li>\n<\/ul>\n<\/li>\n<\/ul>\n\n\n\n<p>&nbsp;&nbsp;&nbsp;&nbsp;&nbsp;&nbsp;&nbsp;&nbsp;&nbsp;&nbsp;&nbsp; Ohne vorherige Benachrichtigung des Nutzers werden keine weiteren Daten erhoben.<\/p>\n\n\n\n<ol start=\"5\" class=\"wp-block-list\">\n<li><strong>Datenverarbeitung<\/strong>\u00a0<\/li>\n<\/ol>\n\n\n\n<p>Die von der Break4Movie-Plattform erhobenen personenbezogenen Daten werden nur zu den in dieser Datenschutzerkl\u00e4rung genannten Zwecken verarbeitet.<br><br>Die Plattform wird f\u00fcr jeden Nutzer ein individuelles Profil mit allen Daten erstellen, um seine Identifizierung zu erm\u00f6glichen und die Abrechnung der bestellten Dienste zu verwalten.<br><br>Dar\u00fcber hinaus werden auf der Grundlage von Statistiken, insbesondere \u00fcber zuvor bestellte Dienste, Vorschl\u00e4ge f\u00fcr Dienste gemacht, um den Zugang zu bestimmten Inhalten zu erm\u00f6glichen, die den W\u00fcnschen des Nutzers entsprechen k\u00f6nnten.<\/p>\n\n\n\n<ol start=\"6\" class=\"wp-block-list\">\n<li><strong>Weitergabe der gesammelten Daten<\/strong>\u00a0<\/li>\n<\/ol>\n\n\n\n<p>Die Break4Movie-Plattform wird alle gesammelten personenbezogenen Daten offen und automatisch an ihre Mitarbeiter weitergeben, da diese diese Daten zur Abwicklung des geschlossenen Vertrags ben\u00f6tigen. Die gesammelten Daten werden nicht aus irgendeinem Grund an Dritte au\u00dferhalb von Break4Movie weitergegeben. Personenbezogene Daten k\u00f6nnen jedoch an Dritte weitergegeben werden:<\/p>\n\n\n\n<ul class=\"wp-block-list\">\n<li>Wenn Break4Movie gesetzlich gezwungen ist<\/li>\n\n\n\n<li>Wenn die Informationen f\u00fcr ein Gerichtsverfahren erforderlich sind<\/li>\n\n\n\n<li>Zum Schutz der eigenen Rechte (insbesondere bei F\u00e4lschungen oder Hacking - nicht abschlie\u00dfende Liste)<\/li>\n<\/ul>\n\n\n\n<ol start=\"7\" class=\"wp-block-list\">\n<li><strong>Speicherung und Schutz von personenbezogenen Daten<\/strong>\u00a0<\/li>\n<\/ol>\n\n\n\n<p>Break4Movie wird die Daten nur so lange aufbewahren, wie es f\u00fcr die Erf\u00fcllung des Vertrags unbedingt erforderlich ist, und nur f\u00fcr die Zwecke, f\u00fcr die sie erhoben wurden.<\/p>\n\n\n\n<ol start=\"8\" class=\"wp-block-list\">\n<li><strong>Benutzerrechte und Privilegien<\/strong>\u00a0<\/li>\n<\/ol>\n\n\n\n<p>Gem\u00e4\u00df den Artikeln 12 bis 23 der Allgemeinen Datenschutzverordnung haben die Nutzer der Break4Movie-Plattform die folgenden Rechte und Privilegien in Bezug auf ihre personenbezogenen Daten:<\/p>\n\n\n\n<ul class=\"wp-block-list\">\n<li>Recht auf Zugang (Konsultation)<\/li>\n\n\n\n<li>Recht auf Berichtigung<\/li>\n\n\n\n<li>Recht auf L\u00f6schung<\/li>\n\n\n\n<li>Recht auf Einschr\u00e4nkung der Datenverarbeitung<\/li>\n\n\n\n<li>Recht auf Daten\u00fcbertragbarkeit<\/li>\n\n\n\n<li>Recht auf Widerspruch<\/li>\n<\/ul>\n\n\n\n<p>Zur Aus\u00fcbung der oben genannten Rechte (Zugang, \u00c4nderung, L\u00f6schung usw.) kann sich der Nutzer an den Datenverwaltungsdienst der Plattform unter der folgenden Adresse wenden: RGPD@Break4Movie.com. Um die Einhaltung des Datenschutzes innerhalb der Organisation zu gew\u00e4hrleisten, wurde au\u00dferdem ein Datenschutzbeauftragter (DSB) ernannt, der bei Bedarf unter folgender Adresse kontaktiert werden kann: DPO@Break4Movie.com.<\/p>\n\n\n\n<ol start=\"9\" class=\"wp-block-list\">\n<li><strong>Cookie-Richtlinie<\/strong>\u00a0<\/li>\n<\/ol>\n\n\n\n<p>Ein Cookie ist eine Datei, die auf der Festplatte des Benutzers gespeichert wird, wenn dieser eine Website besucht (einschlie\u00dflich der Break4Movie-Plattform). Dieses Cookie hilft dabei, die Surfgewohnheiten des Nutzers besser zu verstehen, um sein Nutzererlebnis zu optimieren. Gem\u00e4\u00df der Allgemeinen Datenschutzverordnung kann der Nutzer w\u00e4hlen, ob er jedes Mal benachrichtigt werden m\u00f6chte, wenn ein Cookie angelegt wird, oder ob er die \u00dcbertragung von Cookies durch die Plattform vollst\u00e4ndig deaktivieren m\u00f6chte.<\/p>\n\n\n\n<ol start=\"10\" class=\"wp-block-list\">\n<li><strong>\u00c4nderung der Datenschutzrichtlinie<\/strong>\u00a0<\/li>\n<\/ol>\n\n\n\n<p>Die Break4Movie-Plattform beh\u00e4lt sich das Recht vor, diese Datenschutzerkl\u00e4rung zu \u00e4ndern, insbesondere um auf \u00c4nderungen der Datenschutzgesetze zu reagieren oder um das Datenverwaltungsverfahren der Plattform anzupassen. Sollte eine solche \u00c4nderung der Datenschutzerkl\u00e4rung aus irgendeinem Grund notwendig werden, wird der Nutzer mindestens 15 Tage vor Inkrafttreten der neuen Datenschutzerkl\u00e4rung informiert. Der Nutzer hat dann die Wahl, dieser \u00c4nderung zuzustimmen oder seinen Zugang zur Plattform zu l\u00f6schen.<\/p>\n\n\n\n<ol start=\"11\" class=\"wp-block-list\">\n<li><strong>Kontakt<\/strong>\u00a0<\/li>\n<\/ol>\n\n\n\n<p>F\u00fcr alle Angaben im Zusammenhang mit der Verwaltung personenbezogener Daten oder dieser Datenschutzerkl\u00e4rung kann sich der Nutzer an den zu diesem Zweck eingerichteten Dienst innerhalb der Break4Movie-Plattform unter folgender Adresse wenden RGPD@Break4Movie.com.<\/p>","protected":false},"excerpt":{"rendered":"<p>In \u00dcbereinstimmung mit der ab dem 25. Mai 2018 geltenden Datenschutz-Grundverordnung (GDPR) soll dieses Dokument die user der Break4Movie-Plattform \u00fcber ihre Rechte informieren, insbesondere in Bezug auf: Diese Datenschutzrichtlinie gilt neben den Nutzungsbedingungen der Plattform, denen der user ebenfalls zugestimmt hat. In \u00dcbereinstimmung mit der Verordnung (EU) 2016\/679 des...<\/p>","protected":false},"author":8,"featured_media":0,"parent":0,"menu_order":0,"comment_status":"closed","ping_status":"closed","template":"","meta":{"footnotes":"","_wp_rev_ctl_limit":""},"class_list":["post-4697","page","type-page","status-publish","hentry"],"yoast_head":"<!-- This site is optimized with the Yoast SEO plugin v24.8.1 - https:\/\/yoast.com\/wordpress\/plugins\/seo\/ -->\n<title>Privacy Policy of the Break4Movie Platform - Break4Movie<\/title>\n<meta name=\"robots\" content=\"index, follow, max-snippet:-1, max-image-preview:large, max-video-preview:-1\" \/>\n<link rel=\"canonical\" href=\"https:\/\/break4movie.com\/de\/datenschutzbestimmungen-der-break4movie-plattform\/\" \/>\n<meta property=\"og:locale\" content=\"de_DE\" \/>\n<meta property=\"og:type\" content=\"article\" \/>\n<meta property=\"og:title\" content=\"Privacy Policy of the Break4Movie Platform - Break4Movie\" \/>\n<meta property=\"og:description\" content=\"In accordance with the General Data Protection Regulation (GDPR) applicable from May 25, 2018, this document aims to inform the user of the Break4Movie platform about their rights, particularly regarding: This privacy policy applies alongside the platform\u2019s terms of use, which the user has also agreed to. In accordance with EU Regulation 2016\/679 of the...\" \/>\n<meta property=\"og:url\" content=\"https:\/\/break4movie.com\/de\/datenschutzbestimmungen-der-break4movie-plattform\/\" \/>\n<meta property=\"og:site_name\" content=\"Break4Movie\" \/>\n<meta property=\"article:modified_time\" content=\"2024-08-18T18:58:44+00:00\" \/>\n<meta name=\"twitter:card\" content=\"summary_large_image\" \/>\n<meta name=\"twitter:label1\" content=\"Gesch\u00e4tzte Lesezeit\" \/>\n\t<meta name=\"twitter:data1\" content=\"5\u00a0Minuten\" \/>\n<script type=\"application\/ld+json\" class=\"yoast-schema-graph\">{\"@context\":\"https:\/\/schema.org\",\"@graph\":[{\"@type\":\"WebPage\",\"@id\":\"https:\/\/break4movie.com\/fr\/politique-de-confidentialite-de-la-plateforme-break4movie\/\",\"url\":\"https:\/\/break4movie.com\/fr\/politique-de-confidentialite-de-la-plateforme-break4movie\/\",\"name\":\"Privacy Policy of the Break4Movie Platform - Break4Movie\",\"isPartOf\":{\"@id\":\"https:\/\/break4movie.com\/#website\"},\"datePublished\":\"2024-08-18T18:53:26+00:00\",\"dateModified\":\"2024-08-18T18:58:44+00:00\",\"breadcrumb\":{\"@id\":\"https:\/\/break4movie.com\/fr\/politique-de-confidentialite-de-la-plateforme-break4movie\/#breadcrumb\"},\"inLanguage\":\"de\",\"potentialAction\":[{\"@type\":\"ReadAction\",\"target\":[\"https:\/\/break4movie.com\/fr\/politique-de-confidentialite-de-la-plateforme-break4movie\/\"]}]},{\"@type\":\"BreadcrumbList\",\"@id\":\"https:\/\/break4movie.com\/fr\/politique-de-confidentialite-de-la-plateforme-break4movie\/#breadcrumb\",\"itemListElement\":[{\"@type\":\"ListItem\",\"position\":1,\"name\":\"Home\",\"item\":\"https:\/\/break4movie.com\/nl\/\"},{\"@type\":\"ListItem\",\"position\":2,\"name\":\"Privacy Policy of the Break4Movie Platform\"}]},{\"@type\":\"WebSite\",\"@id\":\"https:\/\/break4movie.com\/#website\",\"url\":\"https:\/\/break4movie.com\/\",\"name\":\"Break4Movie\",\"description\":\"Movie rental platform with new talented producers\",\"publisher\":{\"@id\":\"https:\/\/break4movie.com\/#organization\"},\"potentialAction\":[{\"@type\":\"SearchAction\",\"target\":{\"@type\":\"EntryPoint\",\"urlTemplate\":\"https:\/\/break4movie.com\/?s={search_term_string}\"},\"query-input\":{\"@type\":\"PropertyValueSpecification\",\"valueRequired\":true,\"valueName\":\"search_term_string\"}}],\"inLanguage\":\"de\"},{\"@type\":\"Organization\",\"@id\":\"https:\/\/break4movie.com\/#organization\",\"name\":\"Break4Movie\",\"url\":\"https:\/\/break4movie.com\/\",\"logo\":{\"@type\":\"ImageObject\",\"inLanguage\":\"de\",\"@id\":\"https:\/\/break4movie.com\/#\/schema\/logo\/image\/\",\"url\":\"https:\/\/break4movie.com\/wp-content\/uploads\/2024\/02\/logo-color-1.png\",\"contentUrl\":\"https:\/\/break4movie.com\/wp-content\/uploads\/2024\/02\/logo-color-1.png\",\"width\":900,\"height\":900,\"caption\":\"Break4Movie\"},\"image\":{\"@id\":\"https:\/\/break4movie.com\/#\/schema\/logo\/image\/\"}}]}<\/script>\n<!-- \/ Yoast SEO plugin. -->","yoast_head_json":{"title":"Privacy Policy of the Break4Movie Platform - Break4Movie","robots":{"index":"index","follow":"follow","max-snippet":"max-snippet:-1","max-image-preview":"max-image-preview:large","max-video-preview":"max-video-preview:-1"},"canonical":"https:\/\/break4movie.com\/de\/datenschutzbestimmungen-der-break4movie-plattform\/","og_locale":"de_DE","og_type":"article","og_title":"Privacy Policy of the Break4Movie Platform - Break4Movie","og_description":"In accordance with the General Data Protection Regulation (GDPR) applicable from May 25, 2018, this document aims to inform the user of the Break4Movie platform about their rights, particularly regarding: This privacy policy applies alongside the platform\u2019s terms of use, which the user has also agreed to. In accordance with EU Regulation 2016\/679 of the...","og_url":"https:\/\/break4movie.com\/de\/datenschutzbestimmungen-der-break4movie-plattform\/","og_site_name":"Break4Movie","article_modified_time":"2024-08-18T18:58:44+00:00","twitter_card":"summary_large_image","twitter_misc":{"Gesch\u00e4tzte Lesezeit":"5\u00a0Minuten"},"schema":{"@context":"https:\/\/schema.org","@graph":[{"@type":"WebPage","@id":"https:\/\/break4movie.com\/fr\/politique-de-confidentialite-de-la-plateforme-break4movie\/","url":"https:\/\/break4movie.com\/fr\/politique-de-confidentialite-de-la-plateforme-break4movie\/","name":"Privacy Policy of the Break4Movie Platform - Break4Movie","isPartOf":{"@id":"https:\/\/break4movie.com\/#website"},"datePublished":"2024-08-18T18:53:26+00:00","dateModified":"2024-08-18T18:58:44+00:00","breadcrumb":{"@id":"https:\/\/break4movie.com\/fr\/politique-de-confidentialite-de-la-plateforme-break4movie\/#breadcrumb"},"inLanguage":"de","potentialAction":[{"@type":"ReadAction","target":["https:\/\/break4movie.com\/fr\/politique-de-confidentialite-de-la-plateforme-break4movie\/"]}]},{"@type":"BreadcrumbList","@id":"https:\/\/break4movie.com\/fr\/politique-de-confidentialite-de-la-plateforme-break4movie\/#breadcrumb","itemListElement":[{"@type":"ListItem","position":1,"name":"Home","item":"https:\/\/break4movie.com\/nl\/"},{"@type":"ListItem","position":2,"name":"Privacy Policy of the Break4Movie Platform"}]},{"@type":"WebSite","@id":"https:\/\/break4movie.com\/#website","url":"https:\/\/break4movie.com\/","name":"Break4Movie","description":"Movie rental platform with new talented producers","publisher":{"@id":"https:\/\/break4movie.com\/#organization"},"potentialAction":[{"@type":"SearchAction","target":{"@type":"EntryPoint","urlTemplate":"https:\/\/break4movie.com\/?s={search_term_string}"},"query-input":{"@type":"PropertyValueSpecification","valueRequired":true,"valueName":"search_term_string"}}],"inLanguage":"de"},{"@type":"Organization","@id":"https:\/\/break4movie.com\/#organization","name":"Break4Movie","url":"https:\/\/break4movie.com\/","logo":{"@type":"ImageObject","inLanguage":"de","@id":"https:\/\/break4movie.com\/#\/schema\/logo\/image\/","url":"https:\/\/break4movie.com\/wp-content\/uploads\/2024\/02\/logo-color-1.png","contentUrl":"https:\/\/break4movie.com\/wp-content\/uploads\/2024\/02\/logo-color-1.png","width":900,"height":900,"caption":"Break4Movie"},"image":{"@id":"https:\/\/break4movie.com\/#\/schema\/logo\/image\/"}}]}},"_links":{"self":[{"href":"https:\/\/break4movie.com\/de\/wp-json\/wp\/v2\/pages\/4697","targetHints":{"allow":["GET"]}}],"collection":[{"href":"https:\/\/break4movie.com\/de\/wp-json\/wp\/v2\/pages"}],"about":[{"href":"https:\/\/break4movie.com\/de\/wp-json\/wp\/v2\/types\/page"}],"author":[{"embeddable":true,"href":"https:\/\/break4movie.com\/de\/wp-json\/wp\/v2\/users\/8"}],"replies":[{"embeddable":true,"href":"https:\/\/break4movie.com\/de\/wp-json\/wp\/v2\/comments?post=4697"}],"version-history":[{"count":1,"href":"https:\/\/break4movie.com\/de\/wp-json\/wp\/v2\/pages\/4697\/revisions"}],"predecessor-version":[{"id":4705,"href":"https:\/\/break4movie.com\/de\/wp-json\/wp\/v2\/pages\/4697\/revisions\/4705"}],"wp:attachment":[{"href":"https:\/\/break4movie.com\/de\/wp-json\/wp\/v2\/media?parent=4697"}],"curies":[{"name":"wp","href":"https:\/\/api.w.org\/{rel}","templated":true}]}}