{"id":4713,"date":"2024-08-18T21:29:29","date_gmt":"2024-08-18T19:29:29","guid":{"rendered":"https:\/\/break4movie.com\/?page_id=4713"},"modified":"2024-12-14T14:10:12","modified_gmt":"2024-12-14T13:10:12","slug":"terms-of-use-of-break4movie","status":"publish","type":"page","link":"https:\/\/break4movie.com\/de\/nutzungsbedingungen-von-break4movie\/","title":{"rendered":"Nutzungsbedingungen von Break4Movie"},"content":{"rendered":"<div data-elementor-type=\"wp-page\" data-elementor-id=\"4713\" class=\"elementor elementor-4713\" data-elementor-post-type=\"page\">\n\t\t\t\t<div class=\"elementor-element elementor-element-512738c4 e-flex e-con-boxed e-con e-parent\" data-id=\"512738c4\" data-element_type=\"container\">\n\t\t\t\t\t<div class=\"e-con-inner\">\n\t\t\t\t<div class=\"elementor-element elementor-element-7d9eeaf2 elementor-widget elementor-widget-text-editor\" data-id=\"7d9eeaf2\" data-element_type=\"widget\" data-widget_type=\"text-editor.default\">\n\t\t\t\t<div class=\"elementor-widget-container\">\n\t\t\t\t\t\t\t\t\t<ol start=\"1\">\n<li style=\"list-style-type: none;\">\n<ol start=\"1\"><\/ol>\n<\/li>\n<\/ol>\n<p>\u00a0<\/p>\n<ol start=\"1\">\n<li style=\"list-style-type: none;\">\n<ol start=\"1\">\n<li><strong>Pr\u00e4ambel<\/strong>\u00a0<\/li>\n<\/ol>\n<\/li>\n<\/ol>\n<p><\/p>\n<p><!-- \/wp:list --><\/p>\n<p><!-- wp:paragraph --><\/p>\n<p>BREAK4MOVIE ist eine interaktive Online-Plattform, die es unseren Nutzern erm\u00f6glicht, \u00fcber das Internet, auf bestimmten Fernsehger\u00e4ten und anderen mit BREAK4MOVIE kompatiblen Ger\u00e4ten auf Unterhaltungsinhalte zuzugreifen.<br \/><br \/>Der Dienst BREAK4MOVIE wird Ihnen von SRL BREAK4MOVIE, einem belgischen Unternehmen, angeboten.<br \/><br \/>Diese Nutzungsbedingungen regeln Ihre Nutzung der von BREAK4MOVIE angebotenen Dienste, einschlie\u00dflich der Betrachtung exklusiver digitaler Inhalte.<\/p>\n<p><!-- \/wp:paragraph --><\/p>\n<p><!-- wp:list {\"ordered\":true,\"start\":2} --><\/p>\n<ol start=\"2\">\n<li style=\"list-style-type: none;\">\n<ol start=\"2\"><!-- wp:list-item --><\/ol>\n<\/li>\n<\/ol>\n<p>\u00a0<\/p>\n<ol start=\"2\">\n<li style=\"list-style-type: none;\">\n<ol start=\"2\">\n<li><strong>Pay-per-View<\/strong>\u00a0<\/li>\n<\/ol>\n<\/li>\n<\/ol>\n<p><!-- \/wp:list-item --><\/p>\n<p><!-- \/wp:list --><\/p>\n<p><!-- wp:paragraph --><\/p>\n<p>Nach Zahlung des auf der Plattform festgelegten Betrags hat der Nutzer 24 Stunden lang Zugang zu den Inhalten seiner Wahl.<br \/><br \/>Dieser Zugang beschr\u00e4nkt sich auf die Betrachtung von Unterhaltungsinhalten im famili\u00e4ren Rahmen, ohne die M\u00f6glichkeit der Vervielf\u00e4ltigung oder sonstigen \u00f6ffentlichen Verbreitung (ob kostenlos oder gegen Bezahlung).<br \/><br \/>Jeder begonnene Download bindet den Nutzer unwiderruflich, der keine R\u00fcckerstattung aufgrund eines Bearbeitungsfehlers verlangen kann.<\/p>\n<p><!-- \/wp:paragraph --><\/p>\n<p><!-- wp:list {\"ordered\":true,\"start\":3} --><\/p>\n<ol start=\"3\">\n<li style=\"list-style-type: none;\">\n<ol start=\"3\"><!-- wp:list-item --><\/ol>\n<\/li>\n<\/ol>\n<p>\u00a0<\/p>\n<ol start=\"3\">\n<li style=\"list-style-type: none;\">\n<ol start=\"3\">\n<li><strong>Rechnungsstellung<\/strong>\u00a0<\/li>\n<\/ol>\n<\/li>\n<\/ol>\n<p><!-- \/wp:list-item --><\/p>\n<p><!-- \/wp:list --><\/p>\n<p><!-- wp:paragraph --><\/p>\n<p>Die Nutzung des BREAK4MOVIE-Dienstes setzt voraus, dass Sie uns mindestens eine Zahlungsmethode zur Verf\u00fcgung stellen, die uns erm\u00e4chtigt, Ihr Bankkonto f\u00fcr die Zahlung der Geb\u00fchren f\u00fcr die Nutzung der interaktiven Inhalte zu belasten.<br \/><br \/>Sie haften f\u00fcr jeden Betrag, der nicht abgebucht werden konnte. Wenn die ausgestellte Rechnung aus irgendeinem Grund nicht innerhalb von 5 Tagen nach ihrer Ausstellung bezahlt wird, wird das Konto des Nutzers automatisch gesperrt, bis die Rechnung reguliert und bezahlt ist.<br \/><br \/>Im Falle der Nichterf\u00fcllung beh\u00e4lt sich BREAK4MOVIE das Recht vor, den Vertrag auf ausschlie\u00dfliches Verschulden des Nutzers zu k\u00fcndigen und nicht nur die Bezahlung der \u00fcberf\u00e4lligen Rechnungen, sondern auch Schadensersatz zu verlangen.<\/p>\n<p><!-- \/wp:paragraph --><\/p>\n<p><!-- wp:list {\"ordered\":true,\"start\":4} --><\/p>\n<ol start=\"4\">\n<li style=\"list-style-type: none;\">\n<ol start=\"4\"><!-- wp:list-item --><\/ol>\n<\/li>\n<\/ol>\n<p>\u00a0<\/p>\n<ol start=\"4\">\n<li style=\"list-style-type: none;\">\n<ol start=\"4\">\n<li><strong>Erstattungen<\/strong>\u00a0<\/li>\n<\/ol>\n<\/li>\n<\/ol>\n<p><!-- \/wp:list-item --><\/p>\n<p><!-- \/wp:list --><\/p>\n<p><!-- wp:paragraph --><\/p>\n<p>Wird der Preis von Filmen erh\u00f6ht, kann der Nutzer eine R\u00fcckerstattung des verbleibenden Guthabens beantragen, wenn er mit den neuen Preisen nicht einverstanden ist. Mit Ausnahme des oben genannten Punktes sind Zahlungen nicht erstattungsf\u00e4hig.<\/p>\n<p><!-- \/wp:paragraph --><\/p>\n<p><!-- wp:list {\"ordered\":true,\"start\":5} --><\/p>\n<ol start=\"5\">\n<li style=\"list-style-type: none;\">\n<ol start=\"5\"><!-- wp:list-item --><\/ol>\n<\/li>\n<\/ol>\n<p>\u00a0<\/p>\n<ol start=\"5\">\n<li style=\"list-style-type: none;\">\n<ol start=\"5\">\n<li><strong>\u00c4nderung des Pay-per-View-Preises<\/strong>\u00a0<\/li>\n<\/ol>\n<\/li>\n<\/ol>\n<p><!-- \/wp:list-item --><\/p>\n<p><!-- \/wp:list --><\/p>\n<p><!-- wp:paragraph --><\/p>\n<p>BREAK4MOVIE beh\u00e4lt sich das Recht vor, die Preise f\u00fcr die dem Nutzer zur Verf\u00fcgung gestellten Dienste zu \u00e4ndern.<\/p>\n<p><!-- \/wp:paragraph --><\/p>\n<p><!-- wp:list {\"ordered\":true,\"start\":6} --><\/p>\n<ol start=\"6\">\n<li style=\"list-style-type: none;\">\n<ol start=\"6\"><!-- wp:list-item --><\/ol>\n<\/li>\n<\/ol>\n<p>\u00a0<\/p>\n<ol start=\"6\">\n<li style=\"list-style-type: none;\">\n<ol start=\"6\">\n<li><strong>BREAK4MOVIE Dienstleistungen<\/strong>\u00a0<\/li>\n<\/ol>\n<\/li>\n<\/ol>\n<p><!-- \/wp:list-item --><\/p>\n<p><!-- \/wp:list --><\/p>\n<p><!-- wp:paragraph --><\/p>\n<p>Jeder Nutzer muss mindestens 16 Jahre alt sein, um die Dienste von BREAK4MOVIE zu abonnieren. Minderj\u00e4hrige k\u00f6nnen die Plattform nur mit der Erlaubnis eines Erwachsenen und unter dessen Aufsicht nutzen.<br \/><br \/>Der Abruf von BREAK4MOVIE-Inhalten ist f\u00fcr den privaten und nicht-kommerziellen Gebrauch bestimmt und darf nicht mit Personen au\u00dferhalb Ihres Haushalts geteilt werden. W\u00e4hrend der Pay-per-View-Mietdauer gew\u00e4hrt Ihnen BREAK4MOVIE ein begrenztes, nicht \u00fcbertragbares Recht zum Zugriff auf die online gestellten Inhalte.<br \/><br \/>Dem Nutzer werden keine Reproduktionsrechte an den bereitgestellten Inhalten einger\u00e4umt. Im Allgemeinen erkl\u00e4rt sich der Nutzer damit einverstanden, BREAK4MOVIE-Inhalte nicht zu archivieren, zu vervielf\u00e4ltigen, zu verbreiten, auszustellen, aufzuf\u00fchren, zu ver\u00f6ffentlichen, davon abgeleitete Werke zu erstellen oder zu verkaufen.<br \/><br \/>Der Nutzer erkl\u00e4rt sich au\u00dferdem damit einverstanden, die von BREAK4MOVIE online gestellten Inhalte nicht zu hacken, zu umgehen, zu entfernen, zu modifizieren, zu zerst\u00f6ren, zu deaktivieren, zu blockieren, zu verstecken oder sich an anderen Aktivit\u00e4ten zu beteiligen, die darauf abzielen, den Schutz der Inhalte zu umgehen.<br \/><br \/>Jedes allgemeine Verhalten, das darauf abzielt, die Integrit\u00e4t der von der BREAK4MOVIE-Plattform bereitgestellten Daten zu beeintr\u00e4chtigen, hat neben seinem strafrechtlich verfolgbaren Charakter automatisch die Verfolgung des Nutzers auf Schadensersatz zur Folge.<br \/><br \/>Dies f\u00fchrt auch zur automatischen L\u00f6schung des Kontos, das gegen diese Nutzungsbedingungen verst\u00f6\u00dft.<br \/><br \/>Die Anzeigequalit\u00e4t der bereitgestellten Inhalte kann je nach Art der Verbindung, des verwendeten Ger\u00e4ts oder allgemeiner der Region, in der die Inhalte betrachtet werden, variieren.<br \/><br \/>BREAK4MOVIE kann nicht f\u00fcr eine Bildqualit\u00e4t verantwortlich gemacht werden, die unter dem gew\u00fcnschten Standard liegt, und es obliegt dem Nutzer, alle technischen Ma\u00dfnahmen zu ergreifen, um seine eigenen Erwartungen zu erf\u00fcllen.<br \/><br \/>Die Nutzung der BREAK4MOVIE-Plattform erfordert m\u00f6glicherweise die Installation von Software von Drittanbietern, um auf die verf\u00fcgbaren Inhalte zugreifen zu k\u00f6nnen.<br \/><br \/>Es liegt in der Verantwortung des Nutzers, die Hauptsoftware oder die zugeh\u00f6rige Software von Drittanbietern regelm\u00e4\u00dfig zu aktualisieren, um eine optimale Nutzung zu gew\u00e4hrleisten.<\/p>\n<p><!-- \/wp:paragraph --><\/p>\n<p><!-- wp:list {\"ordered\":true,\"start\":7} --><\/p>\n<ol start=\"7\">\n<li style=\"list-style-type: none;\">\n<ol start=\"7\"><!-- wp:list-item --><\/ol>\n<\/li>\n<\/ol>\n<p>\u00a0<\/p>\n<ol start=\"7\">\n<li style=\"list-style-type: none;\">\n<ol start=\"7\">\n<li><strong>Passwort und Kontozugang<\/strong>\u00a0<\/li>\n<\/ol>\n<\/li>\n<\/ol>\n<p><!-- \/wp:list-item --><\/p>\n<p><!-- \/wp:list --><\/p>\n<p><!-- wp:paragraph --><\/p>\n<p>Der Benutzername und das Passwort sind f\u00fcr den pers\u00f6nlichen Gebrauch bestimmt und m\u00fcssen vertraulich behandelt werden. Es ist jedem Nutzer strengstens untersagt, diese Daten an Dritte weiterzugeben. Sollte dies dennoch geschehen, erkl\u00e4rt sich der Nutzer unwiderruflich damit einverstanden, dass diese Personen in seinem Namen handeln und unwiderruflich an die beantragten Downloads und den Zugang gebunden sind, insbesondere in Bezug auf die Abrechnung.<br \/><br \/>Der Nutzer verpflichtet sich au\u00dferdem, korrekte Kontoinformationen zu pflegen, einschlie\u00dflich einer g\u00fcltigen E-Mail-Adresse, an die BREAK4MOVIE alle n\u00fctzlichen Informationen in Bezug auf das Konto senden kann.<br \/><br \/>BREAK4MOVIE kann ein Konto, das als \"verd\u00e4chtig\" eingestuft wird, k\u00fcndigen oder sperren, um den Nutzer und die Plattform oder ihre Partner vor Identit\u00e4tsdiebstahl oder anderen betr\u00fcgerischen Aktivit\u00e4ten zu sch\u00fctzen.<\/p>\n<p><!-- \/wp:paragraph --><\/p>\n<p><!-- wp:list {\"ordered\":true,\"start\":8} --><\/p>\n<ol start=\"8\">\n<li style=\"list-style-type: none;\">\n<ol start=\"8\"><!-- wp:list-item --><\/ol>\n<\/li>\n<\/ol>\n<p>\u00a0<\/p>\n<ol start=\"8\">\n<li style=\"list-style-type: none;\">\n<ol start=\"8\">\n<li><strong>\u00c4nderung der Nutzungsbedingungen<\/strong>\u00a0<\/li>\n<\/ol>\n<\/li>\n<\/ol>\n<p><!-- \/wp:list-item --><\/p>\n<p><!-- \/wp:list --><\/p>\n<p><!-- wp:paragraph --><\/p>\n<p>BREAK4MOVIE kann diese Nutzungsbedingungen einseitig \u00e4ndern. Im Falle einer \u00c4nderung wird der Nutzer per E-Mail \u00fcber die wesentlichen \u00c4nderungen informiert, bevor diese in Kraft treten. Sie treten am ersten Arbeitstag des folgenden Monats in Kraft.<\/p>\n<p><!-- \/wp:paragraph --><\/p>\n<p><!-- wp:list {\"ordered\":true,\"start\":9} --><\/p>\n<ol start=\"9\">\n<li style=\"list-style-type: none;\">\n<ol start=\"9\"><!-- wp:list-item --><\/ol>\n<\/li>\n<\/ol>\n<p>\u00a0<\/p>\n<ol start=\"9\">\n<li style=\"list-style-type: none;\">\n<ol start=\"9\">\n<li><strong>Nichtigkeit<\/strong>\u00a0<\/li>\n<\/ol>\n<\/li>\n<\/ol>\n<p><!-- \/wp:list-item --><\/p>\n<p><!-- \/wp:list --><\/p>\n<p><!-- wp:paragraph --><\/p>\n<p>Sollten eine oder mehrere Bestimmungen dieser allgemeinen Bedingungen ung\u00fcltig, rechtswidrig oder nicht durchsetzbar sein, so bleiben die \u00fcbrigen Bestimmungen in vollem Umfang anwendbar und behalten ihre Wirkung.<\/p>\n<p><!-- \/wp:paragraph --><\/p>\n<p><!-- wp:list {\"ordered\":true,\"start\":10} --><\/p>\n<ol start=\"10\">\n<li style=\"list-style-type: none;\">\n<ol start=\"10\"><!-- wp:list-item --><\/ol>\n<\/li>\n<\/ol>\n<p>\u00a0<\/p>\n<ol start=\"10\">\n<li style=\"list-style-type: none;\">\n<ol start=\"10\">\n<li><strong>Anwendbares Recht<\/strong>\u00a0<\/li>\n<\/ol>\n<\/li>\n<\/ol>\n<p><!-- \/wp:list-item --><\/p>\n<p><!-- \/wp:list --><\/p>\n<p><!-- wp:paragraph --><\/p>\n<p>Die vorliegenden Nutzungsbedingungen unterliegen dem belgischen Recht. Im Falle von Streitigkeiten vereinbaren die Parteien, dass ihre Differenzen von den belgischen Gerichten, insbesondere den Gerichten des Gerichtsbezirks L\u00fcttich, beigelegt werden.<\/p>\n<p>\u00a0 \u00a0 11. <strong>Preise verpacken<\/strong><\/p>\n<p>Der Preis ohne Mehrwertsteuer (HTVA) kann aufgrund der unterschiedlichen Mehrwertsteuers\u00e4tze in den einzelnen L\u00e4ndern variieren. Um einen einheitlichen Endpreis einschlie\u00dflich Mehrwertsteuer f\u00fcr alle unsere Kunden zu gew\u00e4hrleisten, wird der HTVA-Betrag daher entsprechend dem im Wohnsitzland des K\u00e4ufers geltenden Mehrwertsteuersatz angepasst.<\/p>\n<p><!-- \/wp:paragraph --><\/p>\t\t\t\t\t\t\t\t<\/div>\n\t\t\t\t<\/div>\n\t\t\t\t\t<\/div>\n\t\t\t\t<\/div>\n\t\t\t\t<\/div>","protected":false},"excerpt":{"rendered":"<p>BREAK4MOVIE ist eine interaktive Online-Plattform, die unseren users den Zugang zu Unterhaltungsinhalten \u00fcber das Internet, bestimmte Fernsehger\u00e4te und andere mit BREAK4MOVIE kompatible Ger\u00e4te erm\u00f6glicht. Der BREAK4MOVIE-Dienst wird Ihnen von SRL BREAK4MOVIE, einem belgischen Unternehmen, angeboten. Diese Nutzungsbedingungen regeln Ihre Nutzung der von BREAK4MOVIE angebotenen Dienste, einschlie\u00dflich der...<\/p>","protected":false},"author":8,"featured_media":0,"parent":0,"menu_order":0,"comment_status":"closed","ping_status":"closed","template":"","meta":{"footnotes":"","_wp_rev_ctl_limit":""},"class_list":["post-4713","page","type-page","status-publish","hentry"],"yoast_head":"<!-- This site is optimized with the Yoast SEO plugin v24.8.1 - https:\/\/yoast.com\/wordpress\/plugins\/seo\/ -->\n<title>Terms of Use of Break4Movie - Break4Movie<\/title>\n<meta name=\"robots\" content=\"index, follow, max-snippet:-1, max-image-preview:large, max-video-preview:-1\" \/>\n<link rel=\"canonical\" href=\"https:\/\/break4movie.com\/de\/nutzungsbedingungen-von-break4movie\/\" \/>\n<meta property=\"og:locale\" content=\"de_DE\" \/>\n<meta property=\"og:type\" content=\"article\" \/>\n<meta property=\"og:title\" content=\"Terms of Use of Break4Movie - Break4Movie\" \/>\n<meta property=\"og:description\" content=\"BREAK4MOVIE is an interactive online platform that allows our users to access entertainment content via internet, on certain televisions and other devices compatible with BREAK4MOVIE. The BREAK4MOVIE service is offered to you by SRL BREAK4MOVIE, a Belgian company. These terms of use govern your use of the services offered by BREAK4MOVIE, including the viewing of...\" \/>\n<meta property=\"og:url\" content=\"https:\/\/break4movie.com\/de\/nutzungsbedingungen-von-break4movie\/\" \/>\n<meta property=\"og:site_name\" content=\"Break4Movie\" \/>\n<meta property=\"article:modified_time\" content=\"2024-12-14T13:10:12+00:00\" \/>\n<meta name=\"twitter:card\" content=\"summary_large_image\" \/>\n<meta name=\"twitter:label1\" content=\"Gesch\u00e4tzte Lesezeit\" \/>\n\t<meta name=\"twitter:data1\" content=\"4\u00a0Minuten\" \/>\n<script type=\"application\/ld+json\" class=\"yoast-schema-graph\">{\"@context\":\"https:\/\/schema.org\",\"@graph\":[{\"@type\":\"WebPage\",\"@id\":\"https:\/\/break4movie.com\/terms-of-use-of-break4movie\/\",\"url\":\"https:\/\/break4movie.com\/terms-of-use-of-break4movie\/\",\"name\":\"Terms of Use of Break4Movie - Break4Movie\",\"isPartOf\":{\"@id\":\"https:\/\/break4movie.com\/#website\"},\"datePublished\":\"2024-08-18T19:29:29+00:00\",\"dateModified\":\"2024-12-14T13:10:12+00:00\",\"breadcrumb\":{\"@id\":\"https:\/\/break4movie.com\/terms-of-use-of-break4movie\/#breadcrumb\"},\"inLanguage\":\"de\",\"potentialAction\":[{\"@type\":\"ReadAction\",\"target\":[\"https:\/\/break4movie.com\/terms-of-use-of-break4movie\/\"]}]},{\"@type\":\"BreadcrumbList\",\"@id\":\"https:\/\/break4movie.com\/terms-of-use-of-break4movie\/#breadcrumb\",\"itemListElement\":[{\"@type\":\"ListItem\",\"position\":1,\"name\":\"Home\",\"item\":\"https:\/\/break4movie.com\/nl\/\"},{\"@type\":\"ListItem\",\"position\":2,\"name\":\"Terms of Use of Break4Movie\"}]},{\"@type\":\"WebSite\",\"@id\":\"https:\/\/break4movie.com\/#website\",\"url\":\"https:\/\/break4movie.com\/\",\"name\":\"Break4Movie\",\"description\":\"Movie rental platform with new talented producers\",\"publisher\":{\"@id\":\"https:\/\/break4movie.com\/#organization\"},\"potentialAction\":[{\"@type\":\"SearchAction\",\"target\":{\"@type\":\"EntryPoint\",\"urlTemplate\":\"https:\/\/break4movie.com\/?s={search_term_string}\"},\"query-input\":{\"@type\":\"PropertyValueSpecification\",\"valueRequired\":true,\"valueName\":\"search_term_string\"}}],\"inLanguage\":\"de\"},{\"@type\":\"Organization\",\"@id\":\"https:\/\/break4movie.com\/#organization\",\"name\":\"Break4Movie\",\"url\":\"https:\/\/break4movie.com\/\",\"logo\":{\"@type\":\"ImageObject\",\"inLanguage\":\"de\",\"@id\":\"https:\/\/break4movie.com\/#\/schema\/logo\/image\/\",\"url\":\"https:\/\/break4movie.com\/wp-content\/uploads\/2024\/02\/logo-color-1.png\",\"contentUrl\":\"https:\/\/break4movie.com\/wp-content\/uploads\/2024\/02\/logo-color-1.png\",\"width\":900,\"height\":900,\"caption\":\"Break4Movie\"},\"image\":{\"@id\":\"https:\/\/break4movie.com\/#\/schema\/logo\/image\/\"}}]}<\/script>\n<!-- \/ Yoast SEO plugin. -->","yoast_head_json":{"title":"Terms of Use of Break4Movie - Break4Movie","robots":{"index":"index","follow":"follow","max-snippet":"max-snippet:-1","max-image-preview":"max-image-preview:large","max-video-preview":"max-video-preview:-1"},"canonical":"https:\/\/break4movie.com\/de\/nutzungsbedingungen-von-break4movie\/","og_locale":"de_DE","og_type":"article","og_title":"Terms of Use of Break4Movie - Break4Movie","og_description":"BREAK4MOVIE is an interactive online platform that allows our users to access entertainment content via internet, on certain televisions and other devices compatible with BREAK4MOVIE. The BREAK4MOVIE service is offered to you by SRL BREAK4MOVIE, a Belgian company. These terms of use govern your use of the services offered by BREAK4MOVIE, including the viewing of...","og_url":"https:\/\/break4movie.com\/de\/nutzungsbedingungen-von-break4movie\/","og_site_name":"Break4Movie","article_modified_time":"2024-12-14T13:10:12+00:00","twitter_card":"summary_large_image","twitter_misc":{"Gesch\u00e4tzte Lesezeit":"4\u00a0Minuten"},"schema":{"@context":"https:\/\/schema.org","@graph":[{"@type":"WebPage","@id":"https:\/\/break4movie.com\/terms-of-use-of-break4movie\/","url":"https:\/\/break4movie.com\/terms-of-use-of-break4movie\/","name":"Terms of Use of Break4Movie - Break4Movie","isPartOf":{"@id":"https:\/\/break4movie.com\/#website"},"datePublished":"2024-08-18T19:29:29+00:00","dateModified":"2024-12-14T13:10:12+00:00","breadcrumb":{"@id":"https:\/\/break4movie.com\/terms-of-use-of-break4movie\/#breadcrumb"},"inLanguage":"de","potentialAction":[{"@type":"ReadAction","target":["https:\/\/break4movie.com\/terms-of-use-of-break4movie\/"]}]},{"@type":"BreadcrumbList","@id":"https:\/\/break4movie.com\/terms-of-use-of-break4movie\/#breadcrumb","itemListElement":[{"@type":"ListItem","position":1,"name":"Home","item":"https:\/\/break4movie.com\/nl\/"},{"@type":"ListItem","position":2,"name":"Terms of Use of Break4Movie"}]},{"@type":"WebSite","@id":"https:\/\/break4movie.com\/#website","url":"https:\/\/break4movie.com\/","name":"Break4Movie","description":"Movie rental platform with new talented producers","publisher":{"@id":"https:\/\/break4movie.com\/#organization"},"potentialAction":[{"@type":"SearchAction","target":{"@type":"EntryPoint","urlTemplate":"https:\/\/break4movie.com\/?s={search_term_string}"},"query-input":{"@type":"PropertyValueSpecification","valueRequired":true,"valueName":"search_term_string"}}],"inLanguage":"de"},{"@type":"Organization","@id":"https:\/\/break4movie.com\/#organization","name":"Break4Movie","url":"https:\/\/break4movie.com\/","logo":{"@type":"ImageObject","inLanguage":"de","@id":"https:\/\/break4movie.com\/#\/schema\/logo\/image\/","url":"https:\/\/break4movie.com\/wp-content\/uploads\/2024\/02\/logo-color-1.png","contentUrl":"https:\/\/break4movie.com\/wp-content\/uploads\/2024\/02\/logo-color-1.png","width":900,"height":900,"caption":"Break4Movie"},"image":{"@id":"https:\/\/break4movie.com\/#\/schema\/logo\/image\/"}}]}},"_links":{"self":[{"href":"https:\/\/break4movie.com\/de\/wp-json\/wp\/v2\/pages\/4713","targetHints":{"allow":["GET"]}}],"collection":[{"href":"https:\/\/break4movie.com\/de\/wp-json\/wp\/v2\/pages"}],"about":[{"href":"https:\/\/break4movie.com\/de\/wp-json\/wp\/v2\/types\/page"}],"author":[{"embeddable":true,"href":"https:\/\/break4movie.com\/de\/wp-json\/wp\/v2\/users\/8"}],"replies":[{"embeddable":true,"href":"https:\/\/break4movie.com\/de\/wp-json\/wp\/v2\/comments?post=4713"}],"version-history":[{"count":19,"href":"https:\/\/break4movie.com\/de\/wp-json\/wp\/v2\/pages\/4713\/revisions"}],"predecessor-version":[{"id":8138,"href":"https:\/\/break4movie.com\/de\/wp-json\/wp\/v2\/pages\/4713\/revisions\/8138"}],"wp:attachment":[{"href":"https:\/\/break4movie.com\/de\/wp-json\/wp\/v2\/media?parent=4713"}],"curies":[{"name":"wp","href":"https:\/\/api.w.org\/{rel}","templated":true}]}}