{"id":8338,"date":"2025-03-24T20:46:19","date_gmt":"2025-03-24T19:46:19","guid":{"rendered":"https:\/\/break4movie.com\/?page_id=8338"},"modified":"2025-03-24T21:11:32","modified_gmt":"2025-03-24T20:11:32","slug":"medias","status":"publish","type":"page","link":"https:\/\/break4movie.com\/de\/medias\/","title":{"rendered":"Medien"},"content":{"rendered":"<div data-elementor-type=\"wp-page\" data-elementor-id=\"8338\" class=\"elementor elementor-8338\" data-elementor-post-type=\"page\">\n\t\t\t\t<div class=\"elementor-element elementor-element-206bfa7e e-flex e-con-boxed e-con e-parent\" data-id=\"206bfa7e\" data-element_type=\"container\">\n\t\t\t\t\t<div class=\"e-con-inner\">\n\t\t\t\t<div class=\"elementor-element elementor-element-4bf340ba elementor-widget elementor-widget-text-editor\" data-id=\"4bf340ba\" data-element_type=\"widget\" data-widget_type=\"text-editor.default\">\n\t\t\t\t<div class=\"elementor-widget-container\">\n\t\t\t\t\t\t\t\t\t<h1 style=\"text-align: center;\">Medien<\/h1>\t\t\t\t\t\t\t\t<\/div>\n\t\t\t\t<\/div>\n\t\t\t\t\t<\/div>\n\t\t\t\t<\/div>\n\t\t<div class=\"elementor-element elementor-element-05f58b7 e-flex e-con-boxed e-con e-parent\" data-id=\"05f58b7\" data-element_type=\"container\">\n\t\t\t\t\t<div class=\"e-con-inner\">\n\t\t\t\t<div class=\"elementor-element elementor-element-569eff7 elementor-widget__width-inherit e-n-tabs-mobile elementor-widget elementor-widget-n-tabs\" data-id=\"569eff7\" data-element_type=\"widget\" data-settings=\"{&quot;horizontal_scroll&quot;:&quot;disable&quot;}\" data-widget_type=\"nested-tabs.default\">\n\t\t\t\t<div class=\"elementor-widget-container\">\n\t\t\t\t\t\t\t<div class=\"e-n-tabs\" data-widget-number=\"90828791\" aria-label=\"Pesta\u00f1as. Abre elementos con Intro o Espacio, ci\u00e9rralos con Escape y navega con las fechas.\" data-no-translation-aria-label=\"\">\n\t\t\t<div class=\"e-n-tabs-heading\" role=\"tablist\">\n\t\t\t\t\t<button id=\"e-n-tab-title-908287911\" class=\"e-n-tab-title\" aria-selected=\"true\" data-tab-index=\"1\" role=\"tab\" tabindex=\"0\" aria-controls=\"e-n-tab-content-908287911\" style=\"--n-tabs-title-order: 1;\">\n\t\t\t\t\t\t<span class=\"e-n-tab-title-text\" data-no-translation=\"\">\n\t\t\t\tRadio Web Belgique\t\t\t<\/span>\n\t\t<\/button>\n\t\t\t\t\t<\/div>\n\t\t\t<div class=\"e-n-tabs-content\">\n\t\t\t\t<div id=\"e-n-tab-content-908287911\" role=\"tabpanel\" aria-labelledby=\"e-n-tab-title-908287911\" data-tab-index=\"1\" style=\"--n-tabs-title-order: 1;\" class=\"e-active elementor-element elementor-element-9d1ca99 e-con-full e-flex e-con e-child\" data-id=\"9d1ca99\" data-element_type=\"container\">\n\t\t<div class=\"elementor-element elementor-element-bb704db e-flex e-con-boxed e-con e-child\" data-id=\"bb704db\" data-element_type=\"container\">\n\t\t\t\t\t<div class=\"e-con-inner\">\n\t\t<div class=\"elementor-element elementor-element-bdbac86 e-grid e-con-full e-con e-child\" data-id=\"bdbac86\" data-element_type=\"container\">\n\t\t\t\t<div class=\"elementor-element elementor-element-c99850c elementor-widget elementor-widget-image\" data-id=\"c99850c\" data-element_type=\"widget\" data-widget_type=\"image.default\">\n\t\t\t\t<div class=\"elementor-widget-container\">\n\t\t\t\t\t\t\t\t\t\t\t\t\t\t\t<img fetchpriority=\"high\" decoding=\"async\" width=\"800\" height=\"1038\" src=\"https:\/\/break4movie.com\/wp-content\/uploads\/2025\/03\/delphine-et-tony-800x1038.jpg\" class=\"attachment-beeteam368_thumb_2x3_2x size-beeteam368_thumb_2x3_2x wp-image-8354\" alt=\"\" \/>\t\t\t\t\t\t\t\t\t\t\t\t\t\t\t<\/div>\n\t\t\t\t<\/div>\n\t\t\t\t<div class=\"elementor-element elementor-element-15bd056 elementor-widget elementor-widget-text-editor\" data-id=\"15bd056\" data-element_type=\"widget\" data-widget_type=\"text-editor.default\">\n\t\t\t\t<div class=\"elementor-widget-container\">\n\t\t\t\t\t\t\t\t\t<h1 style=\"text-align: center;\"><span style=\"color: #ffcc00;\">Radio Web Belgique avec Tony und Delphine<\/span><\/h1><h2>Deux passionn\u00e9s, une mission commune...<\/h2><p style=\"font-weight: 400;\">\u00a0<\/p><p style=\"font-weight: 400;\">Nous sommes deux amis depuis 10 ans, unis par une m\u00eame passion qui est l'artistique et les m\u00e9dias et une expertise compl\u00e9mentaire. Originaires de la r\u00e9gion li\u00e9geoise, nous cumulons \u00e0 nous deux, 1an<strong>\u00a0Erfahrungswerte<\/strong>\u00a0im Bereich der Podcasts und der\u00a0<strong>l'audiovisuel<\/strong>. Jeder von uns hat einen einzigartigen Weg zur\u00fcckgelegt, aber es ist unsere gemeinsame Vision, die uns zusammengef\u00fchrt hat:\u00a0<strong>die M\u00f6glichkeit zu geben, sein Metier und seine Leidenschaft in einem einzigartigen Interview kennenzulernen<\/strong>.<\/p><p style=\"font-weight: 400;\">Tony in der Ausbildung zum Comedian, der vor allem in der Verwaltung und bei der Erstellung von Fragen t\u00e4tig ist. Er ist dynamisch, sozial, intelligent und flei\u00dfig.<\/p><p style=\"font-weight: 400;\">Delphine Graphiste besch\u00e4ftigt sich haupts\u00e4chlich mit der Videomontage und den Pr\u00e4sentationen. Dynamisch, g\u00e9n\u00e9reuse, ayant le sens du partage, perfectionniste.<\/p>\t\t\t\t\t\t\t\t<\/div>\n\t\t\t\t<\/div>\n\t\t\t\t<\/div>\n\t\t\t\t<div class=\"elementor-element elementor-element-ca3d310 elementor-widget elementor-widget-text-editor\" data-id=\"ca3d310\" data-element_type=\"widget\" data-widget_type=\"text-editor.default\">\n\t\t\t\t<div class=\"elementor-widget-container\">\n\t\t\t\t\t\t\t\t\t<h1 style=\"text-align: center;\"><span style=\"color: #ffcc00;\">Ensemble, nous sommes un duo bas\u00e9 sur l'humour, le partage et l'humanit\u00e9<\/span><\/h1><div><p style=\"font-weight: 400;\">\u00a0<\/p><p style=\"font-weight: 400;\">Im Laufe unseres Podcasts haben wir gesehen, wie sich Dutzende von Unternehmern, K\u00fcnstlern, Liebhabern und Gesch\u00e4ftsleuten f\u00fcr die\u00a0<strong>se faire connaitre<\/strong>. Des talents incroyables, des services de qualit\u00e9, mais souvent une visibilit\u00e9 limit\u00e9e par manque de ressources ou de connaissances. C'est face \u00e0 ce constat que nous avons\u00a0<strong>d\u00e9cid\u00e9 d'agir<\/strong>\u00a0und die Durchf\u00fchrung von Interviews mit unseren G\u00e4sten, um sie kennenzulernen und ihre Interessengebiete zu erkunden.\u00a0<\/p><p style=\"font-weight: 400;\">Notre chaine Radio Web Belgique a d\u00e9marr\u00e9 en mars 2023 par un podcast de l'actrice Alexandra Fonsatti, une biographie que nous avulu r\u00e9aliser pour leur rendre honneur.  Delphine, die f\u00fcr die Realisierung des Videos eine m\u00e4nnliche Stimme suchte, hat sich an Tony gewandt. Da uns die Begegnung mit dieser talentierten Frau aus Deutschland gefallen hat, haben wir beschlossen, unseren YouTube-Kanal mit anderen Talenten zu erweitern.<\/p><p style=\"font-weight: 400;\">Jedes unserer Interviews ist einzigartig und wird f\u00fcr jeden Gast nach seinen W\u00fcnschen gestaltet.<\/p><p style=\"font-weight: 400;\">\u00a0<\/p><h2>M\u00f6chten Sie mit uns in Kontakt treten?<\/h2><p style=\"font-weight: 400;\">\u00a0<strong>Cliquez ci-dessous pour d\u00e9couvrir comment nous pouvons vous aider \u00e0 vous faire conna\u00eetre rejoignez nous sur youtube, instagram ou facebook au nom de radiowebbelgique<\/strong><\/p><p style=\"font-weight: 400;\"><a style=\"font-weight: 400;\" href=\"https:\/\/www.youtube.com\/@Radiowebbelgique\" data-saferedirecturl=\"https:\/\/www.google.com\/url?q=https:\/\/www.youtube.com\/@Radiowebbelgique&amp;source=gmail&amp;ust=1742931232505000&amp;usg=AOvVaw27YLFxlA6MKMJj2cnjKvQA\">https:\/\/www.youtube.com\/@Radiowebbelgique<\/a><\/p><\/div>\t\t\t\t\t\t\t\t<\/div>\n\t\t\t\t<\/div>\n\t\t\t\t\t<\/div>\n\t\t\t\t<\/div>\n\t\t\t\t<\/div>\n\t\t\t\t\t<\/div>\n\t\t<\/div>\n\t\t\t\t\t\t<\/div>\n\t\t\t\t<\/div>\n\t\t\t\t\t<\/div>\n\t\t\t\t<\/div>\n\t\t\t\t<\/div>","protected":false},"excerpt":{"rendered":"<p>Medias Radio Web Belgique Radio Web Belgique avec Tony et Delphine Deux passionn\u00e9s, une mission commune... Nous sommes deux amis depuis 10 ans, unis par une m\u00eame passion qui est l'artistique et les m\u00e9dias et une expertise compl\u00e9mentaire. Wir stammen aus der franz\u00f6sischen Region und verf\u00fcgen \u00fcber 1 Jahr Erfahrung in den Bereichen Podcasts und audiovisuelle Medien. ....<\/p>","protected":false},"author":8,"featured_media":0,"parent":0,"menu_order":0,"comment_status":"closed","ping_status":"closed","template":"","meta":{"footnotes":"","_wp_rev_ctl_limit":""},"class_list":["post-8338","page","type-page","status-publish","hentry"],"yoast_head":"<!-- This site is optimized with the Yoast SEO plugin v24.8.1 - https:\/\/yoast.com\/wordpress\/plugins\/seo\/ -->\n<title>Medias - Break4Movie<\/title>\n<meta name=\"robots\" content=\"index, follow, max-snippet:-1, max-image-preview:large, max-video-preview:-1\" \/>\n<link rel=\"canonical\" href=\"https:\/\/break4movie.com\/de\/medias\/\" \/>\n<meta property=\"og:locale\" content=\"de_DE\" \/>\n<meta property=\"og:type\" content=\"article\" \/>\n<meta property=\"og:title\" content=\"Medias - Break4Movie\" \/>\n<meta property=\"og:description\" content=\"Medias Radio Web Belgique Radio Web Belgique avec Tony et Delphine Deux passionn\u00e9s, une mission commune\u2026 \u00a0 Nous sommes deux amis depuis 10 ans, unis par une m\u00eame passion qui est l\u2019artistique et les m\u00e9dias et une expertise compl\u00e9mentaire. Originaires de la r\u00e9gion li\u00e9geoise, nous cumulons \u00e0 nous deux,\u00a0\u00a01an\u00a0d\u2019exp\u00e9rience\u00a0dans les domaines des podcasts et de\u00a0l\u2019audiovisuel....\" \/>\n<meta property=\"og:url\" content=\"https:\/\/break4movie.com\/de\/medias\/\" \/>\n<meta property=\"og:site_name\" content=\"Break4Movie\" \/>\n<meta property=\"article:modified_time\" content=\"2025-03-24T20:11:32+00:00\" \/>\n<meta property=\"og:image\" content=\"https:\/\/break4movie.com\/wp-content\/uploads\/2025\/03\/delphine-et-tony-800x1038.jpg\" \/>\n<meta name=\"twitter:card\" content=\"summary_large_image\" \/>\n<meta name=\"twitter:label1\" content=\"Gesch\u00e4tzte Lesezeit\" \/>\n\t<meta name=\"twitter:data1\" content=\"4\u00a0Minuten\" \/>\n<script type=\"application\/ld+json\" class=\"yoast-schema-graph\">{\"@context\":\"https:\/\/schema.org\",\"@graph\":[{\"@type\":\"WebPage\",\"@id\":\"https:\/\/break4movie.com\/es\/medias\/\",\"url\":\"https:\/\/break4movie.com\/es\/medias\/\",\"name\":\"Medias - Break4Movie\",\"isPartOf\":{\"@id\":\"https:\/\/break4movie.com\/#website\"},\"primaryImageOfPage\":{\"@id\":\"https:\/\/break4movie.com\/es\/medias\/#primaryimage\"},\"image\":{\"@id\":\"https:\/\/break4movie.com\/es\/medias\/#primaryimage\"},\"thumbnailUrl\":\"https:\/\/break4movie.com\/wp-content\/uploads\/2025\/03\/delphine-et-tony-800x1038.jpg\",\"datePublished\":\"2025-03-24T19:46:19+00:00\",\"dateModified\":\"2025-03-24T20:11:32+00:00\",\"breadcrumb\":{\"@id\":\"https:\/\/break4movie.com\/es\/medias\/#breadcrumb\"},\"inLanguage\":\"de\",\"potentialAction\":[{\"@type\":\"ReadAction\",\"target\":[\"https:\/\/break4movie.com\/es\/medias\/\"]}]},{\"@type\":\"ImageObject\",\"inLanguage\":\"de\",\"@id\":\"https:\/\/break4movie.com\/es\/medias\/#primaryimage\",\"url\":\"https:\/\/break4movie.com\/wp-content\/uploads\/2025\/03\/delphine-et-tony-800x1038.jpg\",\"contentUrl\":\"https:\/\/break4movie.com\/wp-content\/uploads\/2025\/03\/delphine-et-tony-800x1038.jpg\"},{\"@type\":\"BreadcrumbList\",\"@id\":\"https:\/\/break4movie.com\/es\/medias\/#breadcrumb\",\"itemListElement\":[{\"@type\":\"ListItem\",\"position\":1,\"name\":\"Home\",\"item\":\"https:\/\/break4movie.com\/nl\/\"},{\"@type\":\"ListItem\",\"position\":2,\"name\":\"Medias\"}]},{\"@type\":\"WebSite\",\"@id\":\"https:\/\/break4movie.com\/#website\",\"url\":\"https:\/\/break4movie.com\/\",\"name\":\"Break4Movie\",\"description\":\"Movie rental platform with new talented producers\",\"publisher\":{\"@id\":\"https:\/\/break4movie.com\/#organization\"},\"potentialAction\":[{\"@type\":\"SearchAction\",\"target\":{\"@type\":\"EntryPoint\",\"urlTemplate\":\"https:\/\/break4movie.com\/?s={search_term_string}\"},\"query-input\":{\"@type\":\"PropertyValueSpecification\",\"valueRequired\":true,\"valueName\":\"search_term_string\"}}],\"inLanguage\":\"de\"},{\"@type\":\"Organization\",\"@id\":\"https:\/\/break4movie.com\/#organization\",\"name\":\"Break4Movie\",\"url\":\"https:\/\/break4movie.com\/\",\"logo\":{\"@type\":\"ImageObject\",\"inLanguage\":\"de\",\"@id\":\"https:\/\/break4movie.com\/#\/schema\/logo\/image\/\",\"url\":\"https:\/\/break4movie.com\/wp-content\/uploads\/2024\/02\/logo-color-1.png\",\"contentUrl\":\"https:\/\/break4movie.com\/wp-content\/uploads\/2024\/02\/logo-color-1.png\",\"width\":900,\"height\":900,\"caption\":\"Break4Movie\"},\"image\":{\"@id\":\"https:\/\/break4movie.com\/#\/schema\/logo\/image\/\"}}]}<\/script>\n<!-- \/ Yoast SEO plugin. -->","yoast_head_json":{"title":"Medias - Break4Movie","robots":{"index":"index","follow":"follow","max-snippet":"max-snippet:-1","max-image-preview":"max-image-preview:large","max-video-preview":"max-video-preview:-1"},"canonical":"https:\/\/break4movie.com\/de\/medias\/","og_locale":"de_DE","og_type":"article","og_title":"Medias - Break4Movie","og_description":"Medias Radio Web Belgique Radio Web Belgique avec Tony et Delphine Deux passionn\u00e9s, une mission commune\u2026 \u00a0 Nous sommes deux amis depuis 10 ans, unis par une m\u00eame passion qui est l\u2019artistique et les m\u00e9dias et une expertise compl\u00e9mentaire. Originaires de la r\u00e9gion li\u00e9geoise, nous cumulons \u00e0 nous deux,\u00a0\u00a01an\u00a0d\u2019exp\u00e9rience\u00a0dans les domaines des podcasts et de\u00a0l\u2019audiovisuel....","og_url":"https:\/\/break4movie.com\/de\/medias\/","og_site_name":"Break4Movie","article_modified_time":"2025-03-24T20:11:32+00:00","og_image":[{"url":"https:\/\/break4movie.com\/wp-content\/uploads\/2025\/03\/delphine-et-tony-800x1038.jpg","type":"","width":"","height":""}],"twitter_card":"summary_large_image","twitter_misc":{"Gesch\u00e4tzte Lesezeit":"4\u00a0Minuten"},"schema":{"@context":"https:\/\/schema.org","@graph":[{"@type":"WebPage","@id":"https:\/\/break4movie.com\/es\/medias\/","url":"https:\/\/break4movie.com\/es\/medias\/","name":"Medias - Break4Movie","isPartOf":{"@id":"https:\/\/break4movie.com\/#website"},"primaryImageOfPage":{"@id":"https:\/\/break4movie.com\/es\/medias\/#primaryimage"},"image":{"@id":"https:\/\/break4movie.com\/es\/medias\/#primaryimage"},"thumbnailUrl":"https:\/\/break4movie.com\/wp-content\/uploads\/2025\/03\/delphine-et-tony-800x1038.jpg","datePublished":"2025-03-24T19:46:19+00:00","dateModified":"2025-03-24T20:11:32+00:00","breadcrumb":{"@id":"https:\/\/break4movie.com\/es\/medias\/#breadcrumb"},"inLanguage":"de","potentialAction":[{"@type":"ReadAction","target":["https:\/\/break4movie.com\/es\/medias\/"]}]},{"@type":"ImageObject","inLanguage":"de","@id":"https:\/\/break4movie.com\/es\/medias\/#primaryimage","url":"https:\/\/break4movie.com\/wp-content\/uploads\/2025\/03\/delphine-et-tony-800x1038.jpg","contentUrl":"https:\/\/break4movie.com\/wp-content\/uploads\/2025\/03\/delphine-et-tony-800x1038.jpg"},{"@type":"BreadcrumbList","@id":"https:\/\/break4movie.com\/es\/medias\/#breadcrumb","itemListElement":[{"@type":"ListItem","position":1,"name":"Home","item":"https:\/\/break4movie.com\/nl\/"},{"@type":"ListItem","position":2,"name":"Medias"}]},{"@type":"WebSite","@id":"https:\/\/break4movie.com\/#website","url":"https:\/\/break4movie.com\/","name":"Break4Movie","description":"Movie rental platform with new talented producers","publisher":{"@id":"https:\/\/break4movie.com\/#organization"},"potentialAction":[{"@type":"SearchAction","target":{"@type":"EntryPoint","urlTemplate":"https:\/\/break4movie.com\/?s={search_term_string}"},"query-input":{"@type":"PropertyValueSpecification","valueRequired":true,"valueName":"search_term_string"}}],"inLanguage":"de"},{"@type":"Organization","@id":"https:\/\/break4movie.com\/#organization","name":"Break4Movie","url":"https:\/\/break4movie.com\/","logo":{"@type":"ImageObject","inLanguage":"de","@id":"https:\/\/break4movie.com\/#\/schema\/logo\/image\/","url":"https:\/\/break4movie.com\/wp-content\/uploads\/2024\/02\/logo-color-1.png","contentUrl":"https:\/\/break4movie.com\/wp-content\/uploads\/2024\/02\/logo-color-1.png","width":900,"height":900,"caption":"Break4Movie"},"image":{"@id":"https:\/\/break4movie.com\/#\/schema\/logo\/image\/"}}]}},"_links":{"self":[{"href":"https:\/\/break4movie.com\/de\/wp-json\/wp\/v2\/pages\/8338","targetHints":{"allow":["GET"]}}],"collection":[{"href":"https:\/\/break4movie.com\/de\/wp-json\/wp\/v2\/pages"}],"about":[{"href":"https:\/\/break4movie.com\/de\/wp-json\/wp\/v2\/types\/page"}],"author":[{"embeddable":true,"href":"https:\/\/break4movie.com\/de\/wp-json\/wp\/v2\/users\/8"}],"replies":[{"embeddable":true,"href":"https:\/\/break4movie.com\/de\/wp-json\/wp\/v2\/comments?post=8338"}],"version-history":[{"count":26,"href":"https:\/\/break4movie.com\/de\/wp-json\/wp\/v2\/pages\/8338\/revisions"}],"predecessor-version":[{"id":8366,"href":"https:\/\/break4movie.com\/de\/wp-json\/wp\/v2\/pages\/8338\/revisions\/8366"}],"wp:attachment":[{"href":"https:\/\/break4movie.com\/de\/wp-json\/wp\/v2\/media?parent=8338"}],"curies":[{"name":"wp","href":"https:\/\/api.w.org\/{rel}","templated":true}]}}