{"id":4585,"date":"2024-08-17T13:01:20","date_gmt":"2024-08-17T11:01:20","guid":{"rendered":"https:\/\/break4movie.com\/?page_id=4585"},"modified":"2024-08-31T14:09:46","modified_gmt":"2024-08-31T12:09:46","slug":"presentation","status":"publish","type":"page","link":"https:\/\/break4movie.com\/es\/presentacion\/","title":{"rendered":"Presentaci\u00f3n"},"content":{"rendered":"<div data-elementor-type=\"wp-page\" data-elementor-id=\"4585\" class=\"elementor elementor-4585\" data-elementor-post-type=\"page\">\n\t\t\t\t<div class=\"elementor-element elementor-element-5ea2b76 e-flex e-con-boxed e-con e-parent\" data-id=\"5ea2b76\" data-element_type=\"container\">\n\t\t\t\t\t<div class=\"e-con-inner\">\n\t\t<div class=\"elementor-element elementor-element-ceca537 e-con-full e-flex e-con e-child\" data-id=\"ceca537\" data-element_type=\"container\">\n\t\t\t\t<\/div>\n\t\t<div class=\"elementor-element elementor-element-7e682fd e-con-full e-flex e-con e-child\" data-id=\"7e682fd\" data-element_type=\"container\">\n\t\t\t\t<div class=\"elementor-element elementor-element-ed15fa7 elementor-widget elementor-widget-image\" data-id=\"ed15fa7\" data-element_type=\"widget\" data-widget_type=\"image.default\">\n\t\t\t\t<div class=\"elementor-widget-container\">\n\t\t\t\t\t\t\t\t\t\t\t\t\t\t\t<img fetchpriority=\"high\" decoding=\"async\" width=\"300\" height=\"300\" src=\"https:\/\/break4movie.com\/wp-content\/uploads\/2024\/02\/logo-color-300x300.png\" class=\"attachment-medium size-medium wp-image-3724\" alt=\"\" srcset=\"https:\/\/break4movie.com\/wp-content\/uploads\/2024\/02\/logo-color-300x300.png 300w, https:\/\/break4movie.com\/wp-content\/uploads\/2024\/02\/logo-color-1024x1024.png 1024w, https:\/\/break4movie.com\/wp-content\/uploads\/2024\/02\/logo-color-150x150.png 150w, https:\/\/break4movie.com\/wp-content\/uploads\/2024\/02\/logo-color-768x768.png 768w, https:\/\/break4movie.com\/wp-content\/uploads\/2024\/02\/logo-color-1536x1536.png 1536w, https:\/\/break4movie.com\/wp-content\/uploads\/2024\/02\/logo-color-2048x2048.png 2048w, https:\/\/break4movie.com\/wp-content\/uploads\/2024\/02\/logo-color-420x420.png 420w, https:\/\/break4movie.com\/wp-content\/uploads\/2024\/02\/logo-color-800x800.png 800w, https:\/\/break4movie.com\/wp-content\/uploads\/2024\/02\/logo-color-1600x1600.png 1600w, https:\/\/break4movie.com\/wp-content\/uploads\/2024\/02\/logo-color-e1708393118670.png 100w\" sizes=\"(max-width: 300px) 100vw, 300px\" \/>\t\t\t\t\t\t\t\t\t\t\t\t\t\t\t<\/div>\n\t\t\t\t<\/div>\n\t\t\t\t<\/div>\n\t\t<div class=\"elementor-element elementor-element-adb49c3 e-con-full e-flex e-con e-child\" data-id=\"adb49c3\" data-element_type=\"container\">\n\t\t\t\t<\/div>\n\t\t\t\t\t<\/div>\n\t\t\t\t<\/div>\n\t\t<div class=\"elementor-element elementor-element-te8MMYg e-flex e-con-boxed e-con e-parent\" data-id=\"te8MMYg\" data-element_type=\"container\">\n\t\t\t\t\t<div class=\"e-con-inner\">\n\t\t<div class=\"elementor-element elementor-element-Y6tTHMp e-con-full e-flex e-con e-child\" data-id=\"Y6tTHMp\" data-element_type=\"container\">\n\t\t\t\t<div class=\"elementor-element elementor-element-rkmNDJk elementor-widget elementor-widget-heading\" data-id=\"rkmNDJk\" data-element_type=\"widget\" data-widget_type=\"heading.default\">\n\t\t\t\t<div class=\"elementor-widget-container\">\n\t\t\t\t\t<h2 class=\"elementor-heading-title elementor-size-default\">\u00bfQu\u00e9 es Break4Movie?<\/h2>\t\t\t\t<\/div>\n\t\t\t\t<\/div>\n\t\t\t\t<div class=\"elementor-element elementor-element-Xxu91x2 elementor-widget elementor-widget-text-editor\" data-id=\"Xxu91x2\" data-element_type=\"widget\" data-widget_type=\"text-editor.default\">\n\t\t\t\t<div class=\"elementor-widget-container\">\n\t\t\t\t\t\t\t\t\t<p>Break4Movie es una plataforma internacional de streaming que ofrece pel\u00edculas independientes, series y contenidos en directo.<\/p><p>Nuestro objetivo es dar vida a proyectos que a menudo permanecen bloqueados, cerrados y olvidados. Queremos apoyar nuevas obras cinematogr\u00e1ficas, incluso las que a\u00fan no est\u00e1n terminadas.<\/p>\t\t\t\t\t\t\t\t<\/div>\n\t\t\t\t<\/div>\n\t\t\t\t<div class=\"elementor-element elementor-element-512d3d4 elementor-widget elementor-widget-heading\" data-id=\"512d3d4\" data-element_type=\"widget\" data-widget_type=\"heading.default\">\n\t\t\t\t<div class=\"elementor-widget-container\">\n\t\t\t\t\t<h2 class=\"elementor-heading-title elementor-size-default\">Nuestra misi\u00f3n<\/h2>\t\t\t\t<\/div>\n\t\t\t\t<\/div>\n\t\t\t\t<div class=\"elementor-element elementor-element-68f076f elementor-widget elementor-widget-text-editor\" data-id=\"68f076f\" data-element_type=\"widget\" data-widget_type=\"text-editor.default\">\n\t\t\t\t<div class=\"elementor-widget-container\">\n\t\t\t\t\t\t\t\t\t<p>Creemos que todo proyecto cinematogr\u00e1fico merece ser destacado, independientemente de juicios, prejuicios u otros aspectos, como consideraciones financieras. Nuestro objetivo es dar vida a proyectos que a menudo permanecen encerrados y apoyar nuevas obras, incluso las que a\u00fan no est\u00e1n terminadas.<\/p>\t\t\t\t\t\t\t\t<\/div>\n\t\t\t\t<\/div>\n\t\t\t\t<div class=\"elementor-element elementor-element-0129cc0 elementor-widget elementor-widget-heading\" data-id=\"0129cc0\" data-element_type=\"widget\" data-widget_type=\"heading.default\">\n\t\t\t\t<div class=\"elementor-widget-container\">\n\t\t\t\t\t<h2 class=\"elementor-heading-title elementor-size-default\">Nuestra oferta<\/h2>\t\t\t\t<\/div>\n\t\t\t\t<\/div>\n\t\t\t\t<div class=\"elementor-element elementor-element-de53b30 elementor-widget elementor-widget-text-editor\" data-id=\"de53b30\" data-element_type=\"widget\" data-widget_type=\"text-editor.default\">\n\t\t\t\t<div class=\"elementor-widget-container\">\n\t\t\t\t\t\t\t\t\t<p><strong>\ud83c\udf10 Visibilidad sin bordes<\/strong><\/p><p><strong>\ud83c\udf0d Multiling\u00fce\u00a0<\/strong><\/p><p><strong>\u2705 Etiqueta de calidad<\/strong><\/p><p><strong>\ud83d\udd12 Seguridad\u00a0<\/strong><\/p><p><strong>\ud83c\udf1f Nueva generaci\u00f3n<\/strong><\/p><p><b>Exclusividades<\/b><\/p>\t\t\t\t\t\t\t\t<\/div>\n\t\t\t\t<\/div>\n\t\t\t\t<div class=\"elementor-element elementor-element-2540bf9 elementor-widget elementor-widget-heading\" data-id=\"2540bf9\" data-element_type=\"widget\" data-widget_type=\"heading.default\">\n\t\t\t\t<div class=\"elementor-widget-container\">\n\t\t\t\t\t<h2 class=\"elementor-heading-title elementor-size-default\">Nuestra pasi\u00f3n<\/h2>\t\t\t\t<\/div>\n\t\t\t\t<\/div>\n\t\t\t\t<div class=\"elementor-element elementor-element-a0d3716 elementor-widget elementor-widget-text-editor\" data-id=\"a0d3716\" data-element_type=\"widget\" data-widget_type=\"text-editor.default\">\n\t\t\t\t<div class=\"elementor-widget-container\">\n\t\t\t\t\t\t\t\t\t<p>Destacamos los proyectos cinematogr\u00e1ficos haciendo hincapi\u00e9 en su aspecto art\u00edstico y su resonancia en el p\u00fablico, dejando as\u00ed una impresi\u00f3n duradera.<\/p>\t\t\t\t\t\t\t\t<\/div>\n\t\t\t\t<\/div>\n\t\t\t\t<div class=\"elementor-element elementor-element-d897882 elementor-widget elementor-widget-heading\" data-id=\"d897882\" data-element_type=\"widget\" data-widget_type=\"heading.default\">\n\t\t\t\t<div class=\"elementor-widget-container\">\n\t\t\t\t\t<h2 class=\"elementor-heading-title elementor-size-default\">Nuestro compromiso<\/h2>\t\t\t\t<\/div>\n\t\t\t\t<\/div>\n\t\t\t\t<div class=\"elementor-element elementor-element-790b48d elementor-widget elementor-widget-text-editor\" data-id=\"790b48d\" data-element_type=\"widget\" data-widget_type=\"text-editor.default\">\n\t\t\t\t<div class=\"elementor-widget-container\">\n\t\t\t\t\t\t\t\t\t<p>Un equipo profesional dedicado, atento a sus necesidades, que har\u00e1 todo lo posible para garantizar un seguimiento personalizado y una asistencia r\u00e1pida y eficaz.<\/p>\t\t\t\t\t\t\t\t<\/div>\n\t\t\t\t<\/div>\n\t\t\t\t<div class=\"elementor-element elementor-element-d104ca0 elementor-widget elementor-widget-heading\" data-id=\"d104ca0\" data-element_type=\"widget\" data-widget_type=\"heading.default\">\n\t\t\t\t<div class=\"elementor-widget-container\">\n\t\t\t\t\t<h2 class=\"elementor-heading-title elementor-size-default\">El origen de la idea<\/h2>\t\t\t\t<\/div>\n\t\t\t\t<\/div>\n\t\t\t\t<div class=\"elementor-element elementor-element-2c2f679 elementor-widget elementor-widget-text-editor\" data-id=\"2c2f679\" data-element_type=\"widget\" data-widget_type=\"text-editor.default\">\n\t\t\t\t<div class=\"elementor-widget-container\">\n\t\t\t\t\t\t\t\t\t<p>Despu\u00e9s de terminar \"Le Salut de Tamara\", conoc\u00ed a muchos productores y directores de talento que trabajan en proyectos maravillosos. Por desgracia, el mercado actual no siempre les ofrece el reconocimiento que merecen a pesar de su talento y creatividad. Por eso he creado Break4Movie. Nuestra plataforma pretende romper las restricciones y las reglas convencionales para dar a todos los proyectos la oportunidad de ser vistos internacionalmente.<\/p>\t\t\t\t\t\t\t\t<\/div>\n\t\t\t\t<\/div>\n\t\t\t\t<div class=\"elementor-element elementor-element-c4ae429 elementor-widget elementor-widget-heading\" data-id=\"c4ae429\" data-element_type=\"widget\" data-widget_type=\"heading.default\">\n\t\t\t\t<div class=\"elementor-widget-container\">\n\t\t\t\t\t<h2 class=\"elementor-heading-title elementor-size-default\">\u00bfTiene alg\u00fan proyecto cinematogr\u00e1fico que compartir con el mundo?\n\n<\/h2>\t\t\t\t<\/div>\n\t\t\t\t<\/div>\n\t\t\t\t<div class=\"elementor-element elementor-element-2a49caa elementor-widget elementor-widget-text-editor\" data-id=\"2a49caa\" data-element_type=\"widget\" data-widget_type=\"text-editor.default\">\n\t\t\t\t<div class=\"elementor-widget-container\">\n\t\t\t\t\t\t\t\t\t<p>P\u00f3ngase en contacto conmigo ahora, estar\u00e9 encantada de colaborar con usted.<\/p>\t\t\t\t\t\t\t\t<\/div>\n\t\t\t\t<\/div>\n\t\t<div class=\"elementor-element elementor-element-FrIUuYp e-con-full e-flex e-con e-child\" data-id=\"FrIUuYp\" data-element_type=\"container\">\n\t\t\t\t<div class=\"elementor-element elementor-element-8256222 elementor-widget elementor-widget-heading\" data-id=\"8256222\" data-element_type=\"widget\" data-widget_type=\"heading.default\">\n\t\t\t\t<div class=\"elementor-widget-container\">\n\t\t\t\t\t<h2 class=\"elementor-heading-title elementor-size-default\">\u00bfQui\u00e9n soy?<\/h2>\t\t\t\t<\/div>\n\t\t\t\t<\/div>\n\t\t\t\t<\/div>\n\t\t\t\t<div class=\"elementor-element elementor-element-dab320d elementor-widget elementor-widget-text-editor\" data-id=\"dab320d\" data-element_type=\"widget\" data-widget_type=\"text-editor.default\">\n\t\t\t\t<div class=\"elementor-widget-container\">\n\t\t\t\t\t\t\t\t\t<p><img decoding=\"async\" class=\"wp-image-4745 aligncenter\" src=\"https:\/\/break4movie.com\/wp-content\/uploads\/2024\/08\/tanya.jpg\" alt=\"\" width=\"500\" height=\"498\" \/><\/p><p>Me llamo Tanya Fileva, coproductora y directora de la pel\u00edcula autobiogr\u00e1fica \"Le Salut de Tamara\". Esta pel\u00edcula pretende sensibilizar a la opini\u00f3n p\u00fablica contra la trata de seres humanos y la violencia dom\u00e9stica, rompiendo el silencio y ofreciendo esperanza a quienes la necesitan. Con esta pel\u00edcula quiero educar a la sociedad para eliminar prejuicios y falsas creencias mostrando que le puede pasar a cualquiera.<\/p><p>Apasionado de la promoci\u00f3n de proyectos cinematogr\u00e1ficos, me propongo, como director de la nueva plataforma internacional Break4Movie, permitir la distribuci\u00f3n y dar visibilidad a cineastas con presupuestos modestos a trav\u00e9s de una plataforma de gama alta sin dejar de ser accesible.<\/p><hr \/><p>Si necesita m\u00e1s ayuda o ajustes, no dude en preguntarnos.<\/p>\t\t\t\t\t\t\t\t<\/div>\n\t\t\t\t<\/div>\n\t\t\t\t<\/div>\n\t\t\t\t\t<\/div>\n\t\t\t\t<\/div>\n\t\t<div class=\"elementor-element elementor-element-8a53f60 e-flex e-con-boxed e-con e-parent\" data-id=\"8a53f60\" data-element_type=\"container\">\n\t\t\t\t\t<div class=\"e-con-inner\">\n\t\t\t\t<div class=\"elementor-element elementor-element-76f97db elementor-widget elementor-widget-video\" data-id=\"76f97db\" data-element_type=\"widget\" data-settings=\"{&quot;youtube_url&quot;:&quot;https:\\\/\\\/youtu.be\\\/bRwGFq-7ANo&quot;,&quot;yt_privacy&quot;:&quot;yes&quot;,&quot;video_type&quot;:&quot;youtube&quot;,&quot;controls&quot;:&quot;yes&quot;}\" data-widget_type=\"video.default\">\n\t\t\t\t<div class=\"elementor-widget-container\">\n\t\t\t\t\t\t\t<div class=\"elementor-wrapper elementor-open-inline\">\n\t\t\t<div class=\"elementor-video\"><\/div>\t\t<\/div>\n\t\t\t\t\t\t<\/div>\n\t\t\t\t<\/div>\n\t\t\t\t\t<\/div>\n\t\t\t\t<\/div>\n\t\t\t\t<\/div>","protected":false},"excerpt":{"rendered":"<p>\u00bfQu\u00e9 es Break4Movie? Break4Movie es una plataforma internacional de streaming que ofrece pel\u00edculas, series y contenidos en directo independientes. Nuestro objetivo es dar vida a proyectos que a menudo permanecen bloqueados, cerrados y olvidados. Queremos apoyar las nuevas obras cinematogr\u00e1ficas, incluso las que a\u00fan no est\u00e1n terminadas. Nuestra misi\u00f3n Creemos que todo proyecto cinematogr\u00e1fico merece...<\/p>","protected":false},"author":1,"featured_media":0,"parent":0,"menu_order":0,"comment_status":"closed","ping_status":"closed","template":"","meta":{"footnotes":"","_wp_rev_ctl_limit":""},"class_list":["post-4585","page","type-page","status-publish","hentry"],"yoast_head":"<!-- This site is optimized with the Yoast SEO plugin v24.8.1 - https:\/\/yoast.com\/wordpress\/plugins\/seo\/ -->\n<title>Presentation - Break4Movie<\/title>\n<meta name=\"robots\" content=\"index, follow, max-snippet:-1, max-image-preview:large, max-video-preview:-1\" \/>\n<link rel=\"canonical\" href=\"https:\/\/break4movie.com\/es\/presentacion\/\" \/>\n<meta property=\"og:locale\" content=\"es_ES\" \/>\n<meta property=\"og:type\" content=\"article\" \/>\n<meta property=\"og:title\" content=\"Presentation - Break4Movie\" \/>\n<meta property=\"og:description\" content=\"What is Break4Movie ? Break4Movie is an international streaming platform delivering independent movies, series and live content. Our goal is to bring to life projects\u00a0 that often remain locked, closed and forgotten. We want to support new cinematographic works, even those that are not yet finished. Our mission We believe that every film project deserves...\" \/>\n<meta property=\"og:url\" content=\"https:\/\/break4movie.com\/es\/presentacion\/\" \/>\n<meta property=\"og:site_name\" content=\"Break4Movie\" \/>\n<meta property=\"article:modified_time\" content=\"2024-08-31T12:09:46+00:00\" \/>\n<meta property=\"og:image\" content=\"https:\/\/break4movie.com\/wp-content\/uploads\/2024\/02\/logo-color-300x300.png\" \/>\n<meta name=\"twitter:card\" content=\"summary_large_image\" \/>\n<meta name=\"twitter:label1\" content=\"Tiempo de lectura\" \/>\n\t<meta name=\"twitter:data1\" content=\"2 minutos\" \/>\n<script type=\"application\/ld+json\" class=\"yoast-schema-graph\">{\"@context\":\"https:\/\/schema.org\",\"@graph\":[{\"@type\":\"WebPage\",\"@id\":\"https:\/\/break4movie.com\/presentation\/\",\"url\":\"https:\/\/break4movie.com\/presentation\/\",\"name\":\"Presentation - Break4Movie\",\"isPartOf\":{\"@id\":\"https:\/\/break4movie.com\/#website\"},\"primaryImageOfPage\":{\"@id\":\"https:\/\/break4movie.com\/presentation\/#primaryimage\"},\"image\":{\"@id\":\"https:\/\/break4movie.com\/presentation\/#primaryimage\"},\"thumbnailUrl\":\"https:\/\/break4movie.com\/wp-content\/uploads\/2024\/02\/logo-color-300x300.png\",\"datePublished\":\"2024-08-17T11:01:20+00:00\",\"dateModified\":\"2024-08-31T12:09:46+00:00\",\"breadcrumb\":{\"@id\":\"https:\/\/break4movie.com\/presentation\/#breadcrumb\"},\"inLanguage\":\"es\",\"potentialAction\":[{\"@type\":\"ReadAction\",\"target\":[\"https:\/\/break4movie.com\/presentation\/\"]}]},{\"@type\":\"ImageObject\",\"inLanguage\":\"es\",\"@id\":\"https:\/\/break4movie.com\/presentation\/#primaryimage\",\"url\":\"https:\/\/break4movie.com\/wp-content\/uploads\/2024\/02\/logo-color-300x300.png\",\"contentUrl\":\"https:\/\/break4movie.com\/wp-content\/uploads\/2024\/02\/logo-color-300x300.png\"},{\"@type\":\"BreadcrumbList\",\"@id\":\"https:\/\/break4movie.com\/presentation\/#breadcrumb\",\"itemListElement\":[{\"@type\":\"ListItem\",\"position\":1,\"name\":\"Home\",\"item\":\"https:\/\/break4movie.com\/nl\/\"},{\"@type\":\"ListItem\",\"position\":2,\"name\":\"Presentation\"}]},{\"@type\":\"WebSite\",\"@id\":\"https:\/\/break4movie.com\/#website\",\"url\":\"https:\/\/break4movie.com\/\",\"name\":\"Break4Movie\",\"description\":\"Movie rental platform with new talented producers\",\"publisher\":{\"@id\":\"https:\/\/break4movie.com\/#organization\"},\"potentialAction\":[{\"@type\":\"SearchAction\",\"target\":{\"@type\":\"EntryPoint\",\"urlTemplate\":\"https:\/\/break4movie.com\/?s={search_term_string}\"},\"query-input\":{\"@type\":\"PropertyValueSpecification\",\"valueRequired\":true,\"valueName\":\"search_term_string\"}}],\"inLanguage\":\"es\"},{\"@type\":\"Organization\",\"@id\":\"https:\/\/break4movie.com\/#organization\",\"name\":\"Break4Movie\",\"url\":\"https:\/\/break4movie.com\/\",\"logo\":{\"@type\":\"ImageObject\",\"inLanguage\":\"es\",\"@id\":\"https:\/\/break4movie.com\/#\/schema\/logo\/image\/\",\"url\":\"https:\/\/break4movie.com\/wp-content\/uploads\/2024\/02\/logo-color-1.png\",\"contentUrl\":\"https:\/\/break4movie.com\/wp-content\/uploads\/2024\/02\/logo-color-1.png\",\"width\":900,\"height\":900,\"caption\":\"Break4Movie\"},\"image\":{\"@id\":\"https:\/\/break4movie.com\/#\/schema\/logo\/image\/\"}}]}<\/script>\n<!-- \/ Yoast SEO plugin. -->","yoast_head_json":{"title":"Presentation - Break4Movie","robots":{"index":"index","follow":"follow","max-snippet":"max-snippet:-1","max-image-preview":"max-image-preview:large","max-video-preview":"max-video-preview:-1"},"canonical":"https:\/\/break4movie.com\/es\/presentacion\/","og_locale":"es_ES","og_type":"article","og_title":"Presentation - Break4Movie","og_description":"What is Break4Movie ? Break4Movie is an international streaming platform delivering independent movies, series and live content. Our goal is to bring to life projects\u00a0 that often remain locked, closed and forgotten. We want to support new cinematographic works, even those that are not yet finished. Our mission We believe that every film project deserves...","og_url":"https:\/\/break4movie.com\/es\/presentacion\/","og_site_name":"Break4Movie","article_modified_time":"2024-08-31T12:09:46+00:00","og_image":[{"url":"https:\/\/break4movie.com\/wp-content\/uploads\/2024\/02\/logo-color-300x300.png","type":"","width":"","height":""}],"twitter_card":"summary_large_image","twitter_misc":{"Tiempo de lectura":"2 minutos"},"schema":{"@context":"https:\/\/schema.org","@graph":[{"@type":"WebPage","@id":"https:\/\/break4movie.com\/presentation\/","url":"https:\/\/break4movie.com\/presentation\/","name":"Presentation - Break4Movie","isPartOf":{"@id":"https:\/\/break4movie.com\/#website"},"primaryImageOfPage":{"@id":"https:\/\/break4movie.com\/presentation\/#primaryimage"},"image":{"@id":"https:\/\/break4movie.com\/presentation\/#primaryimage"},"thumbnailUrl":"https:\/\/break4movie.com\/wp-content\/uploads\/2024\/02\/logo-color-300x300.png","datePublished":"2024-08-17T11:01:20+00:00","dateModified":"2024-08-31T12:09:46+00:00","breadcrumb":{"@id":"https:\/\/break4movie.com\/presentation\/#breadcrumb"},"inLanguage":"es","potentialAction":[{"@type":"ReadAction","target":["https:\/\/break4movie.com\/presentation\/"]}]},{"@type":"ImageObject","inLanguage":"es","@id":"https:\/\/break4movie.com\/presentation\/#primaryimage","url":"https:\/\/break4movie.com\/wp-content\/uploads\/2024\/02\/logo-color-300x300.png","contentUrl":"https:\/\/break4movie.com\/wp-content\/uploads\/2024\/02\/logo-color-300x300.png"},{"@type":"BreadcrumbList","@id":"https:\/\/break4movie.com\/presentation\/#breadcrumb","itemListElement":[{"@type":"ListItem","position":1,"name":"Home","item":"https:\/\/break4movie.com\/nl\/"},{"@type":"ListItem","position":2,"name":"Presentation"}]},{"@type":"WebSite","@id":"https:\/\/break4movie.com\/#website","url":"https:\/\/break4movie.com\/","name":"Break4Movie","description":"Movie rental platform with new talented producers","publisher":{"@id":"https:\/\/break4movie.com\/#organization"},"potentialAction":[{"@type":"SearchAction","target":{"@type":"EntryPoint","urlTemplate":"https:\/\/break4movie.com\/?s={search_term_string}"},"query-input":{"@type":"PropertyValueSpecification","valueRequired":true,"valueName":"search_term_string"}}],"inLanguage":"es"},{"@type":"Organization","@id":"https:\/\/break4movie.com\/#organization","name":"Break4Movie","url":"https:\/\/break4movie.com\/","logo":{"@type":"ImageObject","inLanguage":"es","@id":"https:\/\/break4movie.com\/#\/schema\/logo\/image\/","url":"https:\/\/break4movie.com\/wp-content\/uploads\/2024\/02\/logo-color-1.png","contentUrl":"https:\/\/break4movie.com\/wp-content\/uploads\/2024\/02\/logo-color-1.png","width":900,"height":900,"caption":"Break4Movie"},"image":{"@id":"https:\/\/break4movie.com\/#\/schema\/logo\/image\/"}}]}},"_links":{"self":[{"href":"https:\/\/break4movie.com\/es\/wp-json\/wp\/v2\/pages\/4585","targetHints":{"allow":["GET"]}}],"collection":[{"href":"https:\/\/break4movie.com\/es\/wp-json\/wp\/v2\/pages"}],"about":[{"href":"https:\/\/break4movie.com\/es\/wp-json\/wp\/v2\/types\/page"}],"author":[{"embeddable":true,"href":"https:\/\/break4movie.com\/es\/wp-json\/wp\/v2\/users\/1"}],"replies":[{"embeddable":true,"href":"https:\/\/break4movie.com\/es\/wp-json\/wp\/v2\/comments?post=4585"}],"version-history":[{"count":32,"href":"https:\/\/break4movie.com\/es\/wp-json\/wp\/v2\/pages\/4585\/revisions"}],"predecessor-version":[{"id":6208,"href":"https:\/\/break4movie.com\/es\/wp-json\/wp\/v2\/pages\/4585\/revisions\/6208"}],"wp:attachment":[{"href":"https:\/\/break4movie.com\/es\/wp-json\/wp\/v2\/media?parent=4585"}],"curies":[{"name":"wp","href":"https:\/\/api.w.org\/{rel}","templated":true}]}}