{"id":4697,"date":"2024-08-18T20:53:26","date_gmt":"2024-08-18T18:53:26","guid":{"rendered":"https:\/\/break4movie.com\/?page_id=4697"},"modified":"2024-08-18T20:58:44","modified_gmt":"2024-08-18T18:58:44","slug":"privacy-policy-of-the-break4movie-platform","status":"publish","type":"page","link":"https:\/\/break4movie.com\/es\/politica-de-privacidad-de-la-plataforma-break4movie\/","title":{"rendered":"Pol\u00edtica de privacidad de la plataforma Break4Movie"},"content":{"rendered":"<ol start=\"1\" class=\"wp-block-list\">\n<li><strong>Objetivo<\/strong>\u00a0<\/li>\n<\/ol>\n\n\n\n<p>De conformidad con el Reglamento General de Protecci\u00f3n de Datos (GDPR) aplicable a partir del 25 de mayo de 2018, este documento tiene como objetivo informar a los user de la plataforma Break4Movie sobre sus derechos, en particular en lo que respecta a:<\/p>\n\n\n\n<ul class=\"wp-block-list\">\n<li>La recogida de sus datos personales por Break4Movie<\/li>\n\n\n\n<li>El uso de estos datos<\/li>\n\n\n\n<li>Acceso a estos datos<\/li>\n\n\n\n<li>Los derechos que el user tiene sobre el sitio<\/li>\n\n\n\n<li>La pol\u00edtica relacionada con el uso de cookies<\/li>\n<\/ul>\n\n\n\n<p>Esta pol\u00edtica de privacidad se aplica junto con las condiciones de uso de la plataforma, que el user tambi\u00e9n ha aceptado.<\/p>\n\n\n\n<ol start=\"2\" class=\"wp-block-list\">\n<li><strong>Legislaci\u00f3n aplicable<\/strong>\u00a0<\/li>\n<\/ol>\n\n\n\n<p>De conformidad con el Reglamento UE 2016\/679 del Parlamento Europeo y del Consejo, de 27 de abril de 2016, relativo a la protecci\u00f3n de las personas f\u00edsicas en lo que respecta al tratamiento de datos personales y a la libre circulaci\u00f3n de estos datos, la plataforma Break4Movie tiene la intenci\u00f3n de especificar c\u00f3mo puede utilizar la informaci\u00f3n personal proporcionada por el user. Los datos personales son:<\/p>\n\n\n\n<ul class=\"wp-block-list\">\n<li>Tramitaci\u00f3n legal y transparente<\/li>\n\n\n\n<li>Recogida con fines espec\u00edficos, expl\u00edcitos y leg\u00edtimos<\/li>\n\n\n\n<li>No se traten posteriormente de manera incompatible con dichos fines (de conformidad con el art. 89 \u00a71 del Reglamento general de protecci\u00f3n de datos, el almacenamiento y el tratamiento de los datos recogidos con fines estad\u00edsticos no se consideran incompatibles con los fines iniciales).<\/li>\n\n\n\n<li>Adecuados, pertinentes y limitados a lo necesario para los fines para los que se recogen<\/li>\n\n\n\n<li>exactos y actualizados a petici\u00f3n del user (a tal efecto, Break4Movie se compromete a modificar o corregir cualquier dato incorrecto facilitado)<\/li>\n\n\n\n<li>Almacenados en una forma que permita la identificaci\u00f3n de las personas afectadas durante el tiempo necesario y suficiente para su tratamiento<\/li>\n\n\n\n<li>Tratados de forma que se garantice su seguridad, incluida la protecci\u00f3n contra el tratamiento no autorizado o il\u00edcito, la p\u00e9rdida accidental, la destrucci\u00f3n o los da\u00f1os.<\/li>\n<\/ul>\n\n\n\n<p>En este caso, el tratamiento de los datos recogidos se considera l\u00edcito ya que el user ha consentido expresamente la recogida y el tratamiento de dichos datos para al menos uno de los fines previstos por la normativa. El tratamiento de los datos tambi\u00e9n es necesario para la ejecuci\u00f3n del contrato de servicios que vincula al user con Break4Movie.<\/p>\n\n\n\n<ol start=\"3\" class=\"wp-block-list\">\n<li><strong>Consentimiento<\/strong>\u00a0<\/li>\n<\/ol>\n\n\n\n<p>Al utilizar la plataforma Break4Movie, el user consiente expresamente todas las condiciones previstas en esta pol\u00edtica de privacidad, as\u00ed como la recogida, uso y almacenamiento de los datos enumerados en este documento.<\/p>\n\n\n\n<ol start=\"4\" class=\"wp-block-list\">\n<li><strong>Datos personales recogidos<\/strong>\u00a0<\/li>\n<\/ol>\n\n\n\n<p>Al utilizar la plataforma Break4Movie, se recopilar\u00e1n diversos datos personales sobre el user.<\/p>\n\n\n\n<ul class=\"wp-block-list\">\n<li>Datos recogidos autom\u00e1ticamente:<ul><li>Direcci\u00f3n IP<\/li><\/ul><ul><li>Geolocalizaci\u00f3n (datos utilizados s\u00f3lo en caso de infracci\u00f3n del contrato)<\/li><\/ul><ul><li>Sistema operativo utilizado<\/li><\/ul>\n<ul class=\"wp-block-list\">\n<li>Navegador utilizado<\/li>\n<\/ul>\n<\/li>\n\n\n\n<li>Los siguientes datos se recogen de forma no autom\u00e1tica:<ul><li>Nombre<\/li><\/ul><ul><li>Nombre<\/li><\/ul><ul><li>Direcci\u00f3n<\/li><\/ul><ul><li>N\u00famero de tel\u00e9fono<\/li><\/ul><ul><li>Fecha de nacimiento<\/li><\/ul><ul><li>Datos bancarios<\/li><\/ul>\n<ul class=\"wp-block-list\">\n<li>Forma de pago elegida<\/li>\n<\/ul>\n<\/li>\n<\/ul>\n\n\n\n<p>&nbsp;&nbsp;&nbsp;&nbsp;&nbsp;&nbsp;&nbsp;&nbsp;&nbsp;&nbsp;&nbsp; No se recopilar\u00e1n datos adicionales sin previo aviso al user.<\/p>\n\n\n\n<ol start=\"5\" class=\"wp-block-list\">\n<li><strong>Tratamiento de datos<\/strong>\u00a0<\/li>\n<\/ol>\n\n\n\n<p>Los datos personales recogidos por la plataforma Break4Movie s\u00f3lo ser\u00e1n procesados para los fines especificados en esta pol\u00edtica de privacidad.<br><br>La plataforma crear\u00e1 un perfil individualizado para cada user, incluyendo todos los datos, para permitir su identificaci\u00f3n y gestionar la facturaci\u00f3n de los servicios solicitados.<br><br>Adem\u00e1s, se har\u00e1n sugerencias de servicios basadas en estad\u00edsticas, en particular sobre servicios solicitados anteriormente, para ofrecer acceso a contenidos espec\u00edficos que puedan satisfacer los deseos del user.<\/p>\n\n\n\n<ol start=\"6\" class=\"wp-block-list\">\n<li><strong>Compartir los datos recogidos<\/strong>\u00a0<\/li>\n<\/ol>\n\n\n\n<p>La plataforma Break4Movie revelar\u00e1 abierta y autom\u00e1ticamente todos los datos personales recopilados a sus empleados, ya que necesitan estos datos para llevar a cabo el contrato celebrado. Los datos recogidos no se compartir\u00e1n con terceros ajenos a Break4Movie por ning\u00fan motivo. No obstante, los datos personales podr\u00e1n ser compartidos con terceros:<\/p>\n\n\n\n<ul class=\"wp-block-list\">\n<li>Si la ley obliga a Break4Movie<\/li>\n\n\n\n<li>Si la informaci\u00f3n es necesaria para un procedimiento judicial<\/li>\n\n\n\n<li>Para proteger sus propios derechos (especialmente en casos de falsificaci\u00f3n o pirater\u00eda inform\u00e1tica - lista no exhaustiva)<\/li>\n<\/ul>\n\n\n\n<ol start=\"7\" class=\"wp-block-list\">\n<li><strong>Almacenamiento y protecci\u00f3n de datos personales<\/strong>\u00a0<\/li>\n<\/ol>\n\n\n\n<p>Break4Movie s\u00f3lo conservar\u00e1 los datos durante el tiempo estrictamente necesario para el cumplimiento del contrato y \u00fanicamente para los fines para los que fueron recogidos.<\/p>\n\n\n\n<ol start=\"8\" class=\"wp-block-list\">\n<li><strong>Derechos y privilegios de los usuarios<\/strong>\u00a0<\/li>\n<\/ol>\n\n\n\n<p>De conformidad con los art\u00edculos 12 a 23 del Reglamento General de Protecci\u00f3n de Datos, los user de la plataforma Break4Movie tienen los siguientes derechos y privilegios en relaci\u00f3n con sus datos personales:<\/p>\n\n\n\n<ul class=\"wp-block-list\">\n<li>Derecho de acceso (consulta)<\/li>\n\n\n\n<li>Derecho de rectificaci\u00f3n<\/li>\n\n\n\n<li>Derecho de supresi\u00f3n<\/li>\n\n\n\n<li>Derecho a limitar el tratamiento de datos<\/li>\n\n\n\n<li>Derecho a la portabilidad de los datos<\/li>\n\n\n\n<li>Derecho de oposici\u00f3n<\/li>\n<\/ul>\n\n\n\n<p>Para ejercer los derechos antes mencionados (acceso, modificaci\u00f3n, supresi\u00f3n, etc.), el user puede ponerse en contacto con el servicio de gesti\u00f3n de datos de la plataforma en la siguiente direcci\u00f3n RGPD@Break4Movie.com. Adem\u00e1s, para garantizar el cumplimiento de la protecci\u00f3n de datos dentro de la organizaci\u00f3n, se ha designado un responsable de la protecci\u00f3n de datos (RPD), con el que se puede contactar en caso necesario en la siguiente direcci\u00f3n: DPO@Break4Movie.com.<\/p>\n\n\n\n<ol start=\"9\" class=\"wp-block-list\">\n<li><strong>Pol\u00edtica de cookies<\/strong>\u00a0<\/li>\n<\/ol>\n\n\n\n<p>Una cookie es un archivo que se almacena en el disco duro del user cuando navega por un sitio web (incluida la plataforma Break4Movie). Esta cookie ayuda a comprender mejor los h\u00e1bitos de navegaci\u00f3n del user para maximizar su experiencia user. De conformidad con el Reglamento General de Protecci\u00f3n de Datos, el user puede elegir que se le notifique cada vez que se crea una cookie o puede, si lo desea, desactivar completamente la transmisi\u00f3n de cookies por parte de la plataforma.<\/p>\n\n\n\n<ol start=\"10\" class=\"wp-block-list\">\n<li><strong>Modificaci\u00f3n de la pol\u00edtica de privacidad<\/strong>\u00a0<\/li>\n<\/ol>\n\n\n\n<p>La plataforma Break4Movie se reserva el derecho a modificar la presente pol\u00edtica de privacidad, en particular para responder a cambios legislativos en materia de protecci\u00f3n de datos o a la necesidad de adaptar el proceso de gesti\u00f3n de datos de la plataforma. Si dicha modificaci\u00f3n de la pol\u00edtica de privacidad fuera necesaria por cualquier motivo, el user ser\u00e1 informado al menos 15 d\u00edas antes de que la nueva pol\u00edtica de privacidad sea aplicable. El user tendr\u00e1 entonces la opci\u00f3n de adherirse a esta modificaci\u00f3n o suprimir su acceso a la plataforma.<\/p>\n\n\n\n<ol start=\"11\" class=\"wp-block-list\">\n<li><strong>P\u00f3ngase en contacto con<\/strong>\u00a0<\/li>\n<\/ol>\n\n\n\n<p>Para cualquier dato relacionado con la gesti\u00f3n de datos personales o la presente pol\u00edtica de privacidad, el user puede dirigirse al servicio creado a tal efecto dentro de la plataforma Break4Movie en la siguiente direcci\u00f3n: RGPD@Break4Movie.com.<\/p>","protected":false},"excerpt":{"rendered":"<p>De conformidad con el Reglamento General de Protecci\u00f3n de Datos (GDPR) aplicable a partir del 25 de mayo de 2018, este documento tiene como objetivo informar a los user de la plataforma Break4Movie sobre sus derechos, en particular en lo que respecta a: Esta pol\u00edtica de privacidad se aplica junto con las condiciones de uso de la plataforma, que el user tambi\u00e9n ha aceptado. De conformidad con el Reglamento (UE) 2016\/679 del...<\/p>","protected":false},"author":8,"featured_media":0,"parent":0,"menu_order":0,"comment_status":"closed","ping_status":"closed","template":"","meta":{"footnotes":"","_wp_rev_ctl_limit":""},"class_list":["post-4697","page","type-page","status-publish","hentry"],"yoast_head":"<!-- This site is optimized with the Yoast SEO plugin v24.8.1 - https:\/\/yoast.com\/wordpress\/plugins\/seo\/ -->\n<title>Privacy Policy of the Break4Movie Platform - Break4Movie<\/title>\n<meta name=\"robots\" content=\"index, follow, max-snippet:-1, max-image-preview:large, max-video-preview:-1\" \/>\n<link rel=\"canonical\" href=\"https:\/\/break4movie.com\/es\/politica-de-privacidad-de-la-plataforma-break4movie\/\" \/>\n<meta property=\"og:locale\" content=\"es_ES\" \/>\n<meta property=\"og:type\" content=\"article\" \/>\n<meta property=\"og:title\" content=\"Privacy Policy of the Break4Movie Platform - Break4Movie\" \/>\n<meta property=\"og:description\" content=\"In accordance with the General Data Protection Regulation (GDPR) applicable from May 25, 2018, this document aims to inform the user of the Break4Movie platform about their rights, particularly regarding: This privacy policy applies alongside the platform\u2019s terms of use, which the user has also agreed to. In accordance with EU Regulation 2016\/679 of the...\" \/>\n<meta property=\"og:url\" content=\"https:\/\/break4movie.com\/es\/politica-de-privacidad-de-la-plataforma-break4movie\/\" \/>\n<meta property=\"og:site_name\" content=\"Break4Movie\" \/>\n<meta property=\"article:modified_time\" content=\"2024-08-18T18:58:44+00:00\" \/>\n<meta name=\"twitter:card\" content=\"summary_large_image\" \/>\n<meta name=\"twitter:label1\" content=\"Tiempo de lectura\" \/>\n\t<meta name=\"twitter:data1\" content=\"5 minutos\" \/>\n<script type=\"application\/ld+json\" class=\"yoast-schema-graph\">{\"@context\":\"https:\/\/schema.org\",\"@graph\":[{\"@type\":\"WebPage\",\"@id\":\"https:\/\/break4movie.com\/fr\/politique-de-confidentialite-de-la-plateforme-break4movie\/\",\"url\":\"https:\/\/break4movie.com\/fr\/politique-de-confidentialite-de-la-plateforme-break4movie\/\",\"name\":\"Privacy Policy of the Break4Movie Platform - Break4Movie\",\"isPartOf\":{\"@id\":\"https:\/\/break4movie.com\/#website\"},\"datePublished\":\"2024-08-18T18:53:26+00:00\",\"dateModified\":\"2024-08-18T18:58:44+00:00\",\"breadcrumb\":{\"@id\":\"https:\/\/break4movie.com\/fr\/politique-de-confidentialite-de-la-plateforme-break4movie\/#breadcrumb\"},\"inLanguage\":\"es\",\"potentialAction\":[{\"@type\":\"ReadAction\",\"target\":[\"https:\/\/break4movie.com\/fr\/politique-de-confidentialite-de-la-plateforme-break4movie\/\"]}]},{\"@type\":\"BreadcrumbList\",\"@id\":\"https:\/\/break4movie.com\/fr\/politique-de-confidentialite-de-la-plateforme-break4movie\/#breadcrumb\",\"itemListElement\":[{\"@type\":\"ListItem\",\"position\":1,\"name\":\"Home\",\"item\":\"https:\/\/break4movie.com\/nl\/\"},{\"@type\":\"ListItem\",\"position\":2,\"name\":\"Privacy Policy of the Break4Movie Platform\"}]},{\"@type\":\"WebSite\",\"@id\":\"https:\/\/break4movie.com\/#website\",\"url\":\"https:\/\/break4movie.com\/\",\"name\":\"Break4Movie\",\"description\":\"Movie rental platform with new talented producers\",\"publisher\":{\"@id\":\"https:\/\/break4movie.com\/#organization\"},\"potentialAction\":[{\"@type\":\"SearchAction\",\"target\":{\"@type\":\"EntryPoint\",\"urlTemplate\":\"https:\/\/break4movie.com\/?s={search_term_string}\"},\"query-input\":{\"@type\":\"PropertyValueSpecification\",\"valueRequired\":true,\"valueName\":\"search_term_string\"}}],\"inLanguage\":\"es\"},{\"@type\":\"Organization\",\"@id\":\"https:\/\/break4movie.com\/#organization\",\"name\":\"Break4Movie\",\"url\":\"https:\/\/break4movie.com\/\",\"logo\":{\"@type\":\"ImageObject\",\"inLanguage\":\"es\",\"@id\":\"https:\/\/break4movie.com\/#\/schema\/logo\/image\/\",\"url\":\"https:\/\/break4movie.com\/wp-content\/uploads\/2024\/02\/logo-color-1.png\",\"contentUrl\":\"https:\/\/break4movie.com\/wp-content\/uploads\/2024\/02\/logo-color-1.png\",\"width\":900,\"height\":900,\"caption\":\"Break4Movie\"},\"image\":{\"@id\":\"https:\/\/break4movie.com\/#\/schema\/logo\/image\/\"}}]}<\/script>\n<!-- \/ Yoast SEO plugin. -->","yoast_head_json":{"title":"Privacy Policy of the Break4Movie Platform - Break4Movie","robots":{"index":"index","follow":"follow","max-snippet":"max-snippet:-1","max-image-preview":"max-image-preview:large","max-video-preview":"max-video-preview:-1"},"canonical":"https:\/\/break4movie.com\/es\/politica-de-privacidad-de-la-plataforma-break4movie\/","og_locale":"es_ES","og_type":"article","og_title":"Privacy Policy of the Break4Movie Platform - Break4Movie","og_description":"In accordance with the General Data Protection Regulation (GDPR) applicable from May 25, 2018, this document aims to inform the user of the Break4Movie platform about their rights, particularly regarding: This privacy policy applies alongside the platform\u2019s terms of use, which the user has also agreed to. In accordance with EU Regulation 2016\/679 of the...","og_url":"https:\/\/break4movie.com\/es\/politica-de-privacidad-de-la-plataforma-break4movie\/","og_site_name":"Break4Movie","article_modified_time":"2024-08-18T18:58:44+00:00","twitter_card":"summary_large_image","twitter_misc":{"Tiempo de lectura":"5 minutos"},"schema":{"@context":"https:\/\/schema.org","@graph":[{"@type":"WebPage","@id":"https:\/\/break4movie.com\/fr\/politique-de-confidentialite-de-la-plateforme-break4movie\/","url":"https:\/\/break4movie.com\/fr\/politique-de-confidentialite-de-la-plateforme-break4movie\/","name":"Privacy Policy of the Break4Movie Platform - Break4Movie","isPartOf":{"@id":"https:\/\/break4movie.com\/#website"},"datePublished":"2024-08-18T18:53:26+00:00","dateModified":"2024-08-18T18:58:44+00:00","breadcrumb":{"@id":"https:\/\/break4movie.com\/fr\/politique-de-confidentialite-de-la-plateforme-break4movie\/#breadcrumb"},"inLanguage":"es","potentialAction":[{"@type":"ReadAction","target":["https:\/\/break4movie.com\/fr\/politique-de-confidentialite-de-la-plateforme-break4movie\/"]}]},{"@type":"BreadcrumbList","@id":"https:\/\/break4movie.com\/fr\/politique-de-confidentialite-de-la-plateforme-break4movie\/#breadcrumb","itemListElement":[{"@type":"ListItem","position":1,"name":"Home","item":"https:\/\/break4movie.com\/nl\/"},{"@type":"ListItem","position":2,"name":"Privacy Policy of the Break4Movie Platform"}]},{"@type":"WebSite","@id":"https:\/\/break4movie.com\/#website","url":"https:\/\/break4movie.com\/","name":"Break4Movie","description":"Movie rental platform with new talented producers","publisher":{"@id":"https:\/\/break4movie.com\/#organization"},"potentialAction":[{"@type":"SearchAction","target":{"@type":"EntryPoint","urlTemplate":"https:\/\/break4movie.com\/?s={search_term_string}"},"query-input":{"@type":"PropertyValueSpecification","valueRequired":true,"valueName":"search_term_string"}}],"inLanguage":"es"},{"@type":"Organization","@id":"https:\/\/break4movie.com\/#organization","name":"Break4Movie","url":"https:\/\/break4movie.com\/","logo":{"@type":"ImageObject","inLanguage":"es","@id":"https:\/\/break4movie.com\/#\/schema\/logo\/image\/","url":"https:\/\/break4movie.com\/wp-content\/uploads\/2024\/02\/logo-color-1.png","contentUrl":"https:\/\/break4movie.com\/wp-content\/uploads\/2024\/02\/logo-color-1.png","width":900,"height":900,"caption":"Break4Movie"},"image":{"@id":"https:\/\/break4movie.com\/#\/schema\/logo\/image\/"}}]}},"_links":{"self":[{"href":"https:\/\/break4movie.com\/es\/wp-json\/wp\/v2\/pages\/4697","targetHints":{"allow":["GET"]}}],"collection":[{"href":"https:\/\/break4movie.com\/es\/wp-json\/wp\/v2\/pages"}],"about":[{"href":"https:\/\/break4movie.com\/es\/wp-json\/wp\/v2\/types\/page"}],"author":[{"embeddable":true,"href":"https:\/\/break4movie.com\/es\/wp-json\/wp\/v2\/users\/8"}],"replies":[{"embeddable":true,"href":"https:\/\/break4movie.com\/es\/wp-json\/wp\/v2\/comments?post=4697"}],"version-history":[{"count":1,"href":"https:\/\/break4movie.com\/es\/wp-json\/wp\/v2\/pages\/4697\/revisions"}],"predecessor-version":[{"id":4705,"href":"https:\/\/break4movie.com\/es\/wp-json\/wp\/v2\/pages\/4697\/revisions\/4705"}],"wp:attachment":[{"href":"https:\/\/break4movie.com\/es\/wp-json\/wp\/v2\/media?parent=4697"}],"curies":[{"name":"wp","href":"https:\/\/api.w.org\/{rel}","templated":true}]}}