{"id":4713,"date":"2024-08-18T21:29:29","date_gmt":"2024-08-18T19:29:29","guid":{"rendered":"https:\/\/break4movie.com\/?page_id=4713"},"modified":"2024-12-14T14:10:12","modified_gmt":"2024-12-14T13:10:12","slug":"terms-of-use-of-break4movie","status":"publish","type":"page","link":"https:\/\/break4movie.com\/es\/condiciones-de-uso-de-break4movie\/","title":{"rendered":"Condiciones de uso de Break4Movie"},"content":{"rendered":"<div data-elementor-type=\"wp-page\" data-elementor-id=\"4713\" class=\"elementor elementor-4713\" data-elementor-post-type=\"page\">\n\t\t\t\t<div class=\"elementor-element elementor-element-512738c4 e-flex e-con-boxed e-con e-parent\" data-id=\"512738c4\" data-element_type=\"container\">\n\t\t\t\t\t<div class=\"e-con-inner\">\n\t\t\t\t<div class=\"elementor-element elementor-element-7d9eeaf2 elementor-widget elementor-widget-text-editor\" data-id=\"7d9eeaf2\" data-element_type=\"widget\" data-widget_type=\"text-editor.default\">\n\t\t\t\t<div class=\"elementor-widget-container\">\n\t\t\t\t\t\t\t\t\t<ol start=\"1\">\n<li style=\"list-style-type: none;\">\n<ol start=\"1\"><\/ol>\n<\/li>\n<\/ol>\n<p>\u00a0<\/p>\n<ol start=\"1\">\n<li style=\"list-style-type: none;\">\n<ol start=\"1\">\n<li><strong>Pre\u00e1mbulo<\/strong>\u00a0<\/li>\n<\/ol>\n<\/li>\n<\/ol>\n<p><\/p>\n<p><!-- \/wp:list --><\/p>\n<p><!-- wp:paragraph --><\/p>\n<p>BREAK4MOVIE es una plataforma interactiva en l\u00ednea que permite a nuestros user acceder a contenidos de entretenimiento a trav\u00e9s de Internet, en determinados televisores y otros dispositivos compatibles con BREAK4MOVIE.<br \/><br \/>El servicio BREAK4MOVIE se lo ofrece SRL BREAK4MOVIE, una empresa belga.<br \/><br \/>Estas condiciones de uso regulan la utilizaci\u00f3n de los servicios ofrecidos por BREAK4MOVIE, incluida la visualizaci\u00f3n de contenidos digitales exclusivos.<\/p>\n<p><!-- \/wp:paragraph --><\/p>\n<p><!-- wp:list {\"ordered\":true,\"start\":2} --><\/p>\n<ol start=\"2\">\n<li style=\"list-style-type: none;\">\n<ol start=\"2\"><!-- wp:list-item --><\/ol>\n<\/li>\n<\/ol>\n<p>\u00a0<\/p>\n<ol start=\"2\">\n<li style=\"list-style-type: none;\">\n<ol start=\"2\">\n<li><strong>Pago por visi\u00f3n<\/strong>\u00a0<\/li>\n<\/ol>\n<\/li>\n<\/ol>\n<p><!-- \/wp:list-item --><\/p>\n<p><!-- \/wp:list --><\/p>\n<p><!-- wp:paragraph --><\/p>\n<p>Tras el pago del importe determinado en la plataforma, el user tendr\u00e1 acceso al contenido de su elecci\u00f3n durante un periodo de 24 horas.<br \/><br \/>Este acceso se limitar\u00e1 a la visualizaci\u00f3n de contenidos de entretenimiento \u00fanicamente en un entorno familiar, sin posibilidad de reproducci\u00f3n u otro tipo de difusi\u00f3n p\u00fablica (ya sea gratuita o de pago).<br \/><br \/>Cualquier descarga iniciada vincular\u00e1 irrevocablemente al user, que no podr\u00e1 solicitar ning\u00fan reembolso debido a un error de gesti\u00f3n.<\/p>\n<p><!-- \/wp:paragraph --><\/p>\n<p><!-- wp:list {\"ordered\":true,\"start\":3} --><\/p>\n<ol start=\"3\">\n<li style=\"list-style-type: none;\">\n<ol start=\"3\"><!-- wp:list-item --><\/ol>\n<\/li>\n<\/ol>\n<p>\u00a0<\/p>\n<ol start=\"3\">\n<li style=\"list-style-type: none;\">\n<ol start=\"3\">\n<li><strong>Facturaci\u00f3n<\/strong>\u00a0<\/li>\n<\/ol>\n<\/li>\n<\/ol>\n<p><!-- \/wp:list-item --><\/p>\n<p><!-- \/wp:list --><\/p>\n<p><!-- wp:paragraph --><\/p>\n<p>El uso del servicio BREAK4MOVIE implica que debe proporcionarnos al menos un m\u00e9todo de pago que nos autorice a cargar en su cuenta bancaria el pago de sus tarifas de visualizaci\u00f3n de contenidos interactivos.<br \/><br \/>Usted ser\u00e1 responsable de cualquier importe que no haya podido ser cargado. Si, por cualquier motivo, la factura emitida no se paga en un plazo de 5 d\u00edas desde su emisi\u00f3n, la cuenta de user se suspender\u00e1 autom\u00e1ticamente hasta que la factura se regularice y se pague.<br \/><br \/>En caso de incumplimiento, BREAK4MOVIE se reserva el derecho a rescindir el contrato por culpa exclusiva de user y a exigir no s\u00f3lo el pago de las facturas vencidas, sino tambi\u00e9n una indemnizaci\u00f3n por da\u00f1os y perjuicios.<\/p>\n<p><!-- \/wp:paragraph --><\/p>\n<p><!-- wp:list {\"ordered\":true,\"start\":4} --><\/p>\n<ol start=\"4\">\n<li style=\"list-style-type: none;\">\n<ol start=\"4\"><!-- wp:list-item --><\/ol>\n<\/li>\n<\/ol>\n<p>\u00a0<\/p>\n<ol start=\"4\">\n<li style=\"list-style-type: none;\">\n<ol start=\"4\">\n<li><strong>Reembolsos<\/strong>\u00a0<\/li>\n<\/ol>\n<\/li>\n<\/ol>\n<p><!-- \/wp:list-item --><\/p>\n<p><!-- \/wp:list --><\/p>\n<p><!-- wp:paragraph --><\/p>\n<p>Si el precio de las pel\u00edculas aumenta, el user puede solicitar la devoluci\u00f3n del cr\u00e9dito restante si no est\u00e1 de acuerdo con el nuevo precio. Salvo en el punto anterior, los pagos no son reembolsables.<\/p>\n<p><!-- \/wp:paragraph --><\/p>\n<p><!-- wp:list {\"ordered\":true,\"start\":5} --><\/p>\n<ol start=\"5\">\n<li style=\"list-style-type: none;\">\n<ol start=\"5\"><!-- wp:list-item --><\/ol>\n<\/li>\n<\/ol>\n<p>\u00a0<\/p>\n<ol start=\"5\">\n<li style=\"list-style-type: none;\">\n<ol start=\"5\">\n<li><strong>Modificaci\u00f3n del precio del pago por visi\u00f3n<\/strong>\u00a0<\/li>\n<\/ol>\n<\/li>\n<\/ol>\n<p><!-- \/wp:list-item --><\/p>\n<p><!-- \/wp:list --><\/p>\n<p><!-- wp:paragraph --><\/p>\n<p>BREAK4MOVIE se reserva el derecho de modificar el precio de los servicios prestados al user.<\/p>\n<p><!-- \/wp:paragraph --><\/p>\n<p><!-- wp:list {\"ordered\":true,\"start\":6} --><\/p>\n<ol start=\"6\">\n<li style=\"list-style-type: none;\">\n<ol start=\"6\"><!-- wp:list-item --><\/ol>\n<\/li>\n<\/ol>\n<p>\u00a0<\/p>\n<ol start=\"6\">\n<li style=\"list-style-type: none;\">\n<ol start=\"6\">\n<li><strong>Servicios de BREAK4MOVIE<\/strong>\u00a0<\/li>\n<\/ol>\n<\/li>\n<\/ol>\n<p><!-- \/wp:list-item --><\/p>\n<p><!-- \/wp:list --><\/p>\n<p><!-- wp:paragraph --><\/p>\n<p>Cualquier user debe tener al menos 16 a\u00f1os para suscribirse a los servicios de BREAK4MOVIE. Los menores solo pueden acceder a la plataforma con el permiso de un adulto y bajo su supervisi\u00f3n.<br \/><br \/>El servicio de visionado de contenidos de BREAK4MOVIE es para uso privado y no comercial y no puede compartirse con personas ajenas a su hogar. Durante el periodo de alquiler de pago por visi\u00f3n, BREAK4MOVIE le concede un derecho limitado e intransferible de acceso a los contenidos publicados en l\u00ednea.<br \/><br \/>No se concede al user ning\u00fan derecho de reproducci\u00f3n del contenido proporcionado. En general, el user se compromete a no archivar, reproducir, distribuir, mostrar, ejecutar, publicar, crear obras derivadas o vender el contenido de BREAK4MOVIE.<br \/><br \/>El user tambi\u00e9n se compromete a no piratear, eludir, eliminar, modificar, destruir, desactivar, bloquear, ocultar o realizar cualquier otra actividad destinada a eludir las protecciones de los contenidos publicados en l\u00ednea por BREAK4MOVIE.<br \/><br \/>Cualquier comportamiento general dirigido a comprometer la integridad de los datos proporcionados por la plataforma BREAK4MOVIE, adem\u00e1s de su car\u00e1cter delictivo perseguible ante los tribunales penales, dar\u00e1 lugar autom\u00e1ticamente a la persecuci\u00f3n de la user por da\u00f1os y perjuicios.<br \/><br \/>Tambi\u00e9n dar\u00e1 lugar a la eliminaci\u00f3n autom\u00e1tica de la cuenta que infrinja estas condiciones de uso.<br \/><br \/>La calidad de visualizaci\u00f3n de los contenidos proporcionados puede variar en funci\u00f3n del tipo de conexi\u00f3n, del dispositivo utilizado o, m\u00e1s en general, de la regi\u00f3n en la que se visualicen los contenidos.<br \/><br \/>BREAK4MOVIE no se hace responsable de una calidad de imagen inferior a la deseada, y corresponder\u00e1 al user tomar todas las medidas t\u00e9cnicas para satisfacer sus propias expectativas.<br \/><br \/>El uso de la plataforma BREAK4MOVIE puede requerir la instalaci\u00f3n de software de terceros para acceder a los contenidos disponibles.<br \/><br \/>Corresponder\u00e1 al user actualizar regularmente el software principal o cualquier software de terceros asociado para una experiencia \u00f3ptima.<\/p>\n<p><!-- \/wp:paragraph --><\/p>\n<p><!-- wp:list {\"ordered\":true,\"start\":7} --><\/p>\n<ol start=\"7\">\n<li style=\"list-style-type: none;\">\n<ol start=\"7\"><!-- wp:list-item --><\/ol>\n<\/li>\n<\/ol>\n<p>\u00a0<\/p>\n<ol start=\"7\">\n<li style=\"list-style-type: none;\">\n<ol start=\"7\">\n<li><strong>Contrase\u00f1a y acceso a la cuenta<\/strong>\u00a0<\/li>\n<\/ol>\n<\/li>\n<\/ol>\n<p><!-- \/wp:list-item --><\/p>\n<p><!-- \/wp:list --><\/p>\n<p><!-- wp:paragraph --><\/p>\n<p>El usernombre y la contrase\u00f1a son para uso personal y deben permanecer confidenciales. Est\u00e1 estrictamente prohibido que cualquier user transmita estos datos a un tercero, pero si esto ocurriera, el user acepta irrevocablemente que estas personas act\u00faen en su nombre y estar\u00e1n irrevocablemente obligadas a las descargas y accesos solicitados, especialmente en t\u00e9rminos de facturaci\u00f3n.<br \/><br \/>El user tambi\u00e9n se compromete a mantener informaci\u00f3n precisa sobre la cuenta, incluida una direcci\u00f3n de correo electr\u00f3nico v\u00e1lida para que BREAK4MOVIE env\u00ede cualquier informaci\u00f3n \u00fatil relacionada con la cuenta.<br \/><br \/>BREAK4MOVIE podr\u00e1 cancelar o suspender una cuenta considerada \"sospechosa\" para proteger la user y la plataforma o a sus socios contra el robo de identidad o cualquier otra actividad fraudulenta.<\/p>\n<p><!-- \/wp:paragraph --><\/p>\n<p><!-- wp:list {\"ordered\":true,\"start\":8} --><\/p>\n<ol start=\"8\">\n<li style=\"list-style-type: none;\">\n<ol start=\"8\"><!-- wp:list-item --><\/ol>\n<\/li>\n<\/ol>\n<p>\u00a0<\/p>\n<ol start=\"8\">\n<li style=\"list-style-type: none;\">\n<ol start=\"8\">\n<li><strong>Modificaci\u00f3n de las condiciones de uso<\/strong>\u00a0<\/li>\n<\/ol>\n<\/li>\n<\/ol>\n<p><!-- \/wp:list-item --><\/p>\n<p><!-- \/wp:list --><\/p>\n<p><!-- wp:paragraph --><\/p>\n<p>BREAK4MOVIE podr\u00e1 modificar unilateralmente las presentes condiciones de uso. En caso de modificaci\u00f3n, el user ser\u00e1 informado por correo electr\u00f3nico de los cambios sustanciales antes de que sean aplicables. Ser\u00e1n aplicables el primer d\u00eda laborable del mes siguiente.<\/p>\n<p><!-- \/wp:paragraph --><\/p>\n<p><!-- wp:list {\"ordered\":true,\"start\":9} --><\/p>\n<ol start=\"9\">\n<li style=\"list-style-type: none;\">\n<ol start=\"9\"><!-- wp:list-item --><\/ol>\n<\/li>\n<\/ol>\n<p>\u00a0<\/p>\n<ol start=\"9\">\n<li style=\"list-style-type: none;\">\n<ol start=\"9\">\n<li><strong>Nulidad<\/strong>\u00a0<\/li>\n<\/ol>\n<\/li>\n<\/ol>\n<p><!-- \/wp:list-item --><\/p>\n<p><!-- \/wp:list --><\/p>\n<p><!-- wp:paragraph --><\/p>\n<p>Si una o varias disposiciones de las presentes condiciones generales fueran inv\u00e1lidas, ilegales o inaplicables, las dem\u00e1s disposiciones seguir\u00e1n siendo plenamente aplicables y conservar\u00e1n sus efectos.<\/p>\n<p><!-- \/wp:paragraph --><\/p>\n<p><!-- wp:list {\"ordered\":true,\"start\":10} --><\/p>\n<ol start=\"10\">\n<li style=\"list-style-type: none;\">\n<ol start=\"10\"><!-- wp:list-item --><\/ol>\n<\/li>\n<\/ol>\n<p>\u00a0<\/p>\n<ol start=\"10\">\n<li style=\"list-style-type: none;\">\n<ol start=\"10\">\n<li><strong>Legislaci\u00f3n aplicable<\/strong>\u00a0<\/li>\n<\/ol>\n<\/li>\n<\/ol>\n<p><!-- \/wp:list-item --><\/p>\n<p><!-- \/wp:list --><\/p>\n<p><!-- wp:paragraph --><\/p>\n<p>Las presentes condiciones de uso se rigen por la legislaci\u00f3n belga. En caso de litigio, las partes acuerdan que sus diferencias ser\u00e1n resueltas por los tribunales belgas, concretamente por los tribunales del Distrito Judicial de Lieja.<\/p>\n<p>\u00a0 \u00a0 11. <strong>Precios de los paquetes<\/strong><\/p>\n<p>El precio sin IVA (HTVA) puede variar de un pa\u00eds a otro debido a las diferencias en los tipos de IVA aplicables en cada pa\u00eds. Por lo tanto, para garantizar un precio final uniforme con IVA incluido para todos nuestros clientes, el importe del HTVA se ajusta en funci\u00f3n del tipo de IVA vigente en el pa\u00eds de residencia del comprador.<\/p>\n<p><!-- \/wp:paragraph --><\/p>\t\t\t\t\t\t\t\t<\/div>\n\t\t\t\t<\/div>\n\t\t\t\t\t<\/div>\n\t\t\t\t<\/div>\n\t\t\t\t<\/div>","protected":false},"excerpt":{"rendered":"<p>BREAK4MOVIE es una plataforma interactiva en l\u00ednea que permite a nuestros user acceder a contenidos de entretenimiento a trav\u00e9s de Internet, en determinados televisores y otros dispositivos compatibles con BREAK4MOVIE. El servicio BREAK4MOVIE le es ofrecido por SRL BREAK4MOVIE, una sociedad belga. Estas condiciones de uso regulan la utilizaci\u00f3n de los servicios ofrecidos por BREAK4MOVIE, incluida la visualizaci\u00f3n de...<\/p>","protected":false},"author":8,"featured_media":0,"parent":0,"menu_order":0,"comment_status":"closed","ping_status":"closed","template":"","meta":{"footnotes":"","_wp_rev_ctl_limit":""},"class_list":["post-4713","page","type-page","status-publish","hentry"],"yoast_head":"<!-- This site is optimized with the Yoast SEO plugin v24.8.1 - https:\/\/yoast.com\/wordpress\/plugins\/seo\/ -->\n<title>Terms of Use of Break4Movie - Break4Movie<\/title>\n<meta name=\"robots\" content=\"index, follow, max-snippet:-1, max-image-preview:large, max-video-preview:-1\" \/>\n<link rel=\"canonical\" href=\"https:\/\/break4movie.com\/es\/condiciones-de-uso-de-break4movie\/\" \/>\n<meta property=\"og:locale\" content=\"es_ES\" \/>\n<meta property=\"og:type\" content=\"article\" \/>\n<meta property=\"og:title\" content=\"Terms of Use of Break4Movie - Break4Movie\" \/>\n<meta property=\"og:description\" content=\"BREAK4MOVIE is an interactive online platform that allows our users to access entertainment content via internet, on certain televisions and other devices compatible with BREAK4MOVIE. The BREAK4MOVIE service is offered to you by SRL BREAK4MOVIE, a Belgian company. These terms of use govern your use of the services offered by BREAK4MOVIE, including the viewing of...\" \/>\n<meta property=\"og:url\" content=\"https:\/\/break4movie.com\/es\/condiciones-de-uso-de-break4movie\/\" \/>\n<meta property=\"og:site_name\" content=\"Break4Movie\" \/>\n<meta property=\"article:modified_time\" content=\"2024-12-14T13:10:12+00:00\" \/>\n<meta name=\"twitter:card\" content=\"summary_large_image\" \/>\n<meta name=\"twitter:label1\" content=\"Tiempo de lectura\" \/>\n\t<meta name=\"twitter:data1\" content=\"4 minutos\" \/>\n<script type=\"application\/ld+json\" class=\"yoast-schema-graph\">{\"@context\":\"https:\/\/schema.org\",\"@graph\":[{\"@type\":\"WebPage\",\"@id\":\"https:\/\/break4movie.com\/terms-of-use-of-break4movie\/\",\"url\":\"https:\/\/break4movie.com\/terms-of-use-of-break4movie\/\",\"name\":\"Terms of Use of Break4Movie - Break4Movie\",\"isPartOf\":{\"@id\":\"https:\/\/break4movie.com\/#website\"},\"datePublished\":\"2024-08-18T19:29:29+00:00\",\"dateModified\":\"2024-12-14T13:10:12+00:00\",\"breadcrumb\":{\"@id\":\"https:\/\/break4movie.com\/terms-of-use-of-break4movie\/#breadcrumb\"},\"inLanguage\":\"es\",\"potentialAction\":[{\"@type\":\"ReadAction\",\"target\":[\"https:\/\/break4movie.com\/terms-of-use-of-break4movie\/\"]}]},{\"@type\":\"BreadcrumbList\",\"@id\":\"https:\/\/break4movie.com\/terms-of-use-of-break4movie\/#breadcrumb\",\"itemListElement\":[{\"@type\":\"ListItem\",\"position\":1,\"name\":\"Home\",\"item\":\"https:\/\/break4movie.com\/nl\/\"},{\"@type\":\"ListItem\",\"position\":2,\"name\":\"Terms of Use of Break4Movie\"}]},{\"@type\":\"WebSite\",\"@id\":\"https:\/\/break4movie.com\/#website\",\"url\":\"https:\/\/break4movie.com\/\",\"name\":\"Break4Movie\",\"description\":\"Movie rental platform with new talented producers\",\"publisher\":{\"@id\":\"https:\/\/break4movie.com\/#organization\"},\"potentialAction\":[{\"@type\":\"SearchAction\",\"target\":{\"@type\":\"EntryPoint\",\"urlTemplate\":\"https:\/\/break4movie.com\/?s={search_term_string}\"},\"query-input\":{\"@type\":\"PropertyValueSpecification\",\"valueRequired\":true,\"valueName\":\"search_term_string\"}}],\"inLanguage\":\"es\"},{\"@type\":\"Organization\",\"@id\":\"https:\/\/break4movie.com\/#organization\",\"name\":\"Break4Movie\",\"url\":\"https:\/\/break4movie.com\/\",\"logo\":{\"@type\":\"ImageObject\",\"inLanguage\":\"es\",\"@id\":\"https:\/\/break4movie.com\/#\/schema\/logo\/image\/\",\"url\":\"https:\/\/break4movie.com\/wp-content\/uploads\/2024\/02\/logo-color-1.png\",\"contentUrl\":\"https:\/\/break4movie.com\/wp-content\/uploads\/2024\/02\/logo-color-1.png\",\"width\":900,\"height\":900,\"caption\":\"Break4Movie\"},\"image\":{\"@id\":\"https:\/\/break4movie.com\/#\/schema\/logo\/image\/\"}}]}<\/script>\n<!-- \/ Yoast SEO plugin. -->","yoast_head_json":{"title":"Terms of Use of Break4Movie - Break4Movie","robots":{"index":"index","follow":"follow","max-snippet":"max-snippet:-1","max-image-preview":"max-image-preview:large","max-video-preview":"max-video-preview:-1"},"canonical":"https:\/\/break4movie.com\/es\/condiciones-de-uso-de-break4movie\/","og_locale":"es_ES","og_type":"article","og_title":"Terms of Use of Break4Movie - Break4Movie","og_description":"BREAK4MOVIE is an interactive online platform that allows our users to access entertainment content via internet, on certain televisions and other devices compatible with BREAK4MOVIE. The BREAK4MOVIE service is offered to you by SRL BREAK4MOVIE, a Belgian company. These terms of use govern your use of the services offered by BREAK4MOVIE, including the viewing of...","og_url":"https:\/\/break4movie.com\/es\/condiciones-de-uso-de-break4movie\/","og_site_name":"Break4Movie","article_modified_time":"2024-12-14T13:10:12+00:00","twitter_card":"summary_large_image","twitter_misc":{"Tiempo de lectura":"4 minutos"},"schema":{"@context":"https:\/\/schema.org","@graph":[{"@type":"WebPage","@id":"https:\/\/break4movie.com\/terms-of-use-of-break4movie\/","url":"https:\/\/break4movie.com\/terms-of-use-of-break4movie\/","name":"Terms of Use of Break4Movie - Break4Movie","isPartOf":{"@id":"https:\/\/break4movie.com\/#website"},"datePublished":"2024-08-18T19:29:29+00:00","dateModified":"2024-12-14T13:10:12+00:00","breadcrumb":{"@id":"https:\/\/break4movie.com\/terms-of-use-of-break4movie\/#breadcrumb"},"inLanguage":"es","potentialAction":[{"@type":"ReadAction","target":["https:\/\/break4movie.com\/terms-of-use-of-break4movie\/"]}]},{"@type":"BreadcrumbList","@id":"https:\/\/break4movie.com\/terms-of-use-of-break4movie\/#breadcrumb","itemListElement":[{"@type":"ListItem","position":1,"name":"Home","item":"https:\/\/break4movie.com\/nl\/"},{"@type":"ListItem","position":2,"name":"Terms of Use of Break4Movie"}]},{"@type":"WebSite","@id":"https:\/\/break4movie.com\/#website","url":"https:\/\/break4movie.com\/","name":"Break4Movie","description":"Movie rental platform with new talented producers","publisher":{"@id":"https:\/\/break4movie.com\/#organization"},"potentialAction":[{"@type":"SearchAction","target":{"@type":"EntryPoint","urlTemplate":"https:\/\/break4movie.com\/?s={search_term_string}"},"query-input":{"@type":"PropertyValueSpecification","valueRequired":true,"valueName":"search_term_string"}}],"inLanguage":"es"},{"@type":"Organization","@id":"https:\/\/break4movie.com\/#organization","name":"Break4Movie","url":"https:\/\/break4movie.com\/","logo":{"@type":"ImageObject","inLanguage":"es","@id":"https:\/\/break4movie.com\/#\/schema\/logo\/image\/","url":"https:\/\/break4movie.com\/wp-content\/uploads\/2024\/02\/logo-color-1.png","contentUrl":"https:\/\/break4movie.com\/wp-content\/uploads\/2024\/02\/logo-color-1.png","width":900,"height":900,"caption":"Break4Movie"},"image":{"@id":"https:\/\/break4movie.com\/#\/schema\/logo\/image\/"}}]}},"_links":{"self":[{"href":"https:\/\/break4movie.com\/es\/wp-json\/wp\/v2\/pages\/4713","targetHints":{"allow":["GET"]}}],"collection":[{"href":"https:\/\/break4movie.com\/es\/wp-json\/wp\/v2\/pages"}],"about":[{"href":"https:\/\/break4movie.com\/es\/wp-json\/wp\/v2\/types\/page"}],"author":[{"embeddable":true,"href":"https:\/\/break4movie.com\/es\/wp-json\/wp\/v2\/users\/8"}],"replies":[{"embeddable":true,"href":"https:\/\/break4movie.com\/es\/wp-json\/wp\/v2\/comments?post=4713"}],"version-history":[{"count":19,"href":"https:\/\/break4movie.com\/es\/wp-json\/wp\/v2\/pages\/4713\/revisions"}],"predecessor-version":[{"id":8138,"href":"https:\/\/break4movie.com\/es\/wp-json\/wp\/v2\/pages\/4713\/revisions\/8138"}],"wp:attachment":[{"href":"https:\/\/break4movie.com\/es\/wp-json\/wp\/v2\/media?parent=4713"}],"curies":[{"name":"wp","href":"https:\/\/api.w.org\/{rel}","templated":true}]}}