{"id":4585,"date":"2024-08-17T13:01:20","date_gmt":"2024-08-17T11:01:20","guid":{"rendered":"https:\/\/break4movie.com\/?page_id=4585"},"modified":"2024-08-31T14:09:46","modified_gmt":"2024-08-31T12:09:46","slug":"presentation","status":"publish","type":"page","link":"https:\/\/break4movie.com\/fr\/presentation\/","title":{"rendered":"Pr\u00e9sentation"},"content":{"rendered":"<div data-elementor-type=\"wp-page\" data-elementor-id=\"4585\" class=\"elementor elementor-4585\" data-elementor-post-type=\"page\">\n\t\t\t\t<div class=\"elementor-element elementor-element-5ea2b76 e-flex e-con-boxed e-con e-parent\" data-id=\"5ea2b76\" data-element_type=\"container\">\n\t\t\t\t\t<div class=\"e-con-inner\">\n\t\t<div class=\"elementor-element elementor-element-ceca537 e-con-full e-flex e-con e-child\" data-id=\"ceca537\" data-element_type=\"container\">\n\t\t\t\t<\/div>\n\t\t<div class=\"elementor-element elementor-element-7e682fd e-con-full e-flex e-con e-child\" data-id=\"7e682fd\" data-element_type=\"container\">\n\t\t\t\t<div class=\"elementor-element elementor-element-ed15fa7 elementor-widget elementor-widget-image\" data-id=\"ed15fa7\" data-element_type=\"widget\" data-widget_type=\"image.default\">\n\t\t\t\t<div class=\"elementor-widget-container\">\n\t\t\t\t\t\t\t\t\t\t\t\t\t\t\t<img fetchpriority=\"high\" decoding=\"async\" width=\"300\" height=\"300\" src=\"https:\/\/break4movie.com\/wp-content\/uploads\/2024\/02\/logo-color-300x300.png\" class=\"attachment-medium size-medium wp-image-3724\" alt=\"\" srcset=\"https:\/\/break4movie.com\/wp-content\/uploads\/2024\/02\/logo-color-300x300.png 300w, https:\/\/break4movie.com\/wp-content\/uploads\/2024\/02\/logo-color-1024x1024.png 1024w, https:\/\/break4movie.com\/wp-content\/uploads\/2024\/02\/logo-color-150x150.png 150w, https:\/\/break4movie.com\/wp-content\/uploads\/2024\/02\/logo-color-768x768.png 768w, https:\/\/break4movie.com\/wp-content\/uploads\/2024\/02\/logo-color-1536x1536.png 1536w, https:\/\/break4movie.com\/wp-content\/uploads\/2024\/02\/logo-color-2048x2048.png 2048w, https:\/\/break4movie.com\/wp-content\/uploads\/2024\/02\/logo-color-420x420.png 420w, https:\/\/break4movie.com\/wp-content\/uploads\/2024\/02\/logo-color-800x800.png 800w, https:\/\/break4movie.com\/wp-content\/uploads\/2024\/02\/logo-color-1600x1600.png 1600w, https:\/\/break4movie.com\/wp-content\/uploads\/2024\/02\/logo-color-e1708393118670.png 100w\" sizes=\"(max-width: 300px) 100vw, 300px\" \/>\t\t\t\t\t\t\t\t\t\t\t\t\t\t\t<\/div>\n\t\t\t\t<\/div>\n\t\t\t\t<\/div>\n\t\t<div class=\"elementor-element elementor-element-adb49c3 e-con-full e-flex e-con e-child\" data-id=\"adb49c3\" data-element_type=\"container\">\n\t\t\t\t<\/div>\n\t\t\t\t\t<\/div>\n\t\t\t\t<\/div>\n\t\t<div class=\"elementor-element elementor-element-te8MMYg e-flex e-con-boxed e-con e-parent\" data-id=\"te8MMYg\" data-element_type=\"container\">\n\t\t\t\t\t<div class=\"e-con-inner\">\n\t\t<div class=\"elementor-element elementor-element-Y6tTHMp e-con-full e-flex e-con e-child\" data-id=\"Y6tTHMp\" data-element_type=\"container\">\n\t\t\t\t<div class=\"elementor-element elementor-element-rkmNDJk elementor-widget elementor-widget-heading\" data-id=\"rkmNDJk\" data-element_type=\"widget\" data-widget_type=\"heading.default\">\n\t\t\t\t<div class=\"elementor-widget-container\">\n\t\t\t\t\t<h2 class=\"elementor-heading-title elementor-size-default\">Qu'est-ce que Break4Movie ?<\/h2>\t\t\t\t<\/div>\n\t\t\t\t<\/div>\n\t\t\t\t<div class=\"elementor-element elementor-element-Xxu91x2 elementor-widget elementor-widget-text-editor\" data-id=\"Xxu91x2\" data-element_type=\"widget\" data-widget_type=\"text-editor.default\">\n\t\t\t\t<div class=\"elementor-widget-container\">\n\t\t\t\t\t\t\t\t\t<p>Break4Movie est une plateforme internationale de diffusion en continu de films ind\u00e9pendants, de s\u00e9ries et de contenus en direct.<\/p><p>Notre objectif est de donner vie \u00e0 des projets qui restent souvent enferm\u00e9s, ferm\u00e9s et oubli\u00e9s. Nous voulons soutenir les nouvelles \u0153uvres cin\u00e9matographiques, m\u00eame celles qui ne sont pas encore achev\u00e9es.<\/p>\t\t\t\t\t\t\t\t<\/div>\n\t\t\t\t<\/div>\n\t\t\t\t<div class=\"elementor-element elementor-element-512d3d4 elementor-widget elementor-widget-heading\" data-id=\"512d3d4\" data-element_type=\"widget\" data-widget_type=\"heading.default\">\n\t\t\t\t<div class=\"elementor-widget-container\">\n\t\t\t\t\t<h2 class=\"elementor-heading-title elementor-size-default\">Notre mission<\/h2>\t\t\t\t<\/div>\n\t\t\t\t<\/div>\n\t\t\t\t<div class=\"elementor-element elementor-element-68f076f elementor-widget elementor-widget-text-editor\" data-id=\"68f076f\" data-element_type=\"widget\" data-widget_type=\"text-editor.default\">\n\t\t\t\t<div class=\"elementor-widget-container\">\n\t\t\t\t\t\t\t\t\t<p>Nous pensons que tout projet cin\u00e9matographique m\u00e9rite d'\u00eatre mis en lumi\u00e8re, ind\u00e9pendamment des jugements, des pr\u00e9jug\u00e9s ou d'autres aspects, tels que les consid\u00e9rations financi\u00e8res. Notre objectif est de faire vivre des projets qui restent souvent enferm\u00e9s et de soutenir de nouvelles \u0153uvres, m\u00eame celles qui ne sont pas encore achev\u00e9es.<\/p>\t\t\t\t\t\t\t\t<\/div>\n\t\t\t\t<\/div>\n\t\t\t\t<div class=\"elementor-element elementor-element-0129cc0 elementor-widget elementor-widget-heading\" data-id=\"0129cc0\" data-element_type=\"widget\" data-widget_type=\"heading.default\">\n\t\t\t\t<div class=\"elementor-widget-container\">\n\t\t\t\t\t<h2 class=\"elementor-heading-title elementor-size-default\">Notre offre<\/h2>\t\t\t\t<\/div>\n\t\t\t\t<\/div>\n\t\t\t\t<div class=\"elementor-element elementor-element-de53b30 elementor-widget elementor-widget-text-editor\" data-id=\"de53b30\" data-element_type=\"widget\" data-widget_type=\"text-editor.default\">\n\t\t\t\t<div class=\"elementor-widget-container\">\n\t\t\t\t\t\t\t\t\t<p><strong>\ud83c\udf10 Visibilit\u00e9 sans fronti\u00e8res<\/strong><\/p><p><strong>\ud83c\udf0d Multilingue\u00a0<\/strong><\/p><p><strong>\u2705 Label de qualit\u00e9<\/strong><\/p><p><strong>\ud83d\udd12 S\u00e9curit\u00e9\u00a0<\/strong><\/p><p><strong>\ud83c\udf1f Nouvelle g\u00e9n\u00e9ration<\/strong><\/p><p><b>Exclusivit\u00e9s<\/b><\/p>\t\t\t\t\t\t\t\t<\/div>\n\t\t\t\t<\/div>\n\t\t\t\t<div class=\"elementor-element elementor-element-2540bf9 elementor-widget elementor-widget-heading\" data-id=\"2540bf9\" data-element_type=\"widget\" data-widget_type=\"heading.default\">\n\t\t\t\t<div class=\"elementor-widget-container\">\n\t\t\t\t\t<h2 class=\"elementor-heading-title elementor-size-default\">Notre passion<\/h2>\t\t\t\t<\/div>\n\t\t\t\t<\/div>\n\t\t\t\t<div class=\"elementor-element elementor-element-a0d3716 elementor-widget elementor-widget-text-editor\" data-id=\"a0d3716\" data-element_type=\"widget\" data-widget_type=\"text-editor.default\">\n\t\t\t\t<div class=\"elementor-widget-container\">\n\t\t\t\t\t\t\t\t\t<p>Nous mettons en valeur les projets de films en soulignant leur aspect artistique et leur r\u00e9sonance aupr\u00e8s du public, laissant ainsi une impression durable.<\/p>\t\t\t\t\t\t\t\t<\/div>\n\t\t\t\t<\/div>\n\t\t\t\t<div class=\"elementor-element elementor-element-d897882 elementor-widget elementor-widget-heading\" data-id=\"d897882\" data-element_type=\"widget\" data-widget_type=\"heading.default\">\n\t\t\t\t<div class=\"elementor-widget-container\">\n\t\t\t\t\t<h2 class=\"elementor-heading-title elementor-size-default\">Notre engagement<\/h2>\t\t\t\t<\/div>\n\t\t\t\t<\/div>\n\t\t\t\t<div class=\"elementor-element elementor-element-790b48d elementor-widget elementor-widget-text-editor\" data-id=\"790b48d\" data-element_type=\"widget\" data-widget_type=\"text-editor.default\">\n\t\t\t\t<div class=\"elementor-widget-container\">\n\t\t\t\t\t\t\t\t\t<p>Une \u00e9quipe professionnelle d\u00e9di\u00e9e, \u00e0 l'\u00e9coute de vos besoins, qui met tout en \u0153uvre pour vous assurer un suivi personnalis\u00e9 et une assistance rapide et efficace.<\/p>\t\t\t\t\t\t\t\t<\/div>\n\t\t\t\t<\/div>\n\t\t\t\t<div class=\"elementor-element elementor-element-d104ca0 elementor-widget elementor-widget-heading\" data-id=\"d104ca0\" data-element_type=\"widget\" data-widget_type=\"heading.default\">\n\t\t\t\t<div class=\"elementor-widget-container\">\n\t\t\t\t\t<h2 class=\"elementor-heading-title elementor-size-default\">L'origine de l'id\u00e9e<\/h2>\t\t\t\t<\/div>\n\t\t\t\t<\/div>\n\t\t\t\t<div class=\"elementor-element elementor-element-2c2f679 elementor-widget elementor-widget-text-editor\" data-id=\"2c2f679\" data-element_type=\"widget\" data-widget_type=\"text-editor.default\">\n\t\t\t\t<div class=\"elementor-widget-container\">\n\t\t\t\t\t\t\t\t\t<p>Apr\u00e8s avoir termin\u00e9 \"Le Salut de Tamara\", j'ai rencontr\u00e9 de nombreux producteurs et r\u00e9alisateurs talentueux qui travaillent sur de merveilleux projets. Malheureusement, le march\u00e9 actuel ne leur offre pas toujours la reconnaissance qu'ils m\u00e9ritent malgr\u00e9 leur talent et leur cr\u00e9ativit\u00e9. C'est pourquoi j'ai cr\u00e9\u00e9 Break4Movie. Notre plateforme vise \u00e0 briser les restrictions et les r\u00e8gles conventionnelles pour donner \u00e0 chaque projet une chance d'\u00eatre vu au niveau international.<\/p>\t\t\t\t\t\t\t\t<\/div>\n\t\t\t\t<\/div>\n\t\t\t\t<div class=\"elementor-element elementor-element-c4ae429 elementor-widget elementor-widget-heading\" data-id=\"c4ae429\" data-element_type=\"widget\" data-widget_type=\"heading.default\">\n\t\t\t\t<div class=\"elementor-widget-container\">\n\t\t\t\t\t<h2 class=\"elementor-heading-title elementor-size-default\">Avez-vous un projet de film \u00e0 partager avec le monde ?\n\n<\/h2>\t\t\t\t<\/div>\n\t\t\t\t<\/div>\n\t\t\t\t<div class=\"elementor-element elementor-element-2a49caa elementor-widget elementor-widget-text-editor\" data-id=\"2a49caa\" data-element_type=\"widget\" data-widget_type=\"text-editor.default\">\n\t\t\t\t<div class=\"elementor-widget-container\">\n\t\t\t\t\t\t\t\t\t<p>Contactez-moi d\u00e8s maintenant, je serais ravie de collaborer avec vous.<\/p>\t\t\t\t\t\t\t\t<\/div>\n\t\t\t\t<\/div>\n\t\t<div class=\"elementor-element elementor-element-FrIUuYp e-con-full e-flex e-con e-child\" data-id=\"FrIUuYp\" data-element_type=\"container\">\n\t\t\t\t<div class=\"elementor-element elementor-element-8256222 elementor-widget elementor-widget-heading\" data-id=\"8256222\" data-element_type=\"widget\" data-widget_type=\"heading.default\">\n\t\t\t\t<div class=\"elementor-widget-container\">\n\t\t\t\t\t<h2 class=\"elementor-heading-title elementor-size-default\">Qui suis-je ?<\/h2>\t\t\t\t<\/div>\n\t\t\t\t<\/div>\n\t\t\t\t<\/div>\n\t\t\t\t<div class=\"elementor-element elementor-element-dab320d elementor-widget elementor-widget-text-editor\" data-id=\"dab320d\" data-element_type=\"widget\" data-widget_type=\"text-editor.default\">\n\t\t\t\t<div class=\"elementor-widget-container\">\n\t\t\t\t\t\t\t\t\t<p><img decoding=\"async\" class=\"wp-image-4745 aligncenter\" src=\"https:\/\/break4movie.com\/wp-content\/uploads\/2024\/08\/tanya.jpg\" alt=\"\" width=\"500\" height=\"498\" \/><\/p><p>Je m'appelle Tanya Fileva, coproductrice et r\u00e9alisatrice du film autobiographique \"Le Salut de Tamara\". Ce film vise \u00e0 sensibiliser le public \u00e0 la traite des \u00eatres humains et \u00e0 la violence domestique en brisant le silence et en offrant de l'espoir \u00e0 ceux qui en ont besoin. \u00c0 travers ce film, je veux \u00e9duquer la soci\u00e9t\u00e9 pour \u00e9liminer les pr\u00e9jug\u00e9s et les fausses croyances en montrant que cela peut arriver \u00e0 n'importe qui.<\/p><p>Passionn\u00e9e par la promotion de projets cin\u00e9matographiques, je souhaite, en tant que directrice de la nouvelle plateforme internationale Break4Movie, permettre la distribution et donner de la visibilit\u00e9 \u00e0 des cin\u00e9astes aux budgets modestes \u00e0 travers une plateforme haut de gamme tout en restant accessible.<\/p><hr \/><p>Si vous avez besoin d'aide ou d'ajustements suppl\u00e9mentaires, n'h\u00e9sitez pas \u00e0 demander !<\/p>\t\t\t\t\t\t\t\t<\/div>\n\t\t\t\t<\/div>\n\t\t\t\t<\/div>\n\t\t\t\t\t<\/div>\n\t\t\t\t<\/div>\n\t\t<div class=\"elementor-element elementor-element-8a53f60 e-flex e-con-boxed e-con e-parent\" data-id=\"8a53f60\" data-element_type=\"container\">\n\t\t\t\t\t<div class=\"e-con-inner\">\n\t\t\t\t<div class=\"elementor-element elementor-element-76f97db elementor-widget elementor-widget-video\" data-id=\"76f97db\" data-element_type=\"widget\" data-settings=\"{&quot;youtube_url&quot;:&quot;https:\\\/\\\/youtu.be\\\/bRwGFq-7ANo&quot;,&quot;yt_privacy&quot;:&quot;yes&quot;,&quot;video_type&quot;:&quot;youtube&quot;,&quot;controls&quot;:&quot;yes&quot;}\" data-widget_type=\"video.default\">\n\t\t\t\t<div class=\"elementor-widget-container\">\n\t\t\t\t\t\t\t<div class=\"elementor-wrapper elementor-open-inline\">\n\t\t\t<div class=\"elementor-video\"><\/div>\t\t<\/div>\n\t\t\t\t\t\t<\/div>\n\t\t\t\t<\/div>\n\t\t\t\t\t<\/div>\n\t\t\t\t<\/div>\n\t\t\t\t<\/div>","protected":false},"excerpt":{"rendered":"<p>Qu'est-ce que Break4Movie ? Break4Movie est une plateforme internationale de diffusion en continu de films ind\u00e9pendants, de s\u00e9ries et de contenus en direct. Notre objectif est de donner vie \u00e0 des projets qui restent souvent enferm\u00e9s, ferm\u00e9s et oubli\u00e9s. Nous voulons soutenir les nouvelles \u0153uvres cin\u00e9matographiques, m\u00eame celles qui ne sont pas encore termin\u00e9es. Notre mission Nous pensons que chaque projet cin\u00e9matographique m\u00e9rite...<\/p>","protected":false},"author":1,"featured_media":0,"parent":0,"menu_order":0,"comment_status":"closed","ping_status":"closed","template":"","meta":{"footnotes":"","_wp_rev_ctl_limit":""},"class_list":["post-4585","page","type-page","status-publish","hentry"],"yoast_head":"<!-- This site is optimized with the Yoast SEO plugin v24.8.1 - https:\/\/yoast.com\/wordpress\/plugins\/seo\/ -->\n<title>Presentation - Break4Movie<\/title>\n<meta name=\"robots\" content=\"index, follow, max-snippet:-1, max-image-preview:large, max-video-preview:-1\" \/>\n<link rel=\"canonical\" href=\"https:\/\/break4movie.com\/fr\/presentation\/\" \/>\n<meta property=\"og:locale\" content=\"fr_FR\" \/>\n<meta property=\"og:type\" content=\"article\" \/>\n<meta property=\"og:title\" content=\"Presentation - Break4Movie\" \/>\n<meta property=\"og:description\" content=\"What is Break4Movie ? Break4Movie is an international streaming platform delivering independent movies, series and live content. Our goal is to bring to life projects\u00a0 that often remain locked, closed and forgotten. We want to support new cinematographic works, even those that are not yet finished. Our mission We believe that every film project deserves...\" \/>\n<meta property=\"og:url\" content=\"https:\/\/break4movie.com\/fr\/presentation\/\" \/>\n<meta property=\"og:site_name\" content=\"Break4Movie\" \/>\n<meta property=\"article:modified_time\" content=\"2024-08-31T12:09:46+00:00\" \/>\n<meta property=\"og:image\" content=\"https:\/\/break4movie.com\/wp-content\/uploads\/2024\/02\/logo-color-300x300.png\" \/>\n<meta name=\"twitter:card\" content=\"summary_large_image\" \/>\n<meta name=\"twitter:label1\" content=\"Dur\u00e9e de lecture estim\u00e9e\" \/>\n\t<meta name=\"twitter:data1\" content=\"2 minutes\" \/>\n<script type=\"application\/ld+json\" class=\"yoast-schema-graph\">{\"@context\":\"https:\/\/schema.org\",\"@graph\":[{\"@type\":\"WebPage\",\"@id\":\"https:\/\/break4movie.com\/presentation\/\",\"url\":\"https:\/\/break4movie.com\/presentation\/\",\"name\":\"Presentation - Break4Movie\",\"isPartOf\":{\"@id\":\"https:\/\/break4movie.com\/#website\"},\"primaryImageOfPage\":{\"@id\":\"https:\/\/break4movie.com\/presentation\/#primaryimage\"},\"image\":{\"@id\":\"https:\/\/break4movie.com\/presentation\/#primaryimage\"},\"thumbnailUrl\":\"https:\/\/break4movie.com\/wp-content\/uploads\/2024\/02\/logo-color-300x300.png\",\"datePublished\":\"2024-08-17T11:01:20+00:00\",\"dateModified\":\"2024-08-31T12:09:46+00:00\",\"breadcrumb\":{\"@id\":\"https:\/\/break4movie.com\/presentation\/#breadcrumb\"},\"inLanguage\":\"fr-FR\",\"potentialAction\":[{\"@type\":\"ReadAction\",\"target\":[\"https:\/\/break4movie.com\/presentation\/\"]}]},{\"@type\":\"ImageObject\",\"inLanguage\":\"fr-FR\",\"@id\":\"https:\/\/break4movie.com\/presentation\/#primaryimage\",\"url\":\"https:\/\/break4movie.com\/wp-content\/uploads\/2024\/02\/logo-color-300x300.png\",\"contentUrl\":\"https:\/\/break4movie.com\/wp-content\/uploads\/2024\/02\/logo-color-300x300.png\"},{\"@type\":\"BreadcrumbList\",\"@id\":\"https:\/\/break4movie.com\/presentation\/#breadcrumb\",\"itemListElement\":[{\"@type\":\"ListItem\",\"position\":1,\"name\":\"Home\",\"item\":\"https:\/\/break4movie.com\/nl\/\"},{\"@type\":\"ListItem\",\"position\":2,\"name\":\"Presentation\"}]},{\"@type\":\"WebSite\",\"@id\":\"https:\/\/break4movie.com\/#website\",\"url\":\"https:\/\/break4movie.com\/\",\"name\":\"Break4Movie\",\"description\":\"Movie rental platform with new talented producers\",\"publisher\":{\"@id\":\"https:\/\/break4movie.com\/#organization\"},\"potentialAction\":[{\"@type\":\"SearchAction\",\"target\":{\"@type\":\"EntryPoint\",\"urlTemplate\":\"https:\/\/break4movie.com\/?s={search_term_string}\"},\"query-input\":{\"@type\":\"PropertyValueSpecification\",\"valueRequired\":true,\"valueName\":\"search_term_string\"}}],\"inLanguage\":\"fr-FR\"},{\"@type\":\"Organization\",\"@id\":\"https:\/\/break4movie.com\/#organization\",\"name\":\"Break4Movie\",\"url\":\"https:\/\/break4movie.com\/\",\"logo\":{\"@type\":\"ImageObject\",\"inLanguage\":\"fr-FR\",\"@id\":\"https:\/\/break4movie.com\/#\/schema\/logo\/image\/\",\"url\":\"https:\/\/break4movie.com\/wp-content\/uploads\/2024\/02\/logo-color-1.png\",\"contentUrl\":\"https:\/\/break4movie.com\/wp-content\/uploads\/2024\/02\/logo-color-1.png\",\"width\":900,\"height\":900,\"caption\":\"Break4Movie\"},\"image\":{\"@id\":\"https:\/\/break4movie.com\/#\/schema\/logo\/image\/\"}}]}<\/script>\n<!-- \/ Yoast SEO plugin. -->","yoast_head_json":{"title":"Presentation - Break4Movie","robots":{"index":"index","follow":"follow","max-snippet":"max-snippet:-1","max-image-preview":"max-image-preview:large","max-video-preview":"max-video-preview:-1"},"canonical":"https:\/\/break4movie.com\/fr\/presentation\/","og_locale":"fr_FR","og_type":"article","og_title":"Presentation - Break4Movie","og_description":"What is Break4Movie ? Break4Movie is an international streaming platform delivering independent movies, series and live content. Our goal is to bring to life projects\u00a0 that often remain locked, closed and forgotten. We want to support new cinematographic works, even those that are not yet finished. Our mission We believe that every film project deserves...","og_url":"https:\/\/break4movie.com\/fr\/presentation\/","og_site_name":"Break4Movie","article_modified_time":"2024-08-31T12:09:46+00:00","og_image":[{"url":"https:\/\/break4movie.com\/wp-content\/uploads\/2024\/02\/logo-color-300x300.png","type":"","width":"","height":""}],"twitter_card":"summary_large_image","twitter_misc":{"Dur\u00e9e de lecture estim\u00e9e":"2 minutes"},"schema":{"@context":"https:\/\/schema.org","@graph":[{"@type":"WebPage","@id":"https:\/\/break4movie.com\/presentation\/","url":"https:\/\/break4movie.com\/presentation\/","name":"Presentation - Break4Movie","isPartOf":{"@id":"https:\/\/break4movie.com\/#website"},"primaryImageOfPage":{"@id":"https:\/\/break4movie.com\/presentation\/#primaryimage"},"image":{"@id":"https:\/\/break4movie.com\/presentation\/#primaryimage"},"thumbnailUrl":"https:\/\/break4movie.com\/wp-content\/uploads\/2024\/02\/logo-color-300x300.png","datePublished":"2024-08-17T11:01:20+00:00","dateModified":"2024-08-31T12:09:46+00:00","breadcrumb":{"@id":"https:\/\/break4movie.com\/presentation\/#breadcrumb"},"inLanguage":"fr-FR","potentialAction":[{"@type":"ReadAction","target":["https:\/\/break4movie.com\/presentation\/"]}]},{"@type":"ImageObject","inLanguage":"fr-FR","@id":"https:\/\/break4movie.com\/presentation\/#primaryimage","url":"https:\/\/break4movie.com\/wp-content\/uploads\/2024\/02\/logo-color-300x300.png","contentUrl":"https:\/\/break4movie.com\/wp-content\/uploads\/2024\/02\/logo-color-300x300.png"},{"@type":"BreadcrumbList","@id":"https:\/\/break4movie.com\/presentation\/#breadcrumb","itemListElement":[{"@type":"ListItem","position":1,"name":"Home","item":"https:\/\/break4movie.com\/nl\/"},{"@type":"ListItem","position":2,"name":"Presentation"}]},{"@type":"WebSite","@id":"https:\/\/break4movie.com\/#website","url":"https:\/\/break4movie.com\/","name":"Break4Movie","description":"Movie rental platform with new talented producers","publisher":{"@id":"https:\/\/break4movie.com\/#organization"},"potentialAction":[{"@type":"SearchAction","target":{"@type":"EntryPoint","urlTemplate":"https:\/\/break4movie.com\/?s={search_term_string}"},"query-input":{"@type":"PropertyValueSpecification","valueRequired":true,"valueName":"search_term_string"}}],"inLanguage":"fr-FR"},{"@type":"Organization","@id":"https:\/\/break4movie.com\/#organization","name":"Break4Movie","url":"https:\/\/break4movie.com\/","logo":{"@type":"ImageObject","inLanguage":"fr-FR","@id":"https:\/\/break4movie.com\/#\/schema\/logo\/image\/","url":"https:\/\/break4movie.com\/wp-content\/uploads\/2024\/02\/logo-color-1.png","contentUrl":"https:\/\/break4movie.com\/wp-content\/uploads\/2024\/02\/logo-color-1.png","width":900,"height":900,"caption":"Break4Movie"},"image":{"@id":"https:\/\/break4movie.com\/#\/schema\/logo\/image\/"}}]}},"_links":{"self":[{"href":"https:\/\/break4movie.com\/fr\/wp-json\/wp\/v2\/pages\/4585","targetHints":{"allow":["GET"]}}],"collection":[{"href":"https:\/\/break4movie.com\/fr\/wp-json\/wp\/v2\/pages"}],"about":[{"href":"https:\/\/break4movie.com\/fr\/wp-json\/wp\/v2\/types\/page"}],"author":[{"embeddable":true,"href":"https:\/\/break4movie.com\/fr\/wp-json\/wp\/v2\/users\/1"}],"replies":[{"embeddable":true,"href":"https:\/\/break4movie.com\/fr\/wp-json\/wp\/v2\/comments?post=4585"}],"version-history":[{"count":32,"href":"https:\/\/break4movie.com\/fr\/wp-json\/wp\/v2\/pages\/4585\/revisions"}],"predecessor-version":[{"id":6208,"href":"https:\/\/break4movie.com\/fr\/wp-json\/wp\/v2\/pages\/4585\/revisions\/6208"}],"wp:attachment":[{"href":"https:\/\/break4movie.com\/fr\/wp-json\/wp\/v2\/media?parent=4585"}],"curies":[{"name":"wp","href":"https:\/\/api.w.org\/{rel}","templated":true}]}}