{"id":4697,"date":"2024-08-18T20:53:26","date_gmt":"2024-08-18T18:53:26","guid":{"rendered":"https:\/\/break4movie.com\/?page_id=4697"},"modified":"2024-08-18T20:58:44","modified_gmt":"2024-08-18T18:58:44","slug":"privacy-policy-of-the-break4movie-platform","status":"publish","type":"page","link":"https:\/\/break4movie.com\/fr\/politique-de-confidentialite-de-la-plateforme-break4movie\/","title":{"rendered":"Politique de confidentialit\u00e9 de la plateforme Break4Movie"},"content":{"rendered":"<ol start=\"1\" class=\"wp-block-list\">\n<li><strong>Objectif<\/strong>\u00a0<\/li>\n<\/ol>\n\n\n\n<p>Conform\u00e9ment au R\u00e8glement G\u00e9n\u00e9ral sur la Protection des Donn\u00e9es (RGPD) applicable \u00e0 partir du 25 mai 2018, ce document a pour but d'informer l'utilisateur de la plateforme Break4Movie sur ses droits, notamment en ce qui concerne :<\/p>\n\n\n\n<ul class=\"wp-block-list\">\n<li>La collecte de leurs donn\u00e9es personnelles par Break4Movie<\/li>\n\n\n\n<li>L'utilisation de ces donn\u00e9es<\/li>\n\n\n\n<li>Acc\u00e8s \u00e0 ces donn\u00e9es<\/li>\n\n\n\n<li>Les droits de l'utilisateur sur le site<\/li>\n\n\n\n<li>La politique relative \u00e0 l'utilisation des cookies<\/li>\n<\/ul>\n\n\n\n<p>Cette politique de confidentialit\u00e9 s'applique parall\u00e8lement aux conditions d'utilisation de la plateforme, que l'utilisateur a \u00e9galement accept\u00e9es.<\/p>\n\n\n\n<ol start=\"2\" class=\"wp-block-list\">\n<li><strong>Droit applicable<\/strong>\u00a0<\/li>\n<\/ol>\n\n\n\n<p>Conform\u00e9ment au R\u00e8glement UE 2016\/679 du Parlement europ\u00e9en et du Conseil du 27 avril 2016 relatif \u00e0 la protection des personnes physiques \u00e0 l'\u00e9gard du traitement des donn\u00e9es \u00e0 caract\u00e8re personnel et \u00e0 la libre circulation de ces donn\u00e9es, la plateforme Break4Movie entend pr\u00e9ciser l'usage qu'elle peut faire des informations personnelles fournies par l'utilisateur. Les donn\u00e9es personnelles sont :<\/p>\n\n\n\n<ul class=\"wp-block-list\">\n<li>Traitement l\u00e9gal et transparent<\/li>\n\n\n\n<li>Collect\u00e9es \u00e0 des fins pr\u00e9cises, explicites et l\u00e9gitimes<\/li>\n\n\n\n<li>ne pas \u00eatre trait\u00e9es ult\u00e9rieurement d'une mani\u00e8re incompatible avec ces finalit\u00e9s (conform\u00e9ment \u00e0 l'art. 89 \u00a71 du R\u00e8glement g\u00e9n\u00e9ral sur la protection des donn\u00e9es, la conservation et le traitement des donn\u00e9es collect\u00e9es \u00e0 des fins statistiques ne sont pas consid\u00e9r\u00e9s comme incompatibles avec les finalit\u00e9s initiales)<\/li>\n\n\n\n<li>Ad\u00e9quates, pertinentes et limit\u00e9es \u00e0 ce qui est n\u00e9cessaire aux fins pour lesquelles elles sont collect\u00e9es<\/li>\n\n\n\n<li>Exactitude et mise \u00e0 jour \u00e0 la demande de l'utilisateur (\u00e0 cette fin, Break4Movie s'engage \u00e0 modifier ou \u00e0 corriger toute donn\u00e9e incorrecte fournie).<\/li>\n\n\n\n<li>Conserv\u00e9es sous une forme permettant l'identification des personnes concern\u00e9es pendant une dur\u00e9e n\u00e9cessaire et suffisante \u00e0 leur traitement<\/li>\n\n\n\n<li>trait\u00e9es de mani\u00e8re \u00e0 garantir leur s\u00e9curit\u00e9, y compris la protection contre le traitement non autoris\u00e9 ou ill\u00e9gal, la perte accidentelle, la destruction ou les dommages<\/li>\n<\/ul>\n\n\n\n<p>Dans ce cas, le traitement des donn\u00e9es collect\u00e9es est consid\u00e9r\u00e9 comme licite car l'utilisateur a express\u00e9ment consenti \u00e0 la collecte et au traitement desdites donn\u00e9es pour au moins l'une des finalit\u00e9s pr\u00e9vues par le r\u00e8glement. Le traitement des donn\u00e9es est \u00e9galement n\u00e9cessaire \u00e0 l'ex\u00e9cution du contrat de service liant l'utilisateur \u00e0 Break4Movie.<\/p>\n\n\n\n<ol start=\"3\" class=\"wp-block-list\">\n<li><strong>Consentement<\/strong>\u00a0<\/li>\n<\/ol>\n\n\n\n<p>En utilisant la plateforme Break4Movie, l'utilisateur consent express\u00e9ment \u00e0 toutes les conditions pr\u00e9vues par la pr\u00e9sente politique de confidentialit\u00e9, ainsi qu'\u00e0 la collecte, \u00e0 l'utilisation et au stockage des donn\u00e9es \u00e9num\u00e9r\u00e9es dans le pr\u00e9sent document.<\/p>\n\n\n\n<ol start=\"4\" class=\"wp-block-list\">\n<li><strong>Donn\u00e9es personnelles collect\u00e9es<\/strong>\u00a0<\/li>\n<\/ol>\n\n\n\n<p>Lors de l'utilisation de la plateforme Break4Movie, diverses donn\u00e9es personnelles concernant l'utilisateur seront collect\u00e9es.<\/p>\n\n\n\n<ul class=\"wp-block-list\">\n<li>Donn\u00e9es collect\u00e9es automatiquement :<ul><li>Adresse IP<\/li><\/ul><ul><li>G\u00e9olocalisation (donn\u00e9es utilis\u00e9es uniquement en cas de violation du contrat)<\/li><\/ul><ul><li>Syst\u00e8me d'exploitation utilis\u00e9<\/li><\/ul>\n<ul class=\"wp-block-list\">\n<li>Navigateur utilis\u00e9<\/li>\n<\/ul>\n<\/li>\n\n\n\n<li>Les donn\u00e9es suivantes sont collect\u00e9es de mani\u00e8re non automatique :<ul><li>Nom<\/li><\/ul><ul><li>Pr\u00e9nom<\/li><\/ul><ul><li>Adresse<\/li><\/ul><ul><li>Num\u00e9ro de t\u00e9l\u00e9phone<\/li><\/ul><ul><li>Date de naissance<\/li><\/ul><ul><li>Coordonn\u00e9es bancaires<\/li><\/ul>\n<ul class=\"wp-block-list\">\n<li>Mode de paiement choisi<\/li>\n<\/ul>\n<\/li>\n<\/ul>\n\n\n\n<p>&nbsp;&nbsp;&nbsp;&nbsp;&nbsp;&nbsp;&nbsp;&nbsp;&nbsp;&nbsp;&nbsp; Aucune donn\u00e9e suppl\u00e9mentaire ne sera collect\u00e9e sans que l'utilisateur en soit pr\u00e9alablement inform\u00e9.<\/p>\n\n\n\n<ol start=\"5\" class=\"wp-block-list\">\n<li><strong>Traitement des donn\u00e9es<\/strong>\u00a0<\/li>\n<\/ol>\n\n\n\n<p>Les donn\u00e9es personnelles collect\u00e9es par la plateforme Break4Movie ne seront trait\u00e9es qu'aux fins sp\u00e9cifi\u00e9es dans la pr\u00e9sente politique de confidentialit\u00e9.<br><br>La plateforme cr\u00e9era un profil individualis\u00e9 pour chaque utilisateur, comprenant toutes les donn\u00e9es, afin de permettre leur identification et de g\u00e9rer la facturation des services command\u00e9s.<br><br>En outre, des suggestions de services seront faites sur la base de statistiques, notamment sur les services pr\u00e9c\u00e9demment command\u00e9s, afin d'offrir un acc\u00e8s \u00e0 un contenu sp\u00e9cifique susceptible de r\u00e9pondre aux souhaits de l'utilisateur.<\/p>\n\n\n\n<ol start=\"6\" class=\"wp-block-list\">\n<li><strong>Partage des donn\u00e9es collect\u00e9es<\/strong>\u00a0<\/li>\n<\/ol>\n\n\n\n<p>La plateforme Break4Movie divulguera ouvertement et automatiquement toutes les donn\u00e9es personnelles collect\u00e9es \u00e0 ses employ\u00e9s, \u00e9tant donn\u00e9 qu'ils ont besoin de ces donn\u00e9es pour poursuivre le contrat conclu. Les donn\u00e9es collect\u00e9es ne seront pas partag\u00e9es avec des tiers en dehors de Break4Movie pour quelque raison que ce soit. Toutefois, les donn\u00e9es personnelles peuvent \u00eatre partag\u00e9es avec des tiers :<\/p>\n\n\n\n<ul class=\"wp-block-list\">\n<li>Si Break4Movie est contraint par la loi<\/li>\n\n\n\n<li>Si les informations sont n\u00e9cessaires \u00e0 une proc\u00e9dure judiciaire<\/li>\n\n\n\n<li>Prot\u00e9ger ses propres droits (notamment en cas de contrefa\u00e7on ou de piratage informatique - liste non exhaustive)<\/li>\n<\/ul>\n\n\n\n<ol start=\"7\" class=\"wp-block-list\">\n<li><strong>Stockage et protection des donn\u00e9es personnelles<\/strong>\u00a0<\/li>\n<\/ol>\n\n\n\n<p>Break4Movie ne conservera les donn\u00e9es que pendant le temps strictement n\u00e9cessaire \u00e0 l'ex\u00e9cution du contrat et uniquement aux fins pour lesquelles elles ont \u00e9t\u00e9 collect\u00e9es.<\/p>\n\n\n\n<ol start=\"8\" class=\"wp-block-list\">\n<li><strong>Droits et privil\u00e8ges des utilisateurs<\/strong>\u00a0<\/li>\n<\/ol>\n\n\n\n<p>Conform\u00e9ment aux articles 12 \u00e0 23 du r\u00e8glement g\u00e9n\u00e9ral sur la protection des donn\u00e9es, les utilisateurs de la plateforme Break4Movie ont les droits et privil\u00e8ges suivants concernant leurs donn\u00e9es personnelles :<\/p>\n\n\n\n<ul class=\"wp-block-list\">\n<li>Droit d'acc\u00e8s (consultation)<\/li>\n\n\n\n<li>Droit de rectification<\/li>\n\n\n\n<li>Droit \u00e0 l'effacement<\/li>\n\n\n\n<li>Droit de restreindre le traitement des donn\u00e9es<\/li>\n\n\n\n<li>Droit \u00e0 la portabilit\u00e9 des donn\u00e9es<\/li>\n\n\n\n<li>Droit d'opposition<\/li>\n<\/ul>\n\n\n\n<p>Pour exercer les droits mentionn\u00e9s ci-dessus (acc\u00e8s, modification, suppression, etc.), l'utilisateur peut contacter le service de gestion des donn\u00e9es de la plate-forme \u00e0 l'adresse suivante : RGPD@Break4Movie.com. Par ailleurs, afin d'assurer le respect de la protection des donn\u00e9es au sein de l'organisation, un d\u00e9l\u00e9gu\u00e9 \u00e0 la protection des donn\u00e9es (DPD) a \u00e9t\u00e9 d\u00e9sign\u00e9 et peut \u00eatre contact\u00e9 en cas de besoin \u00e0 l'adresse suivante : DPO@Break4Movie.com.<\/p>\n\n\n\n<ol start=\"9\" class=\"wp-block-list\">\n<li><strong>Politique en mati\u00e8re de cookies<\/strong>\u00a0<\/li>\n<\/ol>\n\n\n\n<p>Un cookie est un fichier stock\u00e9 sur le disque dur de l'utilisateur lorsqu'il navigue sur un site web (y compris la plateforme Break4Movie). Ce cookie permet de mieux comprendre les habitudes de navigation de l'utilisateur afin d'optimiser son exp\u00e9rience. Conform\u00e9ment au R\u00e8glement g\u00e9n\u00e9ral sur la protection des donn\u00e9es, l'utilisateur peut choisir d'\u00eatre averti \u00e0 chaque fois qu'un cookie est cr\u00e9\u00e9 ou peut, s'il le souhaite, d\u00e9sactiver compl\u00e8tement la transmission de cookies par la plateforme.<\/p>\n\n\n\n<ol start=\"10\" class=\"wp-block-list\">\n<li><strong>Modification de la politique de confidentialit\u00e9<\/strong>\u00a0<\/li>\n<\/ol>\n\n\n\n<p>La plateforme Break4Movie se r\u00e9serve le droit de modifier cette politique de confidentialit\u00e9, notamment pour r\u00e9pondre aux changements l\u00e9gislatifs en mati\u00e8re de protection des donn\u00e9es ou \u00e0 la n\u00e9cessit\u00e9 d'adapter le processus de gestion des donn\u00e9es de la plateforme. Si une telle modification de la politique de confidentialit\u00e9 s'av\u00e8re n\u00e9cessaire pour quelque raison que ce soit, l'utilisateur en sera inform\u00e9 au moins 15 jours avant que la nouvelle politique de confidentialit\u00e9 ne devienne applicable. L'utilisateur aura alors le choix d'adh\u00e9rer \u00e0 cette modification ou de supprimer son acc\u00e8s \u00e0 la plate-forme.<\/p>\n\n\n\n<ol start=\"11\" class=\"wp-block-list\">\n<li><strong>Contact<\/strong>\u00a0<\/li>\n<\/ol>\n\n\n\n<p>Pour toute question relative \u00e0 la gestion des donn\u00e9es personnelles ou \u00e0 la pr\u00e9sente politique de confidentialit\u00e9, l'utilisateur peut contacter le service cr\u00e9\u00e9 \u00e0 cet effet au sein de la plateforme Break4Movie \u00e0 l'adresse suivante : RGPD@Break4Movie.com.<\/p>","protected":false},"excerpt":{"rendered":"<p>Conform\u00e9ment au r\u00e8glement g\u00e9n\u00e9ral sur la protection des donn\u00e9es (RGPD) applicable \u00e0 compter du 25 mai 2018, ce document a pour objectif d'informer les user de la plateforme Break4Movie sur leurs droits, notamment en mati\u00e8re de : Cette politique de confidentialit\u00e9 s'applique parall\u00e8lement aux conditions d'utilisation de la plateforme, que le user a \u00e9galement accept\u00e9es. Conform\u00e9ment au r\u00e8glement (UE) 2016\/679 du...<\/p>","protected":false},"author":8,"featured_media":0,"parent":0,"menu_order":0,"comment_status":"closed","ping_status":"closed","template":"","meta":{"footnotes":"","_wp_rev_ctl_limit":""},"class_list":["post-4697","page","type-page","status-publish","hentry"],"yoast_head":"<!-- This site is optimized with the Yoast SEO plugin v24.8.1 - https:\/\/yoast.com\/wordpress\/plugins\/seo\/ -->\n<title>Privacy Policy of the Break4Movie Platform - Break4Movie<\/title>\n<meta name=\"robots\" content=\"index, follow, max-snippet:-1, max-image-preview:large, max-video-preview:-1\" \/>\n<link rel=\"canonical\" href=\"https:\/\/break4movie.com\/fr\/politique-de-confidentialite-de-la-plateforme-break4movie\/\" \/>\n<meta property=\"og:locale\" content=\"fr_FR\" \/>\n<meta property=\"og:type\" content=\"article\" \/>\n<meta property=\"og:title\" content=\"Privacy Policy of the Break4Movie Platform - Break4Movie\" \/>\n<meta property=\"og:description\" content=\"In accordance with the General Data Protection Regulation (GDPR) applicable from May 25, 2018, this document aims to inform the user of the Break4Movie platform about their rights, particularly regarding: This privacy policy applies alongside the platform\u2019s terms of use, which the user has also agreed to. In accordance with EU Regulation 2016\/679 of the...\" \/>\n<meta property=\"og:url\" content=\"https:\/\/break4movie.com\/fr\/politique-de-confidentialite-de-la-plateforme-break4movie\/\" \/>\n<meta property=\"og:site_name\" content=\"Break4Movie\" \/>\n<meta property=\"article:modified_time\" content=\"2024-08-18T18:58:44+00:00\" \/>\n<meta name=\"twitter:card\" content=\"summary_large_image\" \/>\n<meta name=\"twitter:label1\" content=\"Dur\u00e9e de lecture estim\u00e9e\" \/>\n\t<meta name=\"twitter:data1\" content=\"5 minutes\" \/>\n<script type=\"application\/ld+json\" class=\"yoast-schema-graph\">{\"@context\":\"https:\/\/schema.org\",\"@graph\":[{\"@type\":\"WebPage\",\"@id\":\"https:\/\/break4movie.com\/fr\/politique-de-confidentialite-de-la-plateforme-break4movie\/\",\"url\":\"https:\/\/break4movie.com\/fr\/politique-de-confidentialite-de-la-plateforme-break4movie\/\",\"name\":\"Privacy Policy of the Break4Movie Platform - Break4Movie\",\"isPartOf\":{\"@id\":\"https:\/\/break4movie.com\/#website\"},\"datePublished\":\"2024-08-18T18:53:26+00:00\",\"dateModified\":\"2024-08-18T18:58:44+00:00\",\"breadcrumb\":{\"@id\":\"https:\/\/break4movie.com\/fr\/politique-de-confidentialite-de-la-plateforme-break4movie\/#breadcrumb\"},\"inLanguage\":\"fr-FR\",\"potentialAction\":[{\"@type\":\"ReadAction\",\"target\":[\"https:\/\/break4movie.com\/fr\/politique-de-confidentialite-de-la-plateforme-break4movie\/\"]}]},{\"@type\":\"BreadcrumbList\",\"@id\":\"https:\/\/break4movie.com\/fr\/politique-de-confidentialite-de-la-plateforme-break4movie\/#breadcrumb\",\"itemListElement\":[{\"@type\":\"ListItem\",\"position\":1,\"name\":\"Home\",\"item\":\"https:\/\/break4movie.com\/nl\/\"},{\"@type\":\"ListItem\",\"position\":2,\"name\":\"Privacy Policy of the Break4Movie Platform\"}]},{\"@type\":\"WebSite\",\"@id\":\"https:\/\/break4movie.com\/#website\",\"url\":\"https:\/\/break4movie.com\/\",\"name\":\"Break4Movie\",\"description\":\"Movie rental platform with new talented producers\",\"publisher\":{\"@id\":\"https:\/\/break4movie.com\/#organization\"},\"potentialAction\":[{\"@type\":\"SearchAction\",\"target\":{\"@type\":\"EntryPoint\",\"urlTemplate\":\"https:\/\/break4movie.com\/?s={search_term_string}\"},\"query-input\":{\"@type\":\"PropertyValueSpecification\",\"valueRequired\":true,\"valueName\":\"search_term_string\"}}],\"inLanguage\":\"fr-FR\"},{\"@type\":\"Organization\",\"@id\":\"https:\/\/break4movie.com\/#organization\",\"name\":\"Break4Movie\",\"url\":\"https:\/\/break4movie.com\/\",\"logo\":{\"@type\":\"ImageObject\",\"inLanguage\":\"fr-FR\",\"@id\":\"https:\/\/break4movie.com\/#\/schema\/logo\/image\/\",\"url\":\"https:\/\/break4movie.com\/wp-content\/uploads\/2024\/02\/logo-color-1.png\",\"contentUrl\":\"https:\/\/break4movie.com\/wp-content\/uploads\/2024\/02\/logo-color-1.png\",\"width\":900,\"height\":900,\"caption\":\"Break4Movie\"},\"image\":{\"@id\":\"https:\/\/break4movie.com\/#\/schema\/logo\/image\/\"}}]}<\/script>\n<!-- \/ Yoast SEO plugin. -->","yoast_head_json":{"title":"Privacy Policy of the Break4Movie Platform - Break4Movie","robots":{"index":"index","follow":"follow","max-snippet":"max-snippet:-1","max-image-preview":"max-image-preview:large","max-video-preview":"max-video-preview:-1"},"canonical":"https:\/\/break4movie.com\/fr\/politique-de-confidentialite-de-la-plateforme-break4movie\/","og_locale":"fr_FR","og_type":"article","og_title":"Privacy Policy of the Break4Movie Platform - Break4Movie","og_description":"In accordance with the General Data Protection Regulation (GDPR) applicable from May 25, 2018, this document aims to inform the user of the Break4Movie platform about their rights, particularly regarding: This privacy policy applies alongside the platform\u2019s terms of use, which the user has also agreed to. In accordance with EU Regulation 2016\/679 of the...","og_url":"https:\/\/break4movie.com\/fr\/politique-de-confidentialite-de-la-plateforme-break4movie\/","og_site_name":"Break4Movie","article_modified_time":"2024-08-18T18:58:44+00:00","twitter_card":"summary_large_image","twitter_misc":{"Dur\u00e9e de lecture estim\u00e9e":"5 minutes"},"schema":{"@context":"https:\/\/schema.org","@graph":[{"@type":"WebPage","@id":"https:\/\/break4movie.com\/fr\/politique-de-confidentialite-de-la-plateforme-break4movie\/","url":"https:\/\/break4movie.com\/fr\/politique-de-confidentialite-de-la-plateforme-break4movie\/","name":"Privacy Policy of the Break4Movie Platform - Break4Movie","isPartOf":{"@id":"https:\/\/break4movie.com\/#website"},"datePublished":"2024-08-18T18:53:26+00:00","dateModified":"2024-08-18T18:58:44+00:00","breadcrumb":{"@id":"https:\/\/break4movie.com\/fr\/politique-de-confidentialite-de-la-plateforme-break4movie\/#breadcrumb"},"inLanguage":"fr-FR","potentialAction":[{"@type":"ReadAction","target":["https:\/\/break4movie.com\/fr\/politique-de-confidentialite-de-la-plateforme-break4movie\/"]}]},{"@type":"BreadcrumbList","@id":"https:\/\/break4movie.com\/fr\/politique-de-confidentialite-de-la-plateforme-break4movie\/#breadcrumb","itemListElement":[{"@type":"ListItem","position":1,"name":"Home","item":"https:\/\/break4movie.com\/nl\/"},{"@type":"ListItem","position":2,"name":"Privacy Policy of the Break4Movie Platform"}]},{"@type":"WebSite","@id":"https:\/\/break4movie.com\/#website","url":"https:\/\/break4movie.com\/","name":"Break4Movie","description":"Movie rental platform with new talented producers","publisher":{"@id":"https:\/\/break4movie.com\/#organization"},"potentialAction":[{"@type":"SearchAction","target":{"@type":"EntryPoint","urlTemplate":"https:\/\/break4movie.com\/?s={search_term_string}"},"query-input":{"@type":"PropertyValueSpecification","valueRequired":true,"valueName":"search_term_string"}}],"inLanguage":"fr-FR"},{"@type":"Organization","@id":"https:\/\/break4movie.com\/#organization","name":"Break4Movie","url":"https:\/\/break4movie.com\/","logo":{"@type":"ImageObject","inLanguage":"fr-FR","@id":"https:\/\/break4movie.com\/#\/schema\/logo\/image\/","url":"https:\/\/break4movie.com\/wp-content\/uploads\/2024\/02\/logo-color-1.png","contentUrl":"https:\/\/break4movie.com\/wp-content\/uploads\/2024\/02\/logo-color-1.png","width":900,"height":900,"caption":"Break4Movie"},"image":{"@id":"https:\/\/break4movie.com\/#\/schema\/logo\/image\/"}}]}},"_links":{"self":[{"href":"https:\/\/break4movie.com\/fr\/wp-json\/wp\/v2\/pages\/4697","targetHints":{"allow":["GET"]}}],"collection":[{"href":"https:\/\/break4movie.com\/fr\/wp-json\/wp\/v2\/pages"}],"about":[{"href":"https:\/\/break4movie.com\/fr\/wp-json\/wp\/v2\/types\/page"}],"author":[{"embeddable":true,"href":"https:\/\/break4movie.com\/fr\/wp-json\/wp\/v2\/users\/8"}],"replies":[{"embeddable":true,"href":"https:\/\/break4movie.com\/fr\/wp-json\/wp\/v2\/comments?post=4697"}],"version-history":[{"count":1,"href":"https:\/\/break4movie.com\/fr\/wp-json\/wp\/v2\/pages\/4697\/revisions"}],"predecessor-version":[{"id":4705,"href":"https:\/\/break4movie.com\/fr\/wp-json\/wp\/v2\/pages\/4697\/revisions\/4705"}],"wp:attachment":[{"href":"https:\/\/break4movie.com\/fr\/wp-json\/wp\/v2\/media?parent=4697"}],"curies":[{"name":"wp","href":"https:\/\/api.w.org\/{rel}","templated":true}]}}