{"id":4713,"date":"2024-08-18T21:29:29","date_gmt":"2024-08-18T19:29:29","guid":{"rendered":"https:\/\/break4movie.com\/?page_id=4713"},"modified":"2024-12-14T14:10:12","modified_gmt":"2024-12-14T13:10:12","slug":"terms-of-use-of-break4movie","status":"publish","type":"page","link":"https:\/\/break4movie.com\/fr\/conditions-dutilisation-de-break4movie\/","title":{"rendered":"Conditions d'utilisation de Break4Movie"},"content":{"rendered":"<div data-elementor-type=\"wp-page\" data-elementor-id=\"4713\" class=\"elementor elementor-4713\" data-elementor-post-type=\"page\">\n\t\t\t\t<div class=\"elementor-element elementor-element-512738c4 e-flex e-con-boxed e-con e-parent\" data-id=\"512738c4\" data-element_type=\"container\">\n\t\t\t\t\t<div class=\"e-con-inner\">\n\t\t\t\t<div class=\"elementor-element elementor-element-7d9eeaf2 elementor-widget elementor-widget-text-editor\" data-id=\"7d9eeaf2\" data-element_type=\"widget\" data-widget_type=\"text-editor.default\">\n\t\t\t\t<div class=\"elementor-widget-container\">\n\t\t\t\t\t\t\t\t\t<ol start=\"1\">\n<li style=\"list-style-type: none;\">\n<ol start=\"1\"><\/ol>\n<\/li>\n<\/ol>\n<p>\u00a0<\/p>\n<ol start=\"1\">\n<li style=\"list-style-type: none;\">\n<ol start=\"1\">\n<li><strong>Pr\u00e9ambule<\/strong>\u00a0<\/li>\n<\/ol>\n<\/li>\n<\/ol>\n<p><\/p>\n<p><!-- \/wp:list --><\/p>\n<p><!-- wp:paragraph --><\/p>\n<p>BREAK4MOVIE est une plateforme interactive en ligne qui permet \u00e0 nos utilisateurs d'acc\u00e9der \u00e0 des contenus de divertissement via Internet, sur certains t\u00e9l\u00e9viseurs et autres appareils compatibles avec BREAK4MOVIE.<br \/><br \/>Le service BREAK4MOVIE vous est offert par SRL BREAK4MOVIE, une soci\u00e9t\u00e9 belge.<br \/><br \/>Les pr\u00e9sentes conditions d'utilisation r\u00e9gissent votre utilisation des services offerts par BREAK4MOVIE, y compris la visualisation de contenus num\u00e9riques exclusifs.<\/p>\n<p><!-- \/wp:paragraph --><\/p>\n<p><!-- wp:list {\"ordered\":true,\"start\":2} --><\/p>\n<ol start=\"2\">\n<li style=\"list-style-type: none;\">\n<ol start=\"2\"><!-- wp:list-item --><\/ol>\n<\/li>\n<\/ol>\n<p>\u00a0<\/p>\n<ol start=\"2\">\n<li style=\"list-style-type: none;\">\n<ol start=\"2\">\n<li><strong>Paiement \u00e0 la s\u00e9ance<\/strong>\u00a0<\/li>\n<\/ol>\n<\/li>\n<\/ol>\n<p><!-- \/wp:list-item --><\/p>\n<p><!-- \/wp:list --><\/p>\n<p><!-- wp:paragraph --><\/p>\n<p>Apr\u00e8s paiement du montant d\u00e9termin\u00e9 sur la plateforme, l'utilisateur aura acc\u00e8s au contenu de son choix pendant une p\u00e9riode de 24 heures.<br \/><br \/>Cet acc\u00e8s sera limit\u00e9 \u00e0 la visualisation de contenus de divertissement dans un cadre familial, sans possibilit\u00e9 de reproduction ou de diffusion publique (gratuite ou payante).<br \/><br \/>Tout t\u00e9l\u00e9chargement initi\u00e9 engage irr\u00e9vocablement l'utilisateur, qui ne peut demander aucun remboursement suite \u00e0 une erreur de manipulation.<\/p>\n<p><!-- \/wp:paragraph --><\/p>\n<p><!-- wp:list {\"ordered\":true,\"start\":3} --><\/p>\n<ol start=\"3\">\n<li style=\"list-style-type: none;\">\n<ol start=\"3\"><!-- wp:list-item --><\/ol>\n<\/li>\n<\/ol>\n<p>\u00a0<\/p>\n<ol start=\"3\">\n<li style=\"list-style-type: none;\">\n<ol start=\"3\">\n<li><strong>Facturation<\/strong>\u00a0<\/li>\n<\/ol>\n<\/li>\n<\/ol>\n<p><!-- \/wp:list-item --><\/p>\n<p><!-- \/wp:list --><\/p>\n<p><!-- wp:paragraph --><\/p>\n<p>L'utilisation du service BREAK4MOVIE implique que vous nous fournissiez au moins un moyen de paiement qui nous autorise \u00e0 d\u00e9biter votre compte bancaire pour le paiement de vos frais de visualisation du contenu interactif.<br \/><br \/>Vous serez responsable de tout montant qui n'a pas pu \u00eatre d\u00e9bit\u00e9. Si, pour quelque raison que ce soit, la facture \u00e9mise n'est pas pay\u00e9e dans les 5 jours suivant son \u00e9mission, le compte de l'utilisateur sera automatiquement suspendu jusqu'\u00e0 ce que la facture soit r\u00e9gularis\u00e9e et pay\u00e9e.<br \/><br \/>En cas d'inex\u00e9cution, BREAK4MOVIE se r\u00e9serve le droit de r\u00e9silier le contrat aux torts exclusifs de l'utilisateur et de demander non seulement le paiement des factures \u00e9chues mais \u00e9galement des dommages et int\u00e9r\u00eats.<\/p>\n<p><!-- \/wp:paragraph --><\/p>\n<p><!-- wp:list {\"ordered\":true,\"start\":4} --><\/p>\n<ol start=\"4\">\n<li style=\"list-style-type: none;\">\n<ol start=\"4\"><!-- wp:list-item --><\/ol>\n<\/li>\n<\/ol>\n<p>\u00a0<\/p>\n<ol start=\"4\">\n<li style=\"list-style-type: none;\">\n<ol start=\"4\">\n<li><strong>Remboursements<\/strong>\u00a0<\/li>\n<\/ol>\n<\/li>\n<\/ol>\n<p><!-- \/wp:list-item --><\/p>\n<p><!-- \/wp:list --><\/p>\n<p><!-- wp:paragraph --><\/p>\n<p>Si le prix des films est augment\u00e9, l'utilisateur peut demander le remboursement du cr\u00e9dit restant s'il n'est pas d'accord avec la nouvelle tarification. \u00c0 l'exception du point ci-dessus, les paiements ne sont pas remboursables.<\/p>\n<p><!-- \/wp:paragraph --><\/p>\n<p><!-- wp:list {\"ordered\":true,\"start\":5} --><\/p>\n<ol start=\"5\">\n<li style=\"list-style-type: none;\">\n<ol start=\"5\"><!-- wp:list-item --><\/ol>\n<\/li>\n<\/ol>\n<p>\u00a0<\/p>\n<ol start=\"5\">\n<li style=\"list-style-type: none;\">\n<ol start=\"5\">\n<li><strong>Modification du prix de la t\u00e9l\u00e9vision \u00e0 la carte<\/strong>\u00a0<\/li>\n<\/ol>\n<\/li>\n<\/ol>\n<p><!-- \/wp:list-item --><\/p>\n<p><!-- \/wp:list --><\/p>\n<p><!-- wp:paragraph --><\/p>\n<p>BREAK4MOVIE se r\u00e9serve le droit de modifier le prix des services fournis \u00e0 l'utilisateur.<\/p>\n<p><!-- \/wp:paragraph --><\/p>\n<p><!-- wp:list {\"ordered\":true,\"start\":6} --><\/p>\n<ol start=\"6\">\n<li style=\"list-style-type: none;\">\n<ol start=\"6\"><!-- wp:list-item --><\/ol>\n<\/li>\n<\/ol>\n<p>\u00a0<\/p>\n<ol start=\"6\">\n<li style=\"list-style-type: none;\">\n<ol start=\"6\">\n<li><strong>Services BREAK4MOVIE<\/strong>\u00a0<\/li>\n<\/ol>\n<\/li>\n<\/ol>\n<p><!-- \/wp:list-item --><\/p>\n<p><!-- \/wp:list --><\/p>\n<p><!-- wp:paragraph --><\/p>\n<p>Tout utilisateur doit \u00eatre \u00e2g\u00e9 d'au moins 16 ans pour s'abonner aux services de BREAK4MOVIE. Les mineurs ne peuvent acc\u00e9der \u00e0 la plateforme qu'avec l'autorisation d'un adulte et sous sa surveillance.<br \/><br \/>Le service de visualisation du contenu de BREAK4MOVIE est destin\u00e9 \u00e0 un usage priv\u00e9 et non commercial et ne peut \u00eatre partag\u00e9 avec des personnes ext\u00e9rieures \u00e0 votre foyer. Pendant la p\u00e9riode de location \u00e0 la carte, BREAK4MOVIE vous accorde un droit d'acc\u00e8s limit\u00e9 et incessible au contenu mis en ligne.<br \/><br \/>Aucun droit de reproduction du contenu fourni n'est accord\u00e9 \u00e0 l'utilisateur. D'une mani\u00e8re g\u00e9n\u00e9rale, l'utilisateur s'engage \u00e0 ne pas archiver, reproduire, distribuer, afficher, ex\u00e9cuter, publier, cr\u00e9er des \u0153uvres d\u00e9riv\u00e9es ou vendre le contenu de BREAK4MOVIE.<br \/><br \/>L'utilisateur s'engage \u00e9galement \u00e0 ne pas pirater, contourner, supprimer, modifier, d\u00e9truire, d\u00e9sactiver, bloquer, cacher ou s'engager dans toute autre activit\u00e9 visant \u00e0 contourner les protections du contenu mis en ligne par BREAK4MOVIE.<br \/><br \/>Tout comportement g\u00e9n\u00e9ral visant \u00e0 compromettre l'int\u00e9grit\u00e9 des donn\u00e9es fournies par la plateforme BREAK4MOVIE, outre son caract\u00e8re d\u00e9lictueux pouvant faire l'objet de poursuites p\u00e9nales, entra\u00eenera automatiquement la poursuite de l'utilisateur en dommages et int\u00e9r\u00eats.<br \/><br \/>Cela entra\u00eenera \u00e9galement la suppression automatique du compte violant les pr\u00e9sentes conditions d'utilisation.<br \/><br \/>La qualit\u00e9 d'affichage du contenu fourni peut varier en fonction du type de connexion, de l'appareil utilis\u00e9 ou, plus g\u00e9n\u00e9ralement, de la r\u00e9gion o\u00f9 le contenu est visualis\u00e9.<br \/><br \/>BREAK4MOVIE ne peut \u00eatre tenu responsable d'une qualit\u00e9 d'image inf\u00e9rieure au standard souhait\u00e9, et il appartiendra \u00e0 l'utilisateur de prendre toutes les mesures techniques pour r\u00e9pondre \u00e0 ses propres attentes.<br \/><br \/>L'utilisation de la plateforme BREAK4MOVIE peut n\u00e9cessiter l'installation d'un logiciel tiers pour acc\u00e9der au contenu disponible.<br \/><br \/>Il appartiendra \u00e0 l'utilisateur de mettre r\u00e9guli\u00e8rement \u00e0 jour le logiciel principal ou tout autre logiciel tiers associ\u00e9 pour une exp\u00e9rience optimale.<\/p>\n<p><!-- \/wp:paragraph --><\/p>\n<p><!-- wp:list {\"ordered\":true,\"start\":7} --><\/p>\n<ol start=\"7\">\n<li style=\"list-style-type: none;\">\n<ol start=\"7\"><!-- wp:list-item --><\/ol>\n<\/li>\n<\/ol>\n<p>\u00a0<\/p>\n<ol start=\"7\">\n<li style=\"list-style-type: none;\">\n<ol start=\"7\">\n<li><strong>Mot de passe et acc\u00e8s au compte<\/strong>\u00a0<\/li>\n<\/ol>\n<\/li>\n<\/ol>\n<p><!-- \/wp:list-item --><\/p>\n<p><!-- \/wp:list --><\/p>\n<p><!-- wp:paragraph --><\/p>\n<p>Le nom d'utilisateur et le mot de passe sont destin\u00e9s \u00e0 un usage personnel et doivent rester confidentiels. Il est strictement interdit \u00e0 tout utilisateur de transmettre ces donn\u00e9es \u00e0 un tiers, mais si cela devait se produire, l'utilisateur accepte irr\u00e9vocablement que ces personnes agissent en son nom et soient irr\u00e9vocablement li\u00e9es aux t\u00e9l\u00e9chargements et \u00e0 l'acc\u00e8s demand\u00e9s, notamment en termes de facturation.<br \/><br \/>L'utilisateur s'engage \u00e9galement \u00e0 maintenir des informations exactes sur son compte, notamment une adresse \u00e9lectronique valide permettant \u00e0 BREAK4MOVIE de lui adresser toute information utile relative \u00e0 son compte.<br \/><br \/>BREAK4MOVIE peut r\u00e9silier ou suspendre un compte jug\u00e9 \"suspect\" afin de prot\u00e9ger l'utilisateur et la plateforme ou ses partenaires contre l'usurpation d'identit\u00e9 ou toute autre activit\u00e9 frauduleuse.<\/p>\n<p><!-- \/wp:paragraph --><\/p>\n<p><!-- wp:list {\"ordered\":true,\"start\":8} --><\/p>\n<ol start=\"8\">\n<li style=\"list-style-type: none;\">\n<ol start=\"8\"><!-- wp:list-item --><\/ol>\n<\/li>\n<\/ol>\n<p>\u00a0<\/p>\n<ol start=\"8\">\n<li style=\"list-style-type: none;\">\n<ol start=\"8\">\n<li><strong>Modification des conditions d'utilisation<\/strong>\u00a0<\/li>\n<\/ol>\n<\/li>\n<\/ol>\n<p><!-- \/wp:list-item --><\/p>\n<p><!-- \/wp:list --><\/p>\n<p><!-- wp:paragraph --><\/p>\n<p>BREAK4MOVIE peut modifier unilat\u00e9ralement les pr\u00e9sentes conditions d'utilisation. En cas de modification, l'utilisateur sera inform\u00e9 par courrier \u00e9lectronique des changements substantiels avant qu'ils ne deviennent applicables. Elles seront applicables le premier jour ouvrable du mois suivant.<\/p>\n<p><!-- \/wp:paragraph --><\/p>\n<p><!-- wp:list {\"ordered\":true,\"start\":9} --><\/p>\n<ol start=\"9\">\n<li style=\"list-style-type: none;\">\n<ol start=\"9\"><!-- wp:list-item --><\/ol>\n<\/li>\n<\/ol>\n<p>\u00a0<\/p>\n<ol start=\"9\">\n<li style=\"list-style-type: none;\">\n<ol start=\"9\">\n<li><strong>Nullit\u00e9<\/strong>\u00a0<\/li>\n<\/ol>\n<\/li>\n<\/ol>\n<p><!-- \/wp:list-item --><\/p>\n<p><!-- \/wp:list --><\/p>\n<p><!-- wp:paragraph --><\/p>\n<p>Si une ou plusieurs dispositions des pr\u00e9sentes conditions g\u00e9n\u00e9rales sont invalides, ill\u00e9gales ou inapplicables, les autres dispositions resteront pleinement applicables et conserveront leurs effets.<\/p>\n<p><!-- \/wp:paragraph --><\/p>\n<p><!-- wp:list {\"ordered\":true,\"start\":10} --><\/p>\n<ol start=\"10\">\n<li style=\"list-style-type: none;\">\n<ol start=\"10\"><!-- wp:list-item --><\/ol>\n<\/li>\n<\/ol>\n<p>\u00a0<\/p>\n<ol start=\"10\">\n<li style=\"list-style-type: none;\">\n<ol start=\"10\">\n<li><strong>Droit applicable<\/strong>\u00a0<\/li>\n<\/ol>\n<\/li>\n<\/ol>\n<p><!-- \/wp:list-item --><\/p>\n<p><!-- \/wp:list --><\/p>\n<p><!-- wp:paragraph --><\/p>\n<p>Les pr\u00e9sentes conditions d'utilisation sont r\u00e9gies par le droit belge. En cas de litige, les parties conviennent que leurs diff\u00e9rends seront tranch\u00e9s par les tribunaux belges, plus pr\u00e9cis\u00e9ment les tribunaux de l'arrondissement judiciaire de Li\u00e8ge.<\/p>\n<p>\u00a0 \u00a0 11. <strong>Prix des paquets<\/strong><\/p>\n<p>Le prix hors TVA (HTVA) peut varier d'un pays \u00e0 l'autre en raison des diff\u00e9rences de taux de TVA applicables dans chaque pays. Par cons\u00e9quent, afin de garantir un prix final TTC uniforme pour tous nos clients, le montant HTVA est ajust\u00e9 en fonction du taux de TVA en vigueur dans le pays de r\u00e9sidence de l'acheteur.<\/p>\n<p><!-- \/wp:paragraph --><\/p>\t\t\t\t\t\t\t\t<\/div>\n\t\t\t\t<\/div>\n\t\t\t\t\t<\/div>\n\t\t\t\t<\/div>\n\t\t\t\t<\/div>","protected":false},"excerpt":{"rendered":"<p>BREAK4MOVIE est une plateforme interactive en ligne qui permet \u00e0 nos user d'acc\u00e9der \u00e0 du contenu de divertissement via Internet, sur certains t\u00e9l\u00e9viseurs et autres appareils compatibles avec BREAK4MOVIE. Le service BREAK4MOVIE vous est propos\u00e9 par SRL BREAK4MOVIE, une soci\u00e9t\u00e9 belge. Les pr\u00e9sentes conditions d'utilisation r\u00e9gissent votre utilisation des services offerts par BREAK4MOVIE, y compris le visionnage de...<\/p>","protected":false},"author":8,"featured_media":0,"parent":0,"menu_order":0,"comment_status":"closed","ping_status":"closed","template":"","meta":{"footnotes":"","_wp_rev_ctl_limit":""},"class_list":["post-4713","page","type-page","status-publish","hentry"],"yoast_head":"<!-- This site is optimized with the Yoast SEO plugin v24.8.1 - https:\/\/yoast.com\/wordpress\/plugins\/seo\/ -->\n<title>Terms of Use of Break4Movie - Break4Movie<\/title>\n<meta name=\"robots\" content=\"index, follow, max-snippet:-1, max-image-preview:large, max-video-preview:-1\" \/>\n<link rel=\"canonical\" href=\"https:\/\/break4movie.com\/fr\/conditions-dutilisation-de-break4movie\/\" \/>\n<meta property=\"og:locale\" content=\"fr_FR\" \/>\n<meta property=\"og:type\" content=\"article\" \/>\n<meta property=\"og:title\" content=\"Terms of Use of Break4Movie - Break4Movie\" \/>\n<meta property=\"og:description\" content=\"BREAK4MOVIE is an interactive online platform that allows our users to access entertainment content via internet, on certain televisions and other devices compatible with BREAK4MOVIE. The BREAK4MOVIE service is offered to you by SRL BREAK4MOVIE, a Belgian company. These terms of use govern your use of the services offered by BREAK4MOVIE, including the viewing of...\" \/>\n<meta property=\"og:url\" content=\"https:\/\/break4movie.com\/fr\/conditions-dutilisation-de-break4movie\/\" \/>\n<meta property=\"og:site_name\" content=\"Break4Movie\" \/>\n<meta property=\"article:modified_time\" content=\"2024-12-14T13:10:12+00:00\" \/>\n<meta name=\"twitter:card\" content=\"summary_large_image\" \/>\n<meta name=\"twitter:label1\" content=\"Dur\u00e9e de lecture estim\u00e9e\" \/>\n\t<meta name=\"twitter:data1\" content=\"4 minutes\" \/>\n<script type=\"application\/ld+json\" class=\"yoast-schema-graph\">{\"@context\":\"https:\/\/schema.org\",\"@graph\":[{\"@type\":\"WebPage\",\"@id\":\"https:\/\/break4movie.com\/terms-of-use-of-break4movie\/\",\"url\":\"https:\/\/break4movie.com\/terms-of-use-of-break4movie\/\",\"name\":\"Terms of Use of Break4Movie - Break4Movie\",\"isPartOf\":{\"@id\":\"https:\/\/break4movie.com\/#website\"},\"datePublished\":\"2024-08-18T19:29:29+00:00\",\"dateModified\":\"2024-12-14T13:10:12+00:00\",\"breadcrumb\":{\"@id\":\"https:\/\/break4movie.com\/terms-of-use-of-break4movie\/#breadcrumb\"},\"inLanguage\":\"fr-FR\",\"potentialAction\":[{\"@type\":\"ReadAction\",\"target\":[\"https:\/\/break4movie.com\/terms-of-use-of-break4movie\/\"]}]},{\"@type\":\"BreadcrumbList\",\"@id\":\"https:\/\/break4movie.com\/terms-of-use-of-break4movie\/#breadcrumb\",\"itemListElement\":[{\"@type\":\"ListItem\",\"position\":1,\"name\":\"Home\",\"item\":\"https:\/\/break4movie.com\/nl\/\"},{\"@type\":\"ListItem\",\"position\":2,\"name\":\"Terms of Use of Break4Movie\"}]},{\"@type\":\"WebSite\",\"@id\":\"https:\/\/break4movie.com\/#website\",\"url\":\"https:\/\/break4movie.com\/\",\"name\":\"Break4Movie\",\"description\":\"Movie rental platform with new talented producers\",\"publisher\":{\"@id\":\"https:\/\/break4movie.com\/#organization\"},\"potentialAction\":[{\"@type\":\"SearchAction\",\"target\":{\"@type\":\"EntryPoint\",\"urlTemplate\":\"https:\/\/break4movie.com\/?s={search_term_string}\"},\"query-input\":{\"@type\":\"PropertyValueSpecification\",\"valueRequired\":true,\"valueName\":\"search_term_string\"}}],\"inLanguage\":\"fr-FR\"},{\"@type\":\"Organization\",\"@id\":\"https:\/\/break4movie.com\/#organization\",\"name\":\"Break4Movie\",\"url\":\"https:\/\/break4movie.com\/\",\"logo\":{\"@type\":\"ImageObject\",\"inLanguage\":\"fr-FR\",\"@id\":\"https:\/\/break4movie.com\/#\/schema\/logo\/image\/\",\"url\":\"https:\/\/break4movie.com\/wp-content\/uploads\/2024\/02\/logo-color-1.png\",\"contentUrl\":\"https:\/\/break4movie.com\/wp-content\/uploads\/2024\/02\/logo-color-1.png\",\"width\":900,\"height\":900,\"caption\":\"Break4Movie\"},\"image\":{\"@id\":\"https:\/\/break4movie.com\/#\/schema\/logo\/image\/\"}}]}<\/script>\n<!-- \/ Yoast SEO plugin. -->","yoast_head_json":{"title":"Terms of Use of Break4Movie - Break4Movie","robots":{"index":"index","follow":"follow","max-snippet":"max-snippet:-1","max-image-preview":"max-image-preview:large","max-video-preview":"max-video-preview:-1"},"canonical":"https:\/\/break4movie.com\/fr\/conditions-dutilisation-de-break4movie\/","og_locale":"fr_FR","og_type":"article","og_title":"Terms of Use of Break4Movie - Break4Movie","og_description":"BREAK4MOVIE is an interactive online platform that allows our users to access entertainment content via internet, on certain televisions and other devices compatible with BREAK4MOVIE. The BREAK4MOVIE service is offered to you by SRL BREAK4MOVIE, a Belgian company. These terms of use govern your use of the services offered by BREAK4MOVIE, including the viewing of...","og_url":"https:\/\/break4movie.com\/fr\/conditions-dutilisation-de-break4movie\/","og_site_name":"Break4Movie","article_modified_time":"2024-12-14T13:10:12+00:00","twitter_card":"summary_large_image","twitter_misc":{"Dur\u00e9e de lecture estim\u00e9e":"4 minutes"},"schema":{"@context":"https:\/\/schema.org","@graph":[{"@type":"WebPage","@id":"https:\/\/break4movie.com\/terms-of-use-of-break4movie\/","url":"https:\/\/break4movie.com\/terms-of-use-of-break4movie\/","name":"Terms of Use of Break4Movie - Break4Movie","isPartOf":{"@id":"https:\/\/break4movie.com\/#website"},"datePublished":"2024-08-18T19:29:29+00:00","dateModified":"2024-12-14T13:10:12+00:00","breadcrumb":{"@id":"https:\/\/break4movie.com\/terms-of-use-of-break4movie\/#breadcrumb"},"inLanguage":"fr-FR","potentialAction":[{"@type":"ReadAction","target":["https:\/\/break4movie.com\/terms-of-use-of-break4movie\/"]}]},{"@type":"BreadcrumbList","@id":"https:\/\/break4movie.com\/terms-of-use-of-break4movie\/#breadcrumb","itemListElement":[{"@type":"ListItem","position":1,"name":"Home","item":"https:\/\/break4movie.com\/nl\/"},{"@type":"ListItem","position":2,"name":"Terms of Use of Break4Movie"}]},{"@type":"WebSite","@id":"https:\/\/break4movie.com\/#website","url":"https:\/\/break4movie.com\/","name":"Break4Movie","description":"Movie rental platform with new talented producers","publisher":{"@id":"https:\/\/break4movie.com\/#organization"},"potentialAction":[{"@type":"SearchAction","target":{"@type":"EntryPoint","urlTemplate":"https:\/\/break4movie.com\/?s={search_term_string}"},"query-input":{"@type":"PropertyValueSpecification","valueRequired":true,"valueName":"search_term_string"}}],"inLanguage":"fr-FR"},{"@type":"Organization","@id":"https:\/\/break4movie.com\/#organization","name":"Break4Movie","url":"https:\/\/break4movie.com\/","logo":{"@type":"ImageObject","inLanguage":"fr-FR","@id":"https:\/\/break4movie.com\/#\/schema\/logo\/image\/","url":"https:\/\/break4movie.com\/wp-content\/uploads\/2024\/02\/logo-color-1.png","contentUrl":"https:\/\/break4movie.com\/wp-content\/uploads\/2024\/02\/logo-color-1.png","width":900,"height":900,"caption":"Break4Movie"},"image":{"@id":"https:\/\/break4movie.com\/#\/schema\/logo\/image\/"}}]}},"_links":{"self":[{"href":"https:\/\/break4movie.com\/fr\/wp-json\/wp\/v2\/pages\/4713","targetHints":{"allow":["GET"]}}],"collection":[{"href":"https:\/\/break4movie.com\/fr\/wp-json\/wp\/v2\/pages"}],"about":[{"href":"https:\/\/break4movie.com\/fr\/wp-json\/wp\/v2\/types\/page"}],"author":[{"embeddable":true,"href":"https:\/\/break4movie.com\/fr\/wp-json\/wp\/v2\/users\/8"}],"replies":[{"embeddable":true,"href":"https:\/\/break4movie.com\/fr\/wp-json\/wp\/v2\/comments?post=4713"}],"version-history":[{"count":19,"href":"https:\/\/break4movie.com\/fr\/wp-json\/wp\/v2\/pages\/4713\/revisions"}],"predecessor-version":[{"id":8138,"href":"https:\/\/break4movie.com\/fr\/wp-json\/wp\/v2\/pages\/4713\/revisions\/8138"}],"wp:attachment":[{"href":"https:\/\/break4movie.com\/fr\/wp-json\/wp\/v2\/media?parent=4713"}],"curies":[{"name":"wp","href":"https:\/\/api.w.org\/{rel}","templated":true}]}}