{"id":5306,"date":"2024-08-25T20:17:14","date_gmt":"2024-08-25T18:17:14","guid":{"rendered":"https:\/\/break4movie.com\/?page_id=5306"},"modified":"2024-08-25T21:38:46","modified_gmt":"2024-08-25T19:38:46","slug":"jobs","status":"publish","type":"page","link":"https:\/\/break4movie.com\/fr\/emplois\/","title":{"rendered":"emplois"},"content":{"rendered":"<div data-elementor-type=\"wp-page\" data-elementor-id=\"5306\" class=\"elementor elementor-5306\" data-elementor-post-type=\"page\">\n\t\t\t\t<div class=\"elementor-element elementor-element-bda1ef5 e-flex e-con-boxed e-con e-parent\" data-id=\"bda1ef5\" data-element_type=\"container\">\n\t\t\t\t\t<div class=\"e-con-inner\">\n\t\t\t\t<div class=\"elementor-element elementor-element-259779c elementor-widget elementor-widget-text-editor\" data-id=\"259779c\" data-element_type=\"widget\" data-widget_type=\"text-editor.default\">\n\t\t\t\t<div class=\"elementor-widget-container\">\n\t\t\t\t\t\t\t\t\t<p><img decoding=\"async\" class=\"wp-image-5309 alignleft\" src=\"https:\/\/break4movie.com\/wp-content\/uploads\/2024\/08\/web-1045994_640.jpg\" alt=\"\" width=\"200\" height=\"150\" \/><\/p><h1>D\u00e9veloppeur web<\/h1><p>Nous sommes \u00e0 la recherche d'un d\u00e9veloppeur web freelance pour notre site WP actuel et pour notre futur site selfmade.<\/p><p>Connaissances utiles : WordPress, PHP, HTML, CSS, JS, SQL et Symfony<\/p><p style=\"text-align: right;\"><a href=\"https:\/\/break4movie.com\/contact-us\/\"><strong>Cliquez ici pour postuler<\/strong><\/a><\/p>\t\t\t\t\t\t\t\t<\/div>\n\t\t\t\t<\/div>\n\t\t\t\t<div class=\"elementor-element elementor-element-307f45f elementor-widget elementor-widget-text-editor\" data-id=\"307f45f\" data-element_type=\"widget\" data-widget_type=\"text-editor.default\">\n\t\t\t\t<div class=\"elementor-widget-container\">\n\t\t\t\t\t\t\t\t\t<p><img decoding=\"async\" class=\"wp-image-5309 alignleft\" src=\"https:\/\/break4movie.com\/wp-content\/uploads\/2024\/08\/web-1045994_640.jpg\" alt=\"\" width=\"200\" height=\"150\" \/><\/p><h1>Concepteur de sites web<\/h1><p>Nous sommes \u00e0 la recherche d'un web designer freelance pour notre site WP actuel et pour notre futur site selfmade.<\/p><p style=\"text-align: right;\"><a href=\"https:\/\/break4movie.com\/contact-us\/\"><strong>Cliquez ici pour postuler<\/strong><\/a><\/p>\t\t\t\t\t\t\t\t<\/div>\n\t\t\t\t<\/div>\n\t\t\t\t<div class=\"elementor-element elementor-element-0dd476d elementor-widget elementor-widget-text-editor\" data-id=\"0dd476d\" data-element_type=\"widget\" data-widget_type=\"text-editor.default\">\n\t\t\t\t<div class=\"elementor-widget-container\">\n\t\t\t\t\t\t\t\t\t<p><img decoding=\"async\" class=\"alignleft wp-image-5441\" src=\"https:\/\/break4movie.com\/wp-content\/uploads\/2024\/08\/ai-generated-8211245_640.jpg\" alt=\"\" width=\"200\" height=\"137\" \/><\/p><h1>Expert en infrastructure informatique<\/h1><p>Nous sommes \u00e0 la recherche d'un expert freelance en infrastructure informatique capable de nous aider \u00e0 maintenir et \u00e0 d\u00e9velopper notre infrastructure. Nous recherchons une personne ayant de bonnes connaissances sur certains des produits suivants : Proxmox, firewall settings, Zabbix, Opnsense, Haproxy, Apache, Mysql et cloudflare.<br \/>Nous recherchons une personne mature qui aime travailler dans une petite \u00e9quipe.<\/p><p style=\"text-align: right;\"><a href=\"https:\/\/break4movie.com\/contact-us\/\"><strong>Cliquez ici pour postuler<\/strong><\/a><\/p>\t\t\t\t\t\t\t\t<\/div>\n\t\t\t\t<\/div>\n\t\t\t\t\t<\/div>\n\t\t\t\t<\/div>\n\t\t\t\t<\/div>","protected":false},"excerpt":{"rendered":"<p>D\u00e9veloppeur web Nous recherchons un d\u00e9veloppeur web freelance pour notre site WP actuel et pour notre futur site selfmade. Connaissances utiles : WordPress, PHP, HTML, CSS, JS, SQL et Symfony Cliquez ici pour postuler Web designer Nous recherchons un web designer freelance pour notre site WP actuel et pour notre futur...<\/p>","protected":false},"author":8,"featured_media":0,"parent":0,"menu_order":0,"comment_status":"closed","ping_status":"closed","template":"","meta":{"footnotes":"","_wp_rev_ctl_limit":""},"class_list":["post-5306","page","type-page","status-publish","hentry"],"yoast_head":"<!-- This site is optimized with the Yoast SEO plugin v24.8.1 - https:\/\/yoast.com\/wordpress\/plugins\/seo\/ -->\n<title>jobs - Break4Movie<\/title>\n<meta name=\"robots\" content=\"index, follow, max-snippet:-1, max-image-preview:large, max-video-preview:-1\" \/>\n<link rel=\"canonical\" href=\"https:\/\/break4movie.com\/fr\/emplois\/\" \/>\n<meta property=\"og:locale\" content=\"fr_FR\" \/>\n<meta property=\"og:type\" content=\"article\" \/>\n<meta property=\"og:title\" content=\"jobs - Break4Movie\" \/>\n<meta property=\"og:description\" content=\"Web developper We are looking for a freelance web developper for our actual WP website and for our future selfmade website. Usefull knowledges: WordPress, PHP, HTML, CSS, JS, SQL and Symfony Click here to apply Web designer We are looking for a freelance web designer for our actual WP website and for our future selfmade...\" \/>\n<meta property=\"og:url\" content=\"https:\/\/break4movie.com\/fr\/emplois\/\" \/>\n<meta property=\"og:site_name\" content=\"Break4Movie\" \/>\n<meta property=\"article:modified_time\" content=\"2024-08-25T19:38:46+00:00\" \/>\n<meta property=\"og:image\" content=\"https:\/\/break4movie.com\/wp-content\/uploads\/2024\/08\/web-1045994_640.jpg\" \/>\n<meta name=\"twitter:card\" content=\"summary_large_image\" \/>\n<meta name=\"twitter:label1\" content=\"Dur\u00e9e de lecture estim\u00e9e\" \/>\n\t<meta name=\"twitter:data1\" content=\"1 minute\" \/>\n<script type=\"application\/ld+json\" class=\"yoast-schema-graph\">{\"@context\":\"https:\/\/schema.org\",\"@graph\":[{\"@type\":\"WebPage\",\"@id\":\"https:\/\/break4movie.com\/es\/puestos-de-trabajo\/\",\"url\":\"https:\/\/break4movie.com\/es\/puestos-de-trabajo\/\",\"name\":\"jobs - Break4Movie\",\"isPartOf\":{\"@id\":\"https:\/\/break4movie.com\/#website\"},\"primaryImageOfPage\":{\"@id\":\"https:\/\/break4movie.com\/es\/puestos-de-trabajo\/#primaryimage\"},\"image\":{\"@id\":\"https:\/\/break4movie.com\/es\/puestos-de-trabajo\/#primaryimage\"},\"thumbnailUrl\":\"https:\/\/break4movie.com\/wp-content\/uploads\/2024\/08\/web-1045994_640.jpg\",\"datePublished\":\"2024-08-25T18:17:14+00:00\",\"dateModified\":\"2024-08-25T19:38:46+00:00\",\"breadcrumb\":{\"@id\":\"https:\/\/break4movie.com\/es\/puestos-de-trabajo\/#breadcrumb\"},\"inLanguage\":\"fr-FR\",\"potentialAction\":[{\"@type\":\"ReadAction\",\"target\":[\"https:\/\/break4movie.com\/es\/puestos-de-trabajo\/\"]}]},{\"@type\":\"ImageObject\",\"inLanguage\":\"fr-FR\",\"@id\":\"https:\/\/break4movie.com\/es\/puestos-de-trabajo\/#primaryimage\",\"url\":\"https:\/\/break4movie.com\/wp-content\/uploads\/2024\/08\/web-1045994_640.jpg\",\"contentUrl\":\"https:\/\/break4movie.com\/wp-content\/uploads\/2024\/08\/web-1045994_640.jpg\"},{\"@type\":\"BreadcrumbList\",\"@id\":\"https:\/\/break4movie.com\/es\/puestos-de-trabajo\/#breadcrumb\",\"itemListElement\":[{\"@type\":\"ListItem\",\"position\":1,\"name\":\"Home\",\"item\":\"https:\/\/break4movie.com\/nl\/\"},{\"@type\":\"ListItem\",\"position\":2,\"name\":\"jobs\"}]},{\"@type\":\"WebSite\",\"@id\":\"https:\/\/break4movie.com\/#website\",\"url\":\"https:\/\/break4movie.com\/\",\"name\":\"Break4Movie\",\"description\":\"Movie rental platform with new talented producers\",\"publisher\":{\"@id\":\"https:\/\/break4movie.com\/#organization\"},\"potentialAction\":[{\"@type\":\"SearchAction\",\"target\":{\"@type\":\"EntryPoint\",\"urlTemplate\":\"https:\/\/break4movie.com\/?s={search_term_string}\"},\"query-input\":{\"@type\":\"PropertyValueSpecification\",\"valueRequired\":true,\"valueName\":\"search_term_string\"}}],\"inLanguage\":\"fr-FR\"},{\"@type\":\"Organization\",\"@id\":\"https:\/\/break4movie.com\/#organization\",\"name\":\"Break4Movie\",\"url\":\"https:\/\/break4movie.com\/\",\"logo\":{\"@type\":\"ImageObject\",\"inLanguage\":\"fr-FR\",\"@id\":\"https:\/\/break4movie.com\/#\/schema\/logo\/image\/\",\"url\":\"https:\/\/break4movie.com\/wp-content\/uploads\/2024\/02\/logo-color-1.png\",\"contentUrl\":\"https:\/\/break4movie.com\/wp-content\/uploads\/2024\/02\/logo-color-1.png\",\"width\":900,\"height\":900,\"caption\":\"Break4Movie\"},\"image\":{\"@id\":\"https:\/\/break4movie.com\/#\/schema\/logo\/image\/\"}}]}<\/script>\n<!-- \/ Yoast SEO plugin. -->","yoast_head_json":{"title":"jobs - Break4Movie","robots":{"index":"index","follow":"follow","max-snippet":"max-snippet:-1","max-image-preview":"max-image-preview:large","max-video-preview":"max-video-preview:-1"},"canonical":"https:\/\/break4movie.com\/fr\/emplois\/","og_locale":"fr_FR","og_type":"article","og_title":"jobs - Break4Movie","og_description":"Web developper We are looking for a freelance web developper for our actual WP website and for our future selfmade website. Usefull knowledges: WordPress, PHP, HTML, CSS, JS, SQL and Symfony Click here to apply Web designer We are looking for a freelance web designer for our actual WP website and for our future selfmade...","og_url":"https:\/\/break4movie.com\/fr\/emplois\/","og_site_name":"Break4Movie","article_modified_time":"2024-08-25T19:38:46+00:00","og_image":[{"url":"https:\/\/break4movie.com\/wp-content\/uploads\/2024\/08\/web-1045994_640.jpg","type":"","width":"","height":""}],"twitter_card":"summary_large_image","twitter_misc":{"Dur\u00e9e de lecture estim\u00e9e":"1 minute"},"schema":{"@context":"https:\/\/schema.org","@graph":[{"@type":"WebPage","@id":"https:\/\/break4movie.com\/es\/puestos-de-trabajo\/","url":"https:\/\/break4movie.com\/es\/puestos-de-trabajo\/","name":"jobs - Break4Movie","isPartOf":{"@id":"https:\/\/break4movie.com\/#website"},"primaryImageOfPage":{"@id":"https:\/\/break4movie.com\/es\/puestos-de-trabajo\/#primaryimage"},"image":{"@id":"https:\/\/break4movie.com\/es\/puestos-de-trabajo\/#primaryimage"},"thumbnailUrl":"https:\/\/break4movie.com\/wp-content\/uploads\/2024\/08\/web-1045994_640.jpg","datePublished":"2024-08-25T18:17:14+00:00","dateModified":"2024-08-25T19:38:46+00:00","breadcrumb":{"@id":"https:\/\/break4movie.com\/es\/puestos-de-trabajo\/#breadcrumb"},"inLanguage":"fr-FR","potentialAction":[{"@type":"ReadAction","target":["https:\/\/break4movie.com\/es\/puestos-de-trabajo\/"]}]},{"@type":"ImageObject","inLanguage":"fr-FR","@id":"https:\/\/break4movie.com\/es\/puestos-de-trabajo\/#primaryimage","url":"https:\/\/break4movie.com\/wp-content\/uploads\/2024\/08\/web-1045994_640.jpg","contentUrl":"https:\/\/break4movie.com\/wp-content\/uploads\/2024\/08\/web-1045994_640.jpg"},{"@type":"BreadcrumbList","@id":"https:\/\/break4movie.com\/es\/puestos-de-trabajo\/#breadcrumb","itemListElement":[{"@type":"ListItem","position":1,"name":"Home","item":"https:\/\/break4movie.com\/nl\/"},{"@type":"ListItem","position":2,"name":"jobs"}]},{"@type":"WebSite","@id":"https:\/\/break4movie.com\/#website","url":"https:\/\/break4movie.com\/","name":"Break4Movie","description":"Movie rental platform with new talented producers","publisher":{"@id":"https:\/\/break4movie.com\/#organization"},"potentialAction":[{"@type":"SearchAction","target":{"@type":"EntryPoint","urlTemplate":"https:\/\/break4movie.com\/?s={search_term_string}"},"query-input":{"@type":"PropertyValueSpecification","valueRequired":true,"valueName":"search_term_string"}}],"inLanguage":"fr-FR"},{"@type":"Organization","@id":"https:\/\/break4movie.com\/#organization","name":"Break4Movie","url":"https:\/\/break4movie.com\/","logo":{"@type":"ImageObject","inLanguage":"fr-FR","@id":"https:\/\/break4movie.com\/#\/schema\/logo\/image\/","url":"https:\/\/break4movie.com\/wp-content\/uploads\/2024\/02\/logo-color-1.png","contentUrl":"https:\/\/break4movie.com\/wp-content\/uploads\/2024\/02\/logo-color-1.png","width":900,"height":900,"caption":"Break4Movie"},"image":{"@id":"https:\/\/break4movie.com\/#\/schema\/logo\/image\/"}}]}},"_links":{"self":[{"href":"https:\/\/break4movie.com\/fr\/wp-json\/wp\/v2\/pages\/5306","targetHints":{"allow":["GET"]}}],"collection":[{"href":"https:\/\/break4movie.com\/fr\/wp-json\/wp\/v2\/pages"}],"about":[{"href":"https:\/\/break4movie.com\/fr\/wp-json\/wp\/v2\/types\/page"}],"author":[{"embeddable":true,"href":"https:\/\/break4movie.com\/fr\/wp-json\/wp\/v2\/users\/8"}],"replies":[{"embeddable":true,"href":"https:\/\/break4movie.com\/fr\/wp-json\/wp\/v2\/comments?post=5306"}],"version-history":[{"count":19,"href":"https:\/\/break4movie.com\/fr\/wp-json\/wp\/v2\/pages\/5306\/revisions"}],"predecessor-version":[{"id":5453,"href":"https:\/\/break4movie.com\/fr\/wp-json\/wp\/v2\/pages\/5306\/revisions\/5453"}],"wp:attachment":[{"href":"https:\/\/break4movie.com\/fr\/wp-json\/wp\/v2\/media?parent=5306"}],"curies":[{"name":"wp","href":"https:\/\/api.w.org\/{rel}","templated":true}]}}