{"id":4585,"date":"2024-08-17T13:01:20","date_gmt":"2024-08-17T11:01:20","guid":{"rendered":"https:\/\/break4movie.com\/?page_id=4585"},"modified":"2024-08-31T14:09:46","modified_gmt":"2024-08-31T12:09:46","slug":"presentation","status":"publish","type":"page","link":"https:\/\/break4movie.com\/it\/presentazione\/","title":{"rendered":"Presentazione"},"content":{"rendered":"<div data-elementor-type=\"wp-page\" data-elementor-id=\"4585\" class=\"elementor elementor-4585\" data-elementor-post-type=\"page\">\n\t\t\t\t<div class=\"elementor-element elementor-element-5ea2b76 e-flex e-con-boxed e-con e-parent\" data-id=\"5ea2b76\" data-element_type=\"container\">\n\t\t\t\t\t<div class=\"e-con-inner\">\n\t\t<div class=\"elementor-element elementor-element-ceca537 e-con-full e-flex e-con e-child\" data-id=\"ceca537\" data-element_type=\"container\">\n\t\t\t\t<\/div>\n\t\t<div class=\"elementor-element elementor-element-7e682fd e-con-full e-flex e-con e-child\" data-id=\"7e682fd\" data-element_type=\"container\">\n\t\t\t\t<div class=\"elementor-element elementor-element-ed15fa7 elementor-widget elementor-widget-image\" data-id=\"ed15fa7\" data-element_type=\"widget\" data-widget_type=\"image.default\">\n\t\t\t\t<div class=\"elementor-widget-container\">\n\t\t\t\t\t\t\t\t\t\t\t\t\t\t\t<img fetchpriority=\"high\" decoding=\"async\" width=\"300\" height=\"300\" src=\"https:\/\/break4movie.com\/wp-content\/uploads\/2024\/02\/logo-color-300x300.png\" class=\"attachment-medium size-medium wp-image-3724\" alt=\"\" srcset=\"https:\/\/break4movie.com\/wp-content\/uploads\/2024\/02\/logo-color-300x300.png 300w, https:\/\/break4movie.com\/wp-content\/uploads\/2024\/02\/logo-color-1024x1024.png 1024w, https:\/\/break4movie.com\/wp-content\/uploads\/2024\/02\/logo-color-150x150.png 150w, https:\/\/break4movie.com\/wp-content\/uploads\/2024\/02\/logo-color-768x768.png 768w, https:\/\/break4movie.com\/wp-content\/uploads\/2024\/02\/logo-color-1536x1536.png 1536w, https:\/\/break4movie.com\/wp-content\/uploads\/2024\/02\/logo-color-2048x2048.png 2048w, https:\/\/break4movie.com\/wp-content\/uploads\/2024\/02\/logo-color-420x420.png 420w, https:\/\/break4movie.com\/wp-content\/uploads\/2024\/02\/logo-color-800x800.png 800w, https:\/\/break4movie.com\/wp-content\/uploads\/2024\/02\/logo-color-1600x1600.png 1600w, https:\/\/break4movie.com\/wp-content\/uploads\/2024\/02\/logo-color-e1708393118670.png 100w\" sizes=\"(max-width: 300px) 100vw, 300px\" \/>\t\t\t\t\t\t\t\t\t\t\t\t\t\t\t<\/div>\n\t\t\t\t<\/div>\n\t\t\t\t<\/div>\n\t\t<div class=\"elementor-element elementor-element-adb49c3 e-con-full e-flex e-con e-child\" data-id=\"adb49c3\" data-element_type=\"container\">\n\t\t\t\t<\/div>\n\t\t\t\t\t<\/div>\n\t\t\t\t<\/div>\n\t\t<div class=\"elementor-element elementor-element-te8MMYg e-flex e-con-boxed e-con e-parent\" data-id=\"te8MMYg\" data-element_type=\"container\">\n\t\t\t\t\t<div class=\"e-con-inner\">\n\t\t<div class=\"elementor-element elementor-element-Y6tTHMp e-con-full e-flex e-con e-child\" data-id=\"Y6tTHMp\" data-element_type=\"container\">\n\t\t\t\t<div class=\"elementor-element elementor-element-rkmNDJk elementor-widget elementor-widget-heading\" data-id=\"rkmNDJk\" data-element_type=\"widget\" data-widget_type=\"heading.default\">\n\t\t\t\t<div class=\"elementor-widget-container\">\n\t\t\t\t\t<h2 class=\"elementor-heading-title elementor-size-default\">Che cos'\u00e8 Break4Movie?<\/h2>\t\t\t\t<\/div>\n\t\t\t\t<\/div>\n\t\t\t\t<div class=\"elementor-element elementor-element-Xxu91x2 elementor-widget elementor-widget-text-editor\" data-id=\"Xxu91x2\" data-element_type=\"widget\" data-widget_type=\"text-editor.default\">\n\t\t\t\t<div class=\"elementor-widget-container\">\n\t\t\t\t\t\t\t\t\t<p>Break4Movie \u00e8 una piattaforma di streaming internazionale che offre film, serie e contenuti live indipendenti.<\/p><p>Il nostro obiettivo \u00e8 quello di dare vita a progetti che spesso rimangono chiusi e dimenticati. Vogliamo sostenere le nuove opere cinematografiche, anche quelle non ancora terminate.<\/p>\t\t\t\t\t\t\t\t<\/div>\n\t\t\t\t<\/div>\n\t\t\t\t<div class=\"elementor-element elementor-element-512d3d4 elementor-widget elementor-widget-heading\" data-id=\"512d3d4\" data-element_type=\"widget\" data-widget_type=\"heading.default\">\n\t\t\t\t<div class=\"elementor-widget-container\">\n\t\t\t\t\t<h2 class=\"elementor-heading-title elementor-size-default\">La nostra missione<\/h2>\t\t\t\t<\/div>\n\t\t\t\t<\/div>\n\t\t\t\t<div class=\"elementor-element elementor-element-68f076f elementor-widget elementor-widget-text-editor\" data-id=\"68f076f\" data-element_type=\"widget\" data-widget_type=\"text-editor.default\">\n\t\t\t\t<div class=\"elementor-widget-container\">\n\t\t\t\t\t\t\t\t\t<p>Crediamo che ogni progetto cinematografico meriti di essere valorizzato, a prescindere da giudizi, pregiudizi o altri aspetti, come ad esempio quelli finanziari. Il nostro obiettivo \u00e8 quello di dare vita a progetti che spesso rimangono chiusi e di sostenere nuove opere, anche se non ancora completate.<\/p>\t\t\t\t\t\t\t\t<\/div>\n\t\t\t\t<\/div>\n\t\t\t\t<div class=\"elementor-element elementor-element-0129cc0 elementor-widget elementor-widget-heading\" data-id=\"0129cc0\" data-element_type=\"widget\" data-widget_type=\"heading.default\">\n\t\t\t\t<div class=\"elementor-widget-container\">\n\t\t\t\t\t<h2 class=\"elementor-heading-title elementor-size-default\">La nostra offerta<\/h2>\t\t\t\t<\/div>\n\t\t\t\t<\/div>\n\t\t\t\t<div class=\"elementor-element elementor-element-de53b30 elementor-widget elementor-widget-text-editor\" data-id=\"de53b30\" data-element_type=\"widget\" data-widget_type=\"text-editor.default\">\n\t\t\t\t<div class=\"elementor-widget-container\">\n\t\t\t\t\t\t\t\t\t<p><strong>\ud83c\udf10 Visibilit\u00e0 senza confini<\/strong><\/p><p><strong>\ud83c\udf0d Multilingua\u00a0<\/strong><\/p><p><strong>\u2705 Marchio di qualit\u00e0<\/strong><\/p><p><strong>\ud83d\udd12 Sicurezza\u00a0<\/strong><\/p><p><strong>\ud83c\udf1f Nuova generazione<\/strong><\/p><p><b>Esclusivit\u00e0<\/b><\/p>\t\t\t\t\t\t\t\t<\/div>\n\t\t\t\t<\/div>\n\t\t\t\t<div class=\"elementor-element elementor-element-2540bf9 elementor-widget elementor-widget-heading\" data-id=\"2540bf9\" data-element_type=\"widget\" data-widget_type=\"heading.default\">\n\t\t\t\t<div class=\"elementor-widget-container\">\n\t\t\t\t\t<h2 class=\"elementor-heading-title elementor-size-default\">La nostra passione<\/h2>\t\t\t\t<\/div>\n\t\t\t\t<\/div>\n\t\t\t\t<div class=\"elementor-element elementor-element-a0d3716 elementor-widget elementor-widget-text-editor\" data-id=\"a0d3716\" data-element_type=\"widget\" data-widget_type=\"text-editor.default\">\n\t\t\t\t<div class=\"elementor-widget-container\">\n\t\t\t\t\t\t\t\t\t<p>Mettiamo in evidenza i progetti cinematografici sottolineando il loro aspetto artistico e la loro risonanza con il pubblico, lasciando cos\u00ec un'impressione duratura.<\/p>\t\t\t\t\t\t\t\t<\/div>\n\t\t\t\t<\/div>\n\t\t\t\t<div class=\"elementor-element elementor-element-d897882 elementor-widget elementor-widget-heading\" data-id=\"d897882\" data-element_type=\"widget\" data-widget_type=\"heading.default\">\n\t\t\t\t<div class=\"elementor-widget-container\">\n\t\t\t\t\t<h2 class=\"elementor-heading-title elementor-size-default\">Il nostro impegno<\/h2>\t\t\t\t<\/div>\n\t\t\t\t<\/div>\n\t\t\t\t<div class=\"elementor-element elementor-element-790b48d elementor-widget elementor-widget-text-editor\" data-id=\"790b48d\" data-element_type=\"widget\" data-widget_type=\"text-editor.default\">\n\t\t\t\t<div class=\"elementor-widget-container\">\n\t\t\t\t\t\t\t\t\t<p>Un team professionale dedicato, attento alle vostre esigenze, che far\u00e0 tutto il possibile per garantire un follow-up personalizzato e un'assistenza rapida ed efficace.<\/p>\t\t\t\t\t\t\t\t<\/div>\n\t\t\t\t<\/div>\n\t\t\t\t<div class=\"elementor-element elementor-element-d104ca0 elementor-widget elementor-widget-heading\" data-id=\"d104ca0\" data-element_type=\"widget\" data-widget_type=\"heading.default\">\n\t\t\t\t<div class=\"elementor-widget-container\">\n\t\t\t\t\t<h2 class=\"elementor-heading-title elementor-size-default\">L'origine dell'idea<\/h2>\t\t\t\t<\/div>\n\t\t\t\t<\/div>\n\t\t\t\t<div class=\"elementor-element elementor-element-2c2f679 elementor-widget elementor-widget-text-editor\" data-id=\"2c2f679\" data-element_type=\"widget\" data-widget_type=\"text-editor.default\">\n\t\t\t\t<div class=\"elementor-widget-container\">\n\t\t\t\t\t\t\t\t\t<p>Dopo aver completato \"Le Salut de Tamara\", ho incontrato molti produttori e registi di talento che stanno lavorando a progetti meravigliosi. Purtroppo, il mercato attuale non sempre offre loro il riconoscimento che meritano, nonostante il loro talento e la loro creativit\u00e0. Per questo ho creato Break4Movie. La nostra piattaforma mira a rompere le restrizioni e le regole convenzionali per dare a ogni progetto la possibilit\u00e0 di essere visto a livello internazionale.<\/p>\t\t\t\t\t\t\t\t<\/div>\n\t\t\t\t<\/div>\n\t\t\t\t<div class=\"elementor-element elementor-element-c4ae429 elementor-widget elementor-widget-heading\" data-id=\"c4ae429\" data-element_type=\"widget\" data-widget_type=\"heading.default\">\n\t\t\t\t<div class=\"elementor-widget-container\">\n\t\t\t\t\t<h2 class=\"elementor-heading-title elementor-size-default\">Avete un progetto cinematografico da condividere con il mondo?\n\n<\/h2>\t\t\t\t<\/div>\n\t\t\t\t<\/div>\n\t\t\t\t<div class=\"elementor-element elementor-element-2a49caa elementor-widget elementor-widget-text-editor\" data-id=\"2a49caa\" data-element_type=\"widget\" data-widget_type=\"text-editor.default\">\n\t\t\t\t<div class=\"elementor-widget-container\">\n\t\t\t\t\t\t\t\t\t<p>Contattatemi subito, sar\u00f2 lieto di collaborare con voi.<\/p>\t\t\t\t\t\t\t\t<\/div>\n\t\t\t\t<\/div>\n\t\t<div class=\"elementor-element elementor-element-FrIUuYp e-con-full e-flex e-con e-child\" data-id=\"FrIUuYp\" data-element_type=\"container\">\n\t\t\t\t<div class=\"elementor-element elementor-element-8256222 elementor-widget elementor-widget-heading\" data-id=\"8256222\" data-element_type=\"widget\" data-widget_type=\"heading.default\">\n\t\t\t\t<div class=\"elementor-widget-container\">\n\t\t\t\t\t<h2 class=\"elementor-heading-title elementor-size-default\">Chi sono?<\/h2>\t\t\t\t<\/div>\n\t\t\t\t<\/div>\n\t\t\t\t<\/div>\n\t\t\t\t<div class=\"elementor-element elementor-element-dab320d elementor-widget elementor-widget-text-editor\" data-id=\"dab320d\" data-element_type=\"widget\" data-widget_type=\"text-editor.default\">\n\t\t\t\t<div class=\"elementor-widget-container\">\n\t\t\t\t\t\t\t\t\t<p><img decoding=\"async\" class=\"wp-image-4745 aligncenter\" src=\"https:\/\/break4movie.com\/wp-content\/uploads\/2024\/08\/tanya.jpg\" alt=\"\" width=\"500\" height=\"498\" \/><\/p><p>Sono Tanya Fileva, coproduttrice e regista del film autobiografico \"Le Salut de Tamara\". Questo film vuole sensibilizzare l'opinione pubblica contro la tratta di esseri umani e la violenza domestica, rompendo il silenzio e offrendo speranza a chi ne ha bisogno. Attraverso questo film, voglio educare la societ\u00e0 a eliminare i pregiudizi e le false credenze mostrando che pu\u00f2 accadere a chiunque.<\/p><p>Appassionata di promozione di progetti cinematografici, in qualit\u00e0 di direttrice della nuova piattaforma internazionale Break4Movie, mi propongo di consentire la distribuzione e fornire visibilit\u00e0 a registi con budget modesti attraverso una piattaforma di alto livello, pur rimanendo accessibile.<\/p><hr \/><p>Se avete bisogno di ulteriore assistenza o modifiche, non esitate a chiedere!<\/p>\t\t\t\t\t\t\t\t<\/div>\n\t\t\t\t<\/div>\n\t\t\t\t<\/div>\n\t\t\t\t\t<\/div>\n\t\t\t\t<\/div>\n\t\t<div class=\"elementor-element elementor-element-8a53f60 e-flex e-con-boxed e-con e-parent\" data-id=\"8a53f60\" data-element_type=\"container\">\n\t\t\t\t\t<div class=\"e-con-inner\">\n\t\t\t\t<div class=\"elementor-element elementor-element-76f97db elementor-widget elementor-widget-video\" data-id=\"76f97db\" data-element_type=\"widget\" data-settings=\"{&quot;youtube_url&quot;:&quot;https:\\\/\\\/youtu.be\\\/bRwGFq-7ANo&quot;,&quot;yt_privacy&quot;:&quot;yes&quot;,&quot;video_type&quot;:&quot;youtube&quot;,&quot;controls&quot;:&quot;yes&quot;}\" data-widget_type=\"video.default\">\n\t\t\t\t<div class=\"elementor-widget-container\">\n\t\t\t\t\t\t\t<div class=\"elementor-wrapper elementor-open-inline\">\n\t\t\t<div class=\"elementor-video\"><\/div>\t\t<\/div>\n\t\t\t\t\t\t<\/div>\n\t\t\t\t<\/div>\n\t\t\t\t\t<\/div>\n\t\t\t\t<\/div>\n\t\t\t\t<\/div>","protected":false},"excerpt":{"rendered":"<p>Che cos'\u00e8 Break4Movie? Break4Movie \u00e8 una piattaforma di streaming internazionale che offre film, serie e contenuti live indipendenti. Il nostro obiettivo \u00e8 quello di dare vita a progetti che spesso rimangono chiusi e dimenticati. Vogliamo sostenere le nuove opere cinematografiche, anche quelle non ancora terminate. La nostra missione Crediamo che ogni progetto cinematografico meriti...<\/p>","protected":false},"author":1,"featured_media":0,"parent":0,"menu_order":0,"comment_status":"closed","ping_status":"closed","template":"","meta":{"footnotes":"","_wp_rev_ctl_limit":""},"class_list":["post-4585","page","type-page","status-publish","hentry"],"yoast_head":"<!-- This site is optimized with the Yoast SEO plugin v24.8.1 - https:\/\/yoast.com\/wordpress\/plugins\/seo\/ -->\n<title>Presentation - Break4Movie<\/title>\n<meta name=\"robots\" content=\"index, follow, max-snippet:-1, max-image-preview:large, max-video-preview:-1\" \/>\n<link rel=\"canonical\" href=\"https:\/\/break4movie.com\/it\/presentazione\/\" \/>\n<meta property=\"og:locale\" content=\"it_IT\" \/>\n<meta property=\"og:type\" content=\"article\" \/>\n<meta property=\"og:title\" content=\"Presentation - Break4Movie\" \/>\n<meta property=\"og:description\" content=\"What is Break4Movie ? Break4Movie is an international streaming platform delivering independent movies, series and live content. Our goal is to bring to life projects\u00a0 that often remain locked, closed and forgotten. We want to support new cinematographic works, even those that are not yet finished. Our mission We believe that every film project deserves...\" \/>\n<meta property=\"og:url\" content=\"https:\/\/break4movie.com\/it\/presentazione\/\" \/>\n<meta property=\"og:site_name\" content=\"Break4Movie\" \/>\n<meta property=\"article:modified_time\" content=\"2024-08-31T12:09:46+00:00\" \/>\n<meta property=\"og:image\" content=\"https:\/\/break4movie.com\/wp-content\/uploads\/2024\/02\/logo-color-300x300.png\" \/>\n<meta name=\"twitter:card\" content=\"summary_large_image\" \/>\n<meta name=\"twitter:label1\" content=\"Tempo di lettura stimato\" \/>\n\t<meta name=\"twitter:data1\" content=\"2 minuti\" \/>\n<script type=\"application\/ld+json\" class=\"yoast-schema-graph\">{\"@context\":\"https:\/\/schema.org\",\"@graph\":[{\"@type\":\"WebPage\",\"@id\":\"https:\/\/break4movie.com\/presentation\/\",\"url\":\"https:\/\/break4movie.com\/presentation\/\",\"name\":\"Presentation - Break4Movie\",\"isPartOf\":{\"@id\":\"https:\/\/break4movie.com\/#website\"},\"primaryImageOfPage\":{\"@id\":\"https:\/\/break4movie.com\/presentation\/#primaryimage\"},\"image\":{\"@id\":\"https:\/\/break4movie.com\/presentation\/#primaryimage\"},\"thumbnailUrl\":\"https:\/\/break4movie.com\/wp-content\/uploads\/2024\/02\/logo-color-300x300.png\",\"datePublished\":\"2024-08-17T11:01:20+00:00\",\"dateModified\":\"2024-08-31T12:09:46+00:00\",\"breadcrumb\":{\"@id\":\"https:\/\/break4movie.com\/presentation\/#breadcrumb\"},\"inLanguage\":\"it-IT\",\"potentialAction\":[{\"@type\":\"ReadAction\",\"target\":[\"https:\/\/break4movie.com\/presentation\/\"]}]},{\"@type\":\"ImageObject\",\"inLanguage\":\"it-IT\",\"@id\":\"https:\/\/break4movie.com\/presentation\/#primaryimage\",\"url\":\"https:\/\/break4movie.com\/wp-content\/uploads\/2024\/02\/logo-color-300x300.png\",\"contentUrl\":\"https:\/\/break4movie.com\/wp-content\/uploads\/2024\/02\/logo-color-300x300.png\"},{\"@type\":\"BreadcrumbList\",\"@id\":\"https:\/\/break4movie.com\/presentation\/#breadcrumb\",\"itemListElement\":[{\"@type\":\"ListItem\",\"position\":1,\"name\":\"Home\",\"item\":\"https:\/\/break4movie.com\/nl\/\"},{\"@type\":\"ListItem\",\"position\":2,\"name\":\"Presentation\"}]},{\"@type\":\"WebSite\",\"@id\":\"https:\/\/break4movie.com\/#website\",\"url\":\"https:\/\/break4movie.com\/\",\"name\":\"Break4Movie\",\"description\":\"Movie rental platform with new talented producers\",\"publisher\":{\"@id\":\"https:\/\/break4movie.com\/#organization\"},\"potentialAction\":[{\"@type\":\"SearchAction\",\"target\":{\"@type\":\"EntryPoint\",\"urlTemplate\":\"https:\/\/break4movie.com\/?s={search_term_string}\"},\"query-input\":{\"@type\":\"PropertyValueSpecification\",\"valueRequired\":true,\"valueName\":\"search_term_string\"}}],\"inLanguage\":\"it-IT\"},{\"@type\":\"Organization\",\"@id\":\"https:\/\/break4movie.com\/#organization\",\"name\":\"Break4Movie\",\"url\":\"https:\/\/break4movie.com\/\",\"logo\":{\"@type\":\"ImageObject\",\"inLanguage\":\"it-IT\",\"@id\":\"https:\/\/break4movie.com\/#\/schema\/logo\/image\/\",\"url\":\"https:\/\/break4movie.com\/wp-content\/uploads\/2024\/02\/logo-color-1.png\",\"contentUrl\":\"https:\/\/break4movie.com\/wp-content\/uploads\/2024\/02\/logo-color-1.png\",\"width\":900,\"height\":900,\"caption\":\"Break4Movie\"},\"image\":{\"@id\":\"https:\/\/break4movie.com\/#\/schema\/logo\/image\/\"}}]}<\/script>\n<!-- \/ Yoast SEO plugin. -->","yoast_head_json":{"title":"Presentation - Break4Movie","robots":{"index":"index","follow":"follow","max-snippet":"max-snippet:-1","max-image-preview":"max-image-preview:large","max-video-preview":"max-video-preview:-1"},"canonical":"https:\/\/break4movie.com\/it\/presentazione\/","og_locale":"it_IT","og_type":"article","og_title":"Presentation - Break4Movie","og_description":"What is Break4Movie ? Break4Movie is an international streaming platform delivering independent movies, series and live content. Our goal is to bring to life projects\u00a0 that often remain locked, closed and forgotten. We want to support new cinematographic works, even those that are not yet finished. Our mission We believe that every film project deserves...","og_url":"https:\/\/break4movie.com\/it\/presentazione\/","og_site_name":"Break4Movie","article_modified_time":"2024-08-31T12:09:46+00:00","og_image":[{"url":"https:\/\/break4movie.com\/wp-content\/uploads\/2024\/02\/logo-color-300x300.png","type":"","width":"","height":""}],"twitter_card":"summary_large_image","twitter_misc":{"Tempo di lettura stimato":"2 minuti"},"schema":{"@context":"https:\/\/schema.org","@graph":[{"@type":"WebPage","@id":"https:\/\/break4movie.com\/presentation\/","url":"https:\/\/break4movie.com\/presentation\/","name":"Presentation - Break4Movie","isPartOf":{"@id":"https:\/\/break4movie.com\/#website"},"primaryImageOfPage":{"@id":"https:\/\/break4movie.com\/presentation\/#primaryimage"},"image":{"@id":"https:\/\/break4movie.com\/presentation\/#primaryimage"},"thumbnailUrl":"https:\/\/break4movie.com\/wp-content\/uploads\/2024\/02\/logo-color-300x300.png","datePublished":"2024-08-17T11:01:20+00:00","dateModified":"2024-08-31T12:09:46+00:00","breadcrumb":{"@id":"https:\/\/break4movie.com\/presentation\/#breadcrumb"},"inLanguage":"it-IT","potentialAction":[{"@type":"ReadAction","target":["https:\/\/break4movie.com\/presentation\/"]}]},{"@type":"ImageObject","inLanguage":"it-IT","@id":"https:\/\/break4movie.com\/presentation\/#primaryimage","url":"https:\/\/break4movie.com\/wp-content\/uploads\/2024\/02\/logo-color-300x300.png","contentUrl":"https:\/\/break4movie.com\/wp-content\/uploads\/2024\/02\/logo-color-300x300.png"},{"@type":"BreadcrumbList","@id":"https:\/\/break4movie.com\/presentation\/#breadcrumb","itemListElement":[{"@type":"ListItem","position":1,"name":"Home","item":"https:\/\/break4movie.com\/nl\/"},{"@type":"ListItem","position":2,"name":"Presentation"}]},{"@type":"WebSite","@id":"https:\/\/break4movie.com\/#website","url":"https:\/\/break4movie.com\/","name":"Break4Movie","description":"Movie rental platform with new talented producers","publisher":{"@id":"https:\/\/break4movie.com\/#organization"},"potentialAction":[{"@type":"SearchAction","target":{"@type":"EntryPoint","urlTemplate":"https:\/\/break4movie.com\/?s={search_term_string}"},"query-input":{"@type":"PropertyValueSpecification","valueRequired":true,"valueName":"search_term_string"}}],"inLanguage":"it-IT"},{"@type":"Organization","@id":"https:\/\/break4movie.com\/#organization","name":"Break4Movie","url":"https:\/\/break4movie.com\/","logo":{"@type":"ImageObject","inLanguage":"it-IT","@id":"https:\/\/break4movie.com\/#\/schema\/logo\/image\/","url":"https:\/\/break4movie.com\/wp-content\/uploads\/2024\/02\/logo-color-1.png","contentUrl":"https:\/\/break4movie.com\/wp-content\/uploads\/2024\/02\/logo-color-1.png","width":900,"height":900,"caption":"Break4Movie"},"image":{"@id":"https:\/\/break4movie.com\/#\/schema\/logo\/image\/"}}]}},"_links":{"self":[{"href":"https:\/\/break4movie.com\/it\/wp-json\/wp\/v2\/pages\/4585","targetHints":{"allow":["GET"]}}],"collection":[{"href":"https:\/\/break4movie.com\/it\/wp-json\/wp\/v2\/pages"}],"about":[{"href":"https:\/\/break4movie.com\/it\/wp-json\/wp\/v2\/types\/page"}],"author":[{"embeddable":true,"href":"https:\/\/break4movie.com\/it\/wp-json\/wp\/v2\/users\/1"}],"replies":[{"embeddable":true,"href":"https:\/\/break4movie.com\/it\/wp-json\/wp\/v2\/comments?post=4585"}],"version-history":[{"count":32,"href":"https:\/\/break4movie.com\/it\/wp-json\/wp\/v2\/pages\/4585\/revisions"}],"predecessor-version":[{"id":6208,"href":"https:\/\/break4movie.com\/it\/wp-json\/wp\/v2\/pages\/4585\/revisions\/6208"}],"wp:attachment":[{"href":"https:\/\/break4movie.com\/it\/wp-json\/wp\/v2\/media?parent=4585"}],"curies":[{"name":"wp","href":"https:\/\/api.w.org\/{rel}","templated":true}]}}