{"id":4697,"date":"2024-08-18T20:53:26","date_gmt":"2024-08-18T18:53:26","guid":{"rendered":"https:\/\/break4movie.com\/?page_id=4697"},"modified":"2024-08-18T20:58:44","modified_gmt":"2024-08-18T18:58:44","slug":"privacy-policy-of-the-break4movie-platform","status":"publish","type":"page","link":"https:\/\/break4movie.com\/it\/informativa-sulla-privacy-della-piattaforma-break4movie\/","title":{"rendered":"Informativa sulla privacy della piattaforma Break4Movie"},"content":{"rendered":"<ol start=\"1\" class=\"wp-block-list\">\n<li><strong>Obiettivo<\/strong>\u00a0<\/li>\n<\/ol>\n\n\n\n<p>In conformit\u00e0 con il Regolamento Generale sulla Protezione dei Dati (GDPR) applicabile dal 25 maggio 2018, questo documento ha lo scopo di informare i user della piattaforma Break4Movie sui loro diritti, in particolare per quanto riguarda:<\/p>\n\n\n\n<ul class=\"wp-block-list\">\n<li>La raccolta dei dati personali da parte di Break4Movie<\/li>\n\n\n\n<li>L'utilizzo di questi dati<\/li>\n\n\n\n<li>Accesso a questi dati<\/li>\n\n\n\n<li>I diritti che il user ha sul sito<\/li>\n\n\n\n<li>La politica relativa all'uso dei cookie<\/li>\n<\/ul>\n\n\n\n<p>La presente informativa sulla privacy si applica insieme ai termini di utilizzo della piattaforma, che l'user ha accettato.<\/p>\n\n\n\n<ol start=\"2\" class=\"wp-block-list\">\n<li><strong>Legge applicabile<\/strong>\u00a0<\/li>\n<\/ol>\n\n\n\n<p>Ai sensi del Regolamento UE 2016\/679 del Parlamento Europeo e del Consiglio del 27 aprile 2016, relativo alla protezione delle persone fisiche con riguardo al trattamento dei dati personali, nonch\u00e9 alla libera circolazione di tali dati, la piattaforma Break4Movie intende specificare le modalit\u00e0 di utilizzo dei dati personali forniti dal user. I dati personali sono:<\/p>\n\n\n\n<ul class=\"wp-block-list\">\n<li>Elaborato in modo lecito e trasparente<\/li>\n\n\n\n<li>Raccolta per scopi specifici, espliciti e legittimi<\/li>\n\n\n\n<li>Non trattati ulteriormente in modo incompatibile con tali finalit\u00e0 (ai sensi dell'Art. 89 \u00a71 del Regolamento generale sulla protezione dei dati, la conservazione e il trattamento dei dati raccolti a fini statistici non sono considerati incompatibili con le finalit\u00e0 iniziali)<\/li>\n\n\n\n<li>Adeguati, pertinenti e limitati a quanto necessario per le finalit\u00e0 per le quali vengono raccolti<\/li>\n\n\n\n<li>Accurati e aggiornati su richiesta del user (a tal fine, Break4Movie si impegna a modificare o correggere eventuali dati errati forniti)<\/li>\n\n\n\n<li>Conservati in una forma che consenta l'identificazione delle persone interessate per una durata necessaria e sufficiente al loro trattamento.<\/li>\n\n\n\n<li>Trattati in modo da garantirne la sicurezza, compresa la protezione da trattamenti non autorizzati o illegali, dalla perdita, dalla distruzione o dal danneggiamento accidentali.<\/li>\n<\/ul>\n\n\n\n<p>In questo caso, il trattamento dei dati raccolti \u00e8 considerato lecito in quanto il user ha espressamente acconsentito alla raccolta e al trattamento di tali dati per almeno una delle finalit\u00e0 previste dalla normativa. Il trattamento dei dati \u00e8 inoltre necessario per l'esecuzione del contratto di servizio che lega il user a Break4Movie.<\/p>\n\n\n\n<ol start=\"3\" class=\"wp-block-list\">\n<li><strong>Consenso<\/strong>\u00a0<\/li>\n<\/ol>\n\n\n\n<p>Utilizzando la piattaforma Break4Movie, il user acconsente espressamente a tutte le condizioni previste dalla presente informativa sulla privacy, nonch\u00e9 alla raccolta, all'utilizzo e alla conservazione dei dati elencati nel presente documento.<\/p>\n\n\n\n<ol start=\"4\" class=\"wp-block-list\">\n<li><strong>Dati personali raccolti<\/strong>\u00a0<\/li>\n<\/ol>\n\n\n\n<p>Quando si utilizza la piattaforma Break4Movie, vengono raccolti diversi dati personali del user.<\/p>\n\n\n\n<ul class=\"wp-block-list\">\n<li>Dati raccolti automaticamente:<ul><li>Indirizzo IP<\/li><\/ul><ul><li>Geolocalizzazione (dati utilizzati solo in caso di violazione del contratto)<\/li><\/ul><ul><li>Sistema operativo utilizzato<\/li><\/ul>\n<ul class=\"wp-block-list\">\n<li>Browser utilizzato<\/li>\n<\/ul>\n<\/li>\n\n\n\n<li>I seguenti dati vengono raccolti in modo non automatico:<ul><li>Nome<\/li><\/ul><ul><li>Nome<\/li><\/ul><ul><li>Indirizzo<\/li><\/ul><ul><li>Numero di telefono<\/li><\/ul><ul><li>Data di nascita<\/li><\/ul><ul><li>Coordinate bancarie<\/li><\/ul>\n<ul class=\"wp-block-list\">\n<li>Metodo di pagamento scelto<\/li>\n<\/ul>\n<\/li>\n<\/ul>\n\n\n\n<p>&nbsp;&nbsp;&nbsp;&nbsp;&nbsp;&nbsp;&nbsp;&nbsp;&nbsp;&nbsp;&nbsp; Non saranno raccolti ulteriori dati senza preavviso al user.<\/p>\n\n\n\n<ol start=\"5\" class=\"wp-block-list\">\n<li><strong>Elaborazione dati<\/strong>\u00a0<\/li>\n<\/ol>\n\n\n\n<p>I dati personali raccolti dalla piattaforma Break4Movie saranno trattati esclusivamente per gli scopi specificati nella presente informativa sulla privacy.<br><br>La piattaforma creer\u00e0 un profilo personalizzato per ogni user, comprensivo di tutti i dati, per consentirne l'identificazione e gestire la fatturazione dei servizi ordinati.<br><br>Inoltre, verranno proposti servizi basati su statistiche, in particolare sui servizi ordinati in precedenza, per offrire l'accesso a contenuti specifici che possano soddisfare i desideri di user.<\/p>\n\n\n\n<ol start=\"6\" class=\"wp-block-list\">\n<li><strong>Condivisione dei dati raccolti<\/strong>\u00a0<\/li>\n<\/ol>\n\n\n\n<p>La piattaforma Break4Movie divulgher\u00e0 apertamente e automaticamente tutti i dati personali raccolti ai propri dipendenti, in quanto questi hanno bisogno di tali dati per portare avanti il contratto concluso. I dati raccolti non saranno condivisi con terze parti al di fuori di Break4Movie per nessun motivo. Tuttavia, i dati personali possono essere condivisi con terzi:<\/p>\n\n\n\n<ul class=\"wp-block-list\">\n<li>Se Break4Movie \u00e8 obbligato dalla legge<\/li>\n\n\n\n<li>Se le informazioni sono necessarie per un procedimento legale<\/li>\n\n\n\n<li>Per tutelare i propri diritti (in particolare in caso di contraffazione o hacking - elenco non esaustivo)<\/li>\n<\/ul>\n\n\n\n<ol start=\"7\" class=\"wp-block-list\">\n<li><strong>Conservazione e protezione dei dati personali<\/strong>\u00a0<\/li>\n<\/ol>\n\n\n\n<p>Break4Movie conserver\u00e0 i dati solo per il tempo strettamente necessario all'adempimento del contratto e solo per le finalit\u00e0 per cui sono stati raccolti.<\/p>\n\n\n\n<ol start=\"8\" class=\"wp-block-list\">\n<li><strong>Diritti e privilegi dell'utente<\/strong>\u00a0<\/li>\n<\/ol>\n\n\n\n<p>Ai sensi degli articoli da 12 a 23 del Regolamento generale sulla protezione dei dati, gli user della piattaforma Break4Movie hanno i seguenti diritti e privilegi relativi ai loro dati personali:<\/p>\n\n\n\n<ul class=\"wp-block-list\">\n<li>Diritto di accesso (consultazione)<\/li>\n\n\n\n<li>Diritto di rettifica<\/li>\n\n\n\n<li>Diritto alla cancellazione<\/li>\n\n\n\n<li>Diritto di limitare il trattamento dei dati<\/li>\n\n\n\n<li>Diritto alla portabilit\u00e0 dei dati<\/li>\n\n\n\n<li>Diritto di opposizione<\/li>\n<\/ul>\n\n\n\n<p>Per esercitare i diritti di cui sopra (accesso, modifica, cancellazione, ecc.), l'user pu\u00f2 contattare il servizio di gestione dei dati della piattaforma al seguente indirizzo: RGPD@Break4Movie.com. Inoltre, per garantire il rispetto della protezione dei dati all'interno dell'organizzazione, \u00e8 stato nominato un responsabile della protezione dei dati (DPO), che pu\u00f2 essere contattato, se necessario, al seguente indirizzo: DPO@Break4Movie.com.<\/p>\n\n\n\n<ol start=\"9\" class=\"wp-block-list\">\n<li><strong>Informativa sui cookie<\/strong>\u00a0<\/li>\n<\/ol>\n\n\n\n<p>Un cookie \u00e8 un file memorizzato sul disco rigido dell'user durante la navigazione in un sito web (compresa la piattaforma Break4Movie). Questo cookie aiuta a comprendere meglio le abitudini di navigazione del user per ottimizzare la sua esperienza user. In conformit\u00e0 con il Regolamento generale sulla protezione dei dati, il user pu\u00f2 scegliere di essere avvisato ogni volta che viene creato un cookie o pu\u00f2, se lo desidera, disabilitare completamente la trasmissione di cookie da parte della piattaforma.<\/p>\n\n\n\n<ol start=\"10\" class=\"wp-block-list\">\n<li><strong>Modifica dell'Informativa sulla privacy<\/strong>\u00a0<\/li>\n<\/ol>\n\n\n\n<p>La piattaforma Break4Movie si riserva il diritto di modificare la presente informativa sulla privacy, in particolare per rispondere a modifiche legislative in materia di protezione dei dati o alla necessit\u00e0 di adattare il processo di gestione dei dati della piattaforma. Se tale modifica dell'informativa sulla privacy si rendesse necessaria per qualsiasi motivo, il user sar\u00e0 informato almeno 15 giorni prima dell'entrata in vigore della nuova informativa sulla privacy. L'user avr\u00e0 quindi la possibilit\u00e0 di scegliere se aderire a tale modifica o cancellare il proprio accesso alla piattaforma.<\/p>\n\n\n\n<ol start=\"11\" class=\"wp-block-list\">\n<li><strong>Contatto<\/strong>\u00a0<\/li>\n<\/ol>\n\n\n\n<p>Per qualsiasi informazione relativa alla gestione dei dati personali o alla presente informativa sulla privacy, il user pu\u00f2 contattare il servizio appositamente creato all'interno della piattaforma Break4Movie al seguente indirizzo: RGPD@Break4Movie.com.<\/p>","protected":false},"excerpt":{"rendered":"<p>In conformit\u00e0 con il Regolamento generale sulla protezione dei dati (GDPR) applicabile dal 25 maggio 2018, questo documento ha lo scopo di informare gli user della piattaforma Break4Movie sui loro diritti, in particolare per quanto riguarda: La presente informativa sulla privacy si applica insieme ai termini di utilizzo della piattaforma, che il user ha anche accettato. In conformit\u00e0 al Regolamento UE 2016\/679 del...<\/p>","protected":false},"author":8,"featured_media":0,"parent":0,"menu_order":0,"comment_status":"closed","ping_status":"closed","template":"","meta":{"footnotes":"","_wp_rev_ctl_limit":""},"class_list":["post-4697","page","type-page","status-publish","hentry"],"yoast_head":"<!-- This site is optimized with the Yoast SEO plugin v24.8.1 - https:\/\/yoast.com\/wordpress\/plugins\/seo\/ -->\n<title>Privacy Policy of the Break4Movie Platform - Break4Movie<\/title>\n<meta name=\"robots\" content=\"index, follow, max-snippet:-1, max-image-preview:large, max-video-preview:-1\" \/>\n<link rel=\"canonical\" href=\"https:\/\/break4movie.com\/it\/informativa-sulla-privacy-della-piattaforma-break4movie\/\" \/>\n<meta property=\"og:locale\" content=\"it_IT\" \/>\n<meta property=\"og:type\" content=\"article\" \/>\n<meta property=\"og:title\" content=\"Privacy Policy of the Break4Movie Platform - Break4Movie\" \/>\n<meta property=\"og:description\" content=\"In accordance with the General Data Protection Regulation (GDPR) applicable from May 25, 2018, this document aims to inform the user of the Break4Movie platform about their rights, particularly regarding: This privacy policy applies alongside the platform\u2019s terms of use, which the user has also agreed to. In accordance with EU Regulation 2016\/679 of the...\" \/>\n<meta property=\"og:url\" content=\"https:\/\/break4movie.com\/it\/informativa-sulla-privacy-della-piattaforma-break4movie\/\" \/>\n<meta property=\"og:site_name\" content=\"Break4Movie\" \/>\n<meta property=\"article:modified_time\" content=\"2024-08-18T18:58:44+00:00\" \/>\n<meta name=\"twitter:card\" content=\"summary_large_image\" \/>\n<meta name=\"twitter:label1\" content=\"Tempo di lettura stimato\" \/>\n\t<meta name=\"twitter:data1\" content=\"5 minuti\" \/>\n<script type=\"application\/ld+json\" class=\"yoast-schema-graph\">{\"@context\":\"https:\/\/schema.org\",\"@graph\":[{\"@type\":\"WebPage\",\"@id\":\"https:\/\/break4movie.com\/fr\/politique-de-confidentialite-de-la-plateforme-break4movie\/\",\"url\":\"https:\/\/break4movie.com\/fr\/politique-de-confidentialite-de-la-plateforme-break4movie\/\",\"name\":\"Privacy Policy of the Break4Movie Platform - Break4Movie\",\"isPartOf\":{\"@id\":\"https:\/\/break4movie.com\/#website\"},\"datePublished\":\"2024-08-18T18:53:26+00:00\",\"dateModified\":\"2024-08-18T18:58:44+00:00\",\"breadcrumb\":{\"@id\":\"https:\/\/break4movie.com\/fr\/politique-de-confidentialite-de-la-plateforme-break4movie\/#breadcrumb\"},\"inLanguage\":\"it-IT\",\"potentialAction\":[{\"@type\":\"ReadAction\",\"target\":[\"https:\/\/break4movie.com\/fr\/politique-de-confidentialite-de-la-plateforme-break4movie\/\"]}]},{\"@type\":\"BreadcrumbList\",\"@id\":\"https:\/\/break4movie.com\/fr\/politique-de-confidentialite-de-la-plateforme-break4movie\/#breadcrumb\",\"itemListElement\":[{\"@type\":\"ListItem\",\"position\":1,\"name\":\"Home\",\"item\":\"https:\/\/break4movie.com\/nl\/\"},{\"@type\":\"ListItem\",\"position\":2,\"name\":\"Privacy Policy of the Break4Movie Platform\"}]},{\"@type\":\"WebSite\",\"@id\":\"https:\/\/break4movie.com\/#website\",\"url\":\"https:\/\/break4movie.com\/\",\"name\":\"Break4Movie\",\"description\":\"Movie rental platform with new talented producers\",\"publisher\":{\"@id\":\"https:\/\/break4movie.com\/#organization\"},\"potentialAction\":[{\"@type\":\"SearchAction\",\"target\":{\"@type\":\"EntryPoint\",\"urlTemplate\":\"https:\/\/break4movie.com\/?s={search_term_string}\"},\"query-input\":{\"@type\":\"PropertyValueSpecification\",\"valueRequired\":true,\"valueName\":\"search_term_string\"}}],\"inLanguage\":\"it-IT\"},{\"@type\":\"Organization\",\"@id\":\"https:\/\/break4movie.com\/#organization\",\"name\":\"Break4Movie\",\"url\":\"https:\/\/break4movie.com\/\",\"logo\":{\"@type\":\"ImageObject\",\"inLanguage\":\"it-IT\",\"@id\":\"https:\/\/break4movie.com\/#\/schema\/logo\/image\/\",\"url\":\"https:\/\/break4movie.com\/wp-content\/uploads\/2024\/02\/logo-color-1.png\",\"contentUrl\":\"https:\/\/break4movie.com\/wp-content\/uploads\/2024\/02\/logo-color-1.png\",\"width\":900,\"height\":900,\"caption\":\"Break4Movie\"},\"image\":{\"@id\":\"https:\/\/break4movie.com\/#\/schema\/logo\/image\/\"}}]}<\/script>\n<!-- \/ Yoast SEO plugin. -->","yoast_head_json":{"title":"Privacy Policy of the Break4Movie Platform - Break4Movie","robots":{"index":"index","follow":"follow","max-snippet":"max-snippet:-1","max-image-preview":"max-image-preview:large","max-video-preview":"max-video-preview:-1"},"canonical":"https:\/\/break4movie.com\/it\/informativa-sulla-privacy-della-piattaforma-break4movie\/","og_locale":"it_IT","og_type":"article","og_title":"Privacy Policy of the Break4Movie Platform - Break4Movie","og_description":"In accordance with the General Data Protection Regulation (GDPR) applicable from May 25, 2018, this document aims to inform the user of the Break4Movie platform about their rights, particularly regarding: This privacy policy applies alongside the platform\u2019s terms of use, which the user has also agreed to. In accordance with EU Regulation 2016\/679 of the...","og_url":"https:\/\/break4movie.com\/it\/informativa-sulla-privacy-della-piattaforma-break4movie\/","og_site_name":"Break4Movie","article_modified_time":"2024-08-18T18:58:44+00:00","twitter_card":"summary_large_image","twitter_misc":{"Tempo di lettura stimato":"5 minuti"},"schema":{"@context":"https:\/\/schema.org","@graph":[{"@type":"WebPage","@id":"https:\/\/break4movie.com\/fr\/politique-de-confidentialite-de-la-plateforme-break4movie\/","url":"https:\/\/break4movie.com\/fr\/politique-de-confidentialite-de-la-plateforme-break4movie\/","name":"Privacy Policy of the Break4Movie Platform - Break4Movie","isPartOf":{"@id":"https:\/\/break4movie.com\/#website"},"datePublished":"2024-08-18T18:53:26+00:00","dateModified":"2024-08-18T18:58:44+00:00","breadcrumb":{"@id":"https:\/\/break4movie.com\/fr\/politique-de-confidentialite-de-la-plateforme-break4movie\/#breadcrumb"},"inLanguage":"it-IT","potentialAction":[{"@type":"ReadAction","target":["https:\/\/break4movie.com\/fr\/politique-de-confidentialite-de-la-plateforme-break4movie\/"]}]},{"@type":"BreadcrumbList","@id":"https:\/\/break4movie.com\/fr\/politique-de-confidentialite-de-la-plateforme-break4movie\/#breadcrumb","itemListElement":[{"@type":"ListItem","position":1,"name":"Home","item":"https:\/\/break4movie.com\/nl\/"},{"@type":"ListItem","position":2,"name":"Privacy Policy of the Break4Movie Platform"}]},{"@type":"WebSite","@id":"https:\/\/break4movie.com\/#website","url":"https:\/\/break4movie.com\/","name":"Break4Movie","description":"Movie rental platform with new talented producers","publisher":{"@id":"https:\/\/break4movie.com\/#organization"},"potentialAction":[{"@type":"SearchAction","target":{"@type":"EntryPoint","urlTemplate":"https:\/\/break4movie.com\/?s={search_term_string}"},"query-input":{"@type":"PropertyValueSpecification","valueRequired":true,"valueName":"search_term_string"}}],"inLanguage":"it-IT"},{"@type":"Organization","@id":"https:\/\/break4movie.com\/#organization","name":"Break4Movie","url":"https:\/\/break4movie.com\/","logo":{"@type":"ImageObject","inLanguage":"it-IT","@id":"https:\/\/break4movie.com\/#\/schema\/logo\/image\/","url":"https:\/\/break4movie.com\/wp-content\/uploads\/2024\/02\/logo-color-1.png","contentUrl":"https:\/\/break4movie.com\/wp-content\/uploads\/2024\/02\/logo-color-1.png","width":900,"height":900,"caption":"Break4Movie"},"image":{"@id":"https:\/\/break4movie.com\/#\/schema\/logo\/image\/"}}]}},"_links":{"self":[{"href":"https:\/\/break4movie.com\/it\/wp-json\/wp\/v2\/pages\/4697","targetHints":{"allow":["GET"]}}],"collection":[{"href":"https:\/\/break4movie.com\/it\/wp-json\/wp\/v2\/pages"}],"about":[{"href":"https:\/\/break4movie.com\/it\/wp-json\/wp\/v2\/types\/page"}],"author":[{"embeddable":true,"href":"https:\/\/break4movie.com\/it\/wp-json\/wp\/v2\/users\/8"}],"replies":[{"embeddable":true,"href":"https:\/\/break4movie.com\/it\/wp-json\/wp\/v2\/comments?post=4697"}],"version-history":[{"count":1,"href":"https:\/\/break4movie.com\/it\/wp-json\/wp\/v2\/pages\/4697\/revisions"}],"predecessor-version":[{"id":4705,"href":"https:\/\/break4movie.com\/it\/wp-json\/wp\/v2\/pages\/4697\/revisions\/4705"}],"wp:attachment":[{"href":"https:\/\/break4movie.com\/it\/wp-json\/wp\/v2\/media?parent=4697"}],"curies":[{"name":"wp","href":"https:\/\/api.w.org\/{rel}","templated":true}]}}