{"id":4713,"date":"2024-08-18T21:29:29","date_gmt":"2024-08-18T19:29:29","guid":{"rendered":"https:\/\/break4movie.com\/?page_id=4713"},"modified":"2024-12-14T14:10:12","modified_gmt":"2024-12-14T13:10:12","slug":"terms-of-use-of-break4movie","status":"publish","type":"page","link":"https:\/\/break4movie.com\/it\/condizioni-di-utilizzo-di-break4movie\/","title":{"rendered":"Condizioni di utilizzo di Break4Movie"},"content":{"rendered":"<div data-elementor-type=\"wp-page\" data-elementor-id=\"4713\" class=\"elementor elementor-4713\" data-elementor-post-type=\"page\">\n\t\t\t\t<div class=\"elementor-element elementor-element-512738c4 e-flex e-con-boxed e-con e-parent\" data-id=\"512738c4\" data-element_type=\"container\">\n\t\t\t\t\t<div class=\"e-con-inner\">\n\t\t\t\t<div class=\"elementor-element elementor-element-7d9eeaf2 elementor-widget elementor-widget-text-editor\" data-id=\"7d9eeaf2\" data-element_type=\"widget\" data-widget_type=\"text-editor.default\">\n\t\t\t\t<div class=\"elementor-widget-container\">\n\t\t\t\t\t\t\t\t\t<ol start=\"1\">\n<li style=\"list-style-type: none;\">\n<ol start=\"1\"><\/ol>\n<\/li>\n<\/ol>\n<p>\u00a0<\/p>\n<ol start=\"1\">\n<li style=\"list-style-type: none;\">\n<ol start=\"1\">\n<li><strong>Preambolo<\/strong>\u00a0<\/li>\n<\/ol>\n<\/li>\n<\/ol>\n<p><\/p>\n<p><!-- \/wp:list --><\/p>\n<p><!-- wp:paragraph --><\/p>\n<p>BREAK4MOVIE \u00e8 una piattaforma online interattiva che consente ai nostri user di accedere a contenuti di intrattenimento via Internet, su determinati televisori e altri dispositivi compatibili con BREAK4MOVIE.<br \/><br \/>Il servizio BREAK4MOVIE \u00e8 offerto da SRL BREAK4MOVIE, una societ\u00e0 belga.<br \/><br \/>Le presenti condizioni d'uso regolano l'utilizzo dei servizi offerti da BREAK4MOVIE, compresa la visione di contenuti digitali esclusivi.<\/p>\n<p><!-- \/wp:paragraph --><\/p>\n<p><!-- wp:list {\"ordered\":true,\"start\":2} --><\/p>\n<ol start=\"2\">\n<li style=\"list-style-type: none;\">\n<ol start=\"2\"><!-- wp:list-item --><\/ol>\n<\/li>\n<\/ol>\n<p>\u00a0<\/p>\n<ol start=\"2\">\n<li style=\"list-style-type: none;\">\n<ol start=\"2\">\n<li><strong>Pay per view<\/strong>\u00a0<\/li>\n<\/ol>\n<\/li>\n<\/ol>\n<p><!-- \/wp:list-item --><\/p>\n<p><!-- \/wp:list --><\/p>\n<p><!-- wp:paragraph --><\/p>\n<p>Dopo il pagamento dell'importo stabilito sulla piattaforma, l'user avr\u00e0 accesso al contenuto di sua scelta per un periodo di 24 ore.<br \/><br \/>L'accesso sar\u00e0 limitato alla visione di contenuti di intrattenimento solo in ambito familiare, senza possibilit\u00e0 di riproduzione o altra diffusione pubblica (sia gratuita che a pagamento).<br \/><br \/>Qualsiasi download avviato vincoler\u00e0 irrevocabilmente l'user, che non potr\u00e0 richiedere alcun rimborso a causa di un errore di gestione.<\/p>\n<p><!-- \/wp:paragraph --><\/p>\n<p><!-- wp:list {\"ordered\":true,\"start\":3} --><\/p>\n<ol start=\"3\">\n<li style=\"list-style-type: none;\">\n<ol start=\"3\"><!-- wp:list-item --><\/ol>\n<\/li>\n<\/ol>\n<p>\u00a0<\/p>\n<ol start=\"3\">\n<li style=\"list-style-type: none;\">\n<ol start=\"3\">\n<li><strong>Fatturazione<\/strong>\u00a0<\/li>\n<\/ol>\n<\/li>\n<\/ol>\n<p><!-- \/wp:list-item --><\/p>\n<p><!-- \/wp:list --><\/p>\n<p><!-- wp:paragraph --><\/p>\n<p>L'utilizzo del servizio BREAK4MOVIE implica che l'utente ci fornisca almeno un metodo di pagamento che ci autorizzi ad addebitare il suo conto bancario per il pagamento delle tariffe di visualizzazione dei contenuti interattivi.<br \/><br \/>L'utente sar\u00e0 responsabile di qualsiasi importo che non \u00e8 stato possibile addebitare. Se, per qualsiasi motivo, la fattura emessa non viene pagata entro 5 giorni dalla sua emissione, il conto di user verr\u00e0 automaticamente sospeso fino alla regolarizzazione e al pagamento della fattura.<br \/><br \/>In caso di inadempimento, BREAK4MOVIE si riserva il diritto di risolvere il contratto a esclusiva discrezione del user e di richiedere non solo il pagamento delle fatture scadute ma anche il risarcimento dei danni.<\/p>\n<p><!-- \/wp:paragraph --><\/p>\n<p><!-- wp:list {\"ordered\":true,\"start\":4} --><\/p>\n<ol start=\"4\">\n<li style=\"list-style-type: none;\">\n<ol start=\"4\"><!-- wp:list-item --><\/ol>\n<\/li>\n<\/ol>\n<p>\u00a0<\/p>\n<ol start=\"4\">\n<li style=\"list-style-type: none;\">\n<ol start=\"4\">\n<li><strong>Rimborsi<\/strong>\u00a0<\/li>\n<\/ol>\n<\/li>\n<\/ol>\n<p><!-- \/wp:list-item --><\/p>\n<p><!-- \/wp:list --><\/p>\n<p><!-- wp:paragraph --><\/p>\n<p>Se il prezzo dei film viene aumentato, l'user pu\u00f2 richiedere il rimborso del credito rimanente se non \u00e8 d'accordo con i nuovi prezzi. Ad eccezione del punto precedente, i pagamenti non sono rimborsabili.<\/p>\n<p><!-- \/wp:paragraph --><\/p>\n<p><!-- wp:list {\"ordered\":true,\"start\":5} --><\/p>\n<ol start=\"5\">\n<li style=\"list-style-type: none;\">\n<ol start=\"5\"><!-- wp:list-item --><\/ol>\n<\/li>\n<\/ol>\n<p>\u00a0<\/p>\n<ol start=\"5\">\n<li style=\"list-style-type: none;\">\n<ol start=\"5\">\n<li><strong>Modifica del prezzo della pay per view<\/strong>\u00a0<\/li>\n<\/ol>\n<\/li>\n<\/ol>\n<p><!-- \/wp:list-item --><\/p>\n<p><!-- \/wp:list --><\/p>\n<p><!-- wp:paragraph --><\/p>\n<p>BREAK4MOVIE si riserva il diritto di modificare il prezzo dei servizi forniti all'user.<\/p>\n<p><!-- \/wp:paragraph --><\/p>\n<p><!-- wp:list {\"ordered\":true,\"start\":6} --><\/p>\n<ol start=\"6\">\n<li style=\"list-style-type: none;\">\n<ol start=\"6\"><!-- wp:list-item --><\/ol>\n<\/li>\n<\/ol>\n<p>\u00a0<\/p>\n<ol start=\"6\">\n<li style=\"list-style-type: none;\">\n<ol start=\"6\">\n<li><strong>Servizi BREAK4MOVIE<\/strong>\u00a0<\/li>\n<\/ol>\n<\/li>\n<\/ol>\n<p><!-- \/wp:list-item --><\/p>\n<p><!-- \/wp:list --><\/p>\n<p><!-- wp:paragraph --><\/p>\n<p>Ogni user deve avere almeno 16 anni per abbonarsi ai servizi di BREAK4MOVIE. I minori possono accedere alla piattaforma solo con il permesso di un adulto e sotto la sua supervisione.<br \/><br \/>Il servizio di visione dei contenuti di BREAK4MOVIE \u00e8 per uso privato e non commerciale e non pu\u00f2 essere condiviso con persone al di fuori del proprio nucleo familiare. Durante il periodo di noleggio pay per view, BREAK4MOVIE concede all'utente un diritto limitato e non trasferibile di accedere ai contenuti pubblicati online.<br \/><br \/>Al user non viene concesso alcun diritto di riproduzione dei contenuti forniti. In generale, il user si impegna a non archiviare, riprodurre, distribuire, mostrare, eseguire, pubblicare, creare opere derivate o vendere i contenuti di BREAK4MOVIE.<br \/><br \/>L'user si impegna inoltre a non hackerare, aggirare, rimuovere, modificare, distruggere, disattivare, bloccare, nascondere o intraprendere qualsiasi altra attivit\u00e0 volta ad aggirare le protezioni dei contenuti pubblicati online da BREAK4MOVIE.<br \/><br \/>Qualsiasi comportamento generico volto a compromettere l'integrit\u00e0 dei dati forniti dalla piattaforma BREAK4MOVIE, oltre alla sua natura criminale perseguibile in sede penale, comporter\u00e0 automaticamente il perseguimento di user per danni.<br \/><br \/>Ci\u00f2 comporter\u00e0 anche la cancellazione automatica dell'account che viola le presenti condizioni d'uso.<br \/><br \/>La qualit\u00e0 di visualizzazione del contenuto fornito pu\u00f2 variare a seconda del tipo di connessione, del dispositivo utilizzato o, pi\u00f9 in generale, della regione in cui il contenuto viene visualizzato.<br \/><br \/>BREAK4MOVIE non pu\u00f2 essere ritenuta responsabile per una qualit\u00e0 dell'immagine inferiore agli standard desiderati e sar\u00e0 compito del user adottare tutte le misure tecniche per soddisfare le proprie aspettative.<br \/><br \/>L'utilizzo della piattaforma BREAK4MOVIE pu\u00f2 richiedere l'installazione di software di terze parti per accedere ai contenuti disponibili.<br \/><br \/>Sar\u00e0 compito dell'user aggiornare regolarmente il software principale o qualsiasi software di terze parti associato per un'esperienza ottimale.<\/p>\n<p><!-- \/wp:paragraph --><\/p>\n<p><!-- wp:list {\"ordered\":true,\"start\":7} --><\/p>\n<ol start=\"7\">\n<li style=\"list-style-type: none;\">\n<ol start=\"7\"><!-- wp:list-item --><\/ol>\n<\/li>\n<\/ol>\n<p>\u00a0<\/p>\n<ol start=\"7\">\n<li style=\"list-style-type: none;\">\n<ol start=\"7\">\n<li><strong>Password e accesso all'account<\/strong>\u00a0<\/li>\n<\/ol>\n<\/li>\n<\/ol>\n<p><!-- \/wp:list-item --><\/p>\n<p><!-- \/wp:list --><\/p>\n<p><!-- wp:paragraph --><\/p>\n<p>Il nome e la password del user sono per uso personale e devono rimanere riservati. \u00c8 severamente vietato a qualsiasi user trasmettere questi dati a terzi, ma se ci\u00f2 dovesse accadere, il user accetta irrevocabilmente che queste persone agiscano per suo conto e saranno irrevocabilmente vincolate al download e all'accesso richiesto, in particolare in termini di fatturazione.<br \/><br \/>L'user si impegna inoltre a mantenere informazioni accurate sull'account, compreso un indirizzo e-mail valido per consentire a BREAK4MOVIE di inviare qualsiasi informazione utile relativa all'account.<br \/><br \/>BREAK4MOVIE pu\u00f2 chiudere o sospendere un account ritenuto \"sospetto\" per proteggere user e la piattaforma o i suoi partner dal furto di identit\u00e0 o da qualsiasi altra attivit\u00e0 fraudolenta.<\/p>\n<p><!-- \/wp:paragraph --><\/p>\n<p><!-- wp:list {\"ordered\":true,\"start\":8} --><\/p>\n<ol start=\"8\">\n<li style=\"list-style-type: none;\">\n<ol start=\"8\"><!-- wp:list-item --><\/ol>\n<\/li>\n<\/ol>\n<p>\u00a0<\/p>\n<ol start=\"8\">\n<li style=\"list-style-type: none;\">\n<ol start=\"8\">\n<li><strong>Modifica dei termini di utilizzo<\/strong>\u00a0<\/li>\n<\/ol>\n<\/li>\n<\/ol>\n<p><!-- \/wp:list-item --><\/p>\n<p><!-- \/wp:list --><\/p>\n<p><!-- wp:paragraph --><\/p>\n<p>BREAK4MOVIE pu\u00f2 modificare unilateralmente le presenti condizioni d'uso. In caso di modifica, user sar\u00e0 informato via e-mail delle modifiche sostanziali prima che diventino applicabili. Le modifiche diventeranno applicabili il primo giorno lavorativo del mese successivo.<\/p>\n<p><!-- \/wp:paragraph --><\/p>\n<p><!-- wp:list {\"ordered\":true,\"start\":9} --><\/p>\n<ol start=\"9\">\n<li style=\"list-style-type: none;\">\n<ol start=\"9\"><!-- wp:list-item --><\/ol>\n<\/li>\n<\/ol>\n<p>\u00a0<\/p>\n<ol start=\"9\">\n<li style=\"list-style-type: none;\">\n<ol start=\"9\">\n<li><strong>Nullit\u00e0<\/strong>\u00a0<\/li>\n<\/ol>\n<\/li>\n<\/ol>\n<p><!-- \/wp:list-item --><\/p>\n<p><!-- \/wp:list --><\/p>\n<p><!-- wp:paragraph --><\/p>\n<p>Se una o pi\u00f9 disposizioni delle presenti condizioni generali sono invalide, illegali o inapplicabili, le altre disposizioni rimarranno pienamente applicabili e manterranno i loro effetti.<\/p>\n<p><!-- \/wp:paragraph --><\/p>\n<p><!-- wp:list {\"ordered\":true,\"start\":10} --><\/p>\n<ol start=\"10\">\n<li style=\"list-style-type: none;\">\n<ol start=\"10\"><!-- wp:list-item --><\/ol>\n<\/li>\n<\/ol>\n<p>\u00a0<\/p>\n<ol start=\"10\">\n<li style=\"list-style-type: none;\">\n<ol start=\"10\">\n<li><strong>Legge applicabile<\/strong>\u00a0<\/li>\n<\/ol>\n<\/li>\n<\/ol>\n<p><!-- \/wp:list-item --><\/p>\n<p><!-- \/wp:list --><\/p>\n<p><!-- wp:paragraph --><\/p>\n<p>Le presenti condizioni di utilizzo sono disciplinate dalla legge belga. In caso di controversia, le parti convengono che le loro divergenze saranno risolte dai tribunali belgi, in particolare dai tribunali del distretto giudiziario di Liegi.<\/p>\n<p>\u00a0 \u00a0 11. <strong>Prezzi delle confezioni<\/strong><\/p>\n<p>Il prezzo al netto dell'IVA (HTVA) pu\u00f2 variare da un Paese all'altro a causa delle differenze nelle aliquote IVA applicabili in ciascun Paese. Pertanto, per garantire un prezzo finale uniforme comprensivo di IVA per tutti i nostri clienti, l'importo HTVA viene adeguato in base all'aliquota IVA in vigore nel paese di residenza dell'acquirente.<\/p>\n<p><!-- \/wp:paragraph --><\/p>\t\t\t\t\t\t\t\t<\/div>\n\t\t\t\t<\/div>\n\t\t\t\t\t<\/div>\n\t\t\t\t<\/div>\n\t\t\t\t<\/div>","protected":false},"excerpt":{"rendered":"<p>BREAK4MOVIE \u00e8 una piattaforma online interattiva che consente ai nostri user di accedere a contenuti di intrattenimento via Internet, su determinati televisori e altri dispositivi compatibili con BREAK4MOVIE. Il servizio BREAK4MOVIE \u00e8 offerto da SRL BREAK4MOVIE, una societ\u00e0 belga. Le presenti condizioni d'uso regolano l'utilizzo dei servizi offerti da BREAK4MOVIE, compresa la visione di...<\/p>","protected":false},"author":8,"featured_media":0,"parent":0,"menu_order":0,"comment_status":"closed","ping_status":"closed","template":"","meta":{"footnotes":"","_wp_rev_ctl_limit":""},"class_list":["post-4713","page","type-page","status-publish","hentry"],"yoast_head":"<!-- This site is optimized with the Yoast SEO plugin v24.8.1 - https:\/\/yoast.com\/wordpress\/plugins\/seo\/ -->\n<title>Terms of Use of Break4Movie - Break4Movie<\/title>\n<meta name=\"robots\" content=\"index, follow, max-snippet:-1, max-image-preview:large, max-video-preview:-1\" \/>\n<link rel=\"canonical\" href=\"https:\/\/break4movie.com\/it\/condizioni-di-utilizzo-di-break4movie\/\" \/>\n<meta property=\"og:locale\" content=\"it_IT\" \/>\n<meta property=\"og:type\" content=\"article\" \/>\n<meta property=\"og:title\" content=\"Terms of Use of Break4Movie - Break4Movie\" \/>\n<meta property=\"og:description\" content=\"BREAK4MOVIE is an interactive online platform that allows our users to access entertainment content via internet, on certain televisions and other devices compatible with BREAK4MOVIE. The BREAK4MOVIE service is offered to you by SRL BREAK4MOVIE, a Belgian company. These terms of use govern your use of the services offered by BREAK4MOVIE, including the viewing of...\" \/>\n<meta property=\"og:url\" content=\"https:\/\/break4movie.com\/it\/condizioni-di-utilizzo-di-break4movie\/\" \/>\n<meta property=\"og:site_name\" content=\"Break4Movie\" \/>\n<meta property=\"article:modified_time\" content=\"2024-12-14T13:10:12+00:00\" \/>\n<meta name=\"twitter:card\" content=\"summary_large_image\" \/>\n<meta name=\"twitter:label1\" content=\"Tempo di lettura stimato\" \/>\n\t<meta name=\"twitter:data1\" content=\"4 minuti\" \/>\n<script type=\"application\/ld+json\" class=\"yoast-schema-graph\">{\"@context\":\"https:\/\/schema.org\",\"@graph\":[{\"@type\":\"WebPage\",\"@id\":\"https:\/\/break4movie.com\/terms-of-use-of-break4movie\/\",\"url\":\"https:\/\/break4movie.com\/terms-of-use-of-break4movie\/\",\"name\":\"Terms of Use of Break4Movie - Break4Movie\",\"isPartOf\":{\"@id\":\"https:\/\/break4movie.com\/#website\"},\"datePublished\":\"2024-08-18T19:29:29+00:00\",\"dateModified\":\"2024-12-14T13:10:12+00:00\",\"breadcrumb\":{\"@id\":\"https:\/\/break4movie.com\/terms-of-use-of-break4movie\/#breadcrumb\"},\"inLanguage\":\"it-IT\",\"potentialAction\":[{\"@type\":\"ReadAction\",\"target\":[\"https:\/\/break4movie.com\/terms-of-use-of-break4movie\/\"]}]},{\"@type\":\"BreadcrumbList\",\"@id\":\"https:\/\/break4movie.com\/terms-of-use-of-break4movie\/#breadcrumb\",\"itemListElement\":[{\"@type\":\"ListItem\",\"position\":1,\"name\":\"Home\",\"item\":\"https:\/\/break4movie.com\/nl\/\"},{\"@type\":\"ListItem\",\"position\":2,\"name\":\"Terms of Use of Break4Movie\"}]},{\"@type\":\"WebSite\",\"@id\":\"https:\/\/break4movie.com\/#website\",\"url\":\"https:\/\/break4movie.com\/\",\"name\":\"Break4Movie\",\"description\":\"Movie rental platform with new talented producers\",\"publisher\":{\"@id\":\"https:\/\/break4movie.com\/#organization\"},\"potentialAction\":[{\"@type\":\"SearchAction\",\"target\":{\"@type\":\"EntryPoint\",\"urlTemplate\":\"https:\/\/break4movie.com\/?s={search_term_string}\"},\"query-input\":{\"@type\":\"PropertyValueSpecification\",\"valueRequired\":true,\"valueName\":\"search_term_string\"}}],\"inLanguage\":\"it-IT\"},{\"@type\":\"Organization\",\"@id\":\"https:\/\/break4movie.com\/#organization\",\"name\":\"Break4Movie\",\"url\":\"https:\/\/break4movie.com\/\",\"logo\":{\"@type\":\"ImageObject\",\"inLanguage\":\"it-IT\",\"@id\":\"https:\/\/break4movie.com\/#\/schema\/logo\/image\/\",\"url\":\"https:\/\/break4movie.com\/wp-content\/uploads\/2024\/02\/logo-color-1.png\",\"contentUrl\":\"https:\/\/break4movie.com\/wp-content\/uploads\/2024\/02\/logo-color-1.png\",\"width\":900,\"height\":900,\"caption\":\"Break4Movie\"},\"image\":{\"@id\":\"https:\/\/break4movie.com\/#\/schema\/logo\/image\/\"}}]}<\/script>\n<!-- \/ Yoast SEO plugin. -->","yoast_head_json":{"title":"Terms of Use of Break4Movie - Break4Movie","robots":{"index":"index","follow":"follow","max-snippet":"max-snippet:-1","max-image-preview":"max-image-preview:large","max-video-preview":"max-video-preview:-1"},"canonical":"https:\/\/break4movie.com\/it\/condizioni-di-utilizzo-di-break4movie\/","og_locale":"it_IT","og_type":"article","og_title":"Terms of Use of Break4Movie - Break4Movie","og_description":"BREAK4MOVIE is an interactive online platform that allows our users to access entertainment content via internet, on certain televisions and other devices compatible with BREAK4MOVIE. The BREAK4MOVIE service is offered to you by SRL BREAK4MOVIE, a Belgian company. These terms of use govern your use of the services offered by BREAK4MOVIE, including the viewing of...","og_url":"https:\/\/break4movie.com\/it\/condizioni-di-utilizzo-di-break4movie\/","og_site_name":"Break4Movie","article_modified_time":"2024-12-14T13:10:12+00:00","twitter_card":"summary_large_image","twitter_misc":{"Tempo di lettura stimato":"4 minuti"},"schema":{"@context":"https:\/\/schema.org","@graph":[{"@type":"WebPage","@id":"https:\/\/break4movie.com\/terms-of-use-of-break4movie\/","url":"https:\/\/break4movie.com\/terms-of-use-of-break4movie\/","name":"Terms of Use of Break4Movie - Break4Movie","isPartOf":{"@id":"https:\/\/break4movie.com\/#website"},"datePublished":"2024-08-18T19:29:29+00:00","dateModified":"2024-12-14T13:10:12+00:00","breadcrumb":{"@id":"https:\/\/break4movie.com\/terms-of-use-of-break4movie\/#breadcrumb"},"inLanguage":"it-IT","potentialAction":[{"@type":"ReadAction","target":["https:\/\/break4movie.com\/terms-of-use-of-break4movie\/"]}]},{"@type":"BreadcrumbList","@id":"https:\/\/break4movie.com\/terms-of-use-of-break4movie\/#breadcrumb","itemListElement":[{"@type":"ListItem","position":1,"name":"Home","item":"https:\/\/break4movie.com\/nl\/"},{"@type":"ListItem","position":2,"name":"Terms of Use of Break4Movie"}]},{"@type":"WebSite","@id":"https:\/\/break4movie.com\/#website","url":"https:\/\/break4movie.com\/","name":"Break4Movie","description":"Movie rental platform with new talented producers","publisher":{"@id":"https:\/\/break4movie.com\/#organization"},"potentialAction":[{"@type":"SearchAction","target":{"@type":"EntryPoint","urlTemplate":"https:\/\/break4movie.com\/?s={search_term_string}"},"query-input":{"@type":"PropertyValueSpecification","valueRequired":true,"valueName":"search_term_string"}}],"inLanguage":"it-IT"},{"@type":"Organization","@id":"https:\/\/break4movie.com\/#organization","name":"Break4Movie","url":"https:\/\/break4movie.com\/","logo":{"@type":"ImageObject","inLanguage":"it-IT","@id":"https:\/\/break4movie.com\/#\/schema\/logo\/image\/","url":"https:\/\/break4movie.com\/wp-content\/uploads\/2024\/02\/logo-color-1.png","contentUrl":"https:\/\/break4movie.com\/wp-content\/uploads\/2024\/02\/logo-color-1.png","width":900,"height":900,"caption":"Break4Movie"},"image":{"@id":"https:\/\/break4movie.com\/#\/schema\/logo\/image\/"}}]}},"_links":{"self":[{"href":"https:\/\/break4movie.com\/it\/wp-json\/wp\/v2\/pages\/4713","targetHints":{"allow":["GET"]}}],"collection":[{"href":"https:\/\/break4movie.com\/it\/wp-json\/wp\/v2\/pages"}],"about":[{"href":"https:\/\/break4movie.com\/it\/wp-json\/wp\/v2\/types\/page"}],"author":[{"embeddable":true,"href":"https:\/\/break4movie.com\/it\/wp-json\/wp\/v2\/users\/8"}],"replies":[{"embeddable":true,"href":"https:\/\/break4movie.com\/it\/wp-json\/wp\/v2\/comments?post=4713"}],"version-history":[{"count":19,"href":"https:\/\/break4movie.com\/it\/wp-json\/wp\/v2\/pages\/4713\/revisions"}],"predecessor-version":[{"id":8138,"href":"https:\/\/break4movie.com\/it\/wp-json\/wp\/v2\/pages\/4713\/revisions\/8138"}],"wp:attachment":[{"href":"https:\/\/break4movie.com\/it\/wp-json\/wp\/v2\/media?parent=4713"}],"curies":[{"name":"wp","href":"https:\/\/api.w.org\/{rel}","templated":true}]}}