{"id":8338,"date":"2025-03-24T20:46:19","date_gmt":"2025-03-24T19:46:19","guid":{"rendered":"https:\/\/break4movie.com\/?page_id=8338"},"modified":"2025-03-24T21:11:32","modified_gmt":"2025-03-24T20:11:32","slug":"medias","status":"publish","type":"page","link":"https:\/\/break4movie.com\/it\/medias\/","title":{"rendered":"Media"},"content":{"rendered":"<div data-elementor-type=\"wp-page\" data-elementor-id=\"8338\" class=\"elementor elementor-8338\" data-elementor-post-type=\"page\">\n\t\t\t\t<div class=\"elementor-element elementor-element-206bfa7e e-flex e-con-boxed e-con e-parent\" data-id=\"206bfa7e\" data-element_type=\"container\">\n\t\t\t\t\t<div class=\"e-con-inner\">\n\t\t\t\t<div class=\"elementor-element elementor-element-4bf340ba elementor-widget elementor-widget-text-editor\" data-id=\"4bf340ba\" data-element_type=\"widget\" data-widget_type=\"text-editor.default\">\n\t\t\t\t<div class=\"elementor-widget-container\">\n\t\t\t\t\t\t\t\t\t<h1 style=\"text-align: center;\">Media<\/h1>\t\t\t\t\t\t\t\t<\/div>\n\t\t\t\t<\/div>\n\t\t\t\t\t<\/div>\n\t\t\t\t<\/div>\n\t\t<div class=\"elementor-element elementor-element-05f58b7 e-flex e-con-boxed e-con e-parent\" data-id=\"05f58b7\" data-element_type=\"container\">\n\t\t\t\t\t<div class=\"e-con-inner\">\n\t\t\t\t<div class=\"elementor-element elementor-element-569eff7 elementor-widget__width-inherit e-n-tabs-mobile elementor-widget elementor-widget-n-tabs\" data-id=\"569eff7\" data-element_type=\"widget\" data-settings=\"{&quot;horizontal_scroll&quot;:&quot;disable&quot;}\" data-widget_type=\"nested-tabs.default\">\n\t\t\t\t<div class=\"elementor-widget-container\">\n\t\t\t\t\t\t\t<div class=\"e-n-tabs\" data-widget-number=\"90828791\" aria-label=\"Pesta\u00f1as. Abre elementos con Intro o Espacio, ci\u00e9rralos con Escape y navega con las fechas.\" data-no-translation-aria-label=\"\">\n\t\t\t<div class=\"e-n-tabs-heading\" role=\"tablist\">\n\t\t\t\t\t<button id=\"e-n-tab-title-908287911\" class=\"e-n-tab-title\" aria-selected=\"true\" data-tab-index=\"1\" role=\"tab\" tabindex=\"0\" aria-controls=\"e-n-tab-content-908287911\" style=\"--n-tabs-title-order: 1;\">\n\t\t\t\t\t\t<span class=\"e-n-tab-title-text\" data-no-translation=\"\">\n\t\t\t\tRadio Web Belgique\t\t\t<\/span>\n\t\t<\/button>\n\t\t\t\t\t<\/div>\n\t\t\t<div class=\"e-n-tabs-content\">\n\t\t\t\t<div id=\"e-n-tab-content-908287911\" role=\"tabpanel\" aria-labelledby=\"e-n-tab-title-908287911\" data-tab-index=\"1\" style=\"--n-tabs-title-order: 1;\" class=\"e-active elementor-element elementor-element-9d1ca99 e-con-full e-flex e-con e-child\" data-id=\"9d1ca99\" data-element_type=\"container\">\n\t\t<div class=\"elementor-element elementor-element-bb704db e-flex e-con-boxed e-con e-child\" data-id=\"bb704db\" data-element_type=\"container\">\n\t\t\t\t\t<div class=\"e-con-inner\">\n\t\t<div class=\"elementor-element elementor-element-bdbac86 e-grid e-con-full e-con e-child\" data-id=\"bdbac86\" data-element_type=\"container\">\n\t\t\t\t<div class=\"elementor-element elementor-element-c99850c elementor-widget elementor-widget-image\" data-id=\"c99850c\" data-element_type=\"widget\" data-widget_type=\"image.default\">\n\t\t\t\t<div class=\"elementor-widget-container\">\n\t\t\t\t\t\t\t\t\t\t\t\t\t\t\t<img fetchpriority=\"high\" decoding=\"async\" width=\"800\" height=\"1038\" src=\"https:\/\/break4movie.com\/wp-content\/uploads\/2025\/03\/delphine-et-tony-800x1038.jpg\" class=\"attachment-beeteam368_thumb_2x3_2x size-beeteam368_thumb_2x3_2x wp-image-8354\" alt=\"\" \/>\t\t\t\t\t\t\t\t\t\t\t\t\t\t\t<\/div>\n\t\t\t\t<\/div>\n\t\t\t\t<div class=\"elementor-element elementor-element-15bd056 elementor-widget elementor-widget-text-editor\" data-id=\"15bd056\" data-element_type=\"widget\" data-widget_type=\"text-editor.default\">\n\t\t\t\t<div class=\"elementor-widget-container\">\n\t\t\t\t\t\t\t\t\t<h1 style=\"text-align: center;\"><span style=\"color: #ffcc00;\">Radio Web Belgio con Tony e Delphine<\/span><\/h1><h2>Due appassionati, una missione comune...<\/h2><p style=\"font-weight: 400;\">\u00a0<\/p><p style=\"font-weight: 400;\">Siamo due amici da 10 anni, uniti dalla stessa passione per l'arte e i media e da una competenza complementare. Originari della regione liegea, ci uniamo a noi due, 1an<strong>\u00a0esperienza<\/strong>\u00a0nei settori del podcast e del\u00a0<strong>l'audiovisivo<\/strong>. Ognuno di noi ha percorso un sentiero unico, ma \u00e8 la nostra visione comune che ci ha riunito:\u00a0<strong>dare la possibilit\u00e0 di conoscere il suo mestiere e la sua passione attraverso un'intervista unica.<\/strong>.<\/p><p style=\"font-weight: 400;\">Tony en formation de com\u00e9dien s'occupant principalment du cot\u00e9 administratif et de la cr\u00e9ation de questions. Dinamico, sociale, generoso e lavoratore.<\/p><p style=\"font-weight: 400;\">Delphine Graphiste si occupa principalmente di montaggio video e di presentazioni. Dinamica, generosa, dotata di senso del parterre, perfezionista.<\/p>\t\t\t\t\t\t\t\t<\/div>\n\t\t\t\t<\/div>\n\t\t\t\t<\/div>\n\t\t\t\t<div class=\"elementor-element elementor-element-ca3d310 elementor-widget elementor-widget-text-editor\" data-id=\"ca3d310\" data-element_type=\"widget\" data-widget_type=\"text-editor.default\">\n\t\t\t\t<div class=\"elementor-widget-container\">\n\t\t\t\t\t\t\t\t\t<h1 style=\"text-align: center;\"><span style=\"color: #ffcc00;\">Insieme, siamo un duo basato sull'umorismo, la condivisione e l'umanit\u00e0.<\/span><\/h1><div><p style=\"font-weight: 400;\">\u00a0<\/p><p style=\"font-weight: 400;\">Al termine del nostro podcast, abbiamo visto decine di ind\u00e9pendants, di artisti, di appassionati e di commercianti battersi per\u00a0<strong>se faire connaitre<\/strong>. Talenti straordinari, servizi di qualit\u00e0, ma spesso una visibilit\u00e0 limitata dalla mancanza di risorse o di conoscenze. \u00c8 a fronte di questo dato che noi abbiamo\u00a0<strong>deciso di agire<\/strong>\u00a0e di realizzare interviste a tutti i nostri ospiti per farli conoscere e scoprire i loro settori che ci interessano.\u00a0<\/p><p style=\"font-weight: 400;\">Notre chaine Radio Web Belgique ha pubblicato nel marzo 2023 un podcast dell'attrice Alexandra Fonsatti, una biografia che abbiamo voluto realizzare per renderle onore.  Per la realizzazione di questo video, Delphine ha fatto appello a Tony. Avendo apprezzato l'incontro con questa talentuosa donna allemandese, abbiamo deciso di pubblicare la nostra catena youtube con altri talenti.<\/p><p style=\"font-weight: 400;\">Ciascuna delle nostre interviste \u00e8 unica, dedicata a ciascun invitato in base alle sue esigenze.<\/p><p style=\"font-weight: 400;\">\u00a0<\/p><h2>Avete voglia di incontrarvi?<\/h2><p style=\"font-weight: 400;\">\u00a0<strong>Cliccate qui sotto per scoprire come possiamo aiutarvi a farvi conoscere e a ricongiungervi a noi su youtube, instagram o facebook con il nome di radiowebbelgique.<\/strong><\/p><p style=\"font-weight: 400;\"><a style=\"font-weight: 400;\" href=\"https:\/\/www.youtube.com\/@Radiowebbelgique\" data-saferedirecturl=\"https:\/\/www.google.com\/url?q=https:\/\/www.youtube.com\/@Radiowebbelgique&amp;source=gmail&amp;ust=1742931232505000&amp;usg=AOvVaw27YLFxlA6MKMJj2cnjKvQA\">https:\/\/www.youtube.com\/@Radiowebbelgique<\/a><\/p><\/div>\t\t\t\t\t\t\t\t<\/div>\n\t\t\t\t<\/div>\n\t\t\t\t\t<\/div>\n\t\t\t\t<\/div>\n\t\t\t\t<\/div>\n\t\t\t\t\t<\/div>\n\t\t<\/div>\n\t\t\t\t\t\t<\/div>\n\t\t\t\t<\/div>\n\t\t\t\t\t<\/div>\n\t\t\t\t<\/div>\n\t\t\t\t<\/div>","protected":false},"excerpt":{"rendered":"<p>Medias Radio Web Belgique Radio Web Belgique avec Tony et Delphine Deux passionn\u00e9s, une mission commune... Nous sommes deux amis depuis 10 ans, unis par une m\u00eame passion qui est l'artiste et les m\u00e9dias et une expertise compl\u00e9mentaire. Originari della regione liegea, abbiamo due anni di esperienza nel settore dei podcast e dell'audiovisivo....<\/p>","protected":false},"author":8,"featured_media":0,"parent":0,"menu_order":0,"comment_status":"closed","ping_status":"closed","template":"","meta":{"footnotes":"","_wp_rev_ctl_limit":""},"class_list":["post-8338","page","type-page","status-publish","hentry"],"yoast_head":"<!-- This site is optimized with the Yoast SEO plugin v24.8.1 - https:\/\/yoast.com\/wordpress\/plugins\/seo\/ -->\n<title>Medias - Break4Movie<\/title>\n<meta name=\"robots\" content=\"index, follow, max-snippet:-1, max-image-preview:large, max-video-preview:-1\" \/>\n<link rel=\"canonical\" href=\"https:\/\/break4movie.com\/it\/medias\/\" \/>\n<meta property=\"og:locale\" content=\"it_IT\" \/>\n<meta property=\"og:type\" content=\"article\" \/>\n<meta property=\"og:title\" content=\"Medias - Break4Movie\" \/>\n<meta property=\"og:description\" content=\"Medias Radio Web Belgique Radio Web Belgique avec Tony et Delphine Deux passionn\u00e9s, une mission commune\u2026 \u00a0 Nous sommes deux amis depuis 10 ans, unis par une m\u00eame passion qui est l\u2019artistique et les m\u00e9dias et une expertise compl\u00e9mentaire. Originaires de la r\u00e9gion li\u00e9geoise, nous cumulons \u00e0 nous deux,\u00a0\u00a01an\u00a0d\u2019exp\u00e9rience\u00a0dans les domaines des podcasts et de\u00a0l\u2019audiovisuel....\" \/>\n<meta property=\"og:url\" content=\"https:\/\/break4movie.com\/it\/medias\/\" \/>\n<meta property=\"og:site_name\" content=\"Break4Movie\" \/>\n<meta property=\"article:modified_time\" content=\"2025-03-24T20:11:32+00:00\" \/>\n<meta property=\"og:image\" content=\"https:\/\/break4movie.com\/wp-content\/uploads\/2025\/03\/delphine-et-tony-800x1038.jpg\" \/>\n<meta name=\"twitter:card\" content=\"summary_large_image\" \/>\n<meta name=\"twitter:label1\" content=\"Tempo di lettura stimato\" \/>\n\t<meta name=\"twitter:data1\" content=\"4 minuti\" \/>\n<script type=\"application\/ld+json\" class=\"yoast-schema-graph\">{\"@context\":\"https:\/\/schema.org\",\"@graph\":[{\"@type\":\"WebPage\",\"@id\":\"https:\/\/break4movie.com\/es\/medias\/\",\"url\":\"https:\/\/break4movie.com\/es\/medias\/\",\"name\":\"Medias - Break4Movie\",\"isPartOf\":{\"@id\":\"https:\/\/break4movie.com\/#website\"},\"primaryImageOfPage\":{\"@id\":\"https:\/\/break4movie.com\/es\/medias\/#primaryimage\"},\"image\":{\"@id\":\"https:\/\/break4movie.com\/es\/medias\/#primaryimage\"},\"thumbnailUrl\":\"https:\/\/break4movie.com\/wp-content\/uploads\/2025\/03\/delphine-et-tony-800x1038.jpg\",\"datePublished\":\"2025-03-24T19:46:19+00:00\",\"dateModified\":\"2025-03-24T20:11:32+00:00\",\"breadcrumb\":{\"@id\":\"https:\/\/break4movie.com\/es\/medias\/#breadcrumb\"},\"inLanguage\":\"it-IT\",\"potentialAction\":[{\"@type\":\"ReadAction\",\"target\":[\"https:\/\/break4movie.com\/es\/medias\/\"]}]},{\"@type\":\"ImageObject\",\"inLanguage\":\"it-IT\",\"@id\":\"https:\/\/break4movie.com\/es\/medias\/#primaryimage\",\"url\":\"https:\/\/break4movie.com\/wp-content\/uploads\/2025\/03\/delphine-et-tony-800x1038.jpg\",\"contentUrl\":\"https:\/\/break4movie.com\/wp-content\/uploads\/2025\/03\/delphine-et-tony-800x1038.jpg\"},{\"@type\":\"BreadcrumbList\",\"@id\":\"https:\/\/break4movie.com\/es\/medias\/#breadcrumb\",\"itemListElement\":[{\"@type\":\"ListItem\",\"position\":1,\"name\":\"Home\",\"item\":\"https:\/\/break4movie.com\/nl\/\"},{\"@type\":\"ListItem\",\"position\":2,\"name\":\"Medias\"}]},{\"@type\":\"WebSite\",\"@id\":\"https:\/\/break4movie.com\/#website\",\"url\":\"https:\/\/break4movie.com\/\",\"name\":\"Break4Movie\",\"description\":\"Movie rental platform with new talented producers\",\"publisher\":{\"@id\":\"https:\/\/break4movie.com\/#organization\"},\"potentialAction\":[{\"@type\":\"SearchAction\",\"target\":{\"@type\":\"EntryPoint\",\"urlTemplate\":\"https:\/\/break4movie.com\/?s={search_term_string}\"},\"query-input\":{\"@type\":\"PropertyValueSpecification\",\"valueRequired\":true,\"valueName\":\"search_term_string\"}}],\"inLanguage\":\"it-IT\"},{\"@type\":\"Organization\",\"@id\":\"https:\/\/break4movie.com\/#organization\",\"name\":\"Break4Movie\",\"url\":\"https:\/\/break4movie.com\/\",\"logo\":{\"@type\":\"ImageObject\",\"inLanguage\":\"it-IT\",\"@id\":\"https:\/\/break4movie.com\/#\/schema\/logo\/image\/\",\"url\":\"https:\/\/break4movie.com\/wp-content\/uploads\/2024\/02\/logo-color-1.png\",\"contentUrl\":\"https:\/\/break4movie.com\/wp-content\/uploads\/2024\/02\/logo-color-1.png\",\"width\":900,\"height\":900,\"caption\":\"Break4Movie\"},\"image\":{\"@id\":\"https:\/\/break4movie.com\/#\/schema\/logo\/image\/\"}}]}<\/script>\n<!-- \/ Yoast SEO plugin. -->","yoast_head_json":{"title":"Medias - Break4Movie","robots":{"index":"index","follow":"follow","max-snippet":"max-snippet:-1","max-image-preview":"max-image-preview:large","max-video-preview":"max-video-preview:-1"},"canonical":"https:\/\/break4movie.com\/it\/medias\/","og_locale":"it_IT","og_type":"article","og_title":"Medias - Break4Movie","og_description":"Medias Radio Web Belgique Radio Web Belgique avec Tony et Delphine Deux passionn\u00e9s, une mission commune\u2026 \u00a0 Nous sommes deux amis depuis 10 ans, unis par une m\u00eame passion qui est l\u2019artistique et les m\u00e9dias et une expertise compl\u00e9mentaire. Originaires de la r\u00e9gion li\u00e9geoise, nous cumulons \u00e0 nous deux,\u00a0\u00a01an\u00a0d\u2019exp\u00e9rience\u00a0dans les domaines des podcasts et de\u00a0l\u2019audiovisuel....","og_url":"https:\/\/break4movie.com\/it\/medias\/","og_site_name":"Break4Movie","article_modified_time":"2025-03-24T20:11:32+00:00","og_image":[{"url":"https:\/\/break4movie.com\/wp-content\/uploads\/2025\/03\/delphine-et-tony-800x1038.jpg","type":"","width":"","height":""}],"twitter_card":"summary_large_image","twitter_misc":{"Tempo di lettura stimato":"4 minuti"},"schema":{"@context":"https:\/\/schema.org","@graph":[{"@type":"WebPage","@id":"https:\/\/break4movie.com\/es\/medias\/","url":"https:\/\/break4movie.com\/es\/medias\/","name":"Medias - Break4Movie","isPartOf":{"@id":"https:\/\/break4movie.com\/#website"},"primaryImageOfPage":{"@id":"https:\/\/break4movie.com\/es\/medias\/#primaryimage"},"image":{"@id":"https:\/\/break4movie.com\/es\/medias\/#primaryimage"},"thumbnailUrl":"https:\/\/break4movie.com\/wp-content\/uploads\/2025\/03\/delphine-et-tony-800x1038.jpg","datePublished":"2025-03-24T19:46:19+00:00","dateModified":"2025-03-24T20:11:32+00:00","breadcrumb":{"@id":"https:\/\/break4movie.com\/es\/medias\/#breadcrumb"},"inLanguage":"it-IT","potentialAction":[{"@type":"ReadAction","target":["https:\/\/break4movie.com\/es\/medias\/"]}]},{"@type":"ImageObject","inLanguage":"it-IT","@id":"https:\/\/break4movie.com\/es\/medias\/#primaryimage","url":"https:\/\/break4movie.com\/wp-content\/uploads\/2025\/03\/delphine-et-tony-800x1038.jpg","contentUrl":"https:\/\/break4movie.com\/wp-content\/uploads\/2025\/03\/delphine-et-tony-800x1038.jpg"},{"@type":"BreadcrumbList","@id":"https:\/\/break4movie.com\/es\/medias\/#breadcrumb","itemListElement":[{"@type":"ListItem","position":1,"name":"Home","item":"https:\/\/break4movie.com\/nl\/"},{"@type":"ListItem","position":2,"name":"Medias"}]},{"@type":"WebSite","@id":"https:\/\/break4movie.com\/#website","url":"https:\/\/break4movie.com\/","name":"Break4Movie","description":"Movie rental platform with new talented producers","publisher":{"@id":"https:\/\/break4movie.com\/#organization"},"potentialAction":[{"@type":"SearchAction","target":{"@type":"EntryPoint","urlTemplate":"https:\/\/break4movie.com\/?s={search_term_string}"},"query-input":{"@type":"PropertyValueSpecification","valueRequired":true,"valueName":"search_term_string"}}],"inLanguage":"it-IT"},{"@type":"Organization","@id":"https:\/\/break4movie.com\/#organization","name":"Break4Movie","url":"https:\/\/break4movie.com\/","logo":{"@type":"ImageObject","inLanguage":"it-IT","@id":"https:\/\/break4movie.com\/#\/schema\/logo\/image\/","url":"https:\/\/break4movie.com\/wp-content\/uploads\/2024\/02\/logo-color-1.png","contentUrl":"https:\/\/break4movie.com\/wp-content\/uploads\/2024\/02\/logo-color-1.png","width":900,"height":900,"caption":"Break4Movie"},"image":{"@id":"https:\/\/break4movie.com\/#\/schema\/logo\/image\/"}}]}},"_links":{"self":[{"href":"https:\/\/break4movie.com\/it\/wp-json\/wp\/v2\/pages\/8338","targetHints":{"allow":["GET"]}}],"collection":[{"href":"https:\/\/break4movie.com\/it\/wp-json\/wp\/v2\/pages"}],"about":[{"href":"https:\/\/break4movie.com\/it\/wp-json\/wp\/v2\/types\/page"}],"author":[{"embeddable":true,"href":"https:\/\/break4movie.com\/it\/wp-json\/wp\/v2\/users\/8"}],"replies":[{"embeddable":true,"href":"https:\/\/break4movie.com\/it\/wp-json\/wp\/v2\/comments?post=8338"}],"version-history":[{"count":26,"href":"https:\/\/break4movie.com\/it\/wp-json\/wp\/v2\/pages\/8338\/revisions"}],"predecessor-version":[{"id":8366,"href":"https:\/\/break4movie.com\/it\/wp-json\/wp\/v2\/pages\/8338\/revisions\/8366"}],"wp:attachment":[{"href":"https:\/\/break4movie.com\/it\/wp-json\/wp\/v2\/media?parent=8338"}],"curies":[{"name":"wp","href":"https:\/\/api.w.org\/{rel}","templated":true}]}}