{"id":4697,"date":"2024-08-18T20:53:26","date_gmt":"2024-08-18T18:53:26","guid":{"rendered":"https:\/\/break4movie.com\/?page_id=4697"},"modified":"2024-08-18T20:58:44","modified_gmt":"2024-08-18T18:58:44","slug":"privacy-policy-of-the-break4movie-platform","status":"publish","type":"page","link":"https:\/\/break4movie.com\/pt\/politica-de-privacidade-da-plataforma-break4movie\/","title":{"rendered":"Pol\u00edtica de privacidade da plataforma Break4Movie"},"content":{"rendered":"<ol start=\"1\" class=\"wp-block-list\">\n<li><strong>Objetivo<\/strong>\u00a0<\/li>\n<\/ol>\n\n\n\n<p>De acordo com o Regulamento Geral de Prote\u00e7\u00e3o de Dados (RGPD) aplic\u00e1vel a partir de 25 de maio de 2018, este documento tem como objetivo informar o user da plataforma Break4Movie sobre os seus direitos, nomeadamente no que diz respeito:<\/p>\n\n\n\n<ul class=\"wp-block-list\">\n<li>A recolha dos seus dados pessoais pela Break4Movie<\/li>\n\n\n\n<li>A utiliza\u00e7\u00e3o destes dados<\/li>\n\n\n\n<li>Acesso a estes dados<\/li>\n\n\n\n<li>Os direitos que o user tem sobre o s\u00edtio<\/li>\n\n\n\n<li>A pol\u00edtica relativa \u00e0 utiliza\u00e7\u00e3o de cookies<\/li>\n<\/ul>\n\n\n\n<p>Esta pol\u00edtica de privacidade aplica-se juntamente com os termos de utiliza\u00e7\u00e3o da plataforma, com os quais o user tamb\u00e9m concordou.<\/p>\n\n\n\n<ol start=\"2\" class=\"wp-block-list\">\n<li><strong>Legisla\u00e7\u00e3o aplic\u00e1vel<\/strong>\u00a0<\/li>\n<\/ol>\n\n\n\n<p>De acordo com o Regulamento da UE 2016\/679 do Parlamento Europeu e do Conselho, de 27 de abril de 2016, relativo \u00e0 prote\u00e7\u00e3o das pessoas singulares no que diz respeito ao tratamento de dados pessoais e \u00e0 livre circula\u00e7\u00e3o desses dados, a plataforma Break4Movie pretende especificar como pode usar as informa\u00e7\u00f5es pessoais fornecidas pelo user. Os dados pessoais s\u00e3o:<\/p>\n\n\n\n<ul class=\"wp-block-list\">\n<li>Processado de forma legal e transparente<\/li>\n\n\n\n<li>Recolhidos para fins espec\u00edficos, expl\u00edcitos e leg\u00edtimos<\/li>\n\n\n\n<li>N\u00e3o s\u00e3o tratados posteriormente de forma incompat\u00edvel com essas finalidades (nos termos do Art. 89 \u00a71 do Regulamento Geral sobre a Prote\u00e7\u00e3o de Dados, a conserva\u00e7\u00e3o e o tratamento dos dados recolhidos para fins estat\u00edsticos n\u00e3o s\u00e3o considerados incompat\u00edveis com as finalidades iniciais)<\/li>\n\n\n\n<li>Adequadas, pertinentes e limitadas ao que \u00e9 necess\u00e1rio para os fins para que s\u00e3o recolhidas<\/li>\n\n\n\n<li>Exato e atualizado a pedido do user (para este efeito, a Break4Movie compromete-se a modificar ou corrigir quaisquer dados incorrectos fornecidos)<\/li>\n\n\n\n<li>Conservadas de forma a permitir a identifica\u00e7\u00e3o das pessoas em causa durante um per\u00edodo necess\u00e1rio e suficiente para o seu tratamento<\/li>\n\n\n\n<li>Processados de forma a garantir a sua seguran\u00e7a, incluindo a prote\u00e7\u00e3o contra processamento n\u00e3o autorizado ou ilegal, perda acidental, destrui\u00e7\u00e3o ou danos<\/li>\n<\/ul>\n\n\n\n<p>Neste caso, o tratamento dos dados recolhidos \u00e9 considerado l\u00edcito, uma vez que o user consentiu expressamente na recolha e tratamento dos referidos dados para, pelo menos, uma das finalidades previstas no regulamento. O tratamento dos dados \u00e9 igualmente necess\u00e1rio para a execu\u00e7\u00e3o do contrato de presta\u00e7\u00e3o de servi\u00e7os que vincula o user \u00e0 Break4Movie.<\/p>\n\n\n\n<ol start=\"3\" class=\"wp-block-list\">\n<li><strong>Consentimento<\/strong>\u00a0<\/li>\n<\/ol>\n\n\n\n<p>Ao utilizar a plataforma Break4Movie, o user consente expressamente com todas as condi\u00e7\u00f5es previstas na presente pol\u00edtica de privacidade, bem como com a recolha, utiliza\u00e7\u00e3o e armazenamento dos dados constantes do presente documento.<\/p>\n\n\n\n<ol start=\"4\" class=\"wp-block-list\">\n<li><strong>Dados pessoais recolhidos<\/strong>\u00a0<\/li>\n<\/ol>\n\n\n\n<p>Ao utilizar a plataforma Break4Movie, ser\u00e3o recolhidos v\u00e1rios dados pessoais sobre o user.<\/p>\n\n\n\n<ul class=\"wp-block-list\">\n<li>Dados recolhidos automaticamente:<ul><li>Endere\u00e7o IP<\/li><\/ul><ul><li>Geolocaliza\u00e7\u00e3o (dados utilizados apenas em caso de viola\u00e7\u00e3o do contrato)<\/li><\/ul><ul><li>Sistema operativo utilizado<\/li><\/ul>\n<ul class=\"wp-block-list\">\n<li>Navegador utilizado<\/li>\n<\/ul>\n<\/li>\n\n\n\n<li>Os seguintes dados s\u00e3o recolhidos de forma n\u00e3o autom\u00e1tica:<ul><li>Nome<\/li><\/ul><ul><li>Nome pr\u00f3prio<\/li><\/ul><ul><li>Endere\u00e7o<\/li><\/ul><ul><li>N\u00famero de telefone<\/li><\/ul><ul><li>Data de nascimento<\/li><\/ul><ul><li>Dados banc\u00e1rios<\/li><\/ul>\n<ul class=\"wp-block-list\">\n<li>M\u00e9todo de pagamento selecionado<\/li>\n<\/ul>\n<\/li>\n<\/ul>\n\n\n\n<p>&nbsp;&nbsp;&nbsp;&nbsp;&nbsp;&nbsp;&nbsp;&nbsp;&nbsp;&nbsp;&nbsp; N\u00e3o ser\u00e3o recolhidos dados adicionais sem aviso pr\u00e9vio ao user.<\/p>\n\n\n\n<ol start=\"5\" class=\"wp-block-list\">\n<li><strong>Processamento de dados<\/strong>\u00a0<\/li>\n<\/ol>\n\n\n\n<p>Os dados pessoais recolhidos pela plataforma Break4Movie s\u00f3 ser\u00e3o tratados para os fins especificados na presente pol\u00edtica de prote\u00e7\u00e3o da vida privada.<br><br>A plataforma criar\u00e1 um perfil individualizado para cada user, incluindo todos os dados, para permitir a sua identifica\u00e7\u00e3o e gerir a fatura\u00e7\u00e3o dos servi\u00e7os encomendados.<br><br>Adicionalmente, ser\u00e3o feitas sugest\u00f5es de servi\u00e7os com base em estat\u00edsticas, nomeadamente sobre servi\u00e7os previamente encomendados, para oferecer acesso a conte\u00fados espec\u00edficos que possam ir ao encontro dos desejos do user.<\/p>\n\n\n\n<ol start=\"6\" class=\"wp-block-list\">\n<li><strong>Partilha dos dados recolhidos<\/strong>\u00a0<\/li>\n<\/ol>\n\n\n\n<p>A plataforma Break4Movie divulgar\u00e1 aberta e automaticamente todos os dados pessoais recolhidos aos seus funcion\u00e1rios, uma vez que estes necessitam desses dados para a execu\u00e7\u00e3o do contrato celebrado. Os dados recolhidos n\u00e3o ser\u00e3o partilhados com terceiros fora da Break4Movie por qualquer motivo. No entanto, os dados pessoais podem ser partilhados com terceiros:<\/p>\n\n\n\n<ul class=\"wp-block-list\">\n<li>Se a Break4Movie for obrigada por lei<\/li>\n\n\n\n<li>Se as informa\u00e7\u00f5es forem necess\u00e1rias para qualquer a\u00e7\u00e3o judicial<\/li>\n\n\n\n<li>Para proteger os seus pr\u00f3prios direitos (nomeadamente em caso de contrafa\u00e7\u00e3o ou pirataria inform\u00e1tica - lista n\u00e3o exaustiva)<\/li>\n<\/ul>\n\n\n\n<ol start=\"7\" class=\"wp-block-list\">\n<li><strong>Armazenamento e prote\u00e7\u00e3o de dados pessoais<\/strong>\u00a0<\/li>\n<\/ol>\n\n\n\n<p>A Break4Movie s\u00f3 conservar\u00e1 os dados durante o tempo estritamente necess\u00e1rio para o cumprimento do contrato e apenas para os fins para os quais foram recolhidos.<\/p>\n\n\n\n<ol start=\"8\" class=\"wp-block-list\">\n<li><strong>Direitos e privil\u00e9gios do utilizador<\/strong>\u00a0<\/li>\n<\/ol>\n\n\n\n<p>Em conformidade com os artigos 12\u00ba a 23\u00ba do Regulamento Geral sobre a Prote\u00e7\u00e3o de Dados, os user da plataforma Break4Movie t\u00eam os seguintes direitos e privil\u00e9gios relativamente aos seus dados pessoais:<\/p>\n\n\n\n<ul class=\"wp-block-list\">\n<li>Direito de acesso (consulta)<\/li>\n\n\n\n<li>Direito de retifica\u00e7\u00e3o<\/li>\n\n\n\n<li>Direito ao apagamento<\/li>\n\n\n\n<li>Direito de restringir o tratamento de dados<\/li>\n\n\n\n<li>Direito \u00e0 portabilidade dos dados<\/li>\n\n\n\n<li>Direito de oposi\u00e7\u00e3o<\/li>\n<\/ul>\n\n\n\n<p>Para exercer os direitos acima mencionados (acesso, modifica\u00e7\u00e3o, supress\u00e3o, etc.), o user pode contactar o servi\u00e7o de gest\u00e3o de dados da plataforma no seguinte endere\u00e7o: RGPD@Break4Movie.com. Al\u00e9m disso, para garantir o cumprimento da prote\u00e7\u00e3o de dados na organiza\u00e7\u00e3o, foi nomeado um Encarregado da Prote\u00e7\u00e3o de Dados (DPO), que pode ser contactado, se necess\u00e1rio, atrav\u00e9s do seguinte endere\u00e7o DPO@Break4Movie.com.<\/p>\n\n\n\n<ol start=\"9\" class=\"wp-block-list\">\n<li><strong>Pol\u00edtica de cookies<\/strong>\u00a0<\/li>\n<\/ol>\n\n\n\n<p>Um cookie \u00e9 um ficheiro armazenado no disco r\u00edgido do user quando navega num website (incluindo a plataforma Break4Movie). Este cookie ajuda a compreender melhor os h\u00e1bitos de navega\u00e7\u00e3o do user para maximizar a sua experi\u00eancia no user. De acordo com o Regulamento Geral de Prote\u00e7\u00e3o de Dados, o user pode optar por ser notificado sempre que um cookie \u00e9 criado ou pode, se desejar, desativar completamente a transmiss\u00e3o de cookies pela plataforma.<\/p>\n\n\n\n<ol start=\"10\" class=\"wp-block-list\">\n<li><strong>Altera\u00e7\u00e3o da pol\u00edtica de privacidade<\/strong>\u00a0<\/li>\n<\/ol>\n\n\n\n<p>A plataforma Break4Movie reserva-se o direito de modificar a presente pol\u00edtica de privacidade, nomeadamente para responder a altera\u00e7\u00f5es legislativas em mat\u00e9ria de prote\u00e7\u00e3o de dados ou \u00e0 necessidade de adaptar o processo de gest\u00e3o de dados da plataforma. Se tal modifica\u00e7\u00e3o da pol\u00edtica de privacidade se tornar necess\u00e1ria por qualquer motivo, o user ser\u00e1 informado pelo menos 15 dias antes de a nova pol\u00edtica de privacidade se tornar aplic\u00e1vel. O user ter\u00e1 ent\u00e3o a op\u00e7\u00e3o de aderir a esta modifica\u00e7\u00e3o ou eliminar o seu acesso \u00e0 plataforma.<\/p>\n\n\n\n<ol start=\"11\" class=\"wp-block-list\">\n<li><strong>Contacto<\/strong>\u00a0<\/li>\n<\/ol>\n\n\n\n<p>Para quaisquer dados relacionados com a gest\u00e3o de dados pessoais ou com a presente pol\u00edtica de privacidade, o user pode contactar o servi\u00e7o criado para o efeito no \u00e2mbito da plataforma Break4Movie, atrav\u00e9s do seguinte endere\u00e7o: RGPD@Break4Movie.com.<\/p>","protected":false},"excerpt":{"rendered":"<p>De acordo com o Regulamento Geral de Prote\u00e7\u00e3o de Dados (RGPD) aplic\u00e1vel a partir de 25 de maio de 2018, este documento visa informar o user da plataforma Break4Movie sobre os seus direitos, nomeadamente no que diz respeito: Esta pol\u00edtica de privacidade aplica-se juntamente com os termos de utiliza\u00e7\u00e3o da plataforma, com os quais o user tamb\u00e9m concordou. De acordo com o Regulamento da UE 2016\/679 do...<\/p>","protected":false},"author":8,"featured_media":0,"parent":0,"menu_order":0,"comment_status":"closed","ping_status":"closed","template":"","meta":{"footnotes":"","_wp_rev_ctl_limit":""},"class_list":["post-4697","page","type-page","status-publish","hentry"],"yoast_head":"<!-- This site is optimized with the Yoast SEO plugin v24.8.1 - https:\/\/yoast.com\/wordpress\/plugins\/seo\/ -->\n<title>Privacy Policy of the Break4Movie Platform - Break4Movie<\/title>\n<meta name=\"robots\" content=\"index, follow, max-snippet:-1, max-image-preview:large, max-video-preview:-1\" \/>\n<link rel=\"canonical\" href=\"https:\/\/break4movie.com\/pt\/politica-de-privacidade-da-plataforma-break4movie\/\" \/>\n<meta property=\"og:locale\" content=\"pt_PT\" \/>\n<meta property=\"og:type\" content=\"article\" \/>\n<meta property=\"og:title\" content=\"Privacy Policy of the Break4Movie Platform - Break4Movie\" \/>\n<meta property=\"og:description\" content=\"In accordance with the General Data Protection Regulation (GDPR) applicable from May 25, 2018, this document aims to inform the user of the Break4Movie platform about their rights, particularly regarding: This privacy policy applies alongside the platform\u2019s terms of use, which the user has also agreed to. In accordance with EU Regulation 2016\/679 of the...\" \/>\n<meta property=\"og:url\" content=\"https:\/\/break4movie.com\/pt\/politica-de-privacidade-da-plataforma-break4movie\/\" \/>\n<meta property=\"og:site_name\" content=\"Break4Movie\" \/>\n<meta property=\"article:modified_time\" content=\"2024-08-18T18:58:44+00:00\" \/>\n<meta name=\"twitter:card\" content=\"summary_large_image\" \/>\n<meta name=\"twitter:label1\" content=\"Tempo estimado de leitura\" \/>\n\t<meta name=\"twitter:data1\" content=\"5 minutos\" \/>\n<script type=\"application\/ld+json\" class=\"yoast-schema-graph\">{\"@context\":\"https:\/\/schema.org\",\"@graph\":[{\"@type\":\"WebPage\",\"@id\":\"https:\/\/break4movie.com\/fr\/politique-de-confidentialite-de-la-plateforme-break4movie\/\",\"url\":\"https:\/\/break4movie.com\/fr\/politique-de-confidentialite-de-la-plateforme-break4movie\/\",\"name\":\"Privacy Policy of the Break4Movie Platform - Break4Movie\",\"isPartOf\":{\"@id\":\"https:\/\/break4movie.com\/#website\"},\"datePublished\":\"2024-08-18T18:53:26+00:00\",\"dateModified\":\"2024-08-18T18:58:44+00:00\",\"breadcrumb\":{\"@id\":\"https:\/\/break4movie.com\/fr\/politique-de-confidentialite-de-la-plateforme-break4movie\/#breadcrumb\"},\"inLanguage\":\"pt-PT\",\"potentialAction\":[{\"@type\":\"ReadAction\",\"target\":[\"https:\/\/break4movie.com\/fr\/politique-de-confidentialite-de-la-plateforme-break4movie\/\"]}]},{\"@type\":\"BreadcrumbList\",\"@id\":\"https:\/\/break4movie.com\/fr\/politique-de-confidentialite-de-la-plateforme-break4movie\/#breadcrumb\",\"itemListElement\":[{\"@type\":\"ListItem\",\"position\":1,\"name\":\"Home\",\"item\":\"https:\/\/break4movie.com\/nl\/\"},{\"@type\":\"ListItem\",\"position\":2,\"name\":\"Privacy Policy of the Break4Movie Platform\"}]},{\"@type\":\"WebSite\",\"@id\":\"https:\/\/break4movie.com\/#website\",\"url\":\"https:\/\/break4movie.com\/\",\"name\":\"Break4Movie\",\"description\":\"Movie rental platform with new talented producers\",\"publisher\":{\"@id\":\"https:\/\/break4movie.com\/#organization\"},\"potentialAction\":[{\"@type\":\"SearchAction\",\"target\":{\"@type\":\"EntryPoint\",\"urlTemplate\":\"https:\/\/break4movie.com\/?s={search_term_string}\"},\"query-input\":{\"@type\":\"PropertyValueSpecification\",\"valueRequired\":true,\"valueName\":\"search_term_string\"}}],\"inLanguage\":\"pt-PT\"},{\"@type\":\"Organization\",\"@id\":\"https:\/\/break4movie.com\/#organization\",\"name\":\"Break4Movie\",\"url\":\"https:\/\/break4movie.com\/\",\"logo\":{\"@type\":\"ImageObject\",\"inLanguage\":\"pt-PT\",\"@id\":\"https:\/\/break4movie.com\/#\/schema\/logo\/image\/\",\"url\":\"https:\/\/break4movie.com\/wp-content\/uploads\/2024\/02\/logo-color-1.png\",\"contentUrl\":\"https:\/\/break4movie.com\/wp-content\/uploads\/2024\/02\/logo-color-1.png\",\"width\":900,\"height\":900,\"caption\":\"Break4Movie\"},\"image\":{\"@id\":\"https:\/\/break4movie.com\/#\/schema\/logo\/image\/\"}}]}<\/script>\n<!-- \/ Yoast SEO plugin. -->","yoast_head_json":{"title":"Privacy Policy of the Break4Movie Platform - Break4Movie","robots":{"index":"index","follow":"follow","max-snippet":"max-snippet:-1","max-image-preview":"max-image-preview:large","max-video-preview":"max-video-preview:-1"},"canonical":"https:\/\/break4movie.com\/pt\/politica-de-privacidade-da-plataforma-break4movie\/","og_locale":"pt_PT","og_type":"article","og_title":"Privacy Policy of the Break4Movie Platform - Break4Movie","og_description":"In accordance with the General Data Protection Regulation (GDPR) applicable from May 25, 2018, this document aims to inform the user of the Break4Movie platform about their rights, particularly regarding: This privacy policy applies alongside the platform\u2019s terms of use, which the user has also agreed to. In accordance with EU Regulation 2016\/679 of the...","og_url":"https:\/\/break4movie.com\/pt\/politica-de-privacidade-da-plataforma-break4movie\/","og_site_name":"Break4Movie","article_modified_time":"2024-08-18T18:58:44+00:00","twitter_card":"summary_large_image","twitter_misc":{"Tempo estimado de leitura":"5 minutos"},"schema":{"@context":"https:\/\/schema.org","@graph":[{"@type":"WebPage","@id":"https:\/\/break4movie.com\/fr\/politique-de-confidentialite-de-la-plateforme-break4movie\/","url":"https:\/\/break4movie.com\/fr\/politique-de-confidentialite-de-la-plateforme-break4movie\/","name":"Privacy Policy of the Break4Movie Platform - Break4Movie","isPartOf":{"@id":"https:\/\/break4movie.com\/#website"},"datePublished":"2024-08-18T18:53:26+00:00","dateModified":"2024-08-18T18:58:44+00:00","breadcrumb":{"@id":"https:\/\/break4movie.com\/fr\/politique-de-confidentialite-de-la-plateforme-break4movie\/#breadcrumb"},"inLanguage":"pt-PT","potentialAction":[{"@type":"ReadAction","target":["https:\/\/break4movie.com\/fr\/politique-de-confidentialite-de-la-plateforme-break4movie\/"]}]},{"@type":"BreadcrumbList","@id":"https:\/\/break4movie.com\/fr\/politique-de-confidentialite-de-la-plateforme-break4movie\/#breadcrumb","itemListElement":[{"@type":"ListItem","position":1,"name":"Home","item":"https:\/\/break4movie.com\/nl\/"},{"@type":"ListItem","position":2,"name":"Privacy Policy of the Break4Movie Platform"}]},{"@type":"WebSite","@id":"https:\/\/break4movie.com\/#website","url":"https:\/\/break4movie.com\/","name":"Break4Movie","description":"Movie rental platform with new talented producers","publisher":{"@id":"https:\/\/break4movie.com\/#organization"},"potentialAction":[{"@type":"SearchAction","target":{"@type":"EntryPoint","urlTemplate":"https:\/\/break4movie.com\/?s={search_term_string}"},"query-input":{"@type":"PropertyValueSpecification","valueRequired":true,"valueName":"search_term_string"}}],"inLanguage":"pt-PT"},{"@type":"Organization","@id":"https:\/\/break4movie.com\/#organization","name":"Break4Movie","url":"https:\/\/break4movie.com\/","logo":{"@type":"ImageObject","inLanguage":"pt-PT","@id":"https:\/\/break4movie.com\/#\/schema\/logo\/image\/","url":"https:\/\/break4movie.com\/wp-content\/uploads\/2024\/02\/logo-color-1.png","contentUrl":"https:\/\/break4movie.com\/wp-content\/uploads\/2024\/02\/logo-color-1.png","width":900,"height":900,"caption":"Break4Movie"},"image":{"@id":"https:\/\/break4movie.com\/#\/schema\/logo\/image\/"}}]}},"_links":{"self":[{"href":"https:\/\/break4movie.com\/pt\/wp-json\/wp\/v2\/pages\/4697","targetHints":{"allow":["GET"]}}],"collection":[{"href":"https:\/\/break4movie.com\/pt\/wp-json\/wp\/v2\/pages"}],"about":[{"href":"https:\/\/break4movie.com\/pt\/wp-json\/wp\/v2\/types\/page"}],"author":[{"embeddable":true,"href":"https:\/\/break4movie.com\/pt\/wp-json\/wp\/v2\/users\/8"}],"replies":[{"embeddable":true,"href":"https:\/\/break4movie.com\/pt\/wp-json\/wp\/v2\/comments?post=4697"}],"version-history":[{"count":1,"href":"https:\/\/break4movie.com\/pt\/wp-json\/wp\/v2\/pages\/4697\/revisions"}],"predecessor-version":[{"id":4705,"href":"https:\/\/break4movie.com\/pt\/wp-json\/wp\/v2\/pages\/4697\/revisions\/4705"}],"wp:attachment":[{"href":"https:\/\/break4movie.com\/pt\/wp-json\/wp\/v2\/media?parent=4697"}],"curies":[{"name":"wp","href":"https:\/\/api.w.org\/{rel}","templated":true}]}}