{"id":4713,"date":"2024-08-18T21:29:29","date_gmt":"2024-08-18T19:29:29","guid":{"rendered":"https:\/\/break4movie.com\/?page_id=4713"},"modified":"2024-12-14T14:10:12","modified_gmt":"2024-12-14T13:10:12","slug":"terms-of-use-of-break4movie","status":"publish","type":"page","link":"https:\/\/break4movie.com\/pt\/termos-de-utilizacao-de-break4movie\/","title":{"rendered":"Termos de utiliza\u00e7\u00e3o da Break4Movie"},"content":{"rendered":"<div data-elementor-type=\"wp-page\" data-elementor-id=\"4713\" class=\"elementor elementor-4713\" data-elementor-post-type=\"page\">\n\t\t\t\t<div class=\"elementor-element elementor-element-512738c4 e-flex e-con-boxed e-con e-parent\" data-id=\"512738c4\" data-element_type=\"container\">\n\t\t\t\t\t<div class=\"e-con-inner\">\n\t\t\t\t<div class=\"elementor-element elementor-element-7d9eeaf2 elementor-widget elementor-widget-text-editor\" data-id=\"7d9eeaf2\" data-element_type=\"widget\" data-widget_type=\"text-editor.default\">\n\t\t\t\t<div class=\"elementor-widget-container\">\n\t\t\t\t\t\t\t\t\t<ol start=\"1\">\n<li style=\"list-style-type: none;\">\n<ol start=\"1\"><\/ol>\n<\/li>\n<\/ol>\n<p>\u00a0<\/p>\n<ol start=\"1\">\n<li style=\"list-style-type: none;\">\n<ol start=\"1\">\n<li><strong>Pre\u00e2mbulo<\/strong>\u00a0<\/li>\n<\/ol>\n<\/li>\n<\/ol>\n<p><\/p>\n<p><!-- \/wp:list --><\/p>\n<p><!-- wp:paragraph --><\/p>\n<p>A BREAK4MOVIE \u00e9 uma plataforma interactiva em linha que permite aos nossos user acederem a conte\u00fados de entretenimento atrav\u00e9s da Internet, em determinados televisores e outros dispositivos compat\u00edveis com a BREAK4MOVIE.<br \/><br \/>O servi\u00e7o BREAK4MOVIE \u00e9-lhe oferecido pela SRL BREAK4MOVIE, uma empresa belga.<br \/><br \/>Estas condi\u00e7\u00f5es de utiliza\u00e7\u00e3o regem a utiliza\u00e7\u00e3o dos servi\u00e7os oferecidos pela BREAK4MOVIE, incluindo a visualiza\u00e7\u00e3o de conte\u00fados digitais exclusivos.<\/p>\n<p><!-- \/wp:paragraph --><\/p>\n<p><!-- wp:list {\"ordered\":true,\"start\":2} --><\/p>\n<ol start=\"2\">\n<li style=\"list-style-type: none;\">\n<ol start=\"2\"><!-- wp:list-item --><\/ol>\n<\/li>\n<\/ol>\n<p>\u00a0<\/p>\n<ol start=\"2\">\n<li style=\"list-style-type: none;\">\n<ol start=\"2\">\n<li><strong>Pagamento por visualiza\u00e7\u00e3o<\/strong>\u00a0<\/li>\n<\/ol>\n<\/li>\n<\/ol>\n<p><!-- \/wp:list-item --><\/p>\n<p><!-- \/wp:list --><\/p>\n<p><!-- wp:paragraph --><\/p>\n<p>Mediante o pagamento do valor determinado na plataforma, o user ter\u00e1 acesso ao conte\u00fado de sua escolha por um per\u00edodo de 24 horas.<br \/><br \/>Este acesso ser\u00e1 limitado ao visionamento de conte\u00fados de entretenimento apenas num ambiente familiar, sem possibilidade de reprodu\u00e7\u00e3o ou outra divulga\u00e7\u00e3o p\u00fablica (gratuita ou paga).<br \/><br \/>Qualquer descarregamento iniciado vincular\u00e1 irrevogavelmente o user, que n\u00e3o poder\u00e1 solicitar qualquer reembolso devido a um erro de manipula\u00e7\u00e3o.<\/p>\n<p><!-- \/wp:paragraph --><\/p>\n<p><!-- wp:list {\"ordered\":true,\"start\":3} --><\/p>\n<ol start=\"3\">\n<li style=\"list-style-type: none;\">\n<ol start=\"3\"><!-- wp:list-item --><\/ol>\n<\/li>\n<\/ol>\n<p>\u00a0<\/p>\n<ol start=\"3\">\n<li style=\"list-style-type: none;\">\n<ol start=\"3\">\n<li><strong>Fatura\u00e7\u00e3o<\/strong>\u00a0<\/li>\n<\/ol>\n<\/li>\n<\/ol>\n<p><!-- \/wp:list-item --><\/p>\n<p><!-- \/wp:list --><\/p>\n<p><!-- wp:paragraph --><\/p>\n<p>A utiliza\u00e7\u00e3o do servi\u00e7o BREAK4MOVIE implica que o utilizador nos forne\u00e7a pelo menos um m\u00e9todo de pagamento que nos autorize a debitar a sua conta banc\u00e1ria para o pagamento das taxas de visualiza\u00e7\u00e3o do conte\u00fado interativo.<br \/><br \/>O utilizador ser\u00e1 respons\u00e1vel por qualquer montante que n\u00e3o tenha podido ser debitado. Se, por qualquer motivo, a fatura emitida n\u00e3o for paga no prazo de 5 dias ap\u00f3s a sua emiss\u00e3o, a conta do user ser\u00e1 automaticamente suspensa at\u00e9 que a fatura seja regularizada e paga.<br \/><br \/>Em caso de incumprimento, a BREAK4MOVIE reserva-se o direito de rescindir o contrato por culpa exclusiva do user e de exigir n\u00e3o s\u00f3 o pagamento das facturas em atraso, mas tamb\u00e9m uma indemniza\u00e7\u00e3o.<\/p>\n<p><!-- \/wp:paragraph --><\/p>\n<p><!-- wp:list {\"ordered\":true,\"start\":4} --><\/p>\n<ol start=\"4\">\n<li style=\"list-style-type: none;\">\n<ol start=\"4\"><!-- wp:list-item --><\/ol>\n<\/li>\n<\/ol>\n<p>\u00a0<\/p>\n<ol start=\"4\">\n<li style=\"list-style-type: none;\">\n<ol start=\"4\">\n<li><strong>Reembolsos<\/strong>\u00a0<\/li>\n<\/ol>\n<\/li>\n<\/ol>\n<p><!-- \/wp:list-item --><\/p>\n<p><!-- \/wp:list --><\/p>\n<p><!-- wp:paragraph --><\/p>\n<p>Se o pre\u00e7o dos filmes for aumentado, o user pode solicitar o reembolso do cr\u00e9dito remanescente se n\u00e3o concordar com o novo pre\u00e7o. Exceto no que diz respeito ao ponto anterior, os pagamentos n\u00e3o s\u00e3o reembols\u00e1veis.<\/p>\n<p><!-- \/wp:paragraph --><\/p>\n<p><!-- wp:list {\"ordered\":true,\"start\":5} --><\/p>\n<ol start=\"5\">\n<li style=\"list-style-type: none;\">\n<ol start=\"5\"><!-- wp:list-item --><\/ol>\n<\/li>\n<\/ol>\n<p>\u00a0<\/p>\n<ol start=\"5\">\n<li style=\"list-style-type: none;\">\n<ol start=\"5\">\n<li><strong>Altera\u00e7\u00e3o do pre\u00e7o do pay per view<\/strong>\u00a0<\/li>\n<\/ol>\n<\/li>\n<\/ol>\n<p><!-- \/wp:list-item --><\/p>\n<p><!-- \/wp:list --><\/p>\n<p><!-- wp:paragraph --><\/p>\n<p>A BREAK4MOVIE reserva-se o direito de modificar o pre\u00e7o dos servi\u00e7os prestados ao user.<\/p>\n<p><!-- \/wp:paragraph --><\/p>\n<p><!-- wp:list {\"ordered\":true,\"start\":6} --><\/p>\n<ol start=\"6\">\n<li style=\"list-style-type: none;\">\n<ol start=\"6\"><!-- wp:list-item --><\/ol>\n<\/li>\n<\/ol>\n<p>\u00a0<\/p>\n<ol start=\"6\">\n<li style=\"list-style-type: none;\">\n<ol start=\"6\">\n<li><strong>Servi\u00e7os da BREAK4MOVIE<\/strong>\u00a0<\/li>\n<\/ol>\n<\/li>\n<\/ol>\n<p><!-- \/wp:list-item --><\/p>\n<p><!-- \/wp:list --><\/p>\n<p><!-- wp:paragraph --><\/p>\n<p>Qualquer user deve ter pelo menos 16 anos de idade para subscrever os servi\u00e7os da BREAK4MOVIE. Os menores s\u00f3 podem aceder \u00e0 plataforma com a autoriza\u00e7\u00e3o de um adulto e sob a sua supervis\u00e3o.<br \/><br \/>O servi\u00e7o de visualiza\u00e7\u00e3o de conte\u00fados da BREAK4MOVIE \u00e9 para uso privado e n\u00e3o comercial e n\u00e3o pode ser partilhado com pessoas fora do seu agregado familiar. Durante o per\u00edodo de aluguer pago por visualiza\u00e7\u00e3o, a BREAK4MOVIE concede-lhe um direito limitado e intransmiss\u00edvel de acesso ao conte\u00fado publicado online.<br \/><br \/>Nenhum direito de reprodu\u00e7\u00e3o do conte\u00fado fornecido \u00e9 concedido ao user. Em geral, o user concorda em n\u00e3o arquivar, reproduzir, distribuir, exibir, executar, publicar, criar trabalhos derivados ou vender o conte\u00fado do BREAK4MOVIE.<br \/><br \/>O user tamb\u00e9m concorda em n\u00e3o piratear, contornar, remover, modificar, destruir, desativar, bloquear, ocultar ou envolver-se em qualquer outra atividade destinada a contornar as protec\u00e7\u00f5es do conte\u00fado colocado online pela BREAK4MOVIE.<br \/><br \/>Qualquer comportamento geral que vise comprometer a integridade dos dados disponibilizados pela plataforma BREAK4MOVIE, para al\u00e9m do seu car\u00e1cter criminoso, pass\u00edvel de ser processado nos tribunais criminais, implicar\u00e1 automaticamente a instaura\u00e7\u00e3o de um processo de indemniza\u00e7\u00e3o por parte da user.<br \/><br \/>Isso tamb\u00e9m resultar\u00e1 na elimina\u00e7\u00e3o autom\u00e1tica da conta que violar estas condi\u00e7\u00f5es de utiliza\u00e7\u00e3o.<br \/><br \/>A qualidade de visualiza\u00e7\u00e3o do conte\u00fado fornecido pode variar consoante o tipo de liga\u00e7\u00e3o, o dispositivo utilizado ou, de um modo mais geral, a regi\u00e3o onde o conte\u00fado \u00e9 visualizado.<br \/><br \/>A BREAK4MOVIE n\u00e3o pode ser responsabilizada por uma qualidade de imagem abaixo do padr\u00e3o desejado, cabendo ao user tomar todas as medidas t\u00e9cnicas para satisfazer as suas pr\u00f3prias expectativas.<br \/><br \/>A utiliza\u00e7\u00e3o da plataforma BREAK4MOVIE pode exigir a instala\u00e7\u00e3o de software de terceiros para aceder aos conte\u00fados dispon\u00edveis.<br \/><br \/>Caber\u00e1 ao user atualizar regularmente o software principal ou qualquer software de terceiros associado para uma experi\u00eancia \u00f3ptima.<\/p>\n<p><!-- \/wp:paragraph --><\/p>\n<p><!-- wp:list {\"ordered\":true,\"start\":7} --><\/p>\n<ol start=\"7\">\n<li style=\"list-style-type: none;\">\n<ol start=\"7\"><!-- wp:list-item --><\/ol>\n<\/li>\n<\/ol>\n<p>\u00a0<\/p>\n<ol start=\"7\">\n<li style=\"list-style-type: none;\">\n<ol start=\"7\">\n<li><strong>Acesso \u00e0 palavra-passe e \u00e0 conta<\/strong>\u00a0<\/li>\n<\/ol>\n<\/li>\n<\/ol>\n<p><!-- \/wp:list-item --><\/p>\n<p><!-- \/wp:list --><\/p>\n<p><!-- wp:paragraph --><\/p>\n<p>O nome e a palavra-passe do user s\u00e3o para uso pessoal e devem permanecer confidenciais. \u00c9 estritamente proibido a qualquer user transmitir estes dados a terceiros, mas se tal acontecer, o user aceita irrevogavelmente que estas pessoas actuem em seu nome e fiquem irrevogavelmente vinculadas aos downloads e acessos solicitados, nomeadamente em termos de fatura\u00e7\u00e3o.<br \/><br \/>O user tamb\u00e9m concorda em manter informa\u00e7\u00f5es precisas sobre a conta, incluindo um endere\u00e7o de e-mail v\u00e1lido para que a BREAK4MOVIE possa enviar qualquer informa\u00e7\u00e3o \u00fatil relacionada com a conta.<br \/><br \/>A BREAK4MOVIE pode encerrar ou suspender uma conta considerada \"suspeita\" para proteger o user e a plataforma ou os seus parceiros contra roubo de identidade ou qualquer outra atividade fraudulenta.<\/p>\n<p><!-- \/wp:paragraph --><\/p>\n<p><!-- wp:list {\"ordered\":true,\"start\":8} --><\/p>\n<ol start=\"8\">\n<li style=\"list-style-type: none;\">\n<ol start=\"8\"><!-- wp:list-item --><\/ol>\n<\/li>\n<\/ol>\n<p>\u00a0<\/p>\n<ol start=\"8\">\n<li style=\"list-style-type: none;\">\n<ol start=\"8\">\n<li><strong>Altera\u00e7\u00e3o das condi\u00e7\u00f5es de utiliza\u00e7\u00e3o<\/strong>\u00a0<\/li>\n<\/ol>\n<\/li>\n<\/ol>\n<p><!-- \/wp:list-item --><\/p>\n<p><!-- \/wp:list --><\/p>\n<p><!-- wp:paragraph --><\/p>\n<p>A BREAK4MOVIE pode modificar unilateralmente estas condi\u00e7\u00f5es de utiliza\u00e7\u00e3o. Em caso de modifica\u00e7\u00e3o, o user ser\u00e1 informado por correio eletr\u00f3nico das altera\u00e7\u00f5es substanciais antes de estas se tornarem aplic\u00e1veis. As altera\u00e7\u00f5es entrar\u00e3o em vigor no primeiro dia \u00fatil do m\u00eas seguinte.<\/p>\n<p><!-- \/wp:paragraph --><\/p>\n<p><!-- wp:list {\"ordered\":true,\"start\":9} --><\/p>\n<ol start=\"9\">\n<li style=\"list-style-type: none;\">\n<ol start=\"9\"><!-- wp:list-item --><\/ol>\n<\/li>\n<\/ol>\n<p>\u00a0<\/p>\n<ol start=\"9\">\n<li style=\"list-style-type: none;\">\n<ol start=\"9\">\n<li><strong>Nulidade<\/strong>\u00a0<\/li>\n<\/ol>\n<\/li>\n<\/ol>\n<p><!-- \/wp:list-item --><\/p>\n<p><!-- \/wp:list --><\/p>\n<p><!-- wp:paragraph --><\/p>\n<p>Se uma ou mais disposi\u00e7\u00f5es das presentes condi\u00e7\u00f5es gerais forem inv\u00e1lidas, ilegais ou inaplic\u00e1veis, as outras disposi\u00e7\u00f5es continuar\u00e3o a ser plenamente aplic\u00e1veis e manter\u00e3o os seus efeitos.<\/p>\n<p><!-- \/wp:paragraph --><\/p>\n<p><!-- wp:list {\"ordered\":true,\"start\":10} --><\/p>\n<ol start=\"10\">\n<li style=\"list-style-type: none;\">\n<ol start=\"10\"><!-- wp:list-item --><\/ol>\n<\/li>\n<\/ol>\n<p>\u00a0<\/p>\n<ol start=\"10\">\n<li style=\"list-style-type: none;\">\n<ol start=\"10\">\n<li><strong>Direito aplic\u00e1vel<\/strong>\u00a0<\/li>\n<\/ol>\n<\/li>\n<\/ol>\n<p><!-- \/wp:list-item --><\/p>\n<p><!-- \/wp:list --><\/p>\n<p><!-- wp:paragraph --><\/p>\n<p>As presentes condi\u00e7\u00f5es de utiliza\u00e7\u00e3o s\u00e3o regidas pelo direito belga. Em caso de lit\u00edgio, as partes acordam que os seus diferendos ser\u00e3o resolvidos pelos tribunais belgas, nomeadamente os tribunais do Distrito Judicial de Li\u00e8ge.<\/p>\n<p>\u00a0 \u00a0 11. <strong>Pre\u00e7os das embalagens<\/strong><\/p>\n<p>O pre\u00e7o sem IVA (HTVA) pode variar de um pa\u00eds para outro devido a diferen\u00e7as nas taxas de IVA aplic\u00e1veis em cada pa\u00eds. Por conseguinte, para garantir um pre\u00e7o final uniforme, incluindo o IVA, para todos os nossos clientes, o montante do HTVA \u00e9 ajustado de acordo com a taxa de IVA em vigor no pa\u00eds de resid\u00eancia do comprador.<\/p>\n<p><!-- \/wp:paragraph --><\/p>\t\t\t\t\t\t\t\t<\/div>\n\t\t\t\t<\/div>\n\t\t\t\t\t<\/div>\n\t\t\t\t<\/div>\n\t\t\t\t<\/div>","protected":false},"excerpt":{"rendered":"<p>A BREAK4MOVIE \u00e9 uma plataforma interactiva em linha que permite aos nossos user aceder a conte\u00fados de entretenimento atrav\u00e9s da Internet, em determinados televisores e outros dispositivos compat\u00edveis com a BREAK4MOVIE. O servi\u00e7o BREAK4MOVIE \u00e9-lhe oferecido pela SRL BREAK4MOVIE, uma empresa belga. As presentes condi\u00e7\u00f5es de utiliza\u00e7\u00e3o regem a sua utiliza\u00e7\u00e3o dos servi\u00e7os oferecidos pela BREAK4MOVIE, incluindo o visionamento de...<\/p>","protected":false},"author":8,"featured_media":0,"parent":0,"menu_order":0,"comment_status":"closed","ping_status":"closed","template":"","meta":{"footnotes":"","_wp_rev_ctl_limit":""},"class_list":["post-4713","page","type-page","status-publish","hentry"],"yoast_head":"<!-- This site is optimized with the Yoast SEO plugin v24.8.1 - https:\/\/yoast.com\/wordpress\/plugins\/seo\/ -->\n<title>Terms of Use of Break4Movie - Break4Movie<\/title>\n<meta name=\"robots\" content=\"index, follow, max-snippet:-1, max-image-preview:large, max-video-preview:-1\" \/>\n<link rel=\"canonical\" href=\"https:\/\/break4movie.com\/pt\/termos-de-utilizacao-de-break4movie\/\" \/>\n<meta property=\"og:locale\" content=\"pt_PT\" \/>\n<meta property=\"og:type\" content=\"article\" \/>\n<meta property=\"og:title\" content=\"Terms of Use of Break4Movie - Break4Movie\" \/>\n<meta property=\"og:description\" content=\"BREAK4MOVIE is an interactive online platform that allows our users to access entertainment content via internet, on certain televisions and other devices compatible with BREAK4MOVIE. The BREAK4MOVIE service is offered to you by SRL BREAK4MOVIE, a Belgian company. These terms of use govern your use of the services offered by BREAK4MOVIE, including the viewing of...\" \/>\n<meta property=\"og:url\" content=\"https:\/\/break4movie.com\/pt\/termos-de-utilizacao-de-break4movie\/\" \/>\n<meta property=\"og:site_name\" content=\"Break4Movie\" \/>\n<meta property=\"article:modified_time\" content=\"2024-12-14T13:10:12+00:00\" \/>\n<meta name=\"twitter:card\" content=\"summary_large_image\" \/>\n<meta name=\"twitter:label1\" content=\"Tempo estimado de leitura\" \/>\n\t<meta name=\"twitter:data1\" content=\"4 minutos\" \/>\n<script type=\"application\/ld+json\" class=\"yoast-schema-graph\">{\"@context\":\"https:\/\/schema.org\",\"@graph\":[{\"@type\":\"WebPage\",\"@id\":\"https:\/\/break4movie.com\/terms-of-use-of-break4movie\/\",\"url\":\"https:\/\/break4movie.com\/terms-of-use-of-break4movie\/\",\"name\":\"Terms of Use of Break4Movie - Break4Movie\",\"isPartOf\":{\"@id\":\"https:\/\/break4movie.com\/#website\"},\"datePublished\":\"2024-08-18T19:29:29+00:00\",\"dateModified\":\"2024-12-14T13:10:12+00:00\",\"breadcrumb\":{\"@id\":\"https:\/\/break4movie.com\/terms-of-use-of-break4movie\/#breadcrumb\"},\"inLanguage\":\"pt-PT\",\"potentialAction\":[{\"@type\":\"ReadAction\",\"target\":[\"https:\/\/break4movie.com\/terms-of-use-of-break4movie\/\"]}]},{\"@type\":\"BreadcrumbList\",\"@id\":\"https:\/\/break4movie.com\/terms-of-use-of-break4movie\/#breadcrumb\",\"itemListElement\":[{\"@type\":\"ListItem\",\"position\":1,\"name\":\"Home\",\"item\":\"https:\/\/break4movie.com\/nl\/\"},{\"@type\":\"ListItem\",\"position\":2,\"name\":\"Terms of Use of Break4Movie\"}]},{\"@type\":\"WebSite\",\"@id\":\"https:\/\/break4movie.com\/#website\",\"url\":\"https:\/\/break4movie.com\/\",\"name\":\"Break4Movie\",\"description\":\"Movie rental platform with new talented producers\",\"publisher\":{\"@id\":\"https:\/\/break4movie.com\/#organization\"},\"potentialAction\":[{\"@type\":\"SearchAction\",\"target\":{\"@type\":\"EntryPoint\",\"urlTemplate\":\"https:\/\/break4movie.com\/?s={search_term_string}\"},\"query-input\":{\"@type\":\"PropertyValueSpecification\",\"valueRequired\":true,\"valueName\":\"search_term_string\"}}],\"inLanguage\":\"pt-PT\"},{\"@type\":\"Organization\",\"@id\":\"https:\/\/break4movie.com\/#organization\",\"name\":\"Break4Movie\",\"url\":\"https:\/\/break4movie.com\/\",\"logo\":{\"@type\":\"ImageObject\",\"inLanguage\":\"pt-PT\",\"@id\":\"https:\/\/break4movie.com\/#\/schema\/logo\/image\/\",\"url\":\"https:\/\/break4movie.com\/wp-content\/uploads\/2024\/02\/logo-color-1.png\",\"contentUrl\":\"https:\/\/break4movie.com\/wp-content\/uploads\/2024\/02\/logo-color-1.png\",\"width\":900,\"height\":900,\"caption\":\"Break4Movie\"},\"image\":{\"@id\":\"https:\/\/break4movie.com\/#\/schema\/logo\/image\/\"}}]}<\/script>\n<!-- \/ Yoast SEO plugin. -->","yoast_head_json":{"title":"Terms of Use of Break4Movie - Break4Movie","robots":{"index":"index","follow":"follow","max-snippet":"max-snippet:-1","max-image-preview":"max-image-preview:large","max-video-preview":"max-video-preview:-1"},"canonical":"https:\/\/break4movie.com\/pt\/termos-de-utilizacao-de-break4movie\/","og_locale":"pt_PT","og_type":"article","og_title":"Terms of Use of Break4Movie - Break4Movie","og_description":"BREAK4MOVIE is an interactive online platform that allows our users to access entertainment content via internet, on certain televisions and other devices compatible with BREAK4MOVIE. The BREAK4MOVIE service is offered to you by SRL BREAK4MOVIE, a Belgian company. These terms of use govern your use of the services offered by BREAK4MOVIE, including the viewing of...","og_url":"https:\/\/break4movie.com\/pt\/termos-de-utilizacao-de-break4movie\/","og_site_name":"Break4Movie","article_modified_time":"2024-12-14T13:10:12+00:00","twitter_card":"summary_large_image","twitter_misc":{"Tempo estimado de leitura":"4 minutos"},"schema":{"@context":"https:\/\/schema.org","@graph":[{"@type":"WebPage","@id":"https:\/\/break4movie.com\/terms-of-use-of-break4movie\/","url":"https:\/\/break4movie.com\/terms-of-use-of-break4movie\/","name":"Terms of Use of Break4Movie - Break4Movie","isPartOf":{"@id":"https:\/\/break4movie.com\/#website"},"datePublished":"2024-08-18T19:29:29+00:00","dateModified":"2024-12-14T13:10:12+00:00","breadcrumb":{"@id":"https:\/\/break4movie.com\/terms-of-use-of-break4movie\/#breadcrumb"},"inLanguage":"pt-PT","potentialAction":[{"@type":"ReadAction","target":["https:\/\/break4movie.com\/terms-of-use-of-break4movie\/"]}]},{"@type":"BreadcrumbList","@id":"https:\/\/break4movie.com\/terms-of-use-of-break4movie\/#breadcrumb","itemListElement":[{"@type":"ListItem","position":1,"name":"Home","item":"https:\/\/break4movie.com\/nl\/"},{"@type":"ListItem","position":2,"name":"Terms of Use of Break4Movie"}]},{"@type":"WebSite","@id":"https:\/\/break4movie.com\/#website","url":"https:\/\/break4movie.com\/","name":"Break4Movie","description":"Movie rental platform with new talented producers","publisher":{"@id":"https:\/\/break4movie.com\/#organization"},"potentialAction":[{"@type":"SearchAction","target":{"@type":"EntryPoint","urlTemplate":"https:\/\/break4movie.com\/?s={search_term_string}"},"query-input":{"@type":"PropertyValueSpecification","valueRequired":true,"valueName":"search_term_string"}}],"inLanguage":"pt-PT"},{"@type":"Organization","@id":"https:\/\/break4movie.com\/#organization","name":"Break4Movie","url":"https:\/\/break4movie.com\/","logo":{"@type":"ImageObject","inLanguage":"pt-PT","@id":"https:\/\/break4movie.com\/#\/schema\/logo\/image\/","url":"https:\/\/break4movie.com\/wp-content\/uploads\/2024\/02\/logo-color-1.png","contentUrl":"https:\/\/break4movie.com\/wp-content\/uploads\/2024\/02\/logo-color-1.png","width":900,"height":900,"caption":"Break4Movie"},"image":{"@id":"https:\/\/break4movie.com\/#\/schema\/logo\/image\/"}}]}},"_links":{"self":[{"href":"https:\/\/break4movie.com\/pt\/wp-json\/wp\/v2\/pages\/4713","targetHints":{"allow":["GET"]}}],"collection":[{"href":"https:\/\/break4movie.com\/pt\/wp-json\/wp\/v2\/pages"}],"about":[{"href":"https:\/\/break4movie.com\/pt\/wp-json\/wp\/v2\/types\/page"}],"author":[{"embeddable":true,"href":"https:\/\/break4movie.com\/pt\/wp-json\/wp\/v2\/users\/8"}],"replies":[{"embeddable":true,"href":"https:\/\/break4movie.com\/pt\/wp-json\/wp\/v2\/comments?post=4713"}],"version-history":[{"count":19,"href":"https:\/\/break4movie.com\/pt\/wp-json\/wp\/v2\/pages\/4713\/revisions"}],"predecessor-version":[{"id":8138,"href":"https:\/\/break4movie.com\/pt\/wp-json\/wp\/v2\/pages\/4713\/revisions\/8138"}],"wp:attachment":[{"href":"https:\/\/break4movie.com\/pt\/wp-json\/wp\/v2\/media?parent=4713"}],"curies":[{"name":"wp","href":"https:\/\/api.w.org\/{rel}","templated":true}]}}